{"id":50343,"date":"2026-03-19T13:25:13","date_gmt":"2026-03-19T12:25:13","guid":{"rendered":"https:\/\/stockify24.pl\/?post_type=product&#038;p=50343"},"modified":"2026-03-30T11:14:18","modified_gmt":"2026-03-30T10:14:18","slug":"paleta-elektroniki-z-europy-eu-a-b-29","status":"publish","type":"product","link":"https:\/\/stockify24.pl\/uk\/product\/paleta-elektroniki-z-europy-eu-a-b-29\/","title":{"rendered":"\u041f\u0456\u0434\u0434\u043e\u043d \u0434\u043b\u044f \u0435\u043b\u0435\u043a\u0442\u0440\u043e\u043d\u0456\u043a\u0438 \u0437 \u0404\u0432\u0440\u043e\u043f\u0438 (\u0404\u0421) | A-B | #29"},"content":{"rendered":"<h2 data-section-id=\"wyp909\" data-start=\"694\" data-end=\"750\">\ud83d\udce6 Paleta elektroniki z Europy (EU) \u2013 mix A\u2013B, 155 kg<\/h2>\n<p data-start=\"752\" data-end=\"924\"><strong data-start=\"752\" data-end=\"785\">\u041c\u0456\u043a\u0441 \u0435\u043b\u0435\u043a\u0442\u0440\u043e\u043d\u0456\u043a\u0438 \u0437 \u0404\u0432\u0440\u043e\u043f\u0438 (\u0404\u0421)<\/strong> to rozwi\u0105zanie dla firm, sklep\u00f3w online oraz reseller\u00f3w, kt\u00f3rzy potrzebuj\u0105 towaru o du\u017cej r\u00f3\u017cnorodno\u015bci i realnym potencjale sprzeda\u017cowym.<\/p>\n<p data-start=\"926\" data-end=\"1121\">Paleta zawiera produkty elektroniczne pochodz\u0105ce ze zwrot\u00f3w konsumenckich oraz nadwy\u017cek magazynowych, co umo\u017cliwia zakup towaru w cenach ni\u017cszych ni\u017c rynkowe i zwi\u0119kszenie efektywno\u015bci sprzeda\u017cy.<\/p>\n<p data-start=\"1123\" data-end=\"1278\">Ka\u017cdy <strong data-start=\"1129\" data-end=\"1157\">\u043c\u0456\u043a\u0441 \u0435\u043b\u0435\u043a\u0442\u0440\u043e\u043d\u0456\u043a\u0438 \u0437 \u0404\u0432\u0440\u043e\u043f\u0438<\/strong> posiada zmienny sk\u0142ad, co pozwala budowa\u0107 ofert\u0119 dopasowan\u0105 do r\u00f3\u017cnych segment\u00f3w klient\u00f3w oraz aktualnych potrzeb rynku.<\/p>\n<h2 data-section-id=\"dawekf\" data-start=\"1285\" data-end=\"1330\">\ud83d\udd0c Zawarto\u015b\u0107 palety \u2013 elektronika u\u017cytkowa<\/h2>\n<p data-start=\"1332\" data-end=\"1396\">W sk\u0142ad palety wchodz\u0105 produkty z r\u00f3\u017cnych kategorii elektroniki:<\/p>\n<ul data-start=\"1398\" data-end=\"1624\">\n<li data-section-id=\"admbw2\" data-start=\"1398\" data-end=\"1425\">\n<p data-start=\"1400\" data-end=\"1425\">\u0431\u0435\u0437\u0434\u0440\u043e\u0442\u043e\u0432\u0456 \u043d\u0430\u0432\u0443\u0448\u043d\u0438\u043a\u0438<\/p>\n<\/li>\n<li data-section-id=\"1jov1fg\" data-start=\"1426\" data-end=\"1476\">\n<p data-start=\"1428\" data-end=\"1476\">\u0142adowarki, powerbanki oraz akcesoria zasilania<\/p>\n<\/li>\n<li data-section-id=\"2cko63\" data-start=\"1477\" data-end=\"1494\">\n<p data-start=\"1479\" data-end=\"1494\">GSM \u0430\u043a\u0441\u0435\u0441\u0443\u0430\u0440\u0438<\/p>\n<\/li>\n<li data-section-id=\"129ryor\" data-start=\"1495\" data-end=\"1520\">\n<p data-start=\"1497\" data-end=\"1520\">\u043f\u0440\u0438\u0441\u0442\u0440\u043e\u0457 \u0434\u043b\u044f \u0440\u043e\u0437\u0443\u043c\u043d\u043e\u0433\u043e \u0434\u043e\u043c\u0443<\/p>\n<\/li>\n<li data-section-id=\"17lzlbi\" data-start=\"1521\" data-end=\"1558\">\n<p data-start=\"1523\" data-end=\"1558\">ma\u0142e AGD (np. suszarki, masa\u017cery)<\/p>\n<\/li>\n<li data-section-id=\"i0l57x\" data-start=\"1559\" data-end=\"1597\">\n<p data-start=\"1561\" data-end=\"1597\">kontrolery i gad\u017cety elektroniczne<\/p>\n<\/li>\n<li data-section-id=\"4fq00c\" data-start=\"1598\" data-end=\"1624\">\n<p data-start=\"1600\" data-end=\"1624\">inne produkty u\u017cytkowe<\/p>\n<\/li>\n<\/ul>\n<p data-start=\"1626\" data-end=\"1677\">\ud83d\udcca Udzia\u0142 elektroniki: <strong data-start=\"1649\" data-end=\"1677\">70\u201380% zawarto\u015bci palety<\/strong><\/p>\n<h2 data-section-id=\"2jw31c\" data-start=\"1684\" data-end=\"1712\">\ud83c\udd70\ufe0f\ud83c\udd71\ufe0f \u042f\u043a\u0456\u0441\u0442\u044c - \u043a\u043b\u0430\u0441 A-B<\/h2>\n<p data-start=\"1714\" data-end=\"1774\">Mix elektroniki z Europy (EU) w standardzie <strong data-start=\"1758\" data-end=\"1765\">A-B<\/strong> oznacza:<\/p>\n<ul data-start=\"1776\" data-end=\"1924\">\n<li data-section-id=\"1998rpb\" data-start=\"1776\" data-end=\"1842\">\n<p data-start=\"1778\" data-end=\"1842\">przewag\u0119 produkt\u00f3w nowych lub w bardzo dobrym stanie wizualnym<\/p>\n<\/li>\n<li data-section-id=\"jqrsyy\" data-start=\"1843\" data-end=\"1879\">\n<p data-start=\"1845\" data-end=\"1879\">mo\u017cliwe drobne \u015blady u\u017cytkowania<\/p>\n<\/li>\n<li data-section-id=\"1i6avsg\" data-start=\"1880\" data-end=\"1924\">\n<p data-start=\"1882\" data-end=\"1924\">dopuszczaln\u0105 domieszk\u0119 klasy C (do 5\u20137%)<\/p>\n<\/li>\n<\/ul>\n<p data-start=\"1926\" data-end=\"2027\">Taki poziom jako\u015bci pozwala utrzyma\u0107 korzystny stosunek kosztu zakupu do potencjalnej ceny sprzeda\u017cy.<\/p>\n<h2 data-section-id=\"6mpf3m\" data-start=\"2034\" data-end=\"2060\">\u0422\u0435\u0445\u043d\u0456\u0447\u043d\u0456 \u0445\u0430\u0440\u0430\u043a\u0442\u0435\u0440\u0438\u0441\u0442\u0438\u043a\u0438<\/h2>\n<ul data-start=\"2062\" data-end=\"2207\">\n<li data-section-id=\"rckeqa\" data-start=\"2062\" data-end=\"2093\">\n<p data-start=\"2064\" data-end=\"2093\">\u0432\u0438\u0441\u043e\u0442\u0430 \u043f\u0456\u0434\u0434\u043e\u043d\u0443: <strong data-start=\"2081\" data-end=\"2091\">1 \u043c\u0435\u0442\u0440<\/strong><\/p>\n<\/li>\n<li data-section-id=\"1d6rou3\" data-start=\"2094\" data-end=\"2120\">\n<p data-start=\"2096\" data-end=\"2120\">\u0447\u0438\u0441\u0442\u0430 \u0432\u0430\u0433\u0430: <strong data-start=\"2108\" data-end=\"2118\">155 kg<\/strong><\/p>\n<\/li>\n<li data-section-id=\"ut13h4\" data-start=\"2121\" data-end=\"2157\">\n<p data-start=\"2123\" data-end=\"2157\">\u0430\u0441\u043e\u0440\u0442\u0438\u043c\u0435\u043d\u0442: <strong data-start=\"2135\" data-end=\"2155\">\u0432\u0438\u043f\u0430\u0434\u043a\u043e\u0432\u0456 \u0442\u0430 \u0437\u043c\u0456\u043d\u043d\u0456<\/strong><\/p>\n<\/li>\n<li data-section-id=\"ixapqi\" data-start=\"2158\" data-end=\"2207\">\n<p data-start=\"2160\" data-end=\"2207\">\u043d\u0430 \u043a\u043e\u0436\u043d\u0443 \u043f\u0430\u043b\u0435\u0442\u0443: <strong data-start=\"2174\" data-end=\"2207\">indywidualny zestaw produkt\u00f3w<\/strong><\/p>\n<\/li>\n<\/ul>\n<p data-start=\"2209\" data-end=\"2306\">Mix elektroniki z Europy nie posiada sta\u0142ej specyfikacji \u2014 zawarto\u015b\u0107 zale\u017cy od aktualnej dostawy.<\/p>\n<h2 data-section-id=\"h9rd6z\" data-start=\"2313\" data-end=\"2342\">\ud83d\udcbc Zastosowanie w praktyce<\/h2>\n<p data-start=\"2344\" data-end=\"2394\"><strong data-start=\"2344\" data-end=\"2375\">Mix elektroniki z Europy EU<\/strong> sprawdza si\u0119 jako:<\/p>\n<ul data-start=\"2396\" data-end=\"2568\">\n<li data-section-id=\"1wss2ja\" data-start=\"2396\" data-end=\"2430\">\n<p data-start=\"2398\" data-end=\"2430\">baza produktowa dla e-commerce<\/p>\n<\/li>\n<li data-section-id=\"1bla79k\" data-start=\"2431\" data-end=\"2478\">\n<p data-start=\"2433\" data-end=\"2478\">oferta dla sprzeda\u017cy hurtowej i detalicznej<\/p>\n<\/li>\n<li data-section-id=\"1pfey90\" data-start=\"2479\" data-end=\"2524\">\n<p data-start=\"2481\" data-end=\"2524\">spos\u00f3b na rozszerzenie katalogu produkt\u00f3w<\/p>\n<\/li>\n<li data-section-id=\"1jr137s\" data-start=\"2525\" data-end=\"2568\">\n<p data-start=\"2527\" data-end=\"2568\">rozwi\u0105zanie zwi\u0119kszaj\u0105ce rotacj\u0119 towaru<\/p>\n<\/li>\n<\/ul>\n<p data-start=\"2570\" data-end=\"2658\">Zr\u00f3\u017cnicowany sk\u0142ad palety pozwala lepiej reagowa\u0107 na zmieniaj\u0105ce si\u0119 trendy sprzeda\u017cowe.<\/p>\n<h2 data-section-id=\"3pcvsu\" data-start=\"2184\" data-end=\"2233\">\ud83d\udcbc Zastosowanie \u2013 gdzie paleta generuje wyniki<\/h2>\n<p data-start=\"2235\" data-end=\"2333\">Paleta elektroniki Amazon znajduje zastosowanie w modelach sprzeda\u017cy opartych na ilo\u015bci i rotacji:<\/p>\n<ul data-start=\"2335\" data-end=\"2500\">\n<li data-section-id=\"zrt4k5\" data-start=\"2335\" data-end=\"2378\">\u0440\u043e\u0437\u043f\u0440\u043e\u0434\u0430\u0436 \u0437\u0430 \u0430\u0434\u0440\u0435\u0441\u043e\u044e <a href=\"https:\/\/allegro.pl\/\" target=\"_blank\" rel=\"noopener\">Allegro<\/a>, <a href=\"https:\/\/www.olx.pl\/\" target=\"_blank\" rel=\"noopener\">OLX<\/a>, <a href=\"https:\/\/www.ebay.com\/\" target=\"_blank\" rel=\"noopener\">eBay<\/a>, <a href=\"https:\/\/www.amazon.com\/\" target=\"_blank\" rel=\"noopener\">\u0410\u043c\u0430\u0437\u043e\u043d\u043a\u0430<\/a><\/li>\n<li data-section-id=\"1fmpn86\" data-start=\"2379\" data-end=\"2401\">\u0456\u043d\u0442\u0435\u0440\u043d\u0435\u0442-\u043c\u0430\u0433\u0430\u0437\u0438\u043d\u0438<\/li>\n<li data-section-id=\"gynsj7\" data-start=\"2402\" data-end=\"2435\">\u0440\u043e\u0437\u0434\u0440\u0456\u0431\u043d\u0430 \u0442\u0430 \u043e\u043f\u0442\u043e\u0432\u0430 \u0442\u043e\u0440\u0433\u0456\u0432\u043b\u044f<\/li>\n<li data-section-id=\"10mfklz\" data-start=\"2436\" data-end=\"2464\">rozw\u00f3j w\u0142asnego magazynu<\/li>\n<li data-section-id=\"1q6osh7\" data-start=\"2465\" data-end=\"2500\">rozszerzenie oferty produktowej<\/li>\n<\/ul>\n<p data-start=\"2502\" data-end=\"2623\">To rozwi\u0105zanie pozwala szybko zwi\u0119kszy\u0107 liczb\u0119 ofert i poprawi\u0107 wyniki sprzeda\u017cowe bez zwi\u0119kszania koszt\u00f3w jednostkowych.<\/p>\n<h2 data-section-id=\"gfj1y1\" data-start=\"2665\" data-end=\"2678\">\ud83d\ude9a \u0414\u043e\u0441\u0442\u0430\u0432\u043a\u0430<\/h2>\n<ul data-start=\"2680\" data-end=\"2743\">\n<li data-section-id=\"1j548yy\" data-start=\"2680\" data-end=\"2712\">\n<p data-start=\"2682\" data-end=\"2712\">\u0432\u0456\u0434\u0432\u0430\u043d\u0442\u0430\u0436\u0435\u043d\u043d\u044f \u0437\u0456 \u0441\u043a\u043b\u0430\u0434\u0443 \u0432 \u0404\u0432\u0440\u043e\u043f\u0456<\/p>\n<\/li>\n<li data-section-id=\"igemay\" data-start=\"2713\" data-end=\"2743\">\n<p data-start=\"2715\" data-end=\"2743\">\u0448\u0432\u0438\u0434\u043a\u0430 \u043e\u0431\u0440\u043e\u0431\u043a\u0430 \u0437\u0430\u043c\u043e\u0432\u043b\u0435\u043d\u044c<\/p>\n<\/li>\n<\/ul>\n<h2 data-section-id=\"opmkg3\" data-start=\"2750\" data-end=\"2776\">\u2139\ufe0f \u0414\u043e\u0434\u0430\u0442\u043a\u043e\u0432\u0430 \u0456\u043d\u0444\u043e\u0440\u043c\u0430\u0446\u0456\u044f<\/h2>\n<ul data-start=\"2778\" data-end=\"2900\">\n<li data-section-id=\"cznzdc\" data-start=\"2778\" data-end=\"2817\">\n<p data-start=\"2780\" data-end=\"2817\">towar nie jest testowany pojedynczo<\/p>\n<\/li>\n<li data-section-id=\"1igfwsa\" data-start=\"2818\" data-end=\"2867\">\n<p data-start=\"2820\" data-end=\"2867\">\u043c\u043e\u0436\u043b\u0438\u0432\u0438\u0439 \u0434\u043e\u043c\u0456\u0448\u043e\u043a \u043f\u0440\u043e\u0434\u0443\u043a\u0442\u0456\u0432 \u043a\u043b\u0430\u0441\u0443 \u0421 (\u0434\u043e 5-71\u0422\u041f3\u0422)<\/p>\n<\/li>\n<li data-section-id=\"zia6d9\" data-start=\"2868\" data-end=\"2900\">\n<p data-start=\"2870\" data-end=\"2900\">\u043a\u043e\u0436\u043d\u0430 \u043f\u0430\u043b\u0435\u0442\u0430 \u0432\u0438\u043f\u0430\u0434\u043a\u043e\u0432\u0438\u043c \u0447\u0438\u043d\u043e\u043c \u0443\u043f\u0430\u043a\u043e\u0432\u0430\u043d\u0430<\/p>\n<\/li>\n<\/ul>\n<h2 data-section-id=\"1915pio\" data-start=\"2907\" data-end=\"2929\">\ud83d\udcf8 \u0424\u043e\u0442\u043e\u0433\u0440\u0430\u0444\u0456\u0457 \u043f\u0440\u043e\u0434\u0443\u043a\u0446\u0456\u0457<\/h2>\n<p data-start=\"2931\" data-end=\"3021\">Zdj\u0119cia przedstawiaj\u0105 przyk\u0142adowy <strong data-start=\"2965\" data-end=\"2993\">\u043c\u0456\u043a\u0441 \u0435\u043b\u0435\u043a\u0442\u0440\u043e\u043d\u0456\u043a\u0438 \u0437 \u0404\u0432\u0440\u043e\u043f\u0438<\/strong> i maj\u0105 charakter pogl\u0105dowy.<\/p>\n<p data-start=\"2931\" data-end=\"3021\">\u0423\u0441\u0456 \u043c\u043e\u0434\u0435\u043b\u0456 \u043f\u0456\u0434\u0434\u043e\u043d\u0456\u0432 Amazon \u043c\u043e\u0436\u043d\u0430 \u0437\u043d\u0430\u0439\u0442\u0438 <a href=\"https:\/\/stockify24.pl\/uk\/sklep\/\"><strong>\u0442\u0443\u0442.<\/strong>.<\/a><\/p>","protected":false},"excerpt":{"rendered":"<p class=\"p1\">\u26a1 Oko\u0142o 70\u201380% elektroniki<\/p>\n<p class=\"p1\">\ud83c\uddea\ud83c\uddfa EU<\/p>\n<p class=\"p1\">\ud83d\udd25 Amazon Returns<\/p>\n<p class=\"p1\" style=\"text-align: left;\">\u2714\ufe0f Jako\u015b\u0107 A\u2013B<\/p>","protected":false},"featured_media":50344,"comment_status":"open","ping_status":"closed","template":"","meta":{"_acf_changed":false},"product_brand":[],"product_cat":[1258,1273],"product_tag":[1274],"class_list":{"0":"post-50343","1":"product","2":"type-product","3":"status-publish","4":"has-post-thumbnail","6":"product_cat-amazon-paleta","7":"product_cat-mix-elektroniki-eu-amazon-returns-ab","8":"product_tag-paleta-mix-elektroniki-z-europy","10":"first","11":"instock","12":"sold-individually","13":"taxable","14":"shipping-taxable","15":"purchasable","16":"product-type-simple"},"acf":[],"_links":{"self":[{"href":"https:\/\/stockify24.pl\/uk\/wp-json\/wp\/v2\/product\/50343","targetHints":{"allow":["GET"]}}],"collection":[{"href":"https:\/\/stockify24.pl\/uk\/wp-json\/wp\/v2\/product"}],"about":[{"href":"https:\/\/stockify24.pl\/uk\/wp-json\/wp\/v2\/types\/product"}],"replies":[{"embeddable":true,"href":"https:\/\/stockify24.pl\/uk\/wp-json\/wp\/v2\/comments?post=50343"}],"wp:featuredmedia":[{"embeddable":true,"href":"https:\/\/stockify24.pl\/uk\/wp-json\/wp\/v2\/media\/50344"}],"wp:attachment":[{"href":"https:\/\/stockify24.pl\/uk\/wp-json\/wp\/v2\/media?parent=50343"}],"wp:term":[{"taxonomy":"product_brand","embeddable":true,"href":"https:\/\/stockify24.pl\/uk\/wp-json\/wp\/v2\/product_brand?post=50343"},{"taxonomy":"product_cat","embeddable":true,"href":"https:\/\/stockify24.pl\/uk\/wp-json\/wp\/v2\/product_cat?post=50343"},{"taxonomy":"product_tag","embeddable":true,"href":"https:\/\/stockify24.pl\/uk\/wp-json\/wp\/v2\/product_tag?post=50343"}],"curies":[{"name":"wp","href":"https:\/\/api.w.org\/{rel}","templated":true}]}}