{"id":50460,"date":"2026-03-20T07:58:49","date_gmt":"2026-03-20T06:58:49","guid":{"rendered":"https:\/\/stockify24.pl\/?post_type=product&#038;p=50460"},"modified":"2026-03-30T12:05:37","modified_gmt":"2026-03-30T11:05:37","slug":"paleta-elektroniki-z-anglii-uk-a-b-1","status":"publish","type":"product","link":"https:\/\/stockify24.pl\/uk\/product\/paleta-elektroniki-z-anglii-uk-a-b-1\/","title":{"rendered":"\u041f\u0430\u043b\u0435\u0442\u0430 \u0434\u043b\u044f \u0435\u043b\u0435\u043a\u0442\u0440\u043e\u043d\u0456\u043a\u0438 \u0437 \u0410\u043d\u0433\u043b\u0456\u0457 (\u0412\u0435\u043b\u0438\u043a\u043e\u0431\u0440\u0438\u0442\u0430\u043d\u0456\u044f) | A-B | #1"},"content":{"rendered":"<h2 data-section-id=\"1b7vg07\" data-start=\"113\" data-end=\"168\">\ud83d\udce6 Paleta elektroniki z Anglii (UK) \u2013 mix A\u2013B, 89 kg<\/h2>\n<p data-start=\"170\" data-end=\"339\">Mix elektroniki z Anglii (UK) to wygodne rozwi\u0105zanie dla sprzeda\u017cy hurtowej, e-commerce oraz reseller\u00f3w, kt\u00f3rzy chc\u0105 sprzedawa\u0107 elektronik\u0119 z rynku UK o wysokim popycie.<\/p>\n<p data-start=\"341\" data-end=\"488\">Paleta zawiera produkty ze zwrot\u00f3w konsumenckich oraz nadwy\u017cek magazynowych. Dzi\u0119ki temu mo\u017cesz kupi\u0107 towar w dobrej cenie i zwi\u0119kszy\u0107 swoj\u0105 mar\u017c\u0119.<\/p>\n<p data-start=\"490\" data-end=\"611\">Ka\u017cdy mix elektroniki z Anglii ma losowy sk\u0142ad, co pozwala oferowa\u0107 r\u00f3\u017cne produkty i lepiej dopasowa\u0107 ofert\u0119 do klient\u00f3w.<\/p>\n<h2 data-section-id=\"dawekf\" data-start=\"618\" data-end=\"663\">\ud83d\udd0c Zawarto\u015b\u0107 palety \u2013 elektronika u\u017cytkowa<\/h2>\n<p data-start=\"665\" data-end=\"694\">W palecie mog\u0105 znajdowa\u0107 si\u0119:<\/p>\n<ul data-start=\"696\" data-end=\"903\">\n<li data-section-id=\"admbw2\" data-start=\"696\" data-end=\"723\">\n<p data-start=\"698\" data-end=\"723\">\u0431\u0435\u0437\u0434\u0440\u043e\u0442\u043e\u0432\u0456 \u043d\u0430\u0432\u0443\u0448\u043d\u0438\u043a\u0438<\/p>\n<\/li>\n<li data-section-id=\"14yyb1b\" data-start=\"724\" data-end=\"750\">\n<p data-start=\"726\" data-end=\"750\">\u0437\u0430\u0440\u044f\u0434\u043d\u0456 \u043f\u0440\u0438\u0441\u0442\u0440\u043e\u0457 \u0442\u0430 \u043f\u0430\u0432\u0435\u0440\u0431\u0430\u043d\u043a\u0438<\/p>\n<\/li>\n<li data-section-id=\"2cko63\" data-start=\"751\" data-end=\"768\">\n<p data-start=\"753\" data-end=\"768\">GSM \u0430\u043a\u0441\u0435\u0441\u0443\u0430\u0440\u0438<\/p>\n<\/li>\n<li data-section-id=\"129ryor\" data-start=\"769\" data-end=\"794\">\n<p data-start=\"771\" data-end=\"794\">\u043f\u0440\u0438\u0441\u0442\u0440\u043e\u0457 \u0434\u043b\u044f \u0440\u043e\u0437\u0443\u043c\u043d\u043e\u0433\u043e \u0434\u043e\u043c\u0443<\/p>\n<\/li>\n<li data-section-id=\"17lzlbi\" data-start=\"795\" data-end=\"832\">\n<p data-start=\"797\" data-end=\"832\">ma\u0142e AGD (np. suszarki, masa\u017cery)<\/p>\n<\/li>\n<li data-section-id=\"i0l57x\" data-start=\"833\" data-end=\"871\">\n<p data-start=\"835\" data-end=\"871\">kontrolery i gad\u017cety elektroniczne<\/p>\n<\/li>\n<li data-section-id=\"4egyp1\" data-start=\"872\" data-end=\"903\">\n<p data-start=\"874\" data-end=\"903\">inne produkty elektroniczne<\/p>\n<\/li>\n<\/ul>\n<p data-start=\"905\" data-end=\"960\">\u041d\u0430 \u0435\u043b\u0435\u043a\u0442\u0440\u043e\u043d\u0456\u043a\u0443 \u043f\u0440\u0438\u043f\u0430\u0434\u0430\u0454 \u0431\u043b\u0438\u0437\u044c\u043a\u043e <strong data-start=\"934\" data-end=\"960\">\u0412\u043c\u0456\u0441\u0442 \u043f\u0430\u043b\u0435\u0442\u0438 100%<\/strong><\/p>\n<h2 data-section-id=\"1vjjmw7\" data-start=\"967\" data-end=\"1005\">\ud83c\udd70\ufe0f\ud83c\udd71\ufe0f \u042f\u043a\u0456\u0441\u0442\u044c \u043f\u0440\u043e\u0434\u0443\u043a\u0446\u0456\u0457 - \u043a\u043b\u0430\u0441 A-B<\/h2>\n<p data-start=\"1007\" data-end=\"1058\">Mix elektroniki z Anglii (UK) w klasie A\u2013B oznacza:<\/p>\n<ul data-start=\"1060\" data-end=\"1217\">\n<li data-section-id=\"1ylt7oh\" data-start=\"1060\" data-end=\"1120\">\n<p data-start=\"1062\" data-end=\"1120\">\u0431\u0456\u043b\u044c\u0448\u0456\u0441\u0442\u044c \u0442\u043e\u0432\u0430\u0440\u0456\u0432 \u043d\u043e\u0432\u0456 \u0430\u0431\u043e \u0432 \u0434\u0443\u0436\u0435 \u0445\u043e\u0440\u043e\u0448\u043e\u043c\u0443 \u0441\u0442\u0430\u043d\u0456<\/p>\n<\/li>\n<li data-section-id=\"jqrsyy\" data-start=\"1121\" data-end=\"1157\">\n<p data-start=\"1123\" data-end=\"1157\">mo\u017cliwe drobne \u015blady u\u017cytkowania<\/p>\n<\/li>\n<li data-section-id=\"8bsrvp\" data-start=\"1158\" data-end=\"1217\">\n<p data-start=\"1160\" data-end=\"1217\">mo\u017cliwa niewielka domieszka produkt\u00f3w klasy C (do 5\u20137%)<\/p>\n<\/li>\n<\/ul>\n<p data-start=\"1219\" data-end=\"1284\">Taki poziom jako\u015bci pozwala na stabiln\u0105 sprzeda\u017c i dobr\u0105 rotacj\u0119.<\/p>\n<h2 data-section-id=\"6mpf3m\" data-start=\"1291\" data-end=\"1317\">\u0422\u0435\u0445\u043d\u0456\u0447\u043d\u0456 \u0445\u0430\u0440\u0430\u043a\u0442\u0435\u0440\u0438\u0441\u0442\u0438\u043a\u0438<\/h2>\n<ul data-start=\"1319\" data-end=\"1448\">\n<li data-section-id=\"1vvc679\" data-start=\"1319\" data-end=\"1349\">\n<p data-start=\"1321\" data-end=\"1349\">\u0432\u0438\u0441\u043e\u0442\u0430 \u043f\u0456\u0434\u0434\u043e\u043d\u0443: <strong data-start=\"1338\" data-end=\"1347\">60 \u0441\u043c<\/strong><\/p>\n<\/li>\n<li data-section-id=\"1n86v3f\" data-start=\"1350\" data-end=\"1375\">\n<p data-start=\"1352\" data-end=\"1375\">\u0447\u0438\u0441\u0442\u0430 \u0432\u0430\u0433\u0430: <strong data-start=\"1364\" data-end=\"1373\">89 kg<\/strong><\/p>\n<\/li>\n<li data-section-id=\"9s5onr\" data-start=\"1376\" data-end=\"1417\">\n<p data-start=\"1378\" data-end=\"1417\">\u0430\u0441\u043e\u0440\u0442\u0438\u043c\u0435\u043d\u0442: <strong data-start=\"1390\" data-end=\"1415\">\u0432\u0438\u043f\u0430\u0434\u043a\u043e\u0432\u0456 \u0442\u0430 \u0440\u0456\u0437\u043d\u043e\u043c\u0430\u043d\u0456\u0442\u043d\u0456<\/strong><\/p>\n<\/li>\n<li data-section-id=\"14taal3\" data-start=\"1418\" data-end=\"1448\">\n<p data-start=\"1420\" data-end=\"1448\">\u043d\u0430 \u043a\u043e\u0436\u043d\u0443 \u043f\u0430\u043b\u0435\u0442\u0443: <strong data-start=\"1434\" data-end=\"1446\">\u0443\u043d\u0456\u043a\u0430\u043b\u044c\u043d\u0438\u0439<\/strong><\/p>\n<\/li>\n<\/ul>\n<p data-start=\"1450\" data-end=\"1488\">\u0412\u043c\u0456\u0441\u0442 \u0437\u0430\u043b\u0435\u0436\u0438\u0442\u044c \u0432\u0456\u0434 \u043f\u043e\u0442\u043e\u0447\u043d\u043e\u0457 \u043f\u043e\u0441\u0442\u0430\u0432\u043a\u0438.<\/p>\n<h2 data-section-id=\"1nzb8um\" data-start=\"2048\" data-end=\"2088\">\ud83d\udcbc \u0412\u0438\u043a\u043e\u0440\u0438\u0441\u0442\u0430\u043d\u043d\u044f \u0432 \u0435\u043b\u0435\u043a\u0442\u0440\u043e\u043d\u043d\u0456\u0439 \u043a\u043e\u043c\u0435\u0440\u0446\u0456\u0457 \u0442\u0430 \u0442\u043e\u0440\u0433\u0456\u0432\u043b\u0456<\/h2>\n<p data-start=\"2090\" data-end=\"2179\">\u041f\u0430\u043b\u0456\u0442\u0440\u0430 \u0435\u043b\u0435\u043a\u0442\u0440\u043e\u043d\u0456\u043a\u0438 Amazon \u0434\u043e\u0431\u0440\u0435 \u043f\u043e\u0454\u0434\u043d\u0443\u0454\u0442\u044c\u0441\u044f \u0437 \u043e\u0431'\u0454\u043c\u043d\u0438\u043c\u0438 \u0442\u0430 \u0440\u043e\u0442\u0430\u0446\u0456\u0439\u043d\u0438\u043c\u0438 \u043c\u043e\u0434\u0435\u043b\u044f\u043c\u0438 \u043f\u0440\u043e\u0434\u0430\u0436\u0456\u0432:<\/p>\n<ul data-start=\"2181\" data-end=\"2344\">\n<li data-section-id=\"1c1wa51\" data-start=\"2181\" data-end=\"2224\">\u0440\u043e\u0437\u043f\u0440\u043e\u0434\u0430\u0436 \u0437\u0430 \u0430\u0434\u0440\u0435\u0441\u043e\u044e <a href=\"https:\/\/allegro.pl\/\" target=\"_blank\" rel=\"noopener\">Allegro<\/a>, <a href=\"https:\/\/www.olx.pl\/\" target=\"_blank\" rel=\"noopener\">OLX<\/a>, <a href=\"https:\/\/www.ebay.com\/\" target=\"_blank\" rel=\"noopener\">eBay<\/a>, <a href=\"https:\/\/www.amazon.com\/\" target=\"_blank\" rel=\"noopener\">\u0410\u043c\u0430\u0437\u043e\u043d\u043a\u0430<\/a><\/li>\n<li data-section-id=\"1fmpn86\" data-start=\"2225\" data-end=\"2247\">\u0456\u043d\u0442\u0435\u0440\u043d\u0435\u0442-\u043c\u0430\u0433\u0430\u0437\u0438\u043d\u0438<\/li>\n<li data-section-id=\"gynsj7\" data-start=\"2248\" data-end=\"2281\">\u0440\u043e\u0437\u0434\u0440\u0456\u0431\u043d\u0430 \u0442\u0430 \u043e\u043f\u0442\u043e\u0432\u0430 \u0442\u043e\u0440\u0433\u0456\u0432\u043b\u044f<\/li>\n<li data-section-id=\"161gjv4\" data-start=\"2282\" data-end=\"2320\">\u0440\u043e\u0437\u0432\u0438\u0442\u043e\u043a \u0432\u043b\u0430\u0441\u043d\u043e\u0433\u043e \u0441\u043a\u043b\u0430\u0434\u0443 \u043f\u0440\u043e\u0434\u0443\u043a\u0446\u0456\u0457<\/li>\n<li data-section-id=\"1fuo8gv\" data-start=\"2321\" data-end=\"2344\">\u043f\u0440\u043e\u0434\u043e\u0432\u0436\u0435\u043d\u043d\u044f \u043f\u0440\u043e\u043f\u043e\u0437\u0438\u0446\u0456\u0457<\/li>\n<\/ul>\n<p data-start=\"2346\" data-end=\"2462\">\u0426\u0435 \u0440\u0456\u0448\u0435\u043d\u043d\u044f \u0434\u043e\u0437\u0432\u043e\u043b\u044f\u0454 \u0437\u0431\u0456\u043b\u044c\u0448\u0438\u0442\u0438 \u043a\u0456\u043b\u044c\u043a\u0456\u0441\u0442\u044c \u043f\u0440\u043e\u0434\u0443\u043a\u0442\u0456\u0432 \u0456 \u043f\u043e\u043a\u0440\u0430\u0449\u0438\u0442\u0438 \u043f\u043e\u043a\u0430\u0437\u043d\u0438\u043a\u0438 \u043f\u0440\u043e\u0434\u0430\u0436\u0456\u0432 \u0431\u0435\u0437 \u0437\u0431\u0456\u043b\u044c\u0448\u0435\u043d\u043d\u044f \u0432\u0438\u0442\u0440\u0430\u0442 \u043d\u0430 \u043e\u0434\u0438\u043d\u0438\u0446\u044e \u043f\u0440\u043e\u0434\u0443\u043a\u0446\u0456\u0457.<\/p>\n<p data-start=\"2346\" data-end=\"2462\">\u0423\u0441\u0456 \u043c\u043e\u0434\u0435\u043b\u0456 \u043f\u0456\u0434\u0434\u043e\u043d\u0456\u0432 Amazon \u043c\u043e\u0436\u043d\u0430 \u0437\u043d\u0430\u0439\u0442\u0438 <a href=\"https:\/\/stockify24.pl\/uk\/sklep\/\"><strong>\u0442\u0443\u0442.<\/strong>.<\/a><\/p>\n<h2 data-section-id=\"gfj1y1\" data-start=\"1854\" data-end=\"1867\">\ud83d\ude9a \u0414\u043e\u0441\u0442\u0430\u0432\u043a\u0430<\/h2>\n<ul data-start=\"1869\" data-end=\"1932\">\n<li data-section-id=\"1j548yy\" data-start=\"1869\" data-end=\"1901\">\n<p data-start=\"1871\" data-end=\"1901\">\u0432\u0456\u0434\u0432\u0430\u043d\u0442\u0430\u0436\u0435\u043d\u043d\u044f \u0437\u0456 \u0441\u043a\u043b\u0430\u0434\u0443 \u0432 \u0404\u0432\u0440\u043e\u043f\u0456<\/p>\n<\/li>\n<li data-section-id=\"igemay\" data-start=\"1902\" data-end=\"1932\">\n<p data-start=\"1904\" data-end=\"1932\">\u0448\u0432\u0438\u0434\u043a\u0430 \u043e\u0431\u0440\u043e\u0431\u043a\u0430 \u0437\u0430\u043c\u043e\u0432\u043b\u0435\u043d\u044c<\/p>\n<\/li>\n<\/ul>\n<h2 data-section-id=\"opmkg3\" data-start=\"1939\" data-end=\"1965\">\u2139\ufe0f \u0414\u043e\u0434\u0430\u0442\u043a\u043e\u0432\u0430 \u0456\u043d\u0444\u043e\u0440\u043c\u0430\u0446\u0456\u044f<\/h2>\n<ul data-start=\"1967\" data-end=\"2160\">\n<li data-section-id=\"cznzdc\" data-start=\"1967\" data-end=\"2006\">\n<p data-start=\"1969\" data-end=\"2006\">towar nie jest testowany pojedynczo<\/p>\n<\/li>\n<li data-section-id=\"1igfwsa\" data-start=\"2007\" data-end=\"2056\">\n<p data-start=\"2009\" data-end=\"2056\">\u043c\u043e\u0436\u043b\u0438\u0432\u0438\u0439 \u0434\u043e\u043c\u0456\u0448\u043e\u043a \u043f\u0440\u043e\u0434\u0443\u043a\u0442\u0456\u0432 \u043a\u043b\u0430\u0441\u0443 \u0421 (\u0434\u043e 5-71\u0422\u041f3\u0422)<\/p>\n<\/li>\n<li data-section-id=\"zia6d9\" data-start=\"2057\" data-end=\"2089\">\n<p data-start=\"2059\" data-end=\"2089\">\u043a\u043e\u0436\u043d\u0430 \u043f\u0430\u043b\u0435\u0442\u0430 \u0432\u0438\u043f\u0430\u0434\u043a\u043e\u0432\u0438\u043c \u0447\u0438\u043d\u043e\u043c \u0443\u043f\u0430\u043a\u043e\u0432\u0430\u043d\u0430<\/p>\n<\/li>\n<li data-section-id=\"1mkzsla\" data-start=\"2090\" data-end=\"2160\">\n<p data-start=\"2092\" data-end=\"2160\">produkty pochodz\u0105 ze zwrot\u00f3w konsumenckich i nadwy\u017cek magazynowych<\/p>\n<\/li>\n<\/ul>\n<h2 data-section-id=\"1915pio\" data-start=\"2167\" data-end=\"2189\">\ud83d\udcf8 \u0424\u043e\u0442\u043e\u0433\u0440\u0430\u0444\u0456\u0457 \u043f\u0440\u043e\u0434\u0443\u043a\u0446\u0456\u0457<\/h2>\n<p data-start=\"2191\" data-end=\"2277\">Zdj\u0119cia maj\u0105 charakter pogl\u0105dowy i przedstawiaj\u0105 przyk\u0142adowy mix elektroniki z Anglii.<\/p>","protected":false},"excerpt":{"rendered":"<p class=\"p1\">\u26a1 Oko\u0142o 100% elektroniki<\/p>\n<p class=\"p1\">\ud83c\uddec\ud83c\udde7 UK<\/p>\n<p class=\"p1\">\ud83d\udd25 Amazon Returns<\/p>\n<p class=\"p1\" style=\"text-align: left;\">\u2714\ufe0f Jako\u015b\u0107 A\u2013B<\/p>","protected":false},"featured_media":50461,"comment_status":"open","ping_status":"closed","template":"","meta":{"_acf_changed":false},"product_brand":[],"product_cat":[1258,1279],"product_tag":[1280],"class_list":{"0":"post-50460","1":"product","2":"type-product","3":"status-publish","4":"has-post-thumbnail","6":"product_cat-amazon-paleta","7":"product_cat-mix-elektroniki-uk-amazon-returns-ab","8":"product_tag-paleta-mix-elektroniki-z-anglii","10":"first","11":"instock","12":"sold-individually","13":"taxable","14":"shipping-taxable","15":"purchasable","16":"product-type-simple"},"acf":[],"_links":{"self":[{"href":"https:\/\/stockify24.pl\/uk\/wp-json\/wp\/v2\/product\/50460","targetHints":{"allow":["GET"]}}],"collection":[{"href":"https:\/\/stockify24.pl\/uk\/wp-json\/wp\/v2\/product"}],"about":[{"href":"https:\/\/stockify24.pl\/uk\/wp-json\/wp\/v2\/types\/product"}],"replies":[{"embeddable":true,"href":"https:\/\/stockify24.pl\/uk\/wp-json\/wp\/v2\/comments?post=50460"}],"wp:featuredmedia":[{"embeddable":true,"href":"https:\/\/stockify24.pl\/uk\/wp-json\/wp\/v2\/media\/50461"}],"wp:attachment":[{"href":"https:\/\/stockify24.pl\/uk\/wp-json\/wp\/v2\/media?parent=50460"}],"wp:term":[{"taxonomy":"product_brand","embeddable":true,"href":"https:\/\/stockify24.pl\/uk\/wp-json\/wp\/v2\/product_brand?post=50460"},{"taxonomy":"product_cat","embeddable":true,"href":"https:\/\/stockify24.pl\/uk\/wp-json\/wp\/v2\/product_cat?post=50460"},{"taxonomy":"product_tag","embeddable":true,"href":"https:\/\/stockify24.pl\/uk\/wp-json\/wp\/v2\/product_tag?post=50460"}],"curies":[{"name":"wp","href":"https:\/\/api.w.org\/{rel}","templated":true}]}}