{"id":50476,"date":"2026-03-20T10:58:34","date_gmt":"2026-03-20T09:58:34","guid":{"rendered":"https:\/\/stockify24.pl\/?post_type=product&#038;p=50476"},"modified":"2026-03-30T12:13:27","modified_gmt":"2026-03-30T11:13:27","slug":"paleta-elektroniki-z-europy-eu-a-b-1","status":"publish","type":"product","link":"https:\/\/stockify24.pl\/uk\/product\/paleta-elektroniki-z-europy-eu-a-b-1\/","title":{"rendered":"\u041f\u0430\u043b\u0435\u0442\u0430 \u0434\u043b\u044f \u0435\u043b\u0435\u043a\u0442\u0440\u043e\u043d\u0456\u043a\u0438 \u0437 \u0404\u0432\u0440\u043e\u043f\u0438 (\u0404\u0421) - AMAZON PREMIUM, A-B"},"content":{"rendered":"<h2 data-section-id=\"5crxv9\" data-start=\"136\" data-end=\"196\">\ud83d\udce6 Paleta elektroniki z Europy (EU) \u2013 AMAZON PREMIUM, A\u2013B<\/h2>\n<p data-start=\"198\" data-end=\"380\">Paleta elektroniki z Europy (EU) AMAZON PREMIUM to oferta dla e-commerce, sprzeda\u017cy hurtowej oraz reseller\u00f3w, kt\u00f3rzy chc\u0105 pracowa\u0107 na elektronice z wysokim popytem i szybkim obrotem.<\/p>\n<p data-start=\"382\" data-end=\"572\">Towar pochodzi ze zwrot\u00f3w konsumenckich Amazon (Amazon Returns). Oko\u0142o <strong data-start=\"453\" data-end=\"507\">98% zawarto\u015bci palety stanowi elektronika u\u017cytkowa<\/strong>, co zwi\u0119ksza atrakcyjno\u015b\u0107 produktu i jego potencja\u0142 sprzeda\u017cowy.<\/p>\n<p data-start=\"574\" data-end=\"682\">Ka\u017cda paleta jest niesortowana i wysy\u0142ana losowo \u2014 sk\u0142ad nie jest powtarzalny i zale\u017cy od aktualnej dostawy.<\/p>\n<p data-start=\"574\" data-end=\"682\">\u0423\u0441\u0456 \u043c\u043e\u0434\u0435\u043b\u0456 \u043f\u0456\u0434\u0434\u043e\u043d\u0456\u0432 Amazon \u043c\u043e\u0436\u043d\u0430 \u0437\u043d\u0430\u0439\u0442\u0438 <a href=\"https:\/\/stockify24.pl\/uk\/sklep\/\"><strong>\u0442\u0443\u0442.<\/strong>.<\/a><\/p>\n<h2 data-section-id=\"w7msci\" data-start=\"689\" data-end=\"730\">\ud83d\udd0c Co zawiera paleta \u2013 mix elektroniki<\/h2>\n<p data-start=\"732\" data-end=\"798\">W zestawie znajduj\u0105 si\u0119 r\u00f3\u017cne produkty elektroniczne, najcz\u0119\u015bciej:<\/p>\n<ul data-start=\"800\" data-end=\"1010\">\n<li data-section-id=\"admbw2\" data-start=\"800\" data-end=\"827\">\n<p data-start=\"802\" data-end=\"827\">\u0431\u0435\u0437\u0434\u0440\u043e\u0442\u043e\u0432\u0456 \u043d\u0430\u0432\u0443\u0448\u043d\u0438\u043a\u0438<\/p>\n<\/li>\n<li data-section-id=\"af8joy\" data-start=\"828\" data-end=\"861\">\n<p data-start=\"830\" data-end=\"861\">\u0142adowarki, powerbanki i kable<\/p>\n<\/li>\n<li data-section-id=\"2cko63\" data-start=\"862\" data-end=\"879\">\n<p data-start=\"864\" data-end=\"879\">GSM \u0430\u043a\u0441\u0435\u0441\u0443\u0430\u0440\u0438<\/p>\n<\/li>\n<li data-section-id=\"129ryor\" data-start=\"880\" data-end=\"905\">\n<p data-start=\"882\" data-end=\"905\">\u043f\u0440\u0438\u0441\u0442\u0440\u043e\u0457 \u0434\u043b\u044f \u0440\u043e\u0437\u0443\u043c\u043d\u043e\u0433\u043e \u0434\u043e\u043c\u0443<\/p>\n<\/li>\n<li data-section-id=\"10cgs2s\" data-start=\"906\" data-end=\"929\">\n<p data-start=\"908\" data-end=\"929\">ma\u0142e urz\u0105dzenia AGD<\/p>\n<\/li>\n<li data-section-id=\"i0l57x\" data-start=\"930\" data-end=\"968\">\n<p data-start=\"932\" data-end=\"968\">kontrolery i gad\u017cety elektroniczne<\/p>\n<\/li>\n<li data-section-id=\"dco69a\" data-start=\"969\" data-end=\"1010\">\n<p data-start=\"971\" data-end=\"1010\">inne produkty z kategorii elektroniki<\/p>\n<\/li>\n<\/ul>\n<p data-start=\"1012\" data-end=\"1066\">\u041d\u0430 \u0435\u043b\u0435\u043a\u0442\u0440\u043e\u043d\u0456\u043a\u0443 \u043f\u0440\u0438\u043f\u0430\u0434\u0430\u0454 \u0431\u043b\u0438\u0437\u044c\u043a\u043e <strong data-start=\"1041\" data-end=\"1066\">98% zawarto\u015bci palety<\/strong><\/p>\n<h2 data-section-id=\"1f8ysg2\" data-start=\"1073\" data-end=\"1105\">\ud83c\udd70\ufe0f\ud83c\udd71\ufe0f Standard jako\u015bci \u2013 A\u2013B<\/h2>\n<p data-start=\"1107\" data-end=\"1145\">Paleta obejmuje produkty w klasie A\u2013B:<\/p>\n<ul data-start=\"1147\" data-end=\"1281\">\n<li data-section-id=\"1krq1a5\" data-start=\"1147\" data-end=\"1200\">\n<p data-start=\"1149\" data-end=\"1200\">dominuj\u0105 produkty nowe lub w bardzo dobrym stanie<\/p>\n<\/li>\n<li data-section-id=\"1l5huug\" data-start=\"1201\" data-end=\"1241\">\n<p data-start=\"1203\" data-end=\"1241\">\u043c\u043e\u0436\u043b\u0438\u0432\u0456 \u043d\u0435\u0437\u043d\u0430\u0447\u043d\u0456 \u0441\u043b\u0456\u0434\u0438 \u0432\u0438\u043a\u043e\u0440\u0438\u0441\u0442\u0430\u043d\u043d\u044f<\/p>\n<\/li>\n<li data-section-id=\"iag8fx\" data-start=\"1242\" data-end=\"1281\">\n<p data-start=\"1244\" data-end=\"1281\">\u043c\u043e\u0436\u043b\u0438\u0432\u0430 \u0434\u043e\u043c\u0456\u0448\u043a\u0430 \u043a\u043b\u0430\u0441\u0443 \u0421 (\u0434\u043e 5-71\u0422\u041f3\u0422)<\/p>\n<\/li>\n<\/ul>\n<p data-start=\"1283\" data-end=\"1354\">Towar nie jest testowany \u2014 s\u0105 to oryginalne zwroty konsumenckie Amazon.<\/p>\n<h2 data-section-id=\"1dsek5o\" data-start=\"1361\" data-end=\"1386\">\ud83d\udcd0 Specyfikacja palety<\/h2>\n<ul data-start=\"1388\" data-end=\"1508\">\n<li data-section-id=\"lkouhz\" data-start=\"1388\" data-end=\"1412\">\n<p data-start=\"1390\" data-end=\"1412\">wysoko\u015b\u0107: <strong data-start=\"1400\" data-end=\"1410\">1 \u043c\u0435\u0442\u0440<\/strong><\/p>\n<\/li>\n<li data-section-id=\"1ekcd3m\" data-start=\"1413\" data-end=\"1454\">\n<p data-start=\"1415\" data-end=\"1454\">liczba produkt\u00f3w: <strong data-start=\"1433\" data-end=\"1452\">ok. 30\u201345 sztuk<\/strong><\/p>\n<\/li>\n<li data-section-id=\"12vhqkz\" data-start=\"1455\" data-end=\"1481\">\n<p data-start=\"1457\" data-end=\"1481\">\u0430\u0441\u043e\u0440\u0442\u0438\u043c\u0435\u043d\u0442: <strong data-start=\"1469\" data-end=\"1479\">\u0432\u0438\u043f\u0430\u0434\u043a\u043e\u0432\u0438\u0439<\/strong><\/p>\n<\/li>\n<li data-section-id=\"dhswn8\" data-start=\"1482\" data-end=\"1508\">\n<p data-start=\"1484\" data-end=\"1508\">\u043d\u0430 \u043a\u043e\u0436\u043d\u0443 \u043f\u0430\u043b\u0435\u0442\u0443: <strong data-start=\"1498\" data-end=\"1506\">\u0456\u043d\u0448\u0438\u0439<\/strong><\/p>\n<\/li>\n<\/ul>\n<p data-start=\"1510\" data-end=\"1554\">Zawarto\u015b\u0107 zale\u017cy od bie\u017c\u0105cej partii dostawy.<\/p>\n<h2 data-section-id=\"18ipwxx\" data-start=\"1561\" data-end=\"1596\">\ud83d\udcbc Do czego nadaje si\u0119 ta paleta<\/h2>\n<p data-start=\"1598\" data-end=\"1650\">Mix elektroniki AMAZON PREMIUM EU sprawdza si\u0119 jako:<\/p>\n<ul data-start=\"1652\" data-end=\"1828\">\n<li data-section-id=\"1nciuj\" data-start=\"1652\" data-end=\"1695\">\n<p data-start=\"1654\" data-end=\"1695\">\u0442\u043e\u0432\u0430\u0440\u0438 \u0434\u043b\u044f \u043f\u0440\u043e\u0434\u0430\u0436\u0443 \u0432 \u0406\u043d\u0442\u0435\u0440\u043d\u0435\u0442\u0456 \u0442\u0430 \u043d\u0430 \u0440\u0438\u043d\u043a\u0443 (<a style=\"font-family: -apple-system, BlinkMacSystemFont, &#039;Segoe UI&#039;, Roboto, &#039;Helvetica Neue&#039;, Arial, &#039;Noto Sans&#039;, sans-serif, &#039;Apple Color Emoji&#039;, &#039;Segoe UI Emoji&#039;, &#039;Segoe UI Symbol&#039;, &#039;Noto Color Emoji&#039;;\" href=\"https:\/\/allegro.pl\/\" target=\"_blank\" rel=\"noopener\">Allegro<\/a><span style=\"font-family: -apple-system, BlinkMacSystemFont, 'Segoe UI', Roboto, 'Helvetica Neue', Arial, 'Noto Sans', sans-serif, 'Apple Color Emoji', 'Segoe UI Emoji', 'Segoe UI Symbol', 'Noto Color Emoji';\">, <\/span><a style=\"font-family: -apple-system, BlinkMacSystemFont, &#039;Segoe UI&#039;, Roboto, &#039;Helvetica Neue&#039;, Arial, &#039;Noto Sans&#039;, sans-serif, &#039;Apple Color Emoji&#039;, &#039;Segoe UI Emoji&#039;, &#039;Segoe UI Symbol&#039;, &#039;Noto Color Emoji&#039;;\" href=\"https:\/\/www.olx.pl\/\" target=\"_blank\" rel=\"noopener\">OLX<\/a><span style=\"font-family: -apple-system, BlinkMacSystemFont, 'Segoe UI', Roboto, 'Helvetica Neue', Arial, 'Noto Sans', sans-serif, 'Apple Color Emoji', 'Segoe UI Emoji', 'Segoe UI Symbol', 'Noto Color Emoji';\">, <\/span><a style=\"font-family: -apple-system, BlinkMacSystemFont, &#039;Segoe UI&#039;, Roboto, &#039;Helvetica Neue&#039;, Arial, &#039;Noto Sans&#039;, sans-serif, &#039;Apple Color Emoji&#039;, &#039;Segoe UI Emoji&#039;, &#039;Segoe UI Symbol&#039;, &#039;Noto Color Emoji&#039;;\" href=\"https:\/\/www.ebay.com\/\" target=\"_blank\" rel=\"noopener\">eBay<\/a><span style=\"font-family: -apple-system, BlinkMacSystemFont, 'Segoe UI', Roboto, 'Helvetica Neue', Arial, 'Noto Sans', sans-serif, 'Apple Color Emoji', 'Segoe UI Emoji', 'Segoe UI Symbol', 'Noto Color Emoji';\">, <\/span><a style=\"font-family: -apple-system, BlinkMacSystemFont, &#039;Segoe UI&#039;, Roboto, &#039;Helvetica Neue&#039;, Arial, &#039;Noto Sans&#039;, sans-serif, &#039;Apple Color Emoji&#039;, &#039;Segoe UI Emoji&#039;, &#039;Segoe UI Symbol&#039;, &#039;Noto Color Emoji&#039;;\" href=\"https:\/\/www.amazon.com\/\" target=\"_blank\" rel=\"noopener\">\u0410\u043c\u0430\u0437\u043e\u043d\u043a\u0430)<\/a><\/p>\n<\/li>\n<li data-section-id=\"1rn79fk\" data-start=\"1696\" data-end=\"1733\">\n<p data-start=\"1698\" data-end=\"1733\">paleta elektroniki do odsprzeda\u017cy<\/p>\n<\/li>\n<li data-section-id=\"qrll0g\" data-start=\"1734\" data-end=\"1780\">\n<p data-start=\"1736\" data-end=\"1780\">\u017ar\u00f3d\u0142o produkt\u00f3w dla sklep\u00f3w internetowych<\/p>\n<\/li>\n<li data-section-id=\"1bla79k\" data-start=\"1781\" data-end=\"1828\">\n<p data-start=\"1783\" data-end=\"1828\">oferta dla sprzeda\u017cy hurtowej i detalicznej<\/p>\n<\/li>\n<\/ul>\n<p data-start=\"1830\" data-end=\"1909\">Du\u017cy udzia\u0142 elektroniki pozwala szybciej sprzedawa\u0107 produkty i zwi\u0119ksza\u0107 obr\u00f3t.<\/p>\n<h2 data-section-id=\"gfj1y1\" data-start=\"1916\" data-end=\"1929\">\ud83d\ude9a \u0414\u043e\u0441\u0442\u0430\u0432\u043a\u0430<\/h2>\n<ul data-start=\"1931\" data-end=\"2010\">\n<li data-section-id=\"1j548yy\" data-start=\"1931\" data-end=\"1963\">\n<p data-start=\"1933\" data-end=\"1963\">\u0432\u0456\u0434\u0432\u0430\u043d\u0442\u0430\u0436\u0435\u043d\u043d\u044f \u0437\u0456 \u0441\u043a\u043b\u0430\u0434\u0443 \u0432 \u0404\u0432\u0440\u043e\u043f\u0456<\/p>\n<\/li>\n<li data-section-id=\"wz2p5c\" data-start=\"1964\" data-end=\"1985\">\n<p data-start=\"1966\" data-end=\"1985\">\u0448\u0432\u0438\u0434\u043a\u0435 \u0432\u043f\u0440\u043e\u0432\u0430\u0434\u0436\u0435\u043d\u043d\u044f<\/p>\n<\/li>\n<li data-section-id=\"1qo0dyy\" data-start=\"1986\" data-end=\"2010\">\n<p data-start=\"1988\" data-end=\"2010\">\u043d\u0430\u0434\u0456\u0439\u043d\u0435 \u043f\u0430\u043a\u0443\u0432\u0430\u043d\u043d\u044f<\/p>\n<\/li>\n<\/ul>\n<h2 data-section-id=\"opmkg3\" data-start=\"2017\" data-end=\"2043\">\u2139\ufe0f \u0414\u043e\u0434\u0430\u0442\u043a\u043e\u0432\u0430 \u0456\u043d\u0444\u043e\u0440\u043c\u0430\u0446\u0456\u044f<\/h2>\n<ul data-start=\"2045\" data-end=\"2219\">\n<li data-section-id=\"oo8lin\" data-start=\"2045\" data-end=\"2084\">\n<p data-start=\"2047\" data-end=\"2084\">\u043d\u0435\u0441\u043e\u0440\u0442\u043e\u0432\u0430\u043d\u0456 \u0442\u043e\u0432\u0430\u0440\u0438 (Amazon Returns)<\/p>\n<\/li>\n<li data-section-id=\"1tr3r5o\" data-start=\"2085\" data-end=\"2114\">\n<p data-start=\"2087\" data-end=\"2114\">\u0432\u0456\u0434\u0441\u0443\u0442\u043d\u0456\u0441\u0442\u044c \u0442\u0435\u0441\u0442\u0443\u0432\u0430\u043d\u043d\u044f \u043f\u0440\u043e\u0434\u0443\u043a\u0442\u0443<\/p>\n<\/li>\n<li data-section-id=\"iag8fx\" data-start=\"2115\" data-end=\"2154\">\n<p data-start=\"2117\" data-end=\"2154\">\u043c\u043e\u0436\u043b\u0438\u0432\u0430 \u0434\u043e\u043c\u0456\u0448\u043a\u0430 \u043a\u043b\u0430\u0441\u0443 \u0421 (\u0434\u043e 5-71\u0422\u041f3\u0422)<\/p>\n<\/li>\n<li data-section-id=\"zia6d9\" data-start=\"2155\" data-end=\"2187\">\n<p data-start=\"2157\" data-end=\"2187\">\u043a\u043e\u0436\u043d\u0430 \u043f\u0430\u043b\u0435\u0442\u0430 \u0432\u0438\u043f\u0430\u0434\u043a\u043e\u0432\u0438\u043c \u0447\u0438\u043d\u043e\u043c \u0443\u043f\u0430\u043a\u043e\u0432\u0430\u043d\u0430<\/p>\n<\/li>\n<li data-section-id=\"1qenv5x\" data-start=\"2188\" data-end=\"2219\">\n<p data-start=\"2190\" data-end=\"2219\">\u043d\u0435\u043c\u0430\u0454 \u0444\u0456\u043a\u0441\u043e\u0432\u0430\u043d\u043e\u0433\u043e \u043f\u0435\u0440\u0435\u043b\u0456\u043a\u0443 \u043f\u0440\u043e\u0434\u0443\u043a\u0442\u0456\u0432<\/p>\n<\/li>\n<\/ul>\n<h2 data-section-id=\"1915pio\" data-start=\"2226\" data-end=\"2248\">\ud83d\udcf8 \u0424\u043e\u0442\u043e\u0433\u0440\u0430\u0444\u0456\u0457 \u043f\u0440\u043e\u0434\u0443\u043a\u0446\u0456\u0457<\/h2>\n<p data-start=\"2250\" data-end=\"2327\">Zdj\u0119cia przedstawiaj\u0105 przyk\u0142adowy mix elektroniki i maj\u0105 charakter pogl\u0105dowy.<\/p>","protected":false},"excerpt":{"rendered":"<p class=\"p1\">\u26a1 Oko\u0142o 100% elektroniki<\/p>\n<p class=\"p1\">\ud83c\uddea\ud83c\uddfa EU<\/p>\n<p class=\"p1\">\ud83d\udd25 Amazon Returns Premium<\/p>\n<p class=\"p1\" style=\"text-align: left;\">\u2714\ufe0f Jako\u015b\u0107 A\u2013B<\/p>","protected":false},"featured_media":50062,"comment_status":"open","ping_status":"closed","template":"","meta":{"_acf_changed":false},"product_brand":[],"product_cat":[1258,1281],"product_tag":[1274],"class_list":{"0":"post-50476","1":"product","2":"type-product","3":"status-publish","4":"has-post-thumbnail","6":"product_cat-amazon-paleta","7":"product_cat-premium-mix-elektroniki-eu-amazon-returns-ab","8":"product_tag-paleta-mix-elektroniki-z-europy","10":"first","11":"instock","12":"sold-individually","13":"taxable","14":"shipping-taxable","15":"purchasable","16":"product-type-simple"},"acf":[],"_links":{"self":[{"href":"https:\/\/stockify24.pl\/uk\/wp-json\/wp\/v2\/product\/50476","targetHints":{"allow":["GET"]}}],"collection":[{"href":"https:\/\/stockify24.pl\/uk\/wp-json\/wp\/v2\/product"}],"about":[{"href":"https:\/\/stockify24.pl\/uk\/wp-json\/wp\/v2\/types\/product"}],"replies":[{"embeddable":true,"href":"https:\/\/stockify24.pl\/uk\/wp-json\/wp\/v2\/comments?post=50476"}],"wp:featuredmedia":[{"embeddable":true,"href":"https:\/\/stockify24.pl\/uk\/wp-json\/wp\/v2\/media\/50062"}],"wp:attachment":[{"href":"https:\/\/stockify24.pl\/uk\/wp-json\/wp\/v2\/media?parent=50476"}],"wp:term":[{"taxonomy":"product_brand","embeddable":true,"href":"https:\/\/stockify24.pl\/uk\/wp-json\/wp\/v2\/product_brand?post=50476"},{"taxonomy":"product_cat","embeddable":true,"href":"https:\/\/stockify24.pl\/uk\/wp-json\/wp\/v2\/product_cat?post=50476"},{"taxonomy":"product_tag","embeddable":true,"href":"https:\/\/stockify24.pl\/uk\/wp-json\/wp\/v2\/product_tag?post=50476"}],"curies":[{"name":"wp","href":"https:\/\/api.w.org\/{rel}","templated":true}]}}