{"id":50477,"date":"2026-03-20T11:05:36","date_gmt":"2026-03-20T10:05:36","guid":{"rendered":"https:\/\/stockify24.pl\/?post_type=product&#038;p=50477"},"modified":"2026-03-30T12:14:38","modified_gmt":"2026-03-30T11:14:38","slug":"paleta-elektroniki-z-europy-amazon-premium-2","status":"publish","type":"product","link":"https:\/\/stockify24.pl\/uk\/product\/paleta-elektroniki-z-europy-amazon-premium-2\/","title":{"rendered":"\u041f\u0430\u043b\u0435\u0442\u0430 \u0434\u043b\u044f \u0435\u043b\u0435\u043a\u0442\u0440\u043e\u043d\u0456\u043a\u0438 AMAZON PREMIUM \u0437 \u0404\u0432\u0440\u043e\u043f\u0438 (\u0404\u0421) - A-B"},"content":{"rendered":"<h2 data-section-id=\"5crxv9\" data-start=\"106\" data-end=\"166\">\ud83d\udce6 Paleta elektroniki AMAZON PREMIUM z Europy (EU) \u2013 A\u2013B<\/h2>\n<p data-start=\"168\" data-end=\"373\">Paleta elektroniki AMAZON PREMIUM z Europy (EU) to rozwi\u0105zanie dla sprzeda\u017cy hurtowej, e-commerce oraz reseller\u00f3w, kt\u00f3rzy potrzebuj\u0105 towaru z wysokim udzia\u0142em elektroniki i realnym potencja\u0142em odsprzeda\u017cy.<\/p>\n<p data-start=\"375\" data-end=\"573\">Produkty pochodz\u0105 ze zwrot\u00f3w konsumenckich Amazon (Amazon Returns). Oko\u0142o <strong data-start=\"449\" data-end=\"496\">98% zawarto\u015bci stanowi elektronika u\u017cytkowa<\/strong>, co bezpo\u015brednio przek\u0142ada si\u0119 na wy\u017csz\u0105 warto\u015b\u0107 rynkow\u0105 i szybsz\u0105 sprzeda\u017c.<\/p>\n<p data-start=\"575\" data-end=\"680\">Towar jest niesortowany \u2014 ka\u017cda paleta zawiera losowy zestaw produkt\u00f3w i nie posiada sta\u0142ej specyfikacji.<\/p>\n<h2 data-section-id=\"r2cjj\" data-start=\"687\" data-end=\"730\">\ud83d\udd0c Zawarto\u015b\u0107 palety \u2013 elektronika Amazon<\/h2>\n<p data-start=\"732\" data-end=\"805\">\u041d\u0430 \u043f\u0430\u043b\u0435\u0442\u0456 \u043c\u0456\u0441\u0442\u0438\u0442\u044c\u0441\u044f \u043f\u0440\u0438\u0431\u043b\u0438\u0437\u043d\u043e <strong data-start=\"762\" data-end=\"797\">30\u201345 produkt\u00f3w elektronicznych<\/strong>, \u0432 \u0442\u043e\u043c\u0443 \u0447\u0438\u0441\u043b\u0456:<\/p>\n<ul data-start=\"807\" data-end=\"1004\">\n<li data-section-id=\"admbw2\" data-start=\"807\" data-end=\"834\">\n<p data-start=\"809\" data-end=\"834\">\u0431\u0435\u0437\u0434\u0440\u043e\u0442\u043e\u0432\u0456 \u043d\u0430\u0432\u0443\u0448\u043d\u0438\u043a\u0438<\/p>\n<\/li>\n<li data-section-id=\"1j12er6\" data-start=\"835\" data-end=\"868\">\n<p data-start=\"837\" data-end=\"868\">\u0437\u0430\u0440\u044f\u0434\u043d\u0456 \u043f\u0440\u0438\u0441\u0442\u0440\u043e\u0457, \u043a\u0430\u0431\u0435\u043b\u0456 \u0442\u0430 \u043f\u0430\u0432\u0435\u0440\u0431\u0430\u043d\u043a\u0438<\/p>\n<\/li>\n<li data-section-id=\"2cko63\" data-start=\"869\" data-end=\"886\">\n<p data-start=\"871\" data-end=\"886\">GSM \u0430\u043a\u0441\u0435\u0441\u0443\u0430\u0440\u0438<\/p>\n<\/li>\n<li data-section-id=\"129ryor\" data-start=\"887\" data-end=\"912\">\n<p data-start=\"889\" data-end=\"912\">\u043f\u0440\u0438\u0441\u0442\u0440\u043e\u0457 \u0434\u043b\u044f \u0440\u043e\u0437\u0443\u043c\u043d\u043e\u0433\u043e \u0434\u043e\u043c\u0443<\/p>\n<\/li>\n<li data-section-id=\"dys3xd\" data-start=\"913\" data-end=\"925\">\n<p data-start=\"915\" data-end=\"925\">ma\u0142e AGD<\/p>\n<\/li>\n<li data-section-id=\"i0l57x\" data-start=\"926\" data-end=\"964\">\n<p data-start=\"928\" data-end=\"964\">kontrolery i gad\u017cety elektroniczne<\/p>\n<\/li>\n<li data-section-id=\"1s1m71p\" data-start=\"965\" data-end=\"1004\">\n<p data-start=\"967\" data-end=\"1004\">inne produkty elektroniki u\u017cytkowej<\/p>\n<\/li>\n<\/ul>\n<p data-start=\"1006\" data-end=\"1060\">\ud83d\udcca Udzia\u0142 elektroniki: <strong data-start=\"1029\" data-end=\"1060\">oko\u0142o 98% zawarto\u015bci palety<\/strong><\/p>\n<h2 data-section-id=\"1s8xvs9\" data-start=\"1067\" data-end=\"1122\">\ud83c\udd70\ufe0f\ud83c\udd71\ufe0f Jako\u015b\u0107 produkt\u00f3w \u2013 klasa A\u2013B (Amazon Returns)<\/h2>\n<p data-start=\"1124\" data-end=\"1167\">\u041f\u0430\u043b\u0456\u0442\u0440\u0430 \u0432\u043a\u043b\u044e\u0447\u0430\u0454 \u0432 \u0441\u0435\u0431\u0435 \u043f\u0440\u043e\u0434\u0443\u043a\u0442\u0438 \u0441\u0442\u0430\u043d\u0434\u0430\u0440\u0442\u0443 \u0410-\u0412:<\/p>\n<ul data-start=\"1169\" data-end=\"1331\">\n<li data-section-id=\"1so1eyv\" data-start=\"1169\" data-end=\"1239\">\n<p data-start=\"1171\" data-end=\"1239\">wi\u0119kszo\u015b\u0107 produkt\u00f3w jest nowa lub w bardzo dobrym stanie wizualnym<\/p>\n<\/li>\n<li data-section-id=\"1ydnmn3\" data-start=\"1240\" data-end=\"1276\">\n<p data-start=\"1242\" data-end=\"1276\">\u043c\u043e\u0436\u043b\u0438\u0432\u0456 \u043d\u0435\u0437\u043d\u0430\u0447\u043d\u0456 \u0441\u043b\u0456\u0434\u0438 \u0432\u0438\u043a\u043e\u0440\u0438\u0441\u0442\u0430\u043d\u043d\u044f<\/p>\n<\/li>\n<li data-section-id=\"113zzl7\" data-start=\"1277\" data-end=\"1331\">\n<p data-start=\"1279\" data-end=\"1331\">dopuszczalna domieszka produkt\u00f3w klasy C (do 5\u20137%)<\/p>\n<\/li>\n<\/ul>\n<p data-start=\"1333\" data-end=\"1395\">Towar pochodzi z niesprawdzonych zwrot\u00f3w konsumenckich Amazon.<\/p>\n<h2 data-section-id=\"6mpf3m\" data-start=\"1402\" data-end=\"1428\">\u0422\u0435\u0445\u043d\u0456\u0447\u043d\u0456 \u0445\u0430\u0440\u0430\u043a\u0442\u0435\u0440\u0438\u0441\u0442\u0438\u043a\u0438<\/h2>\n<ul data-start=\"1430\" data-end=\"1588\">\n<li data-section-id=\"rckeqa\" data-start=\"1430\" data-end=\"1461\">\n<p data-start=\"1432\" data-end=\"1461\">\u0432\u0438\u0441\u043e\u0442\u0430 \u043f\u0456\u0434\u0434\u043e\u043d\u0443: <strong data-start=\"1449\" data-end=\"1459\">1 \u043c\u0435\u0442\u0440<\/strong><\/p>\n<\/li>\n<li data-section-id=\"6653iz\" data-start=\"1462\" data-end=\"1502\">\n<p data-start=\"1464\" data-end=\"1502\">\u043a\u0456\u043b\u044c\u043a\u0456\u0441\u0442\u044c \u043f\u0440\u043e\u0434\u0443\u043a\u0442\u0456\u0432: <strong data-start=\"1481\" data-end=\"1500\">ok. 30\u201340 sztuk<\/strong><\/p>\n<\/li>\n<li data-section-id=\"9s5onr\" data-start=\"1503\" data-end=\"1544\">\n<p data-start=\"1505\" data-end=\"1544\">\u0430\u0441\u043e\u0440\u0442\u0438\u043c\u0435\u043d\u0442: <strong data-start=\"1517\" data-end=\"1542\">\u0432\u0438\u043f\u0430\u0434\u043a\u043e\u0432\u0456 \u0442\u0430 \u0440\u0456\u0437\u043d\u043e\u043c\u0430\u043d\u0456\u0442\u043d\u0456<\/strong><\/p>\n<\/li>\n<li data-section-id=\"zgevv\" data-start=\"1545\" data-end=\"1588\">\n<p data-start=\"1547\" data-end=\"1588\">\u043d\u0430 \u043a\u043e\u0436\u043d\u0443 \u043f\u0430\u043b\u0435\u0442\u0443: <strong data-start=\"1561\" data-end=\"1586\">unikalna konfiguracja<\/strong><\/p>\n<\/li>\n<\/ul>\n<p data-start=\"1590\" data-end=\"1635\">\u0412\u043c\u0456\u0441\u0442 \u0437\u0430\u043b\u0435\u0436\u0438\u0442\u044c \u0432\u0456\u0434 \u043f\u043e\u0442\u043e\u0447\u043d\u043e\u0457 \u043f\u0430\u0440\u0442\u0456\u0457 \u043f\u043e\u0441\u0442\u0430\u0432\u043a\u0438.<\/p>\n<h2 data-section-id=\"kilpj5\" data-start=\"1642\" data-end=\"1689\">\ud83d\udcbc Zastosowanie \u2013 elektronika do odsprzeda\u017cy<\/h2>\n<p data-start=\"1691\" data-end=\"1734\">Paleta AMAZON PREMIUM EU sprawdza si\u0119 jako:<\/p>\n<ul data-start=\"1736\" data-end=\"1922\">\n<li data-section-id=\"1jlmfwm\" data-start=\"1736\" data-end=\"1786\">\n<p data-start=\"1738\" data-end=\"1786\">paleta elektroniki do e-commerce i marketplace (<a style=\"font-family: -apple-system, BlinkMacSystemFont, &#039;Segoe UI&#039;, Roboto, &#039;Helvetica Neue&#039;, Arial, &#039;Noto Sans&#039;, sans-serif, &#039;Apple Color Emoji&#039;, &#039;Segoe UI Emoji&#039;, &#039;Segoe UI Symbol&#039;, &#039;Noto Color Emoji&#039;;\" href=\"https:\/\/allegro.pl\/\" target=\"_blank\" rel=\"noopener\">Allegro<\/a><span style=\"font-family: -apple-system, BlinkMacSystemFont, 'Segoe UI', Roboto, 'Helvetica Neue', Arial, 'Noto Sans', sans-serif, 'Apple Color Emoji', 'Segoe UI Emoji', 'Segoe UI Symbol', 'Noto Color Emoji';\">, <\/span><a style=\"font-family: -apple-system, BlinkMacSystemFont, &#039;Segoe UI&#039;, Roboto, &#039;Helvetica Neue&#039;, Arial, &#039;Noto Sans&#039;, sans-serif, &#039;Apple Color Emoji&#039;, &#039;Segoe UI Emoji&#039;, &#039;Segoe UI Symbol&#039;, &#039;Noto Color Emoji&#039;;\" href=\"https:\/\/www.olx.pl\/\" target=\"_blank\" rel=\"noopener\">OLX<\/a><span style=\"font-family: -apple-system, BlinkMacSystemFont, 'Segoe UI', Roboto, 'Helvetica Neue', Arial, 'Noto Sans', sans-serif, 'Apple Color Emoji', 'Segoe UI Emoji', 'Segoe UI Symbol', 'Noto Color Emoji';\">, <\/span><a style=\"font-family: -apple-system, BlinkMacSystemFont, &#039;Segoe UI&#039;, Roboto, &#039;Helvetica Neue&#039;, Arial, &#039;Noto Sans&#039;, sans-serif, &#039;Apple Color Emoji&#039;, &#039;Segoe UI Emoji&#039;, &#039;Segoe UI Symbol&#039;, &#039;Noto Color Emoji&#039;;\" href=\"https:\/\/www.ebay.com\/\" target=\"_blank\" rel=\"noopener\">eBay<\/a><span style=\"font-family: -apple-system, BlinkMacSystemFont, 'Segoe UI', Roboto, 'Helvetica Neue', Arial, 'Noto Sans', sans-serif, 'Apple Color Emoji', 'Segoe UI Emoji', 'Segoe UI Symbol', 'Noto Color Emoji';\">, <\/span><a style=\"font-family: -apple-system, BlinkMacSystemFont, &#039;Segoe UI&#039;, Roboto, &#039;Helvetica Neue&#039;, Arial, &#039;Noto Sans&#039;, sans-serif, &#039;Apple Color Emoji&#039;, &#039;Segoe UI Emoji&#039;, &#039;Segoe UI Symbol&#039;, &#039;Noto Color Emoji&#039;;\" href=\"https:\/\/www.amazon.com\/\" target=\"_blank\" rel=\"noopener\">\u0410\u043c\u0430\u0437\u043e\u043d\u043a\u0430)<\/a><\/p>\n<\/li>\n<li data-section-id=\"1a4qeji\" data-start=\"1787\" data-end=\"1836\">\n<p data-start=\"1789\" data-end=\"1836\">mix elektroniki Amazon returns do odsprzeda\u017cy<\/p>\n<\/li>\n<li data-section-id=\"2z2ita\" data-start=\"1837\" data-end=\"1882\">\n<p data-start=\"1839\" data-end=\"1882\">towar do sprzeda\u017cy hurtowej i detalicznej<\/p>\n<\/li>\n<li data-section-id=\"179rid\" data-start=\"1883\" data-end=\"1922\">\n<p data-start=\"1885\" data-end=\"1922\">\u017ar\u00f3d\u0142o produkt\u00f3w o wysokiej rotacji<\/p>\n<\/li>\n<\/ul>\n<p data-start=\"1924\" data-end=\"2014\">Wysoki udzia\u0142 elektroniki zwi\u0119ksza tempo sprzeda\u017cy i pozwala szybciej odzyska\u0107 inwestycj\u0119.<\/p>\n<p data-start=\"1924\" data-end=\"2014\">\u0423\u0441\u0456 \u043c\u043e\u0434\u0435\u043b\u0456 \u043f\u0456\u0434\u0434\u043e\u043d\u0456\u0432 Amazon \u043c\u043e\u0436\u043d\u0430 \u0437\u043d\u0430\u0439\u0442\u0438 <a href=\"https:\/\/stockify24.pl\/uk\/sklep\/\"><strong>\u0442\u0443\u0442.<\/strong>.<\/a><\/p>\n<h2 data-section-id=\"gfj1y1\" data-start=\"2021\" data-end=\"2034\">\ud83d\ude9a \u0414\u043e\u0441\u0442\u0430\u0432\u043a\u0430<\/h2>\n<ul data-start=\"2036\" data-end=\"2131\">\n<li data-section-id=\"1j548yy\" data-start=\"2036\" data-end=\"2068\">\n<p data-start=\"2038\" data-end=\"2068\">\u0432\u0456\u0434\u0432\u0430\u043d\u0442\u0430\u0436\u0435\u043d\u043d\u044f \u0437\u0456 \u0441\u043a\u043b\u0430\u0434\u0443 \u0432 \u0404\u0432\u0440\u043e\u043f\u0456<\/p>\n<\/li>\n<li data-section-id=\"igemay\" data-start=\"2069\" data-end=\"2099\">\n<p data-start=\"2071\" data-end=\"2099\">\u0448\u0432\u0438\u0434\u043a\u0430 \u043e\u0431\u0440\u043e\u0431\u043a\u0430 \u0437\u0430\u043c\u043e\u0432\u043b\u0435\u043d\u044c<\/p>\n<\/li>\n<li data-section-id=\"1b2vhsf\" data-start=\"2100\" data-end=\"2131\">\n<p data-start=\"2102\" data-end=\"2131\">bezpieczne pakowanie palety<\/p>\n<\/li>\n<\/ul>\n<h2 data-section-id=\"opmkg3\" data-start=\"2138\" data-end=\"2164\">\u2139\ufe0f \u0414\u043e\u0434\u0430\u0442\u043a\u043e\u0432\u0430 \u0456\u043d\u0444\u043e\u0440\u043c\u0430\u0446\u0456\u044f<\/h2>\n<ul data-start=\"2166\" data-end=\"2351\">\n<li data-section-id=\"oo8lin\" data-start=\"2166\" data-end=\"2205\">\n<p data-start=\"2168\" data-end=\"2205\">\u043d\u0435\u0441\u043e\u0440\u0442\u043e\u0432\u0430\u043d\u0456 \u0442\u043e\u0432\u0430\u0440\u0438 (Amazon Returns)<\/p>\n<\/li>\n<li data-section-id=\"23fumv\" data-start=\"2206\" data-end=\"2246\">\n<p data-start=\"2208\" data-end=\"2246\">\u043f\u0440\u043e\u0434\u0443\u043a\u0442\u0438 \u043d\u0435 \u0442\u0435\u0441\u0442\u0443\u044e\u0442\u044c\u0441\u044f \u0456\u043d\u0434\u0438\u0432\u0456\u0434\u0443\u0430\u043b\u044c\u043d\u043e<\/p>\n<\/li>\n<li data-section-id=\"iag8fx\" data-start=\"2247\" data-end=\"2286\">\n<p data-start=\"2249\" data-end=\"2286\">\u043c\u043e\u0436\u043b\u0438\u0432\u0430 \u0434\u043e\u043c\u0456\u0448\u043a\u0430 \u043a\u043b\u0430\u0441\u0443 \u0421 (\u0434\u043e 5-71\u0422\u041f3\u0422)<\/p>\n<\/li>\n<li data-section-id=\"zia6d9\" data-start=\"2287\" data-end=\"2319\">\n<p data-start=\"2289\" data-end=\"2319\">\u043a\u043e\u0436\u043d\u0430 \u043f\u0430\u043b\u0435\u0442\u0430 \u0432\u0438\u043f\u0430\u0434\u043a\u043e\u0432\u0438\u043c \u0447\u0438\u043d\u043e\u043c \u0443\u043f\u0430\u043a\u043e\u0432\u0430\u043d\u0430<\/p>\n<\/li>\n<li data-section-id=\"1qenv5x\" data-start=\"2320\" data-end=\"2351\">\n<p data-start=\"2322\" data-end=\"2351\">\u043d\u0435\u043c\u0430\u0454 \u0444\u0456\u043a\u0441\u043e\u0432\u0430\u043d\u043e\u0433\u043e \u043f\u0435\u0440\u0435\u043b\u0456\u043a\u0443 \u043f\u0440\u043e\u0434\u0443\u043a\u0442\u0456\u0432<\/p>\n<\/li>\n<\/ul>\n<h2 data-section-id=\"1915pio\" data-start=\"2358\" data-end=\"2380\">\ud83d\udcf8 \u0424\u043e\u0442\u043e\u0433\u0440\u0430\u0444\u0456\u0457 \u043f\u0440\u043e\u0434\u0443\u043a\u0446\u0456\u0457<\/h2>\n<p data-start=\"2382\" data-end=\"2468\">Zdj\u0119cia maj\u0105 charakter pogl\u0105dowy i przedstawiaj\u0105 przyk\u0142adowy mix elektroniki z Europy.<\/p>","protected":false},"excerpt":{"rendered":"<p class=\"p1\">\u26a1 Oko\u0142o 100% elektroniki<\/p>\n<p class=\"p1\">\ud83c\uddea\ud83c\uddfa EU<\/p>\n<p class=\"p1\">\ud83d\udd25 Amazon Returns Premium<\/p>\n<p class=\"p1\" style=\"text-align: left;\">\u2714\ufe0f Jako\u015b\u0107 A\u2013B<\/p>","protected":false},"featured_media":50066,"comment_status":"open","ping_status":"closed","template":"","meta":{"_acf_changed":false},"product_brand":[],"product_cat":[1258,1281],"product_tag":[1274],"class_list":{"0":"post-50477","1":"product","2":"type-product","3":"status-publish","4":"has-post-thumbnail","6":"product_cat-amazon-paleta","7":"product_cat-premium-mix-elektroniki-eu-amazon-returns-ab","8":"product_tag-paleta-mix-elektroniki-z-europy","10":"first","11":"instock","12":"sold-individually","13":"taxable","14":"shipping-taxable","15":"purchasable","16":"product-type-simple"},"acf":[],"_links":{"self":[{"href":"https:\/\/stockify24.pl\/uk\/wp-json\/wp\/v2\/product\/50477","targetHints":{"allow":["GET"]}}],"collection":[{"href":"https:\/\/stockify24.pl\/uk\/wp-json\/wp\/v2\/product"}],"about":[{"href":"https:\/\/stockify24.pl\/uk\/wp-json\/wp\/v2\/types\/product"}],"replies":[{"embeddable":true,"href":"https:\/\/stockify24.pl\/uk\/wp-json\/wp\/v2\/comments?post=50477"}],"wp:featuredmedia":[{"embeddable":true,"href":"https:\/\/stockify24.pl\/uk\/wp-json\/wp\/v2\/media\/50066"}],"wp:attachment":[{"href":"https:\/\/stockify24.pl\/uk\/wp-json\/wp\/v2\/media?parent=50477"}],"wp:term":[{"taxonomy":"product_brand","embeddable":true,"href":"https:\/\/stockify24.pl\/uk\/wp-json\/wp\/v2\/product_brand?post=50477"},{"taxonomy":"product_cat","embeddable":true,"href":"https:\/\/stockify24.pl\/uk\/wp-json\/wp\/v2\/product_cat?post=50477"},{"taxonomy":"product_tag","embeddable":true,"href":"https:\/\/stockify24.pl\/uk\/wp-json\/wp\/v2\/product_tag?post=50477"}],"curies":[{"name":"wp","href":"https:\/\/api.w.org\/{rel}","templated":true}]}}