{"id":50478,"date":"2026-03-20T11:09:09","date_gmt":"2026-03-20T10:09:09","guid":{"rendered":"https:\/\/stockify24.pl\/?post_type=product&#038;p=50478"},"modified":"2026-03-30T12:15:25","modified_gmt":"2026-03-30T11:15:25","slug":"paleta-elektroniki-z-europy-eu-amazon-premium-klasa-a-b","status":"publish","type":"product","link":"https:\/\/stockify24.pl\/uk\/product\/paleta-elektroniki-z-europy-eu-amazon-premium-klasa-a-b\/","title":{"rendered":"\u041f\u0430\u043b\u0435\u0442\u0430 \u0434\u043b\u044f \u0435\u043b\u0435\u043a\u0442\u0440\u043e\u043d\u0456\u043a\u0438 \u0437 \u0404\u0432\u0440\u043e\u043f\u0438 (\u0404\u0421) - AMAZON PREMIUM \u043a\u043b\u0430\u0441\u0443 A-B"},"content":{"rendered":"<h2 data-section-id=\"1l5ou1c\" data-start=\"2193\" data-end=\"2256\">\ud83d\udce6 Paleta elektroniki z Europy (EU) \u2013 AMAZON PREMIUM, klasa A\u2013B<\/h2>\n<p data-start=\"2258\" data-end=\"2388\">Mix elektroniki AMAZON PREMIUM EU to \u017ar\u00f3d\u0142o towaru dla e-commerce i reseller\u00f3w, kt\u00f3rzy chc\u0105 sprzedawa\u0107 produkty o wysokim popycie.<\/p>\n<p data-start=\"2390\" data-end=\"2505\">Palety zawieraj\u0105 niesortowane zwroty konsumenckie Amazon, gdzie elektronika stanowi oko\u0142o <strong data-start=\"2480\" data-end=\"2504\">98% ca\u0142ej zawarto\u015bci<\/strong>.<\/p>\n<p data-start=\"2507\" data-end=\"2580\">Zmienny sk\u0142ad palety pozwala budowa\u0107 szerok\u0105 ofert\u0119 i zwi\u0119ksza\u0107 sprzeda\u017c.<\/p>\n<p data-start=\"3557\" data-end=\"3632\">Wysy\u0142ka odbywa si\u0119 losowo \u2014 ka\u017cda paleta stanowi unikalny zestaw produkt\u00f3w.<\/p>\n<h2 data-section-id=\"110narz\" data-start=\"2582\" data-end=\"2598\">\ud83d\udd0c Zawarto\u015b\u0107<\/h2>\n<p data-start=\"955\" data-end=\"1109\"><strong data-start=\"955\" data-end=\"986\">Mix elektroniki z Europy EU<\/strong> obejmuje produkty z kategorii elektroniki u\u017cytkowej oraz akcesori\u00f3w mobilnych. Na palecie znajduje si\u0119 oko\u0142o <strong data-start=\"762\" data-end=\"797\">30\u201345 produkt\u00f3w elektronicznych<\/strong>, \u0432 \u0442\u043e\u043c\u0443 \u0447\u0438\u0441\u043b\u0456:<\/p>\n<ul>\n<li data-section-id=\"admbw2\" data-start=\"1111\" data-end=\"1138\">\n<p data-start=\"1113\" data-end=\"1138\">\u0431\u0435\u0437\u0434\u0440\u043e\u0442\u043e\u0432\u0456 \u043d\u0430\u0432\u0443\u0448\u043d\u0438\u043a\u0438<\/p>\n<\/li>\n<li data-section-id=\"1bohi34\" data-start=\"1139\" data-end=\"1168\">\n<p data-start=\"1141\" data-end=\"1168\">\u0437\u0430\u0440\u044f\u0434\u043d\u0456 \u043f\u0440\u0438\u0441\u0442\u0440\u043e\u0457 \u0442\u0430 \u043f\u0430\u0432\u0435\u0440\u0431\u0430\u043d\u043a\u0438<\/p>\n<\/li>\n<li data-section-id=\"2cko63\" data-start=\"1169\" data-end=\"1186\">\n<p data-start=\"1171\" data-end=\"1186\">GSM \u0430\u043a\u0441\u0435\u0441\u0443\u0430\u0440\u0438<\/p>\n<\/li>\n<li data-section-id=\"r5wtn7\" data-start=\"1187\" data-end=\"1217\">\n<p data-start=\"1189\" data-end=\"1217\">urz\u0105dzenia typu smart home<\/p>\n<\/li>\n<li data-section-id=\"1mvb28j\" data-start=\"1218\" data-end=\"1285\">\n<p data-start=\"1220\" data-end=\"1285\">\u0434\u0440\u0456\u0431\u043d\u0430 \u043f\u043e\u0431\u0443\u0442\u043e\u0432\u0430 \u0442\u0435\u0445\u043d\u0456\u043a\u0430 (\u043d\u0430\u043f\u0440\u0438\u043a\u043b\u0430\u0434, \u0444\u0435\u043d\u0438, \u043c\u0430\u0441\u0430\u0436\u0435\u0440\u0438 \u0442\u0430 \u0456\u043d\u0448\u0456 \u043f\u0440\u0438\u043b\u0430\u0434\u0438)<\/p>\n<\/li>\n<li data-section-id=\"31a3fm\" data-start=\"1286\" data-end=\"1327\">\n<p data-start=\"1288\" data-end=\"1327\">kontrolery oraz gad\u017cety elektroniczne<\/p>\n<\/li>\n<li data-section-id=\"4egyp1\" data-start=\"1328\" data-end=\"1359\">\n<p data-start=\"1330\" data-end=\"1359\">inne produkty elektroniczne<\/p>\n<\/li>\n<\/ul>\n<p><img decoding=\"async\" class=\"emoji\" role=\"img\" draggable=\"false\" src=\"https:\/\/s.w.org\/images\/core\/emoji\/17.0.2\/svg\/1f4ca.svg\" alt=\"\ud83d\udcca\" \/>\u00a0Udzia\u0142 elektroniki wynosi oko\u0142o\u00a0<strong data-start=\"1396\" data-end=\"1424\">70\u201380% zawarto\u015bci palety<\/strong>, co oznacza koncentracj\u0119 na segmencie elektroniki.<\/p>\n<h2 data-section-id=\"1htc5ot\" data-start=\"1482\" data-end=\"1532\"><img decoding=\"async\" class=\"emoji\" role=\"img\" draggable=\"false\" src=\"https:\/\/s.w.org\/images\/core\/emoji\/17.0.2\/svg\/1f170.svg\" alt=\"\ud83c\udd70\ufe0f\" \/><img decoding=\"async\" class=\"emoji\" role=\"img\" draggable=\"false\" src=\"https:\/\/s.w.org\/images\/core\/emoji\/17.0.2\/svg\/1f171.svg\" alt=\"\ud83c\udd71\ufe0f\" \/> Jako\u015b\u0107 \u2013 paleta elektroniki z Europy (EU)<\/h2>\n<p data-start=\"1534\" data-end=\"1633\">Oferowany\u00a0<strong data-start=\"1544\" data-end=\"1575\">mix elektroniki z Europy EU<\/strong>\u00a0zawiera produkty w kategorii jako\u015bci\u00a0<strong data-start=\"1613\" data-end=\"1620\">A-B<\/strong>, \u0449\u043e \u043e\u0437\u043d\u0430\u0447\u0430\u0454:<\/p>\n<ul data-start=\"1635\" data-end=\"1804\">\n<li data-section-id=\"v9mic9\" data-start=\"1635\" data-end=\"1691\">\n<p data-start=\"1637\" data-end=\"1691\">przewag\u0119 produkt\u00f3w nowych lub w bardzo dobrym stanie<\/p>\n<\/li>\n<li data-section-id=\"1l5huug\" data-start=\"1692\" data-end=\"1732\">\n<p data-start=\"1694\" data-end=\"1732\">\u043c\u043e\u0436\u043b\u0438\u0432\u0456 \u043d\u0435\u0437\u043d\u0430\u0447\u043d\u0456 \u0441\u043b\u0456\u0434\u0438 \u0432\u0438\u043a\u043e\u0440\u0438\u0441\u0442\u0430\u043d\u043d\u044f<\/p>\n<\/li>\n<li data-section-id=\"1en3z4q\" data-start=\"1733\" data-end=\"1804\">\n<p data-start=\"1735\" data-end=\"1804\">dopuszczaln\u0105, ale niegwarantowan\u0105 domieszk\u0119 klasy C (do oko\u0142o 5\u20137%)<\/p>\n<\/li>\n<\/ul>\n<p data-start=\"1806\" data-end=\"1913\">Taka struktura jako\u015bci pozwala utrzyma\u0107 odpowiedni stosunek ceny zakupu do potencjalnej warto\u015bci sprzeda\u017cy.<\/p>\n<h2 data-start=\"1806\" data-end=\"1913\"><img decoding=\"async\" class=\"emoji\" style=\"background-color: #ffffff; font-family: -apple-system, BlinkMacSystemFont, 'Segoe UI', Roboto, 'Helvetica Neue', Arial, 'Noto Sans', sans-serif, 'Apple Color Emoji', 'Segoe UI Emoji', 'Segoe UI Symbol', 'Noto Color Emoji';\" role=\"img\" draggable=\"false\" src=\"https:\/\/s.w.org\/images\/core\/emoji\/17.0.2\/svg\/1f4bc.svg\" alt=\"\ud83d\udcbc\" \/><span style=\"font-family: -apple-system, BlinkMacSystemFont, 'Segoe UI', Roboto, 'Helvetica Neue', Arial, 'Noto Sans', sans-serif, 'Apple Color Emoji', 'Segoe UI Emoji', 'Segoe UI Symbol', 'Noto Color Emoji';\">\u00a0Dlaczego warto wybra\u0107 mix elektroniki z Europy EU<\/span><\/h2>\n<p data-start=\"2303\" data-end=\"2371\">Zakup produktu jakim jest\u00a0<strong data-start=\"2329\" data-end=\"2360\">paleta elektroniki z Europy EU<\/strong>\u00a0umo\u017cliwia:<\/p>\n<ul data-start=\"2373\" data-end=\"2661\">\n<li data-section-id=\"d6n9ym\" data-start=\"2373\" data-end=\"2421\">\n<p data-start=\"2375\" data-end=\"2421\">\u0434\u043e\u0441\u0442\u0443\u043f \u0434\u043e \u0442\u043e\u0432\u0430\u0440\u0456\u0432 \u0437\u0430 \u0446\u0456\u043d\u043e\u044e, \u043d\u0438\u0436\u0447\u043e\u044e \u0437\u0430 \u0440\u0438\u043d\u043a\u043e\u0432\u0443<\/p>\n<\/li>\n<li data-section-id=\"13qq7xx\" data-start=\"2422\" data-end=\"2476\">\n<p data-start=\"2424\" data-end=\"2476\">uzyskanie szerokiego asortymentu w jednej dostawie<\/p>\n<\/li>\n<li data-section-id=\"v2np6n\" data-start=\"2477\" data-end=\"2544\">\n<p data-start=\"2479\" data-end=\"2544\">zwi\u0119kszenie potencja\u0142u sprzeda\u017cy dzi\u0119ki r\u00f3\u017cnorodno\u015bci produkt\u00f3w<\/p>\n<\/li>\n<li data-section-id=\"22aq9j\" data-start=\"2545\" data-end=\"2609\">\n<p data-start=\"2547\" data-end=\"2609\">testowanie r\u00f3\u017cnych kategorii bez du\u017cych nak\u0142ad\u00f3w finansowych<\/p>\n<\/li>\n<li data-section-id=\"ssfc0t\" data-start=\"2610\" data-end=\"2661\">\n<p data-start=\"2612\" data-end=\"2661\">rozw\u00f3j sprzeda\u017cy w kana\u0142ach online oraz offline<\/p>\n<\/li>\n<\/ul>\n<p data-start=\"2663\" data-end=\"2843\">Palety pochodz\u0105 ze zwrot\u00f3w konsumenckich oraz nadwy\u017cek magazynowych. Ka\u017cdy\u00a0<strong data-start=\"2738\" data-end=\"2769\">mix elektroniki z Europy EU<\/strong>\u00a0zawiera unikalny zestaw produkt\u00f3w dopasowany do r\u00f3\u017cnych modeli sprzeda\u017cy.<\/p>\n<h2 data-section-id=\"hfboyg\" data-start=\"1920\" data-end=\"1976\"><img decoding=\"async\" class=\"emoji\" role=\"img\" draggable=\"false\" src=\"https:\/\/s.w.org\/images\/core\/emoji\/17.0.2\/svg\/1f4d0.svg\" alt=\"\ud83d\udcd0\" \/> Parametry techniczne \u2013 paleta elektroniki z Europy EU<\/h2>\n<ul data-start=\"1978\" data-end=\"2123\">\n<li data-section-id=\"rckeqa\" data-start=\"1978\" data-end=\"2009\">\n<p data-start=\"1980\" data-end=\"2009\">\u0432\u0438\u0441\u043e\u0442\u0430 \u043f\u0456\u0434\u0434\u043e\u043d\u0443:\u00a0<strong data-start=\"1997\" data-end=\"2007\">1 \u043c\u0435\u0442\u0440<\/strong><\/p>\n<\/li>\n<li data-section-id=\"oz499p\" data-start=\"2043\" data-end=\"2079\">\n<p data-start=\"2045\" data-end=\"2079\">\u0432\u0438\u043f\u0430\u0434\u043a\u043e\u0432\u0438\u0439 \u0456 \u0440\u0456\u0437\u043d\u043e\u043c\u0430\u043d\u0456\u0442\u043d\u0438\u0439 \u0430\u0441\u043e\u0440\u0442\u0438\u043c\u0435\u043d\u0442<\/p>\n<\/li>\n<li data-section-id=\"15fvv3b\" data-start=\"2080\" data-end=\"2123\">\n<p data-start=\"2082\" data-end=\"2123\">ka\u017cda paleta posiada indywidualny sk\u0142ad<\/p>\n<\/li>\n<\/ul>\n<p data-start=\"2125\" data-end=\"2239\"><strong data-start=\"2125\" data-end=\"2156\">Mix elektroniki z Europy EU<\/strong>\u00a0nie posiada sta\u0142ej listy produkt\u00f3w \u2014 zawarto\u015b\u0107 zale\u017cy od aktualnej partii dostawy.<\/p>\n<h2 data-section-id=\"8u5ilv\" data-start=\"2850\" data-end=\"2893\"><img decoding=\"async\" class=\"emoji\" role=\"img\" draggable=\"false\" src=\"https:\/\/s.w.org\/images\/core\/emoji\/17.0.2\/svg\/1f69a.svg\" alt=\"\ud83d\ude9a\" \/>\u00a0Dostawa \u2013 mix elektroniki z Europy EU<\/h2>\n<ul data-start=\"2895\" data-end=\"2966\">\n<li data-section-id=\"1io1mk2\" data-start=\"2895\" data-end=\"2934\">\n<p data-start=\"2897\" data-end=\"2934\">\u0448\u0432\u0438\u0434\u043a\u0430 \u0432\u0456\u0434\u043f\u0440\u0430\u0432\u043a\u0430 \u0437\u0456 \u0441\u043a\u043b\u0430\u0434\u0443 \u0432 \u0404\u0432\u0440\u043e\u043f\u0456<\/p>\n<\/li>\n<li data-section-id=\"1w7s4ii\" data-start=\"2935\" data-end=\"2966\">\n<p data-start=\"2937\" data-end=\"2966\">\u0435\u0444\u0435\u043a\u0442\u0438\u0432\u043d\u0430 \u043e\u0431\u0440\u043e\u0431\u043a\u0430 \u0437\u0430\u043c\u043e\u0432\u043b\u0435\u043d\u044c<\/p>\n<\/li>\n<\/ul>\n<h2 data-section-id=\"opmkg3\" data-start=\"2973\" data-end=\"2999\"><img decoding=\"async\" class=\"emoji\" role=\"img\" draggable=\"false\" src=\"https:\/\/s.w.org\/images\/core\/emoji\/17.0.2\/svg\/2139.svg\" alt=\"\u2139\ufe0f\" \/>\u00a0Informacje dodatkowe<\/h2>\n<p data-start=\"3001\" data-end=\"3102\">\u0422\u043e\u0432\u0430\u0440\u0438 \u043d\u0435 \u0442\u0435\u0441\u0442\u0443\u044e\u0442\u044c\u0441\u044f \u0456\u043d\u0434\u0438\u0432\u0456\u0434\u0443\u0430\u043b\u044c\u043d\u043e.<br data-start=\"3037\" data-end=\"3040\" \/>\u041c\u043e\u0436\u043b\u0438\u0432\u0430 \u043d\u0435\u0437\u043d\u0430\u0447\u043d\u0430 \u0434\u043e\u043c\u0456\u0448\u043a\u0430 (\u043f\u0440\u0438\u0431\u043b\u0438\u0437\u043d\u043e \u0434\u043e 5-7%) \u043f\u0440\u043e\u0434\u0443\u043a\u0442\u0456\u0432 \u043a\u043b\u0430\u0441\u0443 \u0421.<\/p>\n<h2 data-section-id=\"1nzb8um\" data-start=\"2048\" data-end=\"2088\">\ud83d\udcbc \u0412\u0438\u043a\u043e\u0440\u0438\u0441\u0442\u0430\u043d\u043d\u044f \u0432 \u0435\u043b\u0435\u043a\u0442\u0440\u043e\u043d\u043d\u0456\u0439 \u043a\u043e\u043c\u0435\u0440\u0446\u0456\u0457 \u0442\u0430 \u0442\u043e\u0440\u0433\u0456\u0432\u043b\u0456<\/h2>\n<p data-start=\"2090\" data-end=\"2179\">\u041f\u0430\u043b\u0456\u0442\u0440\u0430 \u0435\u043b\u0435\u043a\u0442\u0440\u043e\u043d\u0456\u043a\u0438 Amazon \u0434\u043e\u0431\u0440\u0435 \u043f\u043e\u0454\u0434\u043d\u0443\u0454\u0442\u044c\u0441\u044f \u0437 \u043e\u0431'\u0454\u043c\u043d\u0438\u043c\u0438 \u0442\u0430 \u0440\u043e\u0442\u0430\u0446\u0456\u0439\u043d\u0438\u043c\u0438 \u043c\u043e\u0434\u0435\u043b\u044f\u043c\u0438 \u043f\u0440\u043e\u0434\u0430\u0436\u0456\u0432:<\/p>\n<ul data-start=\"2181\" data-end=\"2344\">\n<li data-section-id=\"1c1wa51\" data-start=\"2181\" data-end=\"2224\">\u0440\u043e\u0437\u043f\u0440\u043e\u0434\u0430\u0436 \u0437\u0430 \u0430\u0434\u0440\u0435\u0441\u043e\u044e <a href=\"https:\/\/allegro.pl\/\" target=\"_blank\" rel=\"noopener\">Allegro<\/a>, <a href=\"https:\/\/www.olx.pl\/\" target=\"_blank\" rel=\"noopener\">OLX<\/a>, <a href=\"https:\/\/www.ebay.com\/\" target=\"_blank\" rel=\"noopener\">eBay<\/a>, <a href=\"https:\/\/www.amazon.com\/\" target=\"_blank\" rel=\"noopener\">\u0410\u043c\u0430\u0437\u043e\u043d\u043a\u0430<\/a><\/li>\n<li data-section-id=\"1fmpn86\" data-start=\"2225\" data-end=\"2247\">\u0456\u043d\u0442\u0435\u0440\u043d\u0435\u0442-\u043c\u0430\u0433\u0430\u0437\u0438\u043d\u0438<\/li>\n<li data-section-id=\"gynsj7\" data-start=\"2248\" data-end=\"2281\">\u0440\u043e\u0437\u0434\u0440\u0456\u0431\u043d\u0430 \u0442\u0430 \u043e\u043f\u0442\u043e\u0432\u0430 \u0442\u043e\u0440\u0433\u0456\u0432\u043b\u044f<\/li>\n<li data-section-id=\"161gjv4\" data-start=\"2282\" data-end=\"2320\">\u0440\u043e\u0437\u0432\u0438\u0442\u043e\u043a \u0432\u043b\u0430\u0441\u043d\u043e\u0433\u043e \u0441\u043a\u043b\u0430\u0434\u0443 \u043f\u0440\u043e\u0434\u0443\u043a\u0446\u0456\u0457<\/li>\n<li data-section-id=\"1fuo8gv\" data-start=\"2321\" data-end=\"2344\">\u043f\u0440\u043e\u0434\u043e\u0432\u0436\u0435\u043d\u043d\u044f \u043f\u0440\u043e\u043f\u043e\u0437\u0438\u0446\u0456\u0457<\/li>\n<\/ul>\n<p data-start=\"2346\" data-end=\"2462\">\u0426\u0435 \u0440\u0456\u0448\u0435\u043d\u043d\u044f \u0434\u043e\u0437\u0432\u043e\u043b\u044f\u0454 \u0437\u0431\u0456\u043b\u044c\u0448\u0438\u0442\u0438 \u043a\u0456\u043b\u044c\u043a\u0456\u0441\u0442\u044c \u043f\u0440\u043e\u0434\u0443\u043a\u0442\u0456\u0432 \u0456 \u043f\u043e\u043a\u0440\u0430\u0449\u0438\u0442\u0438 \u043f\u043e\u043a\u0430\u0437\u043d\u0438\u043a\u0438 \u043f\u0440\u043e\u0434\u0430\u0436\u0456\u0432 \u0431\u0435\u0437 \u0437\u0431\u0456\u043b\u044c\u0448\u0435\u043d\u043d\u044f \u0432\u0438\u0442\u0440\u0430\u0442 \u043d\u0430 \u043e\u0434\u0438\u043d\u0438\u0446\u044e \u043f\u0440\u043e\u0434\u0443\u043a\u0446\u0456\u0457.<\/p>\n<h2 data-section-id=\"b7pmy1\" data-start=\"3109\" data-end=\"3171\"><img decoding=\"async\" class=\"emoji\" role=\"img\" draggable=\"false\" src=\"https:\/\/s.w.org\/images\/core\/emoji\/17.0.2\/svg\/1f4f8.svg\" alt=\"\ud83d\udcf8\" \/>\u00a0Przyk\u0142adowe zdj\u0119cia palety \u2013 mix elektroniki z Europy EU<\/h2>\n<p data-start=\"3173\" data-end=\"3311\">Przyk\u0142adowe zdj\u0119cia palety maj\u0105 charakter pogl\u0105dowy i przedstawiaj\u0105 rzeczywisty typ oraz struktur\u0119 produkt\u00f3w znajduj\u0105cych si\u0119 w dostawach.<\/p>\n<p data-start=\"3313\" data-end=\"3555\">Ka\u017cdy\u00a0<strong data-start=\"3319\" data-end=\"3350\">mix elektroniki z Europy EU<\/strong>\u00a0jest pakowany losowo, dlatego zawarto\u015b\u0107 palety mo\u017ce r\u00f3\u017cni\u0107 si\u0119 od przedstawionych zdj\u0119\u0107. R\u00f3\u017cnice wynikaj\u0105 z rotacji towaru oraz charakteru dostaw, kt\u00f3re obejmuj\u0105 zwroty konsumenckie i nadwy\u017cki magazynowe.<\/p>\n<p data-start=\"3557\" data-end=\"3632\">Wysy\u0142ka odbywa si\u0119 losowo \u2014 ka\u017cda paleta stanowi unikalny zestaw produkt\u00f3w.<\/p>\n<p data-start=\"3557\" data-end=\"3632\">\u0423\u0441\u0456 \u043c\u043e\u0434\u0435\u043b\u0456 \u043f\u0456\u0434\u0434\u043e\u043d\u0456\u0432 Amazon \u043c\u043e\u0436\u043d\u0430 \u0437\u043d\u0430\u0439\u0442\u0438 <a href=\"https:\/\/stockify24.pl\/uk\/sklep\/\"><strong>\u0442\u0443\u0442.<\/strong>.<\/a><\/p>","protected":false},"excerpt":{"rendered":"<p class=\"p1\">\u26a1 Oko\u0142o 100% elektroniki<\/p>\n<p class=\"p1\">\ud83c\uddea\ud83c\uddfa EU<\/p>\n<p class=\"p1\">\ud83d\udd25 Amazon Returns Premium<\/p>\n<p class=\"p1\" style=\"text-align: left;\">\u2714\ufe0f Jako\u015b\u0107 A\u2013B<\/p>","protected":false},"featured_media":50479,"comment_status":"open","ping_status":"closed","template":"","meta":{"_acf_changed":false},"product_brand":[],"product_cat":[1258,1281],"product_tag":[1274],"class_list":{"0":"post-50478","1":"product","2":"type-product","3":"status-publish","4":"has-post-thumbnail","6":"product_cat-amazon-paleta","7":"product_cat-premium-mix-elektroniki-eu-amazon-returns-ab","8":"product_tag-paleta-mix-elektroniki-z-europy","10":"first","11":"instock","12":"sold-individually","13":"taxable","14":"shipping-taxable","15":"purchasable","16":"product-type-simple"},"acf":[],"_links":{"self":[{"href":"https:\/\/stockify24.pl\/uk\/wp-json\/wp\/v2\/product\/50478","targetHints":{"allow":["GET"]}}],"collection":[{"href":"https:\/\/stockify24.pl\/uk\/wp-json\/wp\/v2\/product"}],"about":[{"href":"https:\/\/stockify24.pl\/uk\/wp-json\/wp\/v2\/types\/product"}],"replies":[{"embeddable":true,"href":"https:\/\/stockify24.pl\/uk\/wp-json\/wp\/v2\/comments?post=50478"}],"wp:featuredmedia":[{"embeddable":true,"href":"https:\/\/stockify24.pl\/uk\/wp-json\/wp\/v2\/media\/50479"}],"wp:attachment":[{"href":"https:\/\/stockify24.pl\/uk\/wp-json\/wp\/v2\/media?parent=50478"}],"wp:term":[{"taxonomy":"product_brand","embeddable":true,"href":"https:\/\/stockify24.pl\/uk\/wp-json\/wp\/v2\/product_brand?post=50478"},{"taxonomy":"product_cat","embeddable":true,"href":"https:\/\/stockify24.pl\/uk\/wp-json\/wp\/v2\/product_cat?post=50478"},{"taxonomy":"product_tag","embeddable":true,"href":"https:\/\/stockify24.pl\/uk\/wp-json\/wp\/v2\/product_tag?post=50478"}],"curies":[{"name":"wp","href":"https:\/\/api.w.org\/{rel}","templated":true}]}}