{"id":50480,"date":"2026-03-20T11:31:41","date_gmt":"2026-03-20T10:31:41","guid":{"rendered":"https:\/\/stockify24.pl\/?post_type=product&#038;p=50480"},"modified":"2026-03-30T12:24:17","modified_gmt":"2026-03-30T11:24:17","slug":"paleta-elektroniki-z-europy-eu-amazon-premium-a-b-4","status":"publish","type":"product","link":"https:\/\/stockify24.pl\/uk\/product\/paleta-elektroniki-z-europy-eu-amazon-premium-a-b-4\/","title":{"rendered":"\u041f\u0430\u043b\u0435\u0442\u0430 \u0434\u043b\u044f \u0435\u043b\u0435\u043a\u0442\u0440\u043e\u043d\u0456\u043a\u0438 \u0437 \u0404\u0432\u0440\u043e\u043f\u0438 (\u0404\u0421) - AMAZON PREMIUM, A-B"},"content":{"rendered":"<h2 data-section-id=\"5crxv9\" data-start=\"132\" data-end=\"192\">\ud83d\udce6 Paleta elektroniki z Europy (EU) \u2013 AMAZON PREMIUM, A\u2013B<\/h2>\n<p data-start=\"194\" data-end=\"384\"><strong>Mix elektroniki z Europy (EU) AMAZON PREMIUM<\/strong> to oferta dla reseller\u00f3w, sklep\u00f3w internetowych oraz sprzeda\u017cy hurtowej, kt\u00f3rzy chc\u0105 sprzedawa\u0107 elektronik\u0119 z wysok\u0105 rotacj\u0105 i stabilnym popytem.<\/p>\n<p data-start=\"386\" data-end=\"567\">Paleta zawiera niesortowane zwroty konsumenckie Amazon (Amazon Returns). Oko\u0142o <strong data-start=\"465\" data-end=\"512\">98% zawarto\u015bci stanowi elektronika u\u017cytkowa<\/strong>, co zwi\u0119ksza warto\u015b\u0107 towaru i u\u0142atwia jego odsprzeda\u017c.<\/p>\n<p data-start=\"569\" data-end=\"638\">Ka\u017cda paleta jest losowa \u2014 brak powtarzalno\u015bci i sta\u0142ej specyfikacji.<\/p>\n<p data-start=\"569\" data-end=\"638\">\u0423\u0441\u0456 \u043c\u043e\u0434\u0435\u043b\u0456 \u043f\u0456\u0434\u0434\u043e\u043d\u0456\u0432 Amazon \u043c\u043e\u0436\u043d\u0430 \u0437\u043d\u0430\u0439\u0442\u0438 <a href=\"https:\/\/stockify24.pl\/uk\/sklep\/\"><strong>\u0442\u0443\u0442.<\/strong>.<\/a><\/p>\n<h2 data-section-id=\"100tucs\" data-start=\"645\" data-end=\"694\">\ud83d\udd0c Zawarto\u015b\u0107 palety \u2013 elektronika do sprzeda\u017cy<\/h2>\n<p data-start=\"696\" data-end=\"755\">W palecie znajduj\u0105 si\u0119 r\u00f3\u017cne produkty elektroniczne, m.in.:<\/p>\n<ul data-start=\"757\" data-end=\"968\">\n<li data-section-id=\"admbw2\" data-start=\"757\" data-end=\"784\">\n<p data-start=\"759\" data-end=\"784\">\u0431\u0435\u0437\u0434\u0440\u043e\u0442\u043e\u0432\u0456 \u043d\u0430\u0432\u0443\u0448\u043d\u0438\u043a\u0438<\/p>\n<\/li>\n<li data-section-id=\"ip62i3\" data-start=\"785\" data-end=\"821\">\n<p data-start=\"787\" data-end=\"821\">\u0142adowarki, powerbanki i przewody<\/p>\n<\/li>\n<li data-section-id=\"2cko63\" data-start=\"822\" data-end=\"839\">\n<p data-start=\"824\" data-end=\"839\">GSM \u0430\u043a\u0441\u0435\u0441\u0443\u0430\u0440\u0438<\/p>\n<\/li>\n<li data-section-id=\"129ryor\" data-start=\"840\" data-end=\"865\">\n<p data-start=\"842\" data-end=\"865\">\u043f\u0440\u0438\u0441\u0442\u0440\u043e\u0457 \u0434\u043b\u044f \u0440\u043e\u0437\u0443\u043c\u043d\u043e\u0433\u043e \u0434\u043e\u043c\u0443<\/p>\n<\/li>\n<li data-section-id=\"dys3xd\" data-start=\"866\" data-end=\"878\">\n<p data-start=\"868\" data-end=\"878\">ma\u0142e AGD<\/p>\n<\/li>\n<li data-section-id=\"x30ali\" data-start=\"879\" data-end=\"916\">\n<p data-start=\"881\" data-end=\"916\">gad\u017cety i akcesoria elektroniczne<\/p>\n<\/li>\n<li data-section-id=\"1ny92u\" data-start=\"917\" data-end=\"968\">\n<p data-start=\"919\" data-end=\"968\">\u0456\u043d\u0448\u0456 \u0442\u043e\u0432\u0430\u0440\u0438 \u0437 \u043a\u0430\u0442\u0435\u0433\u043e\u0440\u0456\u0457 \"\u041f\u043e\u0431\u0443\u0442\u043e\u0432\u0430 \u0435\u043b\u0435\u043a\u0442\u0440\u043e\u043d\u0456\u043a\u0430<\/p>\n<\/li>\n<\/ul>\n<p data-start=\"970\" data-end=\"1017\">\ud83d\udcca Udzia\u0142 elektroniki: <strong data-start=\"993\" data-end=\"1017\">oko\u0142o 98% zawarto\u015bci<\/strong><\/p>\n<h2 data-section-id=\"bso61a\" data-start=\"1024\" data-end=\"1069\">\ud83c\udd70\ufe0f\ud83c\udd71\ufe0f Jako\u015b\u0107 \u2013 klasa A\u2013B (Amazon Returns)<\/h2>\n<p data-start=\"1071\" data-end=\"1114\">\u041f\u0430\u043b\u0456\u0442\u0440\u0430 \u0432\u043a\u043b\u044e\u0447\u0430\u0454 \u0432 \u0441\u0435\u0431\u0435 \u043f\u0440\u043e\u0434\u0443\u043a\u0442\u0438 \u0441\u0442\u0430\u043d\u0434\u0430\u0440\u0442\u0443 \u0410-\u0412:<\/p>\n<ul data-start=\"1116\" data-end=\"1258\">\n<li data-section-id=\"1ylt7oh\" data-start=\"1116\" data-end=\"1176\">\n<p data-start=\"1118\" data-end=\"1176\">\u0431\u0456\u043b\u044c\u0448\u0456\u0441\u0442\u044c \u0442\u043e\u0432\u0430\u0440\u0456\u0432 \u043d\u043e\u0432\u0456 \u0430\u0431\u043e \u0432 \u0434\u0443\u0436\u0435 \u0445\u043e\u0440\u043e\u0448\u043e\u043c\u0443 \u0441\u0442\u0430\u043d\u0456<\/p>\n<\/li>\n<li data-section-id=\"jqrsyy\" data-start=\"1177\" data-end=\"1213\">\n<p data-start=\"1179\" data-end=\"1213\">mo\u017cliwe drobne \u015blady u\u017cytkowania<\/p>\n<\/li>\n<li data-section-id=\"11nzhik\" data-start=\"1214\" data-end=\"1258\">\n<p data-start=\"1216\" data-end=\"1258\">dopuszczalna domieszka klasy C (do 5\u20137%)<\/p>\n<\/li>\n<\/ul>\n<p data-start=\"1260\" data-end=\"1327\">\u0422\u043e\u0432\u0430\u0440\u0438 \u043d\u0435\u043f\u0435\u0440\u0435\u0432\u0456\u0440\u0435\u043d\u0456 \u0456 \u043d\u0430\u0434\u0445\u043e\u0434\u044f\u0442\u044c \u0431\u0435\u0437\u043f\u043e\u0441\u0435\u0440\u0435\u0434\u043d\u044c\u043e \u0437 \u043f\u043e\u0432\u0435\u0440\u043d\u0435\u043d\u044c Amazon.<\/p>\n<h2 data-section-id=\"fo6i20\" data-start=\"1334\" data-end=\"1356\">\ud83d\udcd0 \u041f\u0430\u0440\u0430\u043c\u0435\u0442\u0440\u0438 \u043f\u0430\u043b\u0435\u0442\u0438<\/h2>\n<ul data-start=\"1358\" data-end=\"1498\">\n<li data-section-id=\"lkouhz\" data-start=\"1358\" data-end=\"1382\">\n<p data-start=\"1360\" data-end=\"1382\">wysoko\u015b\u0107: <strong data-start=\"1370\" data-end=\"1380\">1 \u043c\u0435\u0442\u0440<\/strong><\/p>\n<\/li>\n<li data-section-id=\"6653iz\" data-start=\"1383\" data-end=\"1423\">\n<p data-start=\"1385\" data-end=\"1423\">\u043a\u0456\u043b\u044c\u043a\u0456\u0441\u0442\u044c \u043f\u0440\u043e\u0434\u0443\u043a\u0442\u0456\u0432: <strong data-start=\"1402\" data-end=\"1421\">ok. 30\u201345 sztuk<\/strong><\/p>\n<\/li>\n<li data-section-id=\"ut13h4\" data-start=\"1424\" data-end=\"1460\">\n<p data-start=\"1426\" data-end=\"1460\">\u0430\u0441\u043e\u0440\u0442\u0438\u043c\u0435\u043d\u0442: <strong data-start=\"1438\" data-end=\"1458\">\u0432\u0438\u043f\u0430\u0434\u043a\u043e\u0432\u0456 \u0442\u0430 \u0437\u043c\u0456\u043d\u043d\u0456<\/strong><\/p>\n<\/li>\n<li data-section-id=\"1s5z1oh\" data-start=\"1461\" data-end=\"1498\">\n<p data-start=\"1463\" data-end=\"1498\">\u043d\u0430 \u043a\u043e\u0436\u043d\u0443 \u043f\u0430\u043b\u0435\u0442\u0443: <strong data-start=\"1477\" data-end=\"1496\">unikalny zestaw<\/strong><\/p>\n<\/li>\n<\/ul>\n<p data-start=\"1500\" data-end=\"1537\">Zawarto\u015b\u0107 zale\u017cy od bie\u017c\u0105cej dostawy.<\/p>\n<h2 data-section-id=\"5ow4ck\" data-start=\"1544\" data-end=\"1598\">\ud83d\udcbc Zastosowanie \u2013 paleta elektroniki do odsprzeda\u017cy<\/h2>\n<p data-start=\"1600\" data-end=\"1652\">Paleta AMAZON PREMIUM EU mo\u017ce by\u0107 wykorzystana jako:<\/p>\n<ul data-start=\"1654\" data-end=\"1818\">\n<li data-section-id=\"1qlsqin\" data-start=\"1654\" data-end=\"1691\">\n<p data-start=\"1656\" data-end=\"1691\">towar do e-commerce i marketplace (<a style=\"font-family: -apple-system, BlinkMacSystemFont, &#039;Segoe UI&#039;, Roboto, &#039;Helvetica Neue&#039;, Arial, &#039;Noto Sans&#039;, sans-serif, &#039;Apple Color Emoji&#039;, &#039;Segoe UI Emoji&#039;, &#039;Segoe UI Symbol&#039;, &#039;Noto Color Emoji&#039;;\" href=\"https:\/\/allegro.pl\/\" target=\"_blank\" rel=\"noopener\">Allegro<\/a><span style=\"font-family: -apple-system, BlinkMacSystemFont, 'Segoe UI', Roboto, 'Helvetica Neue', Arial, 'Noto Sans', sans-serif, 'Apple Color Emoji', 'Segoe UI Emoji', 'Segoe UI Symbol', 'Noto Color Emoji';\">, <\/span><a style=\"font-family: -apple-system, BlinkMacSystemFont, &#039;Segoe UI&#039;, Roboto, &#039;Helvetica Neue&#039;, Arial, &#039;Noto Sans&#039;, sans-serif, &#039;Apple Color Emoji&#039;, &#039;Segoe UI Emoji&#039;, &#039;Segoe UI Symbol&#039;, &#039;Noto Color Emoji&#039;;\" href=\"https:\/\/www.olx.pl\/\" target=\"_blank\" rel=\"noopener\">OLX<\/a><span style=\"font-family: -apple-system, BlinkMacSystemFont, 'Segoe UI', Roboto, 'Helvetica Neue', Arial, 'Noto Sans', sans-serif, 'Apple Color Emoji', 'Segoe UI Emoji', 'Segoe UI Symbol', 'Noto Color Emoji';\">, <\/span><a style=\"font-family: -apple-system, BlinkMacSystemFont, &#039;Segoe UI&#039;, Roboto, &#039;Helvetica Neue&#039;, Arial, &#039;Noto Sans&#039;, sans-serif, &#039;Apple Color Emoji&#039;, &#039;Segoe UI Emoji&#039;, &#039;Segoe UI Symbol&#039;, &#039;Noto Color Emoji&#039;;\" href=\"https:\/\/www.ebay.com\/\" target=\"_blank\" rel=\"noopener\">eBay<\/a><span style=\"font-family: -apple-system, BlinkMacSystemFont, 'Segoe UI', Roboto, 'Helvetica Neue', Arial, 'Noto Sans', sans-serif, 'Apple Color Emoji', 'Segoe UI Emoji', 'Segoe UI Symbol', 'Noto Color Emoji';\">, <\/span><a style=\"font-family: -apple-system, BlinkMacSystemFont, &#039;Segoe UI&#039;, Roboto, &#039;Helvetica Neue&#039;, Arial, &#039;Noto Sans&#039;, sans-serif, &#039;Apple Color Emoji&#039;, &#039;Segoe UI Emoji&#039;, &#039;Segoe UI Symbol&#039;, &#039;Noto Color Emoji&#039;;\" href=\"https:\/\/www.amazon.com\/\" target=\"_blank\" rel=\"noopener\">\u0410\u043c\u0430\u0437\u043e\u043d\u043a\u0430)<\/a><\/p>\n<\/li>\n<li data-section-id=\"11pv0kx\" data-start=\"1692\" data-end=\"1726\">\n<p data-start=\"1694\" data-end=\"1726\">mix elektroniki do odsprzeda\u017cy<\/p>\n<\/li>\n<li data-section-id=\"1pmuls4\" data-start=\"1727\" data-end=\"1770\">\n<p data-start=\"1729\" data-end=\"1770\">baza produkt\u00f3w dla sklepu internetowego<\/p>\n<\/li>\n<li data-section-id=\"1bla79k\" data-start=\"1771\" data-end=\"1818\">\n<p data-start=\"1773\" data-end=\"1818\">oferta dla sprzeda\u017cy hurtowej i detalicznej<\/p>\n<\/li>\n<\/ul>\n<p data-start=\"1820\" data-end=\"1905\">Wysoki udzia\u0142 elektroniki zwi\u0119ksza tempo sprzeda\u017cy i umo\u017cliwia szybszy obr\u00f3t towarem.<\/p>\n<h2 data-section-id=\"gfj1y1\" data-start=\"1912\" data-end=\"1925\">\ud83d\ude9a \u0414\u043e\u0441\u0442\u0430\u0432\u043a\u0430<\/h2>\n<ul data-start=\"1927\" data-end=\"2031\">\n<li data-section-id=\"1j548yy\" data-start=\"1927\" data-end=\"1959\">\n<p data-start=\"1929\" data-end=\"1959\">\u0432\u0456\u0434\u0432\u0430\u043d\u0442\u0430\u0436\u0435\u043d\u043d\u044f \u0437\u0456 \u0441\u043a\u043b\u0430\u0434\u0443 \u0432 \u0404\u0432\u0440\u043e\u043f\u0456<\/p>\n<\/li>\n<li data-section-id=\"wz2p5c\" data-start=\"1960\" data-end=\"1981\">\n<p data-start=\"1962\" data-end=\"1981\">\u0448\u0432\u0438\u0434\u043a\u0435 \u0432\u043f\u0440\u043e\u0432\u0430\u0434\u0436\u0435\u043d\u043d\u044f<\/p>\n<\/li>\n<li data-section-id=\"1mz4vo5\" data-start=\"1982\" data-end=\"2031\">\n<p data-start=\"1984\" data-end=\"2031\">bezpieczne przygotowanie palety do transportu<\/p>\n<\/li>\n<\/ul>\n<h2 data-section-id=\"opmkg3\" data-start=\"2038\" data-end=\"2064\">\u2139\ufe0f \u0414\u043e\u0434\u0430\u0442\u043a\u043e\u0432\u0430 \u0456\u043d\u0444\u043e\u0440\u043c\u0430\u0446\u0456\u044f<\/h2>\n<ul data-start=\"2066\" data-end=\"2240\">\n<li data-section-id=\"oo8lin\" data-start=\"2066\" data-end=\"2105\">\n<p data-start=\"2068\" data-end=\"2105\">\u043d\u0435\u0441\u043e\u0440\u0442\u043e\u0432\u0430\u043d\u0456 \u0442\u043e\u0432\u0430\u0440\u0438 (Amazon Returns)<\/p>\n<\/li>\n<li data-section-id=\"1tr3r5o\" data-start=\"2106\" data-end=\"2135\">\n<p data-start=\"2108\" data-end=\"2135\">\u0432\u0456\u0434\u0441\u0443\u0442\u043d\u0456\u0441\u0442\u044c \u0442\u0435\u0441\u0442\u0443\u0432\u0430\u043d\u043d\u044f \u043f\u0440\u043e\u0434\u0443\u043a\u0442\u0443<\/p>\n<\/li>\n<li data-section-id=\"iag8fx\" data-start=\"2136\" data-end=\"2175\">\n<p data-start=\"2138\" data-end=\"2175\">\u043c\u043e\u0436\u043b\u0438\u0432\u0430 \u0434\u043e\u043c\u0456\u0448\u043a\u0430 \u043a\u043b\u0430\u0441\u0443 \u0421 (\u0434\u043e 5-71\u0422\u041f3\u0422)<\/p>\n<\/li>\n<li data-section-id=\"zia6d9\" data-start=\"2176\" data-end=\"2208\">\n<p data-start=\"2178\" data-end=\"2208\">\u043a\u043e\u0436\u043d\u0430 \u043f\u0430\u043b\u0435\u0442\u0430 \u0432\u0438\u043f\u0430\u0434\u043a\u043e\u0432\u0438\u043c \u0447\u0438\u043d\u043e\u043c \u0443\u043f\u0430\u043a\u043e\u0432\u0430\u043d\u0430<\/p>\n<\/li>\n<li data-section-id=\"1qenv5x\" data-start=\"2209\" data-end=\"2240\">\n<p data-start=\"2211\" data-end=\"2240\">\u043d\u0435\u043c\u0430\u0454 \u0444\u0456\u043a\u0441\u043e\u0432\u0430\u043d\u043e\u0433\u043e \u043f\u0435\u0440\u0435\u043b\u0456\u043a\u0443 \u043f\u0440\u043e\u0434\u0443\u043a\u0442\u0456\u0432<\/p>\n<\/li>\n<\/ul>\n<h2 data-section-id=\"1915pio\" data-start=\"2247\" data-end=\"2269\">\ud83d\udcf8 \u0424\u043e\u0442\u043e\u0433\u0440\u0430\u0444\u0456\u0457 \u043f\u0440\u043e\u0434\u0443\u043a\u0446\u0456\u0457<\/h2>\n<p data-start=\"2271\" data-end=\"2357\">Zdj\u0119cia maj\u0105 charakter pogl\u0105dowy i przedstawiaj\u0105 przyk\u0142adowy mix elektroniki z Europy.<\/p>","protected":false},"excerpt":{"rendered":"<p class=\"p1\">\u26a1 Oko\u0142o 100% elektroniki<\/p>\n<p class=\"p1\">\ud83c\uddea\ud83c\uddfa EU<\/p>\n<p class=\"p1\">\ud83d\udd25 Amazon Returns Premium<\/p>\n<p class=\"p1\" style=\"text-align: left;\">\u2714\ufe0f Jako\u015b\u0107 A\u2013B<\/p>","protected":false},"featured_media":50481,"comment_status":"open","ping_status":"closed","template":"","meta":{"_acf_changed":false},"product_brand":[],"product_cat":[1258,1281],"product_tag":[1274],"class_list":{"0":"post-50480","1":"product","2":"type-product","3":"status-publish","4":"has-post-thumbnail","6":"product_cat-amazon-paleta","7":"product_cat-premium-mix-elektroniki-eu-amazon-returns-ab","8":"product_tag-paleta-mix-elektroniki-z-europy","10":"first","11":"instock","12":"sold-individually","13":"taxable","14":"shipping-taxable","15":"purchasable","16":"product-type-simple"},"acf":[],"_links":{"self":[{"href":"https:\/\/stockify24.pl\/uk\/wp-json\/wp\/v2\/product\/50480","targetHints":{"allow":["GET"]}}],"collection":[{"href":"https:\/\/stockify24.pl\/uk\/wp-json\/wp\/v2\/product"}],"about":[{"href":"https:\/\/stockify24.pl\/uk\/wp-json\/wp\/v2\/types\/product"}],"replies":[{"embeddable":true,"href":"https:\/\/stockify24.pl\/uk\/wp-json\/wp\/v2\/comments?post=50480"}],"wp:featuredmedia":[{"embeddable":true,"href":"https:\/\/stockify24.pl\/uk\/wp-json\/wp\/v2\/media\/50481"}],"wp:attachment":[{"href":"https:\/\/stockify24.pl\/uk\/wp-json\/wp\/v2\/media?parent=50480"}],"wp:term":[{"taxonomy":"product_brand","embeddable":true,"href":"https:\/\/stockify24.pl\/uk\/wp-json\/wp\/v2\/product_brand?post=50480"},{"taxonomy":"product_cat","embeddable":true,"href":"https:\/\/stockify24.pl\/uk\/wp-json\/wp\/v2\/product_cat?post=50480"},{"taxonomy":"product_tag","embeddable":true,"href":"https:\/\/stockify24.pl\/uk\/wp-json\/wp\/v2\/product_tag?post=50480"}],"curies":[{"name":"wp","href":"https:\/\/api.w.org\/{rel}","templated":true}]}}