{"id":50483,"date":"2026-03-20T12:12:09","date_gmt":"2026-03-20T11:12:09","guid":{"rendered":"https:\/\/stockify24.pl\/?post_type=product&#038;p=50483"},"modified":"2026-03-30T12:25:11","modified_gmt":"2026-03-30T11:25:11","slug":"paleta-elektroniki-z-anglii-uk-mix-a-b","status":"publish","type":"product","link":"https:\/\/stockify24.pl\/uk\/product\/paleta-elektroniki-z-anglii-uk-mix-a-b\/","title":{"rendered":"\u041f\u0456\u0434\u0434\u043e\u043d \u0434\u043b\u044f \u0435\u043b\u0435\u043a\u0442\u0440\u043e\u043d\u0456\u043a\u0438 \u0437 \u0410\u043d\u0433\u043b\u0456\u0457 (\u0412\u0435\u043b\u0438\u043a\u043e\u0431\u0440\u0438\u0442\u0430\u043d\u0456\u044f) - \u043c\u0456\u043a\u0441 A-B"},"content":{"rendered":"<h2 data-section-id=\"1fs3luu\" data-start=\"133\" data-end=\"181\">\ud83d\udce6 Paleta elektroniki z Anglii (UK) \u2013 mix A\u2013B<\/h2>\n<p data-start=\"183\" data-end=\"358\">Mix elektroniki z Anglii (UK) to oferta dla sprzeda\u017cy hurtowej, e-commerce oraz reseller\u00f3w, kt\u00f3rzy chc\u0105 pracowa\u0107 na elektronice z rynku UK o wysokim popycie i szybkim obrocie.<\/p>\n<p data-start=\"360\" data-end=\"535\">Paleta obejmuje produkty pochodz\u0105ce ze zwrot\u00f3w konsumenckich oraz nadwy\u017cek magazynowych. Pozwala to na zakup towaru w ni\u017cszej cenie i zwi\u0119kszenie mar\u017cy przy dalszej sprzeda\u017cy.<\/p>\n<p data-start=\"537\" data-end=\"668\">Ka\u017cda paleta posiada losowy sk\u0142ad \u2014 brak sta\u0142ej specyfikacji daje szeroki i zr\u00f3\u017cnicowany asortyment dopasowany do r\u00f3\u017cnych klient\u00f3w.<\/p>\n<h2 data-section-id=\"1twme8n\" data-start=\"675\" data-end=\"714\">\ud83d\udd0c Zawarto\u015b\u0107 palety \u2013 elektronika UK<\/h2>\n<p data-start=\"716\" data-end=\"789\">W palecie znajduj\u0105 si\u0119 produkty z kategorii elektroniki u\u017cytkowej, w tym:<\/p>\n<ul data-start=\"791\" data-end=\"1019\">\n<li data-section-id=\"admbw2\" data-start=\"791\" data-end=\"818\">\n<p data-start=\"793\" data-end=\"818\">\u0431\u0435\u0437\u0434\u0440\u043e\u0442\u043e\u0432\u0456 \u043d\u0430\u0432\u0443\u0448\u043d\u0438\u043a\u0438<\/p>\n<\/li>\n<li data-section-id=\"1tz600j\" data-start=\"819\" data-end=\"866\">\n<p data-start=\"821\" data-end=\"866\">\u0142adowarki, powerbanki i akcesoria zasilania<\/p>\n<\/li>\n<li data-section-id=\"2cko63\" data-start=\"867\" data-end=\"884\">\n<p data-start=\"869\" data-end=\"884\">GSM \u0430\u043a\u0441\u0435\u0441\u0443\u0430\u0440\u0438<\/p>\n<\/li>\n<li data-section-id=\"129ryor\" data-start=\"885\" data-end=\"910\">\n<p data-start=\"887\" data-end=\"910\">\u043f\u0440\u0438\u0441\u0442\u0440\u043e\u0457 \u0434\u043b\u044f \u0440\u043e\u0437\u0443\u043c\u043d\u043e\u0433\u043e \u0434\u043e\u043c\u0443<\/p>\n<\/li>\n<li data-section-id=\"17lzlbi\" data-start=\"911\" data-end=\"948\">\n<p data-start=\"913\" data-end=\"948\">ma\u0142e AGD (np. suszarki, masa\u017cery)<\/p>\n<\/li>\n<li data-section-id=\"i0l57x\" data-start=\"949\" data-end=\"987\">\n<p data-start=\"951\" data-end=\"987\">kontrolery i gad\u017cety elektroniczne<\/p>\n<\/li>\n<li data-section-id=\"4egyp1\" data-start=\"988\" data-end=\"1019\">\n<p data-start=\"990\" data-end=\"1019\">inne produkty elektroniczne<\/p>\n<\/li>\n<\/ul>\n<p data-start=\"1021\" data-end=\"1076\">\u041d\u0430 \u0435\u043b\u0435\u043a\u0442\u0440\u043e\u043d\u0456\u043a\u0443 \u043f\u0440\u0438\u043f\u0430\u0434\u0430\u0454 \u0431\u043b\u0438\u0437\u044c\u043a\u043e <strong data-start=\"1050\" data-end=\"1076\">\u0412\u043c\u0456\u0441\u0442 \u043f\u0430\u043b\u0435\u0442\u0438 100%<\/strong><\/p>\n<h2 data-section-id=\"r54748\" data-start=\"1083\" data-end=\"1124\">\ud83c\udd70\ufe0f\ud83c\udd71\ufe0f Jako\u015b\u0107 produkt\u00f3w \u2013 standard A\u2013B<\/h2>\n<p data-start=\"1126\" data-end=\"1177\">Mix elektroniki z Anglii (UK) w klasie A\u2013B oznacza:<\/p>\n<ul data-start=\"1179\" data-end=\"1338\">\n<li data-section-id=\"1irt2ii\" data-start=\"1179\" data-end=\"1246\">\n<p data-start=\"1181\" data-end=\"1246\">dominacj\u0119 produkt\u00f3w nowych lub w bardzo dobrym stanie wizualnym<\/p>\n<\/li>\n<li data-section-id=\"1ydnmn3\" data-start=\"1247\" data-end=\"1283\">\n<p data-start=\"1249\" data-end=\"1283\">\u043c\u043e\u0436\u043b\u0438\u0432\u0456 \u043d\u0435\u0437\u043d\u0430\u0447\u043d\u0456 \u0441\u043b\u0456\u0434\u0438 \u0432\u0438\u043a\u043e\u0440\u0438\u0441\u0442\u0430\u043d\u043d\u044f<\/p>\n<\/li>\n<li data-section-id=\"xddb07\" data-start=\"1284\" data-end=\"1338\">\n<p data-start=\"1286\" data-end=\"1338\">dopuszczaln\u0105 domieszk\u0119 produkt\u00f3w klasy C (do 5\u20137%)<\/p>\n<\/li>\n<\/ul>\n<p data-start=\"1340\" data-end=\"1397\">Taki standard zapewnia dobr\u0105 rotacj\u0119 i stabiln\u0105 sprzeda\u017c.<\/p>\n<h2 data-section-id=\"6mpf3m\" data-start=\"1404\" data-end=\"1430\">\u0422\u0435\u0445\u043d\u0456\u0447\u043d\u0456 \u0445\u0430\u0440\u0430\u043a\u0442\u0435\u0440\u0438\u0441\u0442\u0438\u043a\u0438<\/h2>\n<ul data-start=\"1432\" data-end=\"1552\">\n<li data-section-id=\"1vvc679\" data-start=\"1432\" data-end=\"1462\">\n<p data-start=\"1434\" data-end=\"1462\">\u0432\u0438\u0441\u043e\u0442\u0430 \u043f\u0456\u0434\u0434\u043e\u043d\u0443: <strong data-start=\"1451\" data-end=\"1460\">60 \u0441\u043c<\/strong><\/p>\n<\/li>\n<li data-section-id=\"9s5onr\" data-start=\"1463\" data-end=\"1504\">\n<p data-start=\"1465\" data-end=\"1504\">\u0430\u0441\u043e\u0440\u0442\u0438\u043c\u0435\u043d\u0442: <strong data-start=\"1477\" data-end=\"1502\">\u0432\u0438\u043f\u0430\u0434\u043a\u043e\u0432\u0456 \u0442\u0430 \u0440\u0456\u0437\u043d\u043e\u043c\u0430\u043d\u0456\u0442\u043d\u0456<\/strong><\/p>\n<\/li>\n<li data-section-id=\"va9cxy\" data-start=\"1505\" data-end=\"1552\">\n<p data-start=\"1507\" data-end=\"1552\">\u043d\u0430 \u043a\u043e\u0436\u043d\u0443 \u043f\u0430\u043b\u0435\u0442\u0443: <strong data-start=\"1521\" data-end=\"1550\">unikalny zestaw produkt\u00f3w<\/strong><\/p>\n<\/li>\n<\/ul>\n<p data-start=\"1554\" data-end=\"1599\">\u0412\u043c\u0456\u0441\u0442 \u0437\u0430\u043b\u0435\u0436\u0438\u0442\u044c \u0432\u0456\u0434 \u043f\u043e\u0442\u043e\u0447\u043d\u043e\u0457 \u043f\u0430\u0440\u0442\u0456\u0457 \u043f\u043e\u0441\u0442\u0430\u0432\u043a\u0438.<\/p>\n<h2 data-section-id=\"kilpj5\" data-start=\"1606\" data-end=\"1653\">\ud83d\udcbc Zastosowanie \u2013 elektronika do odsprzeda\u017cy<\/h2>\n<p data-start=\"1655\" data-end=\"1706\">Paleta elektroniki z Anglii (UK) sprawdza si\u0119 jako:<\/p>\n<ul data-start=\"1708\" data-end=\"1888\">\n<li data-section-id=\"paxddz\" data-start=\"1708\" data-end=\"1752\">\n<p data-start=\"1710\" data-end=\"1752\">paleta elektroniki do sprzeda\u017cy hurtowej<\/p>\n<\/li>\n<li data-section-id=\"1qlsqin\" data-start=\"1753\" data-end=\"1790\">\n<p data-start=\"1755\" data-end=\"1790\">towar do e-commerce i marketplace (<a style=\"font-family: -apple-system, BlinkMacSystemFont, &#039;Segoe UI&#039;, Roboto, &#039;Helvetica Neue&#039;, Arial, &#039;Noto Sans&#039;, sans-serif, &#039;Apple Color Emoji&#039;, &#039;Segoe UI Emoji&#039;, &#039;Segoe UI Symbol&#039;, &#039;Noto Color Emoji&#039;;\" href=\"https:\/\/allegro.pl\/\" target=\"_blank\" rel=\"noopener\">Allegro<\/a><span style=\"font-family: -apple-system, BlinkMacSystemFont, 'Segoe UI', Roboto, 'Helvetica Neue', Arial, 'Noto Sans', sans-serif, 'Apple Color Emoji', 'Segoe UI Emoji', 'Segoe UI Symbol', 'Noto Color Emoji';\">, <\/span><a style=\"font-family: -apple-system, BlinkMacSystemFont, &#039;Segoe UI&#039;, Roboto, &#039;Helvetica Neue&#039;, Arial, &#039;Noto Sans&#039;, sans-serif, &#039;Apple Color Emoji&#039;, &#039;Segoe UI Emoji&#039;, &#039;Segoe UI Symbol&#039;, &#039;Noto Color Emoji&#039;;\" href=\"https:\/\/www.olx.pl\/\" target=\"_blank\" rel=\"noopener\">OLX<\/a><span style=\"font-family: -apple-system, BlinkMacSystemFont, 'Segoe UI', Roboto, 'Helvetica Neue', Arial, 'Noto Sans', sans-serif, 'Apple Color Emoji', 'Segoe UI Emoji', 'Segoe UI Symbol', 'Noto Color Emoji';\">, <\/span><a style=\"font-family: -apple-system, BlinkMacSystemFont, &#039;Segoe UI&#039;, Roboto, &#039;Helvetica Neue&#039;, Arial, &#039;Noto Sans&#039;, sans-serif, &#039;Apple Color Emoji&#039;, &#039;Segoe UI Emoji&#039;, &#039;Segoe UI Symbol&#039;, &#039;Noto Color Emoji&#039;;\" href=\"https:\/\/www.ebay.com\/\" target=\"_blank\" rel=\"noopener\">eBay<\/a><span style=\"font-family: -apple-system, BlinkMacSystemFont, 'Segoe UI', Roboto, 'Helvetica Neue', Arial, 'Noto Sans', sans-serif, 'Apple Color Emoji', 'Segoe UI Emoji', 'Segoe UI Symbol', 'Noto Color Emoji';\">, <\/span><a style=\"font-family: -apple-system, BlinkMacSystemFont, &#039;Segoe UI&#039;, Roboto, &#039;Helvetica Neue&#039;, Arial, &#039;Noto Sans&#039;, sans-serif, &#039;Apple Color Emoji&#039;, &#039;Segoe UI Emoji&#039;, &#039;Segoe UI Symbol&#039;, &#039;Noto Color Emoji&#039;;\" href=\"https:\/\/www.amazon.com\/\" target=\"_blank\" rel=\"noopener\">\u0410\u043c\u0430\u0437\u043e\u043d\u043a\u0430)<\/a><\/p>\n<\/li>\n<li data-section-id=\"11pv0kx\" data-start=\"1791\" data-end=\"1825\">\n<p data-start=\"1793\" data-end=\"1825\">mix elektroniki do odsprzeda\u017cy<\/p>\n<\/li>\n<li data-section-id=\"c3btgi\" data-start=\"1826\" data-end=\"1857\">\n<p data-start=\"1828\" data-end=\"1857\">\u017ar\u00f3d\u0142o produkt\u00f3w z rynku UK<\/p>\n<\/li>\n<li data-section-id=\"b05b9y\" data-start=\"1858\" data-end=\"1888\">\n<p data-start=\"1860\" data-end=\"1888\">rozwi\u0105zanie dla reseller\u00f3w<\/p>\n<\/li>\n<\/ul>\n<p data-start=\"1890\" data-end=\"1973\">Szeroki zakres produkt\u00f3w zwi\u0119ksza mo\u017cliwo\u015bci sprzeda\u017cy i przyspiesza obr\u00f3t towarem.<\/p>\n<p data-start=\"1890\" data-end=\"1973\">\u0423\u0441\u0456 \u043c\u043e\u0434\u0435\u043b\u0456 \u043f\u0456\u0434\u0434\u043e\u043d\u0456\u0432 Amazon \u043c\u043e\u0436\u043d\u0430 \u0437\u043d\u0430\u0439\u0442\u0438 <a href=\"https:\/\/stockify24.pl\/uk\/sklep\/\"><strong>\u0442\u0443\u0442.<\/strong>.<\/a><\/p>\n<h2 data-section-id=\"gfj1y1\" data-start=\"1980\" data-end=\"1993\">\ud83d\ude9a \u0414\u043e\u0441\u0442\u0430\u0432\u043a\u0430<\/h2>\n<ul data-start=\"1995\" data-end=\"2058\">\n<li data-section-id=\"1j548yy\" data-start=\"1995\" data-end=\"2027\">\n<p data-start=\"1997\" data-end=\"2027\">\u0432\u0456\u0434\u0432\u0430\u043d\u0442\u0430\u0436\u0435\u043d\u043d\u044f \u0437\u0456 \u0441\u043a\u043b\u0430\u0434\u0443 \u0432 \u0404\u0432\u0440\u043e\u043f\u0456<\/p>\n<\/li>\n<li data-section-id=\"igemay\" data-start=\"2028\" data-end=\"2058\">\n<p data-start=\"2030\" data-end=\"2058\">\u0448\u0432\u0438\u0434\u043a\u0430 \u043e\u0431\u0440\u043e\u0431\u043a\u0430 \u0437\u0430\u043c\u043e\u0432\u043b\u0435\u043d\u044c<\/p>\n<\/li>\n<\/ul>\n<h2 data-section-id=\"opmkg3\" data-start=\"2065\" data-end=\"2091\">\u2139\ufe0f \u0414\u043e\u0434\u0430\u0442\u043a\u043e\u0432\u0430 \u0456\u043d\u0444\u043e\u0440\u043c\u0430\u0446\u0456\u044f<\/h2>\n<ul data-start=\"2093\" data-end=\"2276\">\n<li data-section-id=\"cznzdc\" data-start=\"2093\" data-end=\"2132\">\n<p data-start=\"2095\" data-end=\"2132\">towar nie jest testowany pojedynczo<\/p>\n<\/li>\n<li data-section-id=\"iag8fx\" data-start=\"2133\" data-end=\"2172\">\n<p data-start=\"2135\" data-end=\"2172\">\u043c\u043e\u0436\u043b\u0438\u0432\u0430 \u0434\u043e\u043c\u0456\u0448\u043a\u0430 \u043a\u043b\u0430\u0441\u0443 \u0421 (\u0434\u043e 5-71\u0422\u041f3\u0422)<\/p>\n<\/li>\n<li data-section-id=\"zia6d9\" data-start=\"2173\" data-end=\"2205\">\n<p data-start=\"2175\" data-end=\"2205\">\u043a\u043e\u0436\u043d\u0430 \u043f\u0430\u043b\u0435\u0442\u0430 \u0432\u0438\u043f\u0430\u0434\u043a\u043e\u0432\u0438\u043c \u0447\u0438\u043d\u043e\u043c \u0443\u043f\u0430\u043a\u043e\u0432\u0430\u043d\u0430<\/p>\n<\/li>\n<li data-section-id=\"1mkzsla\" data-start=\"2206\" data-end=\"2276\">\n<p data-start=\"2208\" data-end=\"2276\">produkty pochodz\u0105 ze zwrot\u00f3w konsumenckich i nadwy\u017cek magazynowych<\/p>\n<\/li>\n<\/ul>\n<h2 data-section-id=\"1915pio\" data-start=\"2283\" data-end=\"2305\">\ud83d\udcf8 \u0424\u043e\u0442\u043e\u0433\u0440\u0430\u0444\u0456\u0457 \u043f\u0440\u043e\u0434\u0443\u043a\u0446\u0456\u0457<\/h2>\n<p data-start=\"2307\" data-end=\"2393\">Zdj\u0119cia maj\u0105 charakter pogl\u0105dowy i przedstawiaj\u0105 przyk\u0142adowy mix elektroniki z Anglii.<\/p>","protected":false},"excerpt":{"rendered":"<p class=\"p1\">\u26a1 Oko\u0142o 100% elektroniki<\/p>\n<p class=\"p1\">\ud83c\uddec\ud83c\udde7 UK<\/p>\n<p class=\"p1\">\ud83d\udd25 Amazon Returns<\/p>\n<p class=\"p1\" style=\"text-align: left;\">\u2714\ufe0f Jako\u015b\u0107 A\u2013B<\/p>","protected":false},"featured_media":50409,"comment_status":"open","ping_status":"closed","template":"","meta":{"_acf_changed":false},"product_brand":[],"product_cat":[1258,1279],"product_tag":[1280],"class_list":{"0":"post-50483","1":"product","2":"type-product","3":"status-publish","4":"has-post-thumbnail","6":"product_cat-amazon-paleta","7":"product_cat-mix-elektroniki-uk-amazon-returns-ab","8":"product_tag-paleta-mix-elektroniki-z-anglii","10":"first","11":"instock","12":"sold-individually","13":"taxable","14":"shipping-taxable","15":"purchasable","16":"product-type-simple"},"acf":[],"_links":{"self":[{"href":"https:\/\/stockify24.pl\/uk\/wp-json\/wp\/v2\/product\/50483","targetHints":{"allow":["GET"]}}],"collection":[{"href":"https:\/\/stockify24.pl\/uk\/wp-json\/wp\/v2\/product"}],"about":[{"href":"https:\/\/stockify24.pl\/uk\/wp-json\/wp\/v2\/types\/product"}],"replies":[{"embeddable":true,"href":"https:\/\/stockify24.pl\/uk\/wp-json\/wp\/v2\/comments?post=50483"}],"wp:featuredmedia":[{"embeddable":true,"href":"https:\/\/stockify24.pl\/uk\/wp-json\/wp\/v2\/media\/50409"}],"wp:attachment":[{"href":"https:\/\/stockify24.pl\/uk\/wp-json\/wp\/v2\/media?parent=50483"}],"wp:term":[{"taxonomy":"product_brand","embeddable":true,"href":"https:\/\/stockify24.pl\/uk\/wp-json\/wp\/v2\/product_brand?post=50483"},{"taxonomy":"product_cat","embeddable":true,"href":"https:\/\/stockify24.pl\/uk\/wp-json\/wp\/v2\/product_cat?post=50483"},{"taxonomy":"product_tag","embeddable":true,"href":"https:\/\/stockify24.pl\/uk\/wp-json\/wp\/v2\/product_tag?post=50483"}],"curies":[{"name":"wp","href":"https:\/\/api.w.org\/{rel}","templated":true}]}}