{"id":50484,"date":"2026-03-20T12:15:59","date_gmt":"2026-03-20T11:15:59","guid":{"rendered":"https:\/\/stockify24.pl\/?post_type=product&#038;p=50484"},"modified":"2026-03-30T12:25:43","modified_gmt":"2026-03-30T11:25:43","slug":"paleta-elektroniki-z-anglii-uk-mix-a-b-2","status":"publish","type":"product","link":"https:\/\/stockify24.pl\/uk\/product\/paleta-elektroniki-z-anglii-uk-mix-a-b-2\/","title":{"rendered":"\u041f\u0456\u0434\u0434\u043e\u043d \u0434\u043b\u044f \u0435\u043b\u0435\u043a\u0442\u0440\u043e\u043d\u0456\u043a\u0438 \u0437 \u0410\u043d\u0433\u043b\u0456\u0457 (\u0412\u0435\u043b\u0438\u043a\u043e\u0431\u0440\u0438\u0442\u0430\u043d\u0456\u044f) - \u043c\u0456\u043a\u0441 A-B"},"content":{"rendered":"<h2 data-section-id=\"1fs3luu\" data-start=\"114\" data-end=\"162\">\ud83d\udce6 Paleta elektroniki z Anglii (UK) \u2013 mix A\u2013B<\/h2>\n<p data-start=\"164\" data-end=\"348\">Paleta elektroniki z Anglii (UK) to rozwi\u0105zanie dla sprzeda\u017cy hurtowej, e-commerce oraz reseller\u00f3w, kt\u00f3rzy chc\u0105 sprzedawa\u0107 elektronik\u0119 z rynku UK o wysokim popycie i stabilnej rotacji.<\/p>\n<p data-start=\"350\" data-end=\"534\">Towar pochodzi ze zwrot\u00f3w konsumenckich oraz nadwy\u017cek magazynowych. Dzi\u0119ki temu mo\u017cliwy jest zakup elektroniki w cenach ni\u017cszych ni\u017c rynkowe i osi\u0105ganie wy\u017cszej mar\u017cy przy odsprzeda\u017cy.<\/p>\n<p data-start=\"536\" data-end=\"675\">Ka\u017cda paleta zawiera losowy zestaw produkt\u00f3w \u2014 brak sta\u0142ej specyfikacji pozwala budowa\u0107 zr\u00f3\u017cnicowan\u0105 ofert\u0119 dopasowan\u0105 do r\u00f3\u017cnych klient\u00f3w.<\/p>\n<p data-start=\"536\" data-end=\"675\">\u0423\u0441\u0456 \u043c\u043e\u0434\u0435\u043b\u0456 \u043f\u0456\u0434\u0434\u043e\u043d\u0456\u0432 Amazon \u043c\u043e\u0436\u043d\u0430 \u0437\u043d\u0430\u0439\u0442\u0438 <a href=\"https:\/\/stockify24.pl\/uk\/sklep\/\"><strong>\u0442\u0443\u0442.<\/strong>.<\/a><\/p>\n<h2 data-section-id=\"o1x54x\" data-start=\"682\" data-end=\"730\">\ud83d\udd0c Zawarto\u015b\u0107 palety \u2013 elektronika u\u017cytkowa UK<\/h2>\n<p data-start=\"732\" data-end=\"794\">W palecie znajduj\u0105 si\u0119 produkty z segmentu elektroniki, m.in.:<\/p>\n<ul data-start=\"796\" data-end=\"980\">\n<li data-section-id=\"admbw2\" data-start=\"796\" data-end=\"823\">\n<p data-start=\"798\" data-end=\"823\">\u0431\u0435\u0437\u0434\u0440\u043e\u0442\u043e\u0432\u0456 \u043d\u0430\u0432\u0443\u0448\u043d\u0438\u043a\u0438<\/p>\n<\/li>\n<li data-section-id=\"1j12er6\" data-start=\"824\" data-end=\"857\">\n<p data-start=\"826\" data-end=\"857\">\u0437\u0430\u0440\u044f\u0434\u043d\u0456 \u043f\u0440\u0438\u0441\u0442\u0440\u043e\u0457, \u043a\u0430\u0431\u0435\u043b\u0456 \u0442\u0430 \u043f\u0430\u0432\u0435\u0440\u0431\u0430\u043d\u043a\u0438<\/p>\n<\/li>\n<li data-section-id=\"2cko63\" data-start=\"858\" data-end=\"875\">\n<p data-start=\"860\" data-end=\"875\">GSM \u0430\u043a\u0441\u0435\u0441\u0443\u0430\u0440\u0438<\/p>\n<\/li>\n<li data-section-id=\"129ryor\" data-start=\"876\" data-end=\"901\">\n<p data-start=\"878\" data-end=\"901\">\u043f\u0440\u0438\u0441\u0442\u0440\u043e\u0457 \u0434\u043b\u044f \u0440\u043e\u0437\u0443\u043c\u043d\u043e\u0433\u043e \u0434\u043e\u043c\u0443<\/p>\n<\/li>\n<li data-section-id=\"dys3xd\" data-start=\"902\" data-end=\"914\">\n<p data-start=\"904\" data-end=\"914\">ma\u0142e AGD<\/p>\n<\/li>\n<li data-section-id=\"6uw8kl\" data-start=\"915\" data-end=\"940\">\n<p data-start=\"917\" data-end=\"940\">\u0435\u043b\u0435\u043a\u0442\u0440\u043e\u043d\u043d\u0456 \u0433\u0430\u0434\u0436\u0435\u0442\u0438<\/p>\n<\/li>\n<li data-section-id=\"1s1m71p\" data-start=\"941\" data-end=\"980\">\n<p data-start=\"943\" data-end=\"980\">inne produkty elektroniki u\u017cytkowej<\/p>\n<\/li>\n<\/ul>\n<p data-start=\"982\" data-end=\"1037\">\u041d\u0430 \u0435\u043b\u0435\u043a\u0442\u0440\u043e\u043d\u0456\u043a\u0443 \u043f\u0440\u0438\u043f\u0430\u0434\u0430\u0454 \u0431\u043b\u0438\u0437\u044c\u043a\u043e <strong data-start=\"1011\" data-end=\"1037\">\u0412\u043c\u0456\u0441\u0442 \u043f\u0430\u043b\u0435\u0442\u0438 100%<\/strong><\/p>\n<h2 data-section-id=\"1vjjmw7\" data-start=\"1044\" data-end=\"1082\">\ud83c\udd70\ufe0f\ud83c\udd71\ufe0f \u042f\u043a\u0456\u0441\u0442\u044c \u043f\u0440\u043e\u0434\u0443\u043a\u0446\u0456\u0457 - \u043a\u043b\u0430\u0441 A-B<\/h2>\n<p data-start=\"1084\" data-end=\"1150\">\u041c\u0456\u043a\u0441 \u0435\u043b\u0435\u043a\u0442\u0440\u043e\u043d\u0456\u043a\u0438 \u0437 \u0410\u043d\u0433\u043b\u0456\u0457 (\u0412\u0435\u043b\u0438\u043a\u043e\u0431\u0440\u0438\u0442\u0430\u043d\u0456\u044f) \u0432\u043a\u043b\u044e\u0447\u0430\u0454 \u0432 \u0441\u0435\u0431\u0435 \u043f\u0440\u043e\u0434\u0443\u043a\u0446\u0456\u044e \u0441\u0442\u0430\u043d\u0434\u0430\u0440\u0442\u0443 A-B:<\/p>\n<ul data-start=\"1152\" data-end=\"1303\">\n<li data-section-id=\"1ylt7oh\" data-start=\"1152\" data-end=\"1212\">\n<p data-start=\"1154\" data-end=\"1212\">\u0431\u0456\u043b\u044c\u0448\u0456\u0441\u0442\u044c \u0442\u043e\u0432\u0430\u0440\u0456\u0432 \u043d\u043e\u0432\u0456 \u0430\u0431\u043e \u0432 \u0434\u0443\u0436\u0435 \u0445\u043e\u0440\u043e\u0448\u043e\u043c\u0443 \u0441\u0442\u0430\u043d\u0456<\/p>\n<\/li>\n<li data-section-id=\"1l5huug\" data-start=\"1213\" data-end=\"1253\">\n<p data-start=\"1215\" data-end=\"1253\">\u043c\u043e\u0436\u043b\u0438\u0432\u0456 \u043d\u0435\u0437\u043d\u0430\u0447\u043d\u0456 \u0441\u043b\u0456\u0434\u0438 \u0432\u0438\u043a\u043e\u0440\u0438\u0441\u0442\u0430\u043d\u043d\u044f<\/p>\n<\/li>\n<li data-section-id=\"1igfwsa\" data-start=\"1254\" data-end=\"1303\">\n<p data-start=\"1256\" data-end=\"1303\">\u043c\u043e\u0436\u043b\u0438\u0432\u0438\u0439 \u0434\u043e\u043c\u0456\u0448\u043e\u043a \u043f\u0440\u043e\u0434\u0443\u043a\u0442\u0456\u0432 \u043a\u043b\u0430\u0441\u0443 \u0421 (\u0434\u043e 5-71\u0422\u041f3\u0422)<\/p>\n<\/li>\n<\/ul>\n<p data-start=\"1305\" data-end=\"1380\">Taki poziom jako\u015bci pozwala utrzyma\u0107 dobr\u0105 sprzeda\u017c i szybki obr\u00f3t towarem.<\/p>\n<h2 data-section-id=\"fo6i20\" data-start=\"1387\" data-end=\"1409\">\ud83d\udcd0 \u041f\u0430\u0440\u0430\u043c\u0435\u0442\u0440\u0438 \u043f\u0430\u043b\u0435\u0442\u0438<\/h2>\n<ul data-start=\"1411\" data-end=\"1532\">\n<li data-section-id=\"usyt7n\" data-start=\"1411\" data-end=\"1447\">\n<p data-start=\"1413\" data-end=\"1447\">\u0432\u0438\u0441\u043e\u0442\u0430 \u043f\u0456\u0434\u0434\u043e\u043d\u0443:<strong data-start=\"1430\" data-end=\"1445\">\u00a060 \u0441\u043c<\/strong><\/p>\n<\/li>\n<li data-section-id=\"ut13h4\" data-start=\"1448\" data-end=\"1484\">\n<p data-start=\"1450\" data-end=\"1484\">\u0430\u0441\u043e\u0440\u0442\u0438\u043c\u0435\u043d\u0442: <strong data-start=\"1462\" data-end=\"1482\">\u0432\u0438\u043f\u0430\u0434\u043a\u043e\u0432\u0456 \u0442\u0430 \u0437\u043c\u0456\u043d\u043d\u0456<\/strong><\/p>\n<\/li>\n<li data-section-id=\"va9cxy\" data-start=\"1485\" data-end=\"1532\">\n<p data-start=\"1487\" data-end=\"1532\">\u043d\u0430 \u043a\u043e\u0436\u043d\u0443 \u043f\u0430\u043b\u0435\u0442\u0443: <strong data-start=\"1501\" data-end=\"1530\">unikalny zestaw produkt\u00f3w<\/strong><\/p>\n<\/li>\n<\/ul>\n<p data-start=\"1534\" data-end=\"1572\">\u0412\u043c\u0456\u0441\u0442 \u0437\u0430\u043b\u0435\u0436\u0438\u0442\u044c \u0432\u0456\u0434 \u043f\u043e\u0442\u043e\u0447\u043d\u043e\u0457 \u043f\u043e\u0441\u0442\u0430\u0432\u043a\u0438.<\/p>\n<h2 data-section-id=\"kilpj5\" data-start=\"1579\" data-end=\"1626\">\ud83d\udcbc Zastosowanie \u2013 elektronika do odsprzeda\u017cy<\/h2>\n<p data-start=\"1628\" data-end=\"1679\">Paleta elektroniki z Anglii (UK) sprawdza si\u0119 jako:<\/p>\n<ul data-start=\"1681\" data-end=\"1859\">\n<li data-section-id=\"2z2ita\" data-start=\"1681\" data-end=\"1726\">\n<p data-start=\"1683\" data-end=\"1726\">towar do sprzeda\u017cy hurtowej i detalicznej<\/p>\n<\/li>\n<li data-section-id=\"114rxvs\" data-start=\"1727\" data-end=\"1777\">\n<p data-start=\"1729\" data-end=\"1777\">oferta dla sklep\u00f3w internetowych i marketplace (<a style=\"font-family: -apple-system, BlinkMacSystemFont, &#039;Segoe UI&#039;, Roboto, &#039;Helvetica Neue&#039;, Arial, &#039;Noto Sans&#039;, sans-serif, &#039;Apple Color Emoji&#039;, &#039;Segoe UI Emoji&#039;, &#039;Segoe UI Symbol&#039;, &#039;Noto Color Emoji&#039;;\" href=\"https:\/\/allegro.pl\/\" target=\"_blank\" rel=\"noopener\">Allegro<\/a><span style=\"font-family: -apple-system, BlinkMacSystemFont, 'Segoe UI', Roboto, 'Helvetica Neue', Arial, 'Noto Sans', sans-serif, 'Apple Color Emoji', 'Segoe UI Emoji', 'Segoe UI Symbol', 'Noto Color Emoji';\">, <\/span><a style=\"font-family: -apple-system, BlinkMacSystemFont, &#039;Segoe UI&#039;, Roboto, &#039;Helvetica Neue&#039;, Arial, &#039;Noto Sans&#039;, sans-serif, &#039;Apple Color Emoji&#039;, &#039;Segoe UI Emoji&#039;, &#039;Segoe UI Symbol&#039;, &#039;Noto Color Emoji&#039;;\" href=\"https:\/\/www.olx.pl\/\" target=\"_blank\" rel=\"noopener\">OLX<\/a><span style=\"font-family: -apple-system, BlinkMacSystemFont, 'Segoe UI', Roboto, 'Helvetica Neue', Arial, 'Noto Sans', sans-serif, 'Apple Color Emoji', 'Segoe UI Emoji', 'Segoe UI Symbol', 'Noto Color Emoji';\">, <\/span><a style=\"font-family: -apple-system, BlinkMacSystemFont, &#039;Segoe UI&#039;, Roboto, &#039;Helvetica Neue&#039;, Arial, &#039;Noto Sans&#039;, sans-serif, &#039;Apple Color Emoji&#039;, &#039;Segoe UI Emoji&#039;, &#039;Segoe UI Symbol&#039;, &#039;Noto Color Emoji&#039;;\" href=\"https:\/\/www.ebay.com\/\" target=\"_blank\" rel=\"noopener\">eBay<\/a><span style=\"font-family: -apple-system, BlinkMacSystemFont, 'Segoe UI', Roboto, 'Helvetica Neue', Arial, 'Noto Sans', sans-serif, 'Apple Color Emoji', 'Segoe UI Emoji', 'Segoe UI Symbol', 'Noto Color Emoji';\">, <\/span><a style=\"font-family: -apple-system, BlinkMacSystemFont, &#039;Segoe UI&#039;, Roboto, &#039;Helvetica Neue&#039;, Arial, &#039;Noto Sans&#039;, sans-serif, &#039;Apple Color Emoji&#039;, &#039;Segoe UI Emoji&#039;, &#039;Segoe UI Symbol&#039;, &#039;Noto Color Emoji&#039;;\" href=\"https:\/\/www.amazon.com\/\" target=\"_blank\" rel=\"noopener\">\u0410\u043c\u0430\u0437\u043e\u043d\u043a\u0430)<\/a><\/p>\n<\/li>\n<li data-section-id=\"11pv0kx\" data-start=\"1778\" data-end=\"1812\">\n<p data-start=\"1780\" data-end=\"1812\">mix elektroniki do odsprzeda\u017cy<\/p>\n<\/li>\n<li data-section-id=\"1mb3ba1\" data-start=\"1813\" data-end=\"1859\">\n<p data-start=\"1815\" data-end=\"1859\">\u017ar\u00f3d\u0142o produkt\u00f3w z rynku UK dla reseller\u00f3w<\/p>\n<\/li>\n<\/ul>\n<p data-start=\"1861\" data-end=\"1950\">Zr\u00f3\u017cnicowany asortyment zwi\u0119ksza mo\u017cliwo\u015bci sprzeda\u017cy i pozwala szybciej obraca\u0107 towarem.<\/p>\n<h2 data-section-id=\"gfj1y1\" data-start=\"1957\" data-end=\"1970\">\ud83d\ude9a \u0414\u043e\u0441\u0442\u0430\u0432\u043a\u0430<\/h2>\n<ul data-start=\"1972\" data-end=\"2060\">\n<li data-section-id=\"1j548yy\" data-start=\"1972\" data-end=\"2004\">\n<p data-start=\"1974\" data-end=\"2004\">\u0432\u0456\u0434\u0432\u0430\u043d\u0442\u0430\u0436\u0435\u043d\u043d\u044f \u0437\u0456 \u0441\u043a\u043b\u0430\u0434\u0443 \u0432 \u0404\u0432\u0440\u043e\u043f\u0456<\/p>\n<\/li>\n<li data-section-id=\"igemay\" data-start=\"2005\" data-end=\"2035\">\n<p data-start=\"2007\" data-end=\"2035\">\u0448\u0432\u0438\u0434\u043a\u0430 \u043e\u0431\u0440\u043e\u0431\u043a\u0430 \u0437\u0430\u043c\u043e\u0432\u043b\u0435\u043d\u044c<\/p>\n<\/li>\n<li data-section-id=\"1qo0dyy\" data-start=\"2036\" data-end=\"2060\">\n<p data-start=\"2038\" data-end=\"2060\">\u043d\u0430\u0434\u0456\u0439\u043d\u0435 \u043f\u0430\u043a\u0443\u0432\u0430\u043d\u043d\u044f<\/p>\n<\/li>\n<\/ul>\n<h2 data-section-id=\"opmkg3\" data-start=\"2067\" data-end=\"2093\">\u2139\ufe0f \u0414\u043e\u0434\u0430\u0442\u043a\u043e\u0432\u0430 \u0456\u043d\u0444\u043e\u0440\u043c\u0430\u0446\u0456\u044f<\/h2>\n<ul data-start=\"2095\" data-end=\"2263\">\n<li data-section-id=\"1u1q0wx\" data-start=\"2095\" data-end=\"2117\">\n<p data-start=\"2097\" data-end=\"2117\">\u043d\u0435\u0441\u043e\u0440\u0442\u043e\u0432\u0430\u043d\u0456 \u0442\u043e\u0432\u0430\u0440\u0438<\/p>\n<\/li>\n<li data-section-id=\"23fumv\" data-start=\"2118\" data-end=\"2158\">\n<p data-start=\"2120\" data-end=\"2158\">\u043f\u0440\u043e\u0434\u0443\u043a\u0442\u0438 \u043d\u0435 \u0442\u0435\u0441\u0442\u0443\u044e\u0442\u044c\u0441\u044f \u0456\u043d\u0434\u0438\u0432\u0456\u0434\u0443\u0430\u043b\u044c\u043d\u043e<\/p>\n<\/li>\n<li data-section-id=\"iag8fx\" data-start=\"2159\" data-end=\"2198\">\n<p data-start=\"2161\" data-end=\"2198\">\u043c\u043e\u0436\u043b\u0438\u0432\u0430 \u0434\u043e\u043c\u0456\u0448\u043a\u0430 \u043a\u043b\u0430\u0441\u0443 \u0421 (\u0434\u043e 5-71\u0422\u041f3\u0422)<\/p>\n<\/li>\n<li data-section-id=\"zia6d9\" data-start=\"2199\" data-end=\"2231\">\n<p data-start=\"2201\" data-end=\"2231\">\u043a\u043e\u0436\u043d\u0430 \u043f\u0430\u043b\u0435\u0442\u0430 \u0432\u0438\u043f\u0430\u0434\u043a\u043e\u0432\u0438\u043c \u0447\u0438\u043d\u043e\u043c \u0443\u043f\u0430\u043a\u043e\u0432\u0430\u043d\u0430<\/p>\n<\/li>\n<li data-section-id=\"1qenv5x\" data-start=\"2232\" data-end=\"2263\">\n<p data-start=\"2234\" data-end=\"2263\">\u043d\u0435\u043c\u0430\u0454 \u0444\u0456\u043a\u0441\u043e\u0432\u0430\u043d\u043e\u0433\u043e \u043f\u0435\u0440\u0435\u043b\u0456\u043a\u0443 \u043f\u0440\u043e\u0434\u0443\u043a\u0442\u0456\u0432<\/p>\n<\/li>\n<\/ul>\n<h2 data-section-id=\"1915pio\" data-start=\"2270\" data-end=\"2292\">\ud83d\udcf8 \u0424\u043e\u0442\u043e\u0433\u0440\u0430\u0444\u0456\u0457 \u043f\u0440\u043e\u0434\u0443\u043a\u0446\u0456\u0457<\/h2>\n<p data-start=\"2294\" data-end=\"2380\">Zdj\u0119cia maj\u0105 charakter pogl\u0105dowy i przedstawiaj\u0105 przyk\u0142adowy mix elektroniki z Anglii.<\/p>","protected":false},"excerpt":{"rendered":"<p class=\"p1\">\u26a1 Oko\u0142o 100% elektroniki<\/p>\n<p class=\"p1\">\ud83c\uddec\ud83c\udde7 UK<\/p>\n<p class=\"p1\">\ud83d\udd25 Amazon Returns<\/p>\n<p class=\"p1\" style=\"text-align: left;\">\u2714\ufe0f Jako\u015b\u0107 A\u2013B<\/p>","protected":false},"featured_media":50379,"comment_status":"open","ping_status":"closed","template":"","meta":{"_acf_changed":false},"product_brand":[],"product_cat":[1258,1279],"product_tag":[1280],"class_list":{"0":"post-50484","1":"product","2":"type-product","3":"status-publish","4":"has-post-thumbnail","6":"product_cat-amazon-paleta","7":"product_cat-mix-elektroniki-uk-amazon-returns-ab","8":"product_tag-paleta-mix-elektroniki-z-anglii","10":"first","11":"instock","12":"sold-individually","13":"taxable","14":"shipping-taxable","15":"purchasable","16":"product-type-simple"},"acf":[],"_links":{"self":[{"href":"https:\/\/stockify24.pl\/uk\/wp-json\/wp\/v2\/product\/50484","targetHints":{"allow":["GET"]}}],"collection":[{"href":"https:\/\/stockify24.pl\/uk\/wp-json\/wp\/v2\/product"}],"about":[{"href":"https:\/\/stockify24.pl\/uk\/wp-json\/wp\/v2\/types\/product"}],"replies":[{"embeddable":true,"href":"https:\/\/stockify24.pl\/uk\/wp-json\/wp\/v2\/comments?post=50484"}],"wp:featuredmedia":[{"embeddable":true,"href":"https:\/\/stockify24.pl\/uk\/wp-json\/wp\/v2\/media\/50379"}],"wp:attachment":[{"href":"https:\/\/stockify24.pl\/uk\/wp-json\/wp\/v2\/media?parent=50484"}],"wp:term":[{"taxonomy":"product_brand","embeddable":true,"href":"https:\/\/stockify24.pl\/uk\/wp-json\/wp\/v2\/product_brand?post=50484"},{"taxonomy":"product_cat","embeddable":true,"href":"https:\/\/stockify24.pl\/uk\/wp-json\/wp\/v2\/product_cat?post=50484"},{"taxonomy":"product_tag","embeddable":true,"href":"https:\/\/stockify24.pl\/uk\/wp-json\/wp\/v2\/product_tag?post=50484"}],"curies":[{"name":"wp","href":"https:\/\/api.w.org\/{rel}","templated":true}]}}