{"id":50485,"date":"2026-03-20T12:20:07","date_gmt":"2026-03-20T11:20:07","guid":{"rendered":"https:\/\/stockify24.pl\/?post_type=product&#038;p=50485"},"modified":"2026-03-30T12:26:18","modified_gmt":"2026-03-30T11:26:18","slug":"paleta-elektroniki-z-anglii-uk-mix-a-b-3","status":"publish","type":"product","link":"https:\/\/stockify24.pl\/uk\/product\/paleta-elektroniki-z-anglii-uk-mix-a-b-3\/","title":{"rendered":"\u041f\u0456\u0434\u0434\u043e\u043d \u0434\u043b\u044f \u0435\u043b\u0435\u043a\u0442\u0440\u043e\u043d\u0456\u043a\u0438 \u0437 \u0410\u043d\u0433\u043b\u0456\u0457 (\u0412\u0435\u043b\u0438\u043a\u043e\u0431\u0440\u0438\u0442\u0430\u043d\u0456\u044f) - \u043c\u0456\u043a\u0441 A-B"},"content":{"rendered":"<h2 data-section-id=\"1fs3luu\" data-start=\"113\" data-end=\"161\">\ud83d\udce6 Paleta elektroniki z Anglii (UK) \u2013 mix A\u2013B<\/h2>\n<p data-start=\"163\" data-end=\"337\">Mix elektroniki z Anglii (UK) to oferta dla e-commerce, sprzeda\u017cy hurtowej oraz reseller\u00f3w, kt\u00f3rzy chc\u0105 sprzedawa\u0107 elektronik\u0119 z rynku UK o wysokim popycie i szybkim obrocie.<\/p>\n<p data-start=\"339\" data-end=\"515\">Paleta zawiera produkty pochodz\u0105ce ze zwrot\u00f3w konsumenckich oraz nadwy\u017cek magazynowych. Pozwala to kupowa\u0107 towar poni\u017cej ceny rynkowej i zwi\u0119ksza\u0107 mar\u017c\u0119 przy dalszej sprzeda\u017cy.<\/p>\n<p data-start=\"517\" data-end=\"638\">Ka\u017cda paleta ma losowy sk\u0142ad \u2014 brak sta\u0142ej listy produkt\u00f3w zapewnia r\u00f3\u017cnorodny asortyment i wi\u0119ksze mo\u017cliwo\u015bci sprzeda\u017cy.<\/p>\n<p data-start=\"517\" data-end=\"638\">\u0423\u0441\u0456 \u043c\u043e\u0434\u0435\u043b\u0456 \u043f\u0456\u0434\u0434\u043e\u043d\u0456\u0432 Amazon \u043c\u043e\u0436\u043d\u0430 \u0437\u043d\u0430\u0439\u0442\u0438 <a href=\"https:\/\/stockify24.pl\/uk\/sklep\/\"><strong>\u0442\u0443\u0442.<\/strong>.<\/a><\/p>\n<h2 data-section-id=\"dawekf\" data-start=\"645\" data-end=\"690\">\ud83d\udd0c Zawarto\u015b\u0107 palety \u2013 elektronika u\u017cytkowa<\/h2>\n<p data-start=\"692\" data-end=\"751\">W palecie znajduj\u0105 si\u0119 r\u00f3\u017cne produkty elektroniczne, w tym:<\/p>\n<ul data-start=\"753\" data-end=\"950\">\n<li data-section-id=\"admbw2\" data-start=\"753\" data-end=\"780\">\n<p data-start=\"755\" data-end=\"780\">\u0431\u0435\u0437\u0434\u0440\u043e\u0442\u043e\u0432\u0456 \u043d\u0430\u0432\u0443\u0448\u043d\u0438\u043a\u0438<\/p>\n<\/li>\n<li data-section-id=\"af8joy\" data-start=\"781\" data-end=\"814\">\n<p data-start=\"783\" data-end=\"814\">\u0142adowarki, powerbanki i kable<\/p>\n<\/li>\n<li data-section-id=\"2cko63\" data-start=\"815\" data-end=\"832\">\n<p data-start=\"817\" data-end=\"832\">GSM \u0430\u043a\u0441\u0435\u0441\u0443\u0430\u0440\u0438<\/p>\n<\/li>\n<li data-section-id=\"129ryor\" data-start=\"833\" data-end=\"858\">\n<p data-start=\"835\" data-end=\"858\">\u043f\u0440\u0438\u0441\u0442\u0440\u043e\u0457 \u0434\u043b\u044f \u0440\u043e\u0437\u0443\u043c\u043d\u043e\u0433\u043e \u0434\u043e\u043c\u0443<\/p>\n<\/li>\n<li data-section-id=\"dys3xd\" data-start=\"859\" data-end=\"871\">\n<p data-start=\"861\" data-end=\"871\">ma\u0142e AGD<\/p>\n<\/li>\n<li data-section-id=\"i0l57x\" data-start=\"872\" data-end=\"910\">\n<p data-start=\"874\" data-end=\"910\">kontrolery i gad\u017cety elektroniczne<\/p>\n<\/li>\n<li data-section-id=\"1s1m71p\" data-start=\"911\" data-end=\"950\">\n<p data-start=\"913\" data-end=\"950\">inne produkty elektroniki u\u017cytkowej<\/p>\n<\/li>\n<\/ul>\n<p data-start=\"952\" data-end=\"1007\">\u041d\u0430 \u0435\u043b\u0435\u043a\u0442\u0440\u043e\u043d\u0456\u043a\u0443 \u043f\u0440\u0438\u043f\u0430\u0434\u0430\u0454 \u0431\u043b\u0438\u0437\u044c\u043a\u043e <strong data-start=\"981\" data-end=\"1007\">\u0412\u043c\u0456\u0441\u0442 \u043f\u0430\u043b\u0435\u0442\u0438 100%<\/strong><\/p>\n<h2 data-section-id=\"2jw31c\" data-start=\"1014\" data-end=\"1042\">\ud83c\udd70\ufe0f\ud83c\udd71\ufe0f \u042f\u043a\u0456\u0441\u0442\u044c - \u043a\u043b\u0430\u0441 A-B<\/h2>\n<p data-start=\"1044\" data-end=\"1110\">\u041c\u0456\u043a\u0441 \u0435\u043b\u0435\u043a\u0442\u0440\u043e\u043d\u0456\u043a\u0438 \u0437 \u0410\u043d\u0433\u043b\u0456\u0457 (\u0412\u0435\u043b\u0438\u043a\u043e\u0431\u0440\u0438\u0442\u0430\u043d\u0456\u044f) \u0432\u043a\u043b\u044e\u0447\u0430\u0454 \u0432 \u0441\u0435\u0431\u0435 \u043f\u0440\u043e\u0434\u0443\u043a\u0446\u0456\u044e \u0441\u0442\u0430\u043d\u0434\u0430\u0440\u0442\u0443 A-B:<\/p>\n<ul data-start=\"1112\" data-end=\"1259\">\n<li data-section-id=\"1ylt7oh\" data-start=\"1112\" data-end=\"1172\">\n<p data-start=\"1114\" data-end=\"1172\">\u0431\u0456\u043b\u044c\u0448\u0456\u0441\u0442\u044c \u0442\u043e\u0432\u0430\u0440\u0456\u0432 \u043d\u043e\u0432\u0456 \u0430\u0431\u043e \u0432 \u0434\u0443\u0436\u0435 \u0445\u043e\u0440\u043e\u0448\u043e\u043c\u0443 \u0441\u0442\u0430\u043d\u0456<\/p>\n<\/li>\n<li data-section-id=\"1ydnmn3\" data-start=\"1173\" data-end=\"1209\">\n<p data-start=\"1175\" data-end=\"1209\">\u043c\u043e\u0436\u043b\u0438\u0432\u0456 \u043d\u0435\u0437\u043d\u0430\u0447\u043d\u0456 \u0441\u043b\u0456\u0434\u0438 \u0432\u0438\u043a\u043e\u0440\u0438\u0441\u0442\u0430\u043d\u043d\u044f<\/p>\n<\/li>\n<li data-section-id=\"13485k2\" data-start=\"1210\" data-end=\"1259\">\n<p data-start=\"1212\" data-end=\"1259\">\u043c\u043e\u0436\u043b\u0438\u0432\u0430 \u043d\u0435\u0437\u043d\u0430\u0447\u043d\u0430 \u0434\u043e\u043c\u0456\u0448\u043a\u0430 \u043a\u043b\u0430\u0441\u0443 \u0421 (\u0434\u043e 5-7%)<\/p>\n<\/li>\n<\/ul>\n<p data-start=\"1261\" data-end=\"1322\">Towar nie jest testowany i pochodzi ze zwrot\u00f3w konsumenckich.<\/p>\n<h2 data-section-id=\"fo6i20\" data-start=\"1329\" data-end=\"1351\">\ud83d\udcd0 \u041f\u0430\u0440\u0430\u043c\u0435\u0442\u0440\u0438 \u043f\u0430\u043b\u0435\u0442\u0438<\/h2>\n<ul data-start=\"1353\" data-end=\"1455\">\n<li data-section-id=\"xuv6uu\" data-start=\"1353\" data-end=\"1382\">\n<p data-start=\"1355\" data-end=\"1382\">wysoko\u015b\u0107:<strong data-start=\"1365\" data-end=\"1380\">\u00a060 \u0441\u043c<\/strong><\/p>\n<\/li>\n<li data-section-id=\"9s5onr\" data-start=\"1383\" data-end=\"1424\">\n<p data-start=\"1385\" data-end=\"1424\">\u0430\u0441\u043e\u0440\u0442\u0438\u043c\u0435\u043d\u0442: <strong data-start=\"1397\" data-end=\"1422\">\u0432\u0438\u043f\u0430\u0434\u043a\u043e\u0432\u0456 \u0442\u0430 \u0440\u0456\u0437\u043d\u043e\u043c\u0430\u043d\u0456\u0442\u043d\u0456<\/strong><\/p>\n<\/li>\n<li data-section-id=\"14taal3\" data-start=\"1425\" data-end=\"1455\">\n<p data-start=\"1427\" data-end=\"1455\">\u043d\u0430 \u043a\u043e\u0436\u043d\u0443 \u043f\u0430\u043b\u0435\u0442\u0443: <strong data-start=\"1441\" data-end=\"1453\">\u0443\u043d\u0456\u043a\u0430\u043b\u044c\u043d\u0438\u0439<\/strong><\/p>\n<\/li>\n<\/ul>\n<p data-start=\"1457\" data-end=\"1502\">\u0412\u043c\u0456\u0441\u0442 \u0437\u0430\u043b\u0435\u0436\u0438\u0442\u044c \u0432\u0456\u0434 \u043f\u043e\u0442\u043e\u0447\u043d\u043e\u0457 \u043f\u0430\u0440\u0442\u0456\u0457 \u043f\u043e\u0441\u0442\u0430\u0432\u043a\u0438.<\/p>\n<h2 data-section-id=\"kilpj5\" data-start=\"1509\" data-end=\"1556\">\ud83d\udcbc Zastosowanie \u2013 elektronika do odsprzeda\u017cy<\/h2>\n<p data-start=\"1558\" data-end=\"1618\">Paleta elektroniki z Anglii (UK) mo\u017ce by\u0107 wykorzystana jako:<\/p>\n<ul data-start=\"1620\" data-end=\"1782\">\n<li data-section-id=\"1nciuj\" data-start=\"1620\" data-end=\"1663\">\n<p data-start=\"1622\" data-end=\"1663\">\u0442\u043e\u0432\u0430\u0440\u0438 \u0434\u043b\u044f \u043f\u0440\u043e\u0434\u0430\u0436\u0443 \u0432 \u0406\u043d\u0442\u0435\u0440\u043d\u0435\u0442\u0456 \u0442\u0430 \u043d\u0430 \u0440\u0438\u043d\u043a\u0443 (<a style=\"font-family: -apple-system, BlinkMacSystemFont, &#039;Segoe UI&#039;, Roboto, &#039;Helvetica Neue&#039;, Arial, &#039;Noto Sans&#039;, sans-serif, &#039;Apple Color Emoji&#039;, &#039;Segoe UI Emoji&#039;, &#039;Segoe UI Symbol&#039;, &#039;Noto Color Emoji&#039;;\" href=\"https:\/\/allegro.pl\/\" target=\"_blank\" rel=\"noopener\">Allegro<\/a><span style=\"font-family: -apple-system, BlinkMacSystemFont, 'Segoe UI', Roboto, 'Helvetica Neue', Arial, 'Noto Sans', sans-serif, 'Apple Color Emoji', 'Segoe UI Emoji', 'Segoe UI Symbol', 'Noto Color Emoji';\">, <\/span><a style=\"font-family: -apple-system, BlinkMacSystemFont, &#039;Segoe UI&#039;, Roboto, &#039;Helvetica Neue&#039;, Arial, &#039;Noto Sans&#039;, sans-serif, &#039;Apple Color Emoji&#039;, &#039;Segoe UI Emoji&#039;, &#039;Segoe UI Symbol&#039;, &#039;Noto Color Emoji&#039;;\" href=\"https:\/\/www.olx.pl\/\" target=\"_blank\" rel=\"noopener\">OLX<\/a><span style=\"font-family: -apple-system, BlinkMacSystemFont, 'Segoe UI', Roboto, 'Helvetica Neue', Arial, 'Noto Sans', sans-serif, 'Apple Color Emoji', 'Segoe UI Emoji', 'Segoe UI Symbol', 'Noto Color Emoji';\">, <\/span><a style=\"font-family: -apple-system, BlinkMacSystemFont, &#039;Segoe UI&#039;, Roboto, &#039;Helvetica Neue&#039;, Arial, &#039;Noto Sans&#039;, sans-serif, &#039;Apple Color Emoji&#039;, &#039;Segoe UI Emoji&#039;, &#039;Segoe UI Symbol&#039;, &#039;Noto Color Emoji&#039;;\" href=\"https:\/\/www.ebay.com\/\" target=\"_blank\" rel=\"noopener\">eBay<\/a><span style=\"font-family: -apple-system, BlinkMacSystemFont, 'Segoe UI', Roboto, 'Helvetica Neue', Arial, 'Noto Sans', sans-serif, 'Apple Color Emoji', 'Segoe UI Emoji', 'Segoe UI Symbol', 'Noto Color Emoji';\">, <\/span><a style=\"font-family: -apple-system, BlinkMacSystemFont, &#039;Segoe UI&#039;, Roboto, &#039;Helvetica Neue&#039;, Arial, &#039;Noto Sans&#039;, sans-serif, &#039;Apple Color Emoji&#039;, &#039;Segoe UI Emoji&#039;, &#039;Segoe UI Symbol&#039;, &#039;Noto Color Emoji&#039;;\" href=\"https:\/\/www.amazon.com\/\" target=\"_blank\" rel=\"noopener\">\u0410\u043c\u0430\u0437\u043e\u043d\u043a\u0430)<\/a><\/p>\n<\/li>\n<li data-section-id=\"1bla79k\" data-start=\"1664\" data-end=\"1711\">\n<p data-start=\"1666\" data-end=\"1711\">oferta dla sprzeda\u017cy hurtowej i detalicznej<\/p>\n<\/li>\n<li data-section-id=\"11pv0kx\" data-start=\"1712\" data-end=\"1746\">\n<p data-start=\"1714\" data-end=\"1746\">mix elektroniki do odsprzeda\u017cy<\/p>\n<\/li>\n<li data-section-id=\"umddpi\" data-start=\"1747\" data-end=\"1782\">\n<p data-start=\"1749\" data-end=\"1782\">\u017ar\u00f3d\u0142o produkt\u00f3w dla reseller\u00f3w<\/p>\n<\/li>\n<\/ul>\n<p data-start=\"1784\" data-end=\"1863\">Du\u017cy udzia\u0142 elektroniki pozwala szybciej sprzedawa\u0107 produkty i zwi\u0119ksza\u0107 obr\u00f3t.<\/p>\n<h2 data-section-id=\"gfj1y1\" data-start=\"1870\" data-end=\"1883\">\ud83d\ude9a \u0414\u043e\u0441\u0442\u0430\u0432\u043a\u0430<\/h2>\n<ul data-start=\"1885\" data-end=\"1973\">\n<li data-section-id=\"1j548yy\" data-start=\"1885\" data-end=\"1917\">\n<p data-start=\"1887\" data-end=\"1917\">\u0432\u0456\u0434\u0432\u0430\u043d\u0442\u0430\u0436\u0435\u043d\u043d\u044f \u0437\u0456 \u0441\u043a\u043b\u0430\u0434\u0443 \u0432 \u0404\u0432\u0440\u043e\u043f\u0456<\/p>\n<\/li>\n<li data-section-id=\"igemay\" data-start=\"1918\" data-end=\"1948\">\n<p data-start=\"1920\" data-end=\"1948\">\u0448\u0432\u0438\u0434\u043a\u0430 \u043e\u0431\u0440\u043e\u0431\u043a\u0430 \u0437\u0430\u043c\u043e\u0432\u043b\u0435\u043d\u044c<\/p>\n<\/li>\n<li data-section-id=\"1qo0dyy\" data-start=\"1949\" data-end=\"1973\">\n<p data-start=\"1951\" data-end=\"1973\">\u043d\u0430\u0434\u0456\u0439\u043d\u0435 \u043f\u0430\u043a\u0443\u0432\u0430\u043d\u043d\u044f<\/p>\n<\/li>\n<\/ul>\n<h2 data-section-id=\"opmkg3\" data-start=\"1980\" data-end=\"2006\">\u2139\ufe0f \u0414\u043e\u0434\u0430\u0442\u043a\u043e\u0432\u0430 \u0456\u043d\u0444\u043e\u0440\u043c\u0430\u0446\u0456\u044f<\/h2>\n<ul data-start=\"2008\" data-end=\"2173\">\n<li data-section-id=\"1u1q0wx\" data-start=\"2008\" data-end=\"2030\">\n<p data-start=\"2010\" data-end=\"2030\">\u043d\u0435\u0441\u043e\u0440\u0442\u043e\u0432\u0430\u043d\u0456 \u0442\u043e\u0432\u0430\u0440\u0438<\/p>\n<\/li>\n<li data-section-id=\"23fumv\" data-start=\"2031\" data-end=\"2071\">\n<p data-start=\"2033\" data-end=\"2071\">\u043f\u0440\u043e\u0434\u0443\u043a\u0442\u0438 \u043d\u0435 \u0442\u0435\u0441\u0442\u0443\u044e\u0442\u044c\u0441\u044f \u0456\u043d\u0434\u0438\u0432\u0456\u0434\u0443\u0430\u043b\u044c\u043d\u043e<\/p>\n<\/li>\n<li data-section-id=\"iag8fx\" data-start=\"2072\" data-end=\"2111\">\n<p data-start=\"2074\" data-end=\"2111\">\u043c\u043e\u0436\u043b\u0438\u0432\u0430 \u0434\u043e\u043c\u0456\u0448\u043a\u0430 \u043a\u043b\u0430\u0441\u0443 \u0421 (\u0434\u043e 5-71\u0422\u041f3\u0422)<\/p>\n<\/li>\n<li data-section-id=\"zia6d9\" data-start=\"2112\" data-end=\"2144\">\n<p data-start=\"2114\" data-end=\"2144\">\u043a\u043e\u0436\u043d\u0430 \u043f\u0430\u043b\u0435\u0442\u0430 \u0432\u0438\u043f\u0430\u0434\u043a\u043e\u0432\u0438\u043c \u0447\u0438\u043d\u043e\u043c \u0443\u043f\u0430\u043a\u043e\u0432\u0430\u043d\u0430<\/p>\n<\/li>\n<li data-section-id=\"15zrc3k\" data-start=\"2145\" data-end=\"2173\">\n<p data-start=\"2147\" data-end=\"2173\">brak sta\u0142ej specyfikacji<\/p>\n<\/li>\n<\/ul>\n<h2 data-section-id=\"1915pio\" data-start=\"2180\" data-end=\"2202\">\ud83d\udcf8 \u0424\u043e\u0442\u043e\u0433\u0440\u0430\u0444\u0456\u0457 \u043f\u0440\u043e\u0434\u0443\u043a\u0446\u0456\u0457<\/h2>\n<p data-start=\"2204\" data-end=\"2290\">Zdj\u0119cia maj\u0105 charakter pogl\u0105dowy i przedstawiaj\u0105 przyk\u0142adowy mix elektroniki z Anglii.<\/p>","protected":false},"excerpt":{"rendered":"<p class=\"p1\">\u26a1 Oko\u0142o 100% elektroniki<\/p>\n<p class=\"p1\">\ud83c\uddec\ud83c\udde7 UK<\/p>\n<p class=\"p1\">\ud83d\udd25 Amazon Returns<\/p>\n<p class=\"p1\" style=\"text-align: left;\">\u2714\ufe0f Jako\u015b\u0107 A\u2013B<\/p>","protected":false},"featured_media":50459,"comment_status":"open","ping_status":"closed","template":"","meta":{"_acf_changed":false},"product_brand":[],"product_cat":[1258,1279],"product_tag":[1280],"class_list":{"0":"post-50485","1":"product","2":"type-product","3":"status-publish","4":"has-post-thumbnail","6":"product_cat-amazon-paleta","7":"product_cat-mix-elektroniki-uk-amazon-returns-ab","8":"product_tag-paleta-mix-elektroniki-z-anglii","10":"first","11":"instock","12":"sold-individually","13":"taxable","14":"shipping-taxable","15":"purchasable","16":"product-type-simple"},"acf":[],"_links":{"self":[{"href":"https:\/\/stockify24.pl\/uk\/wp-json\/wp\/v2\/product\/50485","targetHints":{"allow":["GET"]}}],"collection":[{"href":"https:\/\/stockify24.pl\/uk\/wp-json\/wp\/v2\/product"}],"about":[{"href":"https:\/\/stockify24.pl\/uk\/wp-json\/wp\/v2\/types\/product"}],"replies":[{"embeddable":true,"href":"https:\/\/stockify24.pl\/uk\/wp-json\/wp\/v2\/comments?post=50485"}],"wp:featuredmedia":[{"embeddable":true,"href":"https:\/\/stockify24.pl\/uk\/wp-json\/wp\/v2\/media\/50459"}],"wp:attachment":[{"href":"https:\/\/stockify24.pl\/uk\/wp-json\/wp\/v2\/media?parent=50485"}],"wp:term":[{"taxonomy":"product_brand","embeddable":true,"href":"https:\/\/stockify24.pl\/uk\/wp-json\/wp\/v2\/product_brand?post=50485"},{"taxonomy":"product_cat","embeddable":true,"href":"https:\/\/stockify24.pl\/uk\/wp-json\/wp\/v2\/product_cat?post=50485"},{"taxonomy":"product_tag","embeddable":true,"href":"https:\/\/stockify24.pl\/uk\/wp-json\/wp\/v2\/product_tag?post=50485"}],"curies":[{"name":"wp","href":"https:\/\/api.w.org\/{rel}","templated":true}]}}