{"id":50495,"date":"2026-03-20T13:55:23","date_gmt":"2026-03-20T12:55:23","guid":{"rendered":"https:\/\/stockify24.pl\/?post_type=product&#038;p=50495"},"modified":"2026-03-30T12:29:40","modified_gmt":"2026-03-30T11:29:40","slug":"drobna-elektronika-uk-a-b-22","status":"publish","type":"product","link":"https:\/\/stockify24.pl\/uk\/product\/drobna-elektronika-uk-a-b-22\/","title":{"rendered":"\u0414\u0440\u0456\u0431\u043d\u0430 \u0435\u043b\u0435\u043a\u0442\u0440\u043e\u043d\u0456\u043a\u0430 (\u0412\u0435\u043b\u0438\u043a\u043e\u0431\u0440\u0438\u0442\u0430\u043d\u0456\u044f) | A-B | #22"},"content":{"rendered":"<h2 data-section-id=\"xfd4zd\" data-start=\"136\" data-end=\"204\">\ud83d\udce6 Drobna elektronika z Anglii (UK) \u2013 Amazon Returns, A\u2013B, 100 kg<\/h2>\n<p data-start=\"206\" data-end=\"368\"><strong>Mix drobnej elektroniki z Anglii (UK)<\/strong> to gotowe rozwi\u0105zanie dla e-commerce, sprzeda\u017cy hurtowej oraz reseller\u00f3w, kt\u00f3rzy chc\u0105 sprzedawa\u0107 produkty o szybkim obrocie.<\/p>\n<p data-start=\"370\" data-end=\"541\">Drobna elektronika (UK) pochodzi ze zwrot\u00f3w konsumenckich Amazon (Amazon Returns) i zawiera du\u017c\u0105 ilo\u015b\u0107 drobnej elektroniki. Dzi\u0119ki temu mo\u017cesz kupi\u0107 towar taniej i sprzedawa\u0107 go z zyskiem.<\/p>\n<p data-start=\"543\" data-end=\"600\">Ka\u017cda paleta jest losowa \u2014 nie ma sta\u0142ej listy produkt\u00f3w.<\/p>\n<p data-start=\"543\" data-end=\"600\">\u0423\u0441\u0456 \u043c\u043e\u0434\u0435\u043b\u0456 \u043f\u0456\u0434\u0434\u043e\u043d\u0456\u0432 Amazon \u043c\u043e\u0436\u043d\u0430 \u0437\u043d\u0430\u0439\u0442\u0438 <a href=\"https:\/\/stockify24.pl\/uk\/sklep\/\"><strong>\u0442\u0443\u0442.<\/strong>.<\/a><\/p>\n<h2 data-section-id=\"1mxdqrh\" data-start=\"607\" data-end=\"650\">\u0412\u043c\u0456\u0441\u0442 \u043f\u0430\u043b\u0435\u0442\u0438 - \u0434\u0440\u0456\u0431\u043d\u0430 \u0435\u043b\u0435\u043a\u0442\u0440\u043e\u043d\u0456\u043a\u0430<\/h2>\n<p data-start=\"652\" data-end=\"715\">\u041d\u0430 \u043f\u0430\u043b\u0435\u0442\u0456 \u043c\u0456\u0441\u0442\u0438\u0442\u044c\u0441\u044f \u043f\u0440\u0438\u0431\u043b\u0438\u0437\u043d\u043e <strong data-start=\"681\" data-end=\"702\">150-200 \u043f\u0440\u043e\u0434\u0443\u043a\u0442\u0456\u0432<\/strong>, \u043d\u0430\u043f\u0440\u0438\u043a\u043b\u0430\u0434:<\/p>\n<ul data-start=\"717\" data-end=\"886\">\n<li data-section-id=\"2cko63\" data-start=\"717\" data-end=\"734\">\n<p data-start=\"719\" data-end=\"734\">GSM \u0430\u043a\u0441\u0435\u0441\u0443\u0430\u0440\u0438<\/p>\n<\/li>\n<li data-section-id=\"1i9syxa\" data-start=\"735\" data-end=\"756\">\n<p data-start=\"737\" data-end=\"756\">\u0437\u0430\u0440\u044f\u0434\u043d\u0456 \u043f\u0440\u0438\u0441\u0442\u0440\u043e\u0457 \u0442\u0430 \u043a\u0430\u0431\u0435\u043b\u0456<\/p>\n<\/li>\n<li data-section-id=\"13b61sv\" data-start=\"757\" data-end=\"782\">\n<p data-start=\"759\" data-end=\"782\">powerbanki i adaptery<\/p>\n<\/li>\n<li data-section-id=\"x5tve1\" data-start=\"783\" data-end=\"801\">\n<p data-start=\"785\" data-end=\"801\">USB-\u043f\u0440\u0438\u0441\u0442\u0440\u043e\u0457<\/p>\n<\/li>\n<li data-section-id=\"6uw8kl\" data-start=\"802\" data-end=\"827\">\n<p data-start=\"804\" data-end=\"827\">\u0435\u043b\u0435\u043a\u0442\u0440\u043e\u043d\u043d\u0456 \u0433\u0430\u0434\u0436\u0435\u0442\u0438<\/p>\n<\/li>\n<li data-section-id=\"1lxu5gy\" data-start=\"828\" data-end=\"854\">\n<p data-start=\"830\" data-end=\"854\">\u0442\u0435\u043b\u0435\u0444\u043e\u043d\u043d\u0456 \u0430\u043a\u0441\u0435\u0441\u0443\u0430\u0440\u0438<\/p>\n<\/li>\n<li data-section-id=\"4egyp1\" data-start=\"855\" data-end=\"886\">\n<p data-start=\"857\" data-end=\"886\">inne produkty elektroniczne<\/p>\n<\/li>\n<\/ul>\n<p data-start=\"888\" data-end=\"943\">\u041d\u0430 \u0435\u043b\u0435\u043a\u0442\u0440\u043e\u043d\u0456\u043a\u0443 \u043f\u0440\u0438\u043f\u0430\u0434\u0430\u0454 \u0431\u043b\u0438\u0437\u044c\u043a\u043e <strong data-start=\"917\" data-end=\"943\">\u0412\u043c\u0456\u0441\u0442 \u043f\u0430\u043b\u0435\u0442\u0438 100%<\/strong><\/p>\n<p data-start=\"945\" data-end=\"958\">\u0414\u0436\u0435\u0440\u0435\u043b\u043e \u0436\u0438\u0432\u043b\u0435\u043d\u043d\u044f:<\/p>\n<ul data-start=\"959\" data-end=\"1035\">\n<li data-section-id=\"1vi9vlz\" data-start=\"959\" data-end=\"1000\">\n<p data-start=\"961\" data-end=\"1000\">\u041f\u0440\u043e <strong data-start=\"967\" data-end=\"998\">10-25% \u043f\u043b\u0430\u0433\u0456\u043d\u0438<\/strong><\/p>\n<\/li>\n<li data-section-id=\"1y7vxq2\" data-start=\"1001\" data-end=\"1035\">\n<p data-start=\"1003\" data-end=\"1035\">\u0406\u043d\u0448\u0456 \u0434\u0456\u044e\u0442\u044c \u0447\u0435\u0440\u0435\u0437 <strong data-start=\"1028\" data-end=\"1035\">USB<\/strong><\/p>\n<\/li>\n<\/ul>\n<h2 data-section-id=\"1ez4tzo\" data-start=\"1042\" data-end=\"1064\">\ud83c\udd70\ufe0f\ud83c\udd71\ufe0f \u042f\u043a\u0456\u0441\u0442\u044c - A-B<\/h2>\n<p data-start=\"1066\" data-end=\"1100\">\u041f\u0440\u043e\u0434\u0443\u043a\u0442\u0438 \u0432 \u0446\u0456\u0439 \u043f\u0430\u043b\u0456\u0442\u0440\u0456 \u0432 \u043e\u0441\u043d\u043e\u0432\u043d\u043e\u043c\u0443:<\/p>\n<ul data-start=\"1102\" data-end=\"1230\">\n<li data-section-id=\"45617g\" data-start=\"1102\" data-end=\"1137\">\n<p data-start=\"1104\" data-end=\"1137\">\u043d\u043e\u0432\u0456 \u0430\u0431\u043e \u0432 \u0434\u0443\u0436\u0435 \u0445\u043e\u0440\u043e\u0448\u043e\u043c\u0443 \u0441\u0442\u0430\u043d\u0456<\/p>\n<\/li>\n<li data-section-id=\"1ydnmn3\" data-start=\"1138\" data-end=\"1174\">\n<p data-start=\"1140\" data-end=\"1174\">\u043c\u043e\u0436\u043b\u0438\u0432\u0456 \u043d\u0435\u0437\u043d\u0430\u0447\u043d\u0456 \u0441\u043b\u0456\u0434\u0438 \u0432\u0438\u043a\u043e\u0440\u0438\u0441\u0442\u0430\u043d\u043d\u044f<\/p>\n<\/li>\n<li data-section-id=\"fy9i6y\" data-start=\"1175\" data-end=\"1230\">\n<p data-start=\"1177\" data-end=\"1230\">\u043c\u043e\u0436\u043b\u0438\u0432\u0430 \u043d\u0435\u0432\u0435\u043b\u0438\u043a\u0430 \u043a\u0456\u043b\u044c\u043a\u0456\u0441\u0442\u044c \u043f\u0440\u043e\u0434\u0443\u043a\u0442\u0456\u0432 \u043a\u043b\u0430\u0441\u0443 C (\u0434\u043e 5-7%)<\/p>\n<\/li>\n<\/ul>\n<p data-start=\"1232\" data-end=\"1257\">\u0422\u043e\u0432\u0430\u0440 \u043d\u0435 \u0442\u0435\u0441\u0442\u0443\u0454\u0442\u044c\u0441\u044f.<\/p>\n<h2 data-section-id=\"1mp0th9\" data-start=\"1264\" data-end=\"1279\">\ud83d\udcd0 \u041f\u0430\u0440\u0430\u043c\u0435\u0442\u0440\u0438<\/h2>\n<ul data-start=\"1281\" data-end=\"1436\">\n<li data-section-id=\"6t1g2j\" data-start=\"1281\" data-end=\"1307\">\n<p data-start=\"1283\" data-end=\"1307\">\u0447\u0438\u0441\u0442\u0430 \u0432\u0430\u0433\u0430: <strong data-start=\"1295\" data-end=\"1305\">100 \u043a\u0433<\/strong><\/p>\n<\/li>\n<li data-section-id=\"usyt7n\" data-start=\"1308\" data-end=\"1344\">\n<p data-start=\"1310\" data-end=\"1344\">\u0432\u0438\u0441\u043e\u0442\u0430 \u043f\u0456\u0434\u0434\u043e\u043d\u0443:<strong data-start=\"1327\" data-end=\"1342\">\u00a060 \u0441\u043c<\/strong><\/p>\n<\/li>\n<li data-section-id=\"y43syn\" data-start=\"1345\" data-end=\"1387\">\n<p data-start=\"1347\" data-end=\"1387\">\u043a\u0456\u043b\u044c\u043a\u0456\u0441\u0442\u044c \u043f\u0440\u043e\u0434\u0443\u043a\u0442\u0456\u0432: <strong data-start=\"1364\" data-end=\"1385\">\u043f\u0440\u0438\u0431\u043b\u0438\u0437\u043d\u043e 150-200 \u0448\u0442\u0443\u043a<\/strong><\/p>\n<\/li>\n<li data-section-id=\"1ojh24c\" data-start=\"1388\" data-end=\"1409\">\n<p data-start=\"1390\" data-end=\"1409\">\u043a\u043e\u043c\u043f\u043e\u0437\u0438\u0446\u0456\u044f: <strong data-start=\"1397\" data-end=\"1407\">\u0432\u0438\u043f\u0430\u0434\u043a\u043e\u0432\u0438\u0439<\/strong><\/p>\n<\/li>\n<li data-section-id=\"dhswn8\" data-start=\"1410\" data-end=\"1436\">\n<p data-start=\"1412\" data-end=\"1436\">\u043d\u0430 \u043a\u043e\u0436\u043d\u0443 \u043f\u0430\u043b\u0435\u0442\u0443: <strong data-start=\"1426\" data-end=\"1434\">\u0456\u043d\u0448\u0438\u0439<\/strong><\/p>\n<\/li>\n<\/ul>\n<p data-start=\"1438\" data-end=\"1466\">\u0412\u043c\u0456\u0441\u0442 \u0437\u0430\u043b\u0435\u0436\u0438\u0442\u044c \u0432\u0456\u0434 \u0434\u043e\u0441\u0442\u0430\u0432\u043a\u0438.<\/p>\n<h2 data-section-id=\"1nzb8um\" data-start=\"2048\" data-end=\"2088\">\ud83d\udcbc \u0412\u0438\u043a\u043e\u0440\u0438\u0441\u0442\u0430\u043d\u043d\u044f \u0432 \u0435\u043b\u0435\u043a\u0442\u0440\u043e\u043d\u043d\u0456\u0439 \u043a\u043e\u043c\u0435\u0440\u0446\u0456\u0457 \u0442\u0430 \u0442\u043e\u0440\u0433\u0456\u0432\u043b\u0456<\/h2>\n<p data-start=\"2090\" data-end=\"2179\"><strong>Mix drobnej elektroniki z Anglii (UK)<\/strong> Amazon sprawdza si\u0119 w modelach sprzeda\u017cy opartych na ilo\u015bci i rotacji:<\/p>\n<ul data-start=\"2181\" data-end=\"2344\">\n<li data-section-id=\"1c1wa51\" data-start=\"2181\" data-end=\"2224\">\u0440\u043e\u0437\u043f\u0440\u043e\u0434\u0430\u0436 \u0437\u0430 \u0430\u0434\u0440\u0435\u0441\u043e\u044e <a href=\"https:\/\/allegro.pl\/\" target=\"_blank\" rel=\"noopener\">Allegro<\/a>, <a href=\"https:\/\/www.olx.pl\/\" target=\"_blank\" rel=\"noopener\">OLX<\/a>, <a href=\"https:\/\/www.ebay.com\/\" target=\"_blank\" rel=\"noopener\">eBay<\/a>, <a href=\"https:\/\/www.amazon.com\/\" target=\"_blank\" rel=\"noopener\">\u0410\u043c\u0430\u0437\u043e\u043d\u043a\u0430<\/a><\/li>\n<li data-section-id=\"1fmpn86\" data-start=\"2225\" data-end=\"2247\">\u0456\u043d\u0442\u0435\u0440\u043d\u0435\u0442-\u043c\u0430\u0433\u0430\u0437\u0438\u043d\u0438<\/li>\n<li data-section-id=\"gynsj7\" data-start=\"2248\" data-end=\"2281\">\u0440\u043e\u0437\u0434\u0440\u0456\u0431\u043d\u0430 \u0442\u0430 \u043e\u043f\u0442\u043e\u0432\u0430 \u0442\u043e\u0440\u0433\u0456\u0432\u043b\u044f<\/li>\n<li data-section-id=\"161gjv4\" data-start=\"2282\" data-end=\"2320\">\u0440\u043e\u0437\u0432\u0438\u0442\u043e\u043a \u0432\u043b\u0430\u0441\u043d\u043e\u0433\u043e \u0441\u043a\u043b\u0430\u0434\u0443 \u043f\u0440\u043e\u0434\u0443\u043a\u0446\u0456\u0457<\/li>\n<li data-section-id=\"1fuo8gv\" data-start=\"2321\" data-end=\"2344\">\u043f\u0440\u043e\u0434\u043e\u0432\u0436\u0435\u043d\u043d\u044f \u043f\u0440\u043e\u043f\u043e\u0437\u0438\u0446\u0456\u0457<\/li>\n<\/ul>\n<p data-start=\"2346\" data-end=\"2462\">\u0426\u0435 \u0440\u0456\u0448\u0435\u043d\u043d\u044f \u0434\u043e\u0437\u0432\u043e\u043b\u044f\u0454 \u0437\u0431\u0456\u043b\u044c\u0448\u0438\u0442\u0438 \u043a\u0456\u043b\u044c\u043a\u0456\u0441\u0442\u044c \u043f\u0440\u043e\u0434\u0443\u043a\u0442\u0456\u0432 \u0456 \u043f\u043e\u043a\u0440\u0430\u0449\u0438\u0442\u0438 \u043f\u043e\u043a\u0430\u0437\u043d\u0438\u043a\u0438 \u043f\u0440\u043e\u0434\u0430\u0436\u0456\u0432 \u0431\u0435\u0437 \u0437\u0431\u0456\u043b\u044c\u0448\u0435\u043d\u043d\u044f \u0432\u0438\u0442\u0440\u0430\u0442 \u043d\u0430 \u043e\u0434\u0438\u043d\u0438\u0446\u044e \u043f\u0440\u043e\u0434\u0443\u043a\u0446\u0456\u0457.<\/p>\n<h2 data-section-id=\"gfj1y1\" data-start=\"1754\" data-end=\"1767\">\ud83d\ude9a \u0414\u043e\u0441\u0442\u0430\u0432\u043a\u0430<\/h2>\n<ul data-start=\"1769\" data-end=\"1836\">\n<li data-section-id=\"10nvshm\" data-start=\"1769\" data-end=\"1789\">\n<p data-start=\"1771\" data-end=\"1789\">\u0434\u043e\u0441\u0442\u0430\u0432\u043a\u0430 \u0437 \u0404\u0432\u0440\u043e\u043f\u0438<\/p>\n<\/li>\n<li data-section-id=\"wz2p5c\" data-start=\"1790\" data-end=\"1811\">\n<p data-start=\"1792\" data-end=\"1811\">\u0448\u0432\u0438\u0434\u043a\u0435 \u0432\u043f\u0440\u043e\u0432\u0430\u0434\u0436\u0435\u043d\u043d\u044f<\/p>\n<\/li>\n<li data-section-id=\"1qo0dyy\" data-start=\"1812\" data-end=\"1836\">\n<p data-start=\"1814\" data-end=\"1836\">\u043d\u0430\u0434\u0456\u0439\u043d\u0435 \u043f\u0430\u043a\u0443\u0432\u0430\u043d\u043d\u044f<\/p>\n<\/li>\n<\/ul>\n<h2 data-section-id=\"opmkg3\" data-start=\"1843\" data-end=\"1869\">\u2139\ufe0f \u0414\u043e\u0434\u0430\u0442\u043a\u043e\u0432\u0430 \u0456\u043d\u0444\u043e\u0440\u043c\u0430\u0446\u0456\u044f<\/h2>\n<ul data-start=\"1871\" data-end=\"2013\">\n<li data-section-id=\"oo8lin\" data-start=\"1871\" data-end=\"1910\">\n<p data-start=\"1873\" data-end=\"1910\">\u043d\u0435\u0441\u043e\u0440\u0442\u043e\u0432\u0430\u043d\u0456 \u0442\u043e\u0432\u0430\u0440\u0438 (Amazon Returns)<\/p>\n<\/li>\n<li data-section-id=\"1tr3r5o\" data-start=\"1911\" data-end=\"1940\">\n<p data-start=\"1913\" data-end=\"1940\">\u0432\u0456\u0434\u0441\u0443\u0442\u043d\u0456\u0441\u0442\u044c \u0442\u0435\u0441\u0442\u0443\u0432\u0430\u043d\u043d\u044f \u043f\u0440\u043e\u0434\u0443\u043a\u0442\u0443<\/p>\n<\/li>\n<li data-section-id=\"iag8fx\" data-start=\"1941\" data-end=\"1980\">\n<p data-start=\"1943\" data-end=\"1980\">\u043c\u043e\u0436\u043b\u0438\u0432\u0430 \u0434\u043e\u043c\u0456\u0448\u043a\u0430 \u043a\u043b\u0430\u0441\u0443 \u0421 (\u0434\u043e 5-71\u0422\u041f3\u0422)<\/p>\n<\/li>\n<li data-section-id=\"zia6d9\" data-start=\"1981\" data-end=\"2013\">\n<p data-start=\"1983\" data-end=\"2013\">\u043a\u043e\u0436\u043d\u0430 \u043f\u0430\u043b\u0435\u0442\u0430 \u0432\u0438\u043f\u0430\u0434\u043a\u043e\u0432\u0438\u043c \u0447\u0438\u043d\u043e\u043c \u0443\u043f\u0430\u043a\u043e\u0432\u0430\u043d\u0430<\/p>\n<\/li>\n<\/ul>\n<h2 data-section-id=\"1915pio\" data-start=\"2020\" data-end=\"2042\">\ud83d\udcf8 \u0424\u043e\u0442\u043e\u0433\u0440\u0430\u0444\u0456\u0457 \u043f\u0440\u043e\u0434\u0443\u043a\u0446\u0456\u0457<\/h2>\n<p data-start=\"2044\" data-end=\"2121\">\u0424\u043e\u0442\u043e\u0433\u0440\u0430\u0444\u0456\u0457 \u0454 \u0456\u043b\u044e\u0441\u0442\u0440\u0430\u0442\u0438\u0432\u043d\u0438\u043c\u0438 \u0456 \u043f\u043e\u043a\u0430\u0437\u0443\u044e\u0442\u044c \u0437\u0440\u0430\u0437\u043e\u043a \u043f\u043e\u0454\u0434\u043d\u0430\u043d\u043d\u044f \u0432\u0438\u0448\u0443\u043a\u0430\u043d\u043e\u0457 \u0435\u043b\u0435\u043a\u0442\u0440\u043e\u043d\u0456\u043a\u0438 \u0437 \u0410\u043d\u0433\u043b\u0456\u0457.<\/p>","protected":false},"excerpt":{"rendered":"<p class=\"p1\">\u26a1 Oko\u0142o 100% elektroniki<\/p>\n<p class=\"p1\">\ud83c\uddec\ud83c\udde7 UK<\/p>\n<p class=\"p1\">\ud83d\udd25 Amazon Returns<\/p>\n<p class=\"p1\" style=\"text-align: left;\">\u2714\ufe0f Jako\u015b\u0107 A\u2013B<\/p>","protected":false},"featured_media":50496,"comment_status":"open","ping_status":"closed","template":"","meta":{"_acf_changed":false},"product_brand":[],"product_cat":[1258,1282],"product_tag":[1280],"class_list":{"0":"post-50495","1":"product","2":"type-product","3":"status-publish","4":"has-post-thumbnail","6":"product_cat-amazon-paleta","7":"product_cat-drobna-elektronika-uk-amazon-returns-ab","8":"product_tag-paleta-mix-elektroniki-z-anglii","10":"first","11":"instock","12":"sold-individually","13":"taxable","14":"shipping-taxable","15":"purchasable","16":"product-type-simple"},"acf":[],"_links":{"self":[{"href":"https:\/\/stockify24.pl\/uk\/wp-json\/wp\/v2\/product\/50495","targetHints":{"allow":["GET"]}}],"collection":[{"href":"https:\/\/stockify24.pl\/uk\/wp-json\/wp\/v2\/product"}],"about":[{"href":"https:\/\/stockify24.pl\/uk\/wp-json\/wp\/v2\/types\/product"}],"replies":[{"embeddable":true,"href":"https:\/\/stockify24.pl\/uk\/wp-json\/wp\/v2\/comments?post=50495"}],"wp:featuredmedia":[{"embeddable":true,"href":"https:\/\/stockify24.pl\/uk\/wp-json\/wp\/v2\/media\/50496"}],"wp:attachment":[{"href":"https:\/\/stockify24.pl\/uk\/wp-json\/wp\/v2\/media?parent=50495"}],"wp:term":[{"taxonomy":"product_brand","embeddable":true,"href":"https:\/\/stockify24.pl\/uk\/wp-json\/wp\/v2\/product_brand?post=50495"},{"taxonomy":"product_cat","embeddable":true,"href":"https:\/\/stockify24.pl\/uk\/wp-json\/wp\/v2\/product_cat?post=50495"},{"taxonomy":"product_tag","embeddable":true,"href":"https:\/\/stockify24.pl\/uk\/wp-json\/wp\/v2\/product_tag?post=50495"}],"curies":[{"name":"wp","href":"https:\/\/api.w.org\/{rel}","templated":true}]}}