{"id":50505,"date":"2026-03-20T15:05:53","date_gmt":"2026-03-20T14:05:53","guid":{"rendered":"https:\/\/stockify24.pl\/?post_type=product&#038;p=50505"},"modified":"2026-03-30T12:38:13","modified_gmt":"2026-03-30T11:38:13","slug":"drobna-elektronika-uk-a-b-15","status":"publish","type":"product","link":"https:\/\/stockify24.pl\/uk\/product\/drobna-elektronika-uk-a-b-15\/","title":{"rendered":"\u0414\u0440\u0456\u0431\u043d\u0430 \u0435\u043b\u0435\u043a\u0442\u0440\u043e\u043d\u0456\u043a\u0430 (\u0412\u0435\u043b\u0438\u043a\u043e\u0431\u0440\u0438\u0442\u0430\u043d\u0456\u044f) | A-B | #15"},"content":{"rendered":"<div class=\"flex flex-col text-sm pb-25\">\n<section class=\"text-token-text-primary w-full focus:outline-none [--shadow-height:45px] has-data-writing-block:pointer-events-none has-data-writing-block:-mt-(--shadow-height) has-data-writing-block:pt-(--shadow-height) [&amp;:has([data-writing-block])&gt;*]:pointer-events-auto scroll-mt-[calc(var(--header-height)+min(200px,max(70px,20svh)))]\" dir=\"auto\" data-turn-id=\"request-69b8245d-0030-838e-b654-ccb872ba6f51-25\" data-testid=\"conversation-turn-200\" data-scroll-anchor=\"true\" data-turn=\"assistant\">\n<div class=\"text-base my-auto mx-auto pb-10 [--thread-content-margin:var(--thread-content-margin-xs,calc(var(--spacing)*4))] @w-sm\/main:[--thread-content-margin:var(--thread-content-margin-sm,calc(var(--spacing)*6))] @w-lg\/main:[--thread-content-margin:var(--thread-content-margin-lg,calc(var(--spacing)*16))] px-(--thread-content-margin)\">\n<div class=\"[--thread-content-max-width:40rem] @w-lg\/main:[--thread-content-max-width:48rem] mx-auto max-w-(--thread-content-max-width) flex-1 group\/turn-messages focus-visible:outline-hidden relative flex w-full min-w-0 flex-col agent-turn\">\n<div class=\"flex max-w-full flex-col gap-4 grow\">\n<div class=\"min-h-8 text-message relative flex w-full flex-col items-end gap-2 text-start break-words whitespace-normal outline-none keyboard-focused:focus-ring [.text-message+&amp;]:mt-1\" dir=\"auto\" tabindex=\"0\" data-message-author-role=\"assistant\" data-message-id=\"ed8abcdd-be0d-4615-88f1-9a47a52c2d16\" data-message-model-slug=\"gpt-5-3\" data-turn-start-message=\"true\">\n<div class=\"flex w-full flex-col gap-1 empty:hidden\">\n<div class=\"markdown prose dark:prose-invert w-full wrap-break-word dark markdown-new-styling\">\n<div class=\"flex h-svh w-screen flex-col\">\n<div class=\"relative z-0 flex min-h-0 w-full flex-1\">\n<div class=\"relative flex min-h-0 w-full flex-1\">\n<div class=\"@container\/main relative flex min-w-0 flex-1 flex-col -translate-y-[calc(env(safe-area-inset-bottom,0px)\/2)] pt-[calc(env(safe-area-inset-bottom,0px)\/2)]\">\n<div class=\"@w-sm\/main:[scrollbar-gutter:var(--stage-scroll-gutter)] touch:[scrollbar-width:none] group\/scroll-root relative flex min-h-0 min-w-0 flex-1 flex-col [scrollbar-gutter:stable] not-print:overflow-x-clip not-print:overflow-y-auto group-data-stream-active\/scroll-root:[overflow-anchor:none] scroll-pt-(--header-height) [--sticky-padding-top:var(--header-height)] [--sticky-padding-bottom:0px] [--scroll-root-safe-area-inset-top:calc(var(--sticky-padding-top)+env(safe-area-inset-top,0px))] [--scroll-root-safe-area-inset-bottom:calc(var(--sticky-padding-bottom)+var(--screen-keyboard-height,0px)+env(safe-area-inset-bottom,0px))] [--scroll-root-safe-area-height:calc(100lvh-var(--scroll-root-safe-area-inset-top)-var(--scroll-root-safe-area-inset-bottom))] has-data-[fixed-header=less-than-xl]:@w-xl\/main:scroll-pt-0 has-data-[fixed-header=less-than-xl]:@w-xl\/main:[--sticky-padding-top:0px] has-data-[fixed-header=less-than-xxl]:@w-2xl\/main:scroll-pt-0 has-data-[fixed-header=less-than-xxl]:@w-2xl\/main:[--sticky-padding-top:0px]\" data-scroll-root=\"\" data-scroll-from-top=\"\">\n<h2><span style=\"font-family: -apple-system, BlinkMacSystemFont, 'Segoe UI', Roboto, 'Helvetica Neue', Arial, 'Noto Sans', sans-serif, 'Apple Color Emoji', 'Segoe UI Emoji', 'Segoe UI Symbol', 'Noto Color Emoji';\">\ud83d\udce6 Drobna elektronika z Anglii (UK) \u2013 Amazon Returns, A\u2013B, 101 kg<\/span><\/h2>\n<div id=\"thread\" class=\"group\/thread flex flex-col min-h-full\">\n<div class=\"composer-parent flex flex-1 flex-col focus-visible:outline-0\" role=\"presentation\">\n<div class=\"relative basis-auto flex-col -mb-(--composer-overlap-px) pb-(--composer-overlap-px) [--composer-overlap-px:28px] grow flex\">\n<div class=\"flex flex-col text-sm pb-25\">\n<section class=\"text-token-text-primary w-full focus:outline-none [--shadow-height:45px] has-data-writing-block:pointer-events-none has-data-writing-block:-mt-(--shadow-height) has-data-writing-block:pt-(--shadow-height) [&amp;:has([data-writing-block])&gt;*]:pointer-events-auto scroll-mt-[calc(var(--header-height)+min(200px,max(70px,20svh)))]\" dir=\"auto\" data-turn-id=\"request-69b8245d-0030-838e-b654-ccb872ba6f51-27\" data-testid=\"conversation-turn-204\" data-scroll-anchor=\"true\" data-turn=\"assistant\">\n<div class=\"text-base my-auto mx-auto pb-10 [--thread-content-margin:var(--thread-content-margin-xs,calc(var(--spacing)*4))] @w-sm\/main:[--thread-content-margin:var(--thread-content-margin-sm,calc(var(--spacing)*6))] @w-lg\/main:[--thread-content-margin:var(--thread-content-margin-lg,calc(var(--spacing)*16))] px-(--thread-content-margin)\">\n<div class=\"[--thread-content-max-width:40rem] @w-lg\/main:[--thread-content-max-width:48rem] mx-auto max-w-(--thread-content-max-width) flex-1 group\/turn-messages focus-visible:outline-hidden relative flex w-full min-w-0 flex-col agent-turn\">\n<div class=\"flex max-w-full flex-col gap-4 grow\">\n<div class=\"min-h-8 text-message relative flex w-full flex-col items-end gap-2 text-start break-words whitespace-normal outline-none keyboard-focused:focus-ring [.text-message+&amp;]:mt-1\" dir=\"auto\" tabindex=\"0\" data-message-author-role=\"assistant\" data-message-id=\"f82d3c3d-c655-451c-a5ca-c3a5ec511dad\" data-message-model-slug=\"gpt-5-3\" data-turn-start-message=\"true\">\n<div class=\"flex w-full flex-col gap-1 empty:hidden\">\n<div class=\"markdown prose dark:prose-invert w-full wrap-break-word dark markdown-new-styling\">\n<p data-start=\"70\" data-end=\"197\">Mix drobnej elektroniki z Anglii (UK) to dobre rozwi\u0105zanie dla os\u00f3b, kt\u00f3re sprzedaj\u0105 online i potrzebuj\u0105 towaru z du\u017c\u0105 rotacj\u0105.<\/p>\n<p data-start=\"199\" data-end=\"371\">Paleta pochodzi ze zwrot\u00f3w Amazon (Amazon Returns) i zawiera du\u017c\u0105 ilo\u015b\u0107 drobnych produkt\u00f3w elektronicznych. Dzi\u0119ki temu mo\u017cesz kupi\u0107 towar taniej i sprzedawa\u0107 go z zyskiem.<\/p>\n<p data-start=\"373\" data-end=\"442\">Ka\u017cda paleta ma losowy sk\u0142ad \u2014 produkty r\u00f3\u017cni\u0105 si\u0119 w ka\u017cdej dostawie.<\/p>\n<h2 data-section-id=\"1qdu6nw\" data-start=\"449\" data-end=\"478\">\ud83d\udd0c Co znajdziesz w palecie<\/h2>\n<p data-start=\"480\" data-end=\"543\">W \u015brodku znajduje si\u0119 oko\u0142o <strong data-start=\"508\" data-end=\"529\">150\u2013200 produkt\u00f3w<\/strong>, najcz\u0119\u015bciej:<\/p>\n<ul data-start=\"545\" data-end=\"678\">\n<li data-section-id=\"1lxu5gy\" data-start=\"545\" data-end=\"571\">\n<p data-start=\"547\" data-end=\"571\">akcesoria do telefon\u00f3w<\/p>\n<\/li>\n<li data-section-id=\"1i9syxa\" data-start=\"572\" data-end=\"593\">\n<p data-start=\"574\" data-end=\"593\">\u0142adowarki i kable<\/p>\n<\/li>\n<li data-section-id=\"l9fl3s\" data-start=\"594\" data-end=\"608\">\n<p data-start=\"596\" data-end=\"608\">powerbanki<\/p>\n<\/li>\n<li data-section-id=\"x5tve1\" data-start=\"609\" data-end=\"627\">\n<p data-start=\"611\" data-end=\"627\">urz\u0105dzenia USB<\/p>\n<\/li>\n<li data-section-id=\"6uw8kl\" data-start=\"628\" data-end=\"653\">\n<p data-start=\"630\" data-end=\"653\">gad\u017cety elektroniczne<\/p>\n<\/li>\n<li data-section-id=\"get86m\" data-start=\"654\" data-end=\"678\">\n<p data-start=\"656\" data-end=\"678\">inne drobne produkty<\/p>\n<\/li>\n<\/ul>\n<p data-start=\"680\" data-end=\"728\">\ud83d\udcca Elektronika stanowi oko\u0142o <strong data-start=\"709\" data-end=\"728\">100% zawarto\u015bci<\/strong><\/p>\n<p data-start=\"730\" data-end=\"743\">\ud83d\udd0c Zasilanie:<\/p>\n<ul data-start=\"745\" data-end=\"828\">\n<li data-section-id=\"1xyi4ky\" data-start=\"745\" data-end=\"793\">\n<p data-start=\"747\" data-end=\"793\">oko\u0142o <strong data-start=\"753\" data-end=\"791\">10\u201325% produkt\u00f3w dzia\u0142a na wtyczk\u0119<\/strong><\/p>\n<\/li>\n<li data-section-id=\"1y7vxq2\" data-start=\"794\" data-end=\"828\">\n<p data-start=\"796\" data-end=\"828\">pozosta\u0142e dzia\u0142aj\u0105 przez <strong data-start=\"821\" data-end=\"828\">USB<\/strong><\/p>\n<\/li>\n<\/ul>\n<h2 data-section-id=\"uwzduz\" data-start=\"835\" data-end=\"859\">\ud83c\udd70\ufe0f\ud83c\udd71\ufe0f Stan produkt\u00f3w<\/h2>\n<p data-start=\"861\" data-end=\"886\">Produkty s\u0105 w klasie A\u2013B:<\/p>\n<ul data-start=\"888\" data-end=\"1031\">\n<li data-section-id=\"1qqnphi\" data-start=\"888\" data-end=\"938\">\n<p data-start=\"890\" data-end=\"938\">wi\u0119kszo\u015b\u0107 jest nowa lub w bardzo dobrym stanie<\/p>\n<\/li>\n<li data-section-id=\"1ydnmn3\" data-start=\"939\" data-end=\"975\">\n<p data-start=\"941\" data-end=\"975\">mo\u017cliwe lekkie \u015blady u\u017cytkowania<\/p>\n<\/li>\n<li data-section-id=\"fy9i6y\" data-start=\"976\" data-end=\"1031\">\n<p data-start=\"978\" data-end=\"1031\">mo\u017cliwa niewielka ilo\u015b\u0107 produkt\u00f3w klasy C (do 5\u20137%)<\/p>\n<\/li>\n<\/ul>\n<p data-start=\"1033\" data-end=\"1058\">Towar nie jest testowany.<\/p>\n<h2 data-section-id=\"1mp0th9\" data-start=\"1065\" data-end=\"1080\">\ud83d\udcd0 Parametry<\/h2>\n<ul data-start=\"1082\" data-end=\"1206\">\n<li data-section-id=\"1bxtfby\" data-start=\"1082\" data-end=\"1102\">\n<p data-start=\"1084\" data-end=\"1102\">waga: <strong data-start=\"1090\" data-end=\"1100\">101 kg<\/strong><\/p>\n<\/li>\n<li data-section-id=\"usyt7n\" data-start=\"1103\" data-end=\"1139\">\n<p data-start=\"1105\" data-end=\"1139\">wysoko\u015b\u0107 palety:<strong data-start=\"1122\" data-end=\"1137\">\u00a060 cm<\/strong><\/p>\n<\/li>\n<li data-section-id=\"orn8dv\" data-start=\"1140\" data-end=\"1184\">\n<p data-start=\"1142\" data-end=\"1184\">ilo\u015b\u0107 produkt\u00f3w: <strong data-start=\"1159\" data-end=\"1182\">oko\u0142o 150\u2013200 sztuk<\/strong><\/p>\n<\/li>\n<li data-section-id=\"1ojh24c\" data-start=\"1185\" data-end=\"1206\">\n<p data-start=\"1187\" data-end=\"1206\">sk\u0142ad: <strong data-start=\"1194\" data-end=\"1204\">losowy<\/strong><\/p>\n<\/li>\n<\/ul>\n<p data-start=\"1208\" data-end=\"1231\">Ka\u017cda paleta jest inna.<\/p>\n<h2 data-section-id=\"12z5qn1\" data-start=\"1238\" data-end=\"1263\">\ud83d\udcbc Do czego si\u0119 nadaje<\/h2>\n<p data-start=\"1265\" data-end=\"1295\">Ta paleta sprawdzi si\u0119, je\u015bli:<\/p>\n<ul data-start=\"1297\" data-end=\"1445\">\n<li data-section-id=\"r6u54p\" data-start=\"1297\" data-end=\"1336\">\n<p data-start=\"1299\" data-end=\"1336\">sprzedajesz na lub innych platformach (<a style=\"font-family: -apple-system, BlinkMacSystemFont, &#039;Segoe UI&#039;, Roboto, &#039;Helvetica Neue&#039;, Arial, &#039;Noto Sans&#039;, sans-serif, &#039;Apple Color Emoji&#039;, &#039;Segoe UI Emoji&#039;, &#039;Segoe UI Symbol&#039;, &#039;Noto Color Emoji&#039;;\" href=\"https:\/\/allegro.pl\/\" target=\"_blank\" rel=\"noopener\">Allegro<\/a><span style=\"font-family: -apple-system, BlinkMacSystemFont, 'Segoe UI', Roboto, 'Helvetica Neue', Arial, 'Noto Sans', sans-serif, 'Apple Color Emoji', 'Segoe UI Emoji', 'Segoe UI Symbol', 'Noto Color Emoji';\">, <\/span><a style=\"font-family: -apple-system, BlinkMacSystemFont, &#039;Segoe UI&#039;, Roboto, &#039;Helvetica Neue&#039;, Arial, &#039;Noto Sans&#039;, sans-serif, &#039;Apple Color Emoji&#039;, &#039;Segoe UI Emoji&#039;, &#039;Segoe UI Symbol&#039;, &#039;Noto Color Emoji&#039;;\" href=\"https:\/\/www.olx.pl\/\" target=\"_blank\" rel=\"noopener\">OLX<\/a><span style=\"font-family: -apple-system, BlinkMacSystemFont, 'Segoe UI', Roboto, 'Helvetica Neue', Arial, 'Noto Sans', sans-serif, 'Apple Color Emoji', 'Segoe UI Emoji', 'Segoe UI Symbol', 'Noto Color Emoji';\">, <\/span><a style=\"font-family: -apple-system, BlinkMacSystemFont, &#039;Segoe UI&#039;, Roboto, &#039;Helvetica Neue&#039;, Arial, &#039;Noto Sans&#039;, sans-serif, &#039;Apple Color Emoji&#039;, &#039;Segoe UI Emoji&#039;, &#039;Segoe UI Symbol&#039;, &#039;Noto Color Emoji&#039;;\" href=\"https:\/\/www.ebay.com\/\" target=\"_blank\" rel=\"noopener\">eBay<\/a><span style=\"font-family: -apple-system, BlinkMacSystemFont, 'Segoe UI', Roboto, 'Helvetica Neue', Arial, 'Noto Sans', sans-serif, 'Apple Color Emoji', 'Segoe UI Emoji', 'Segoe UI Symbol', 'Noto Color Emoji';\">, <\/span><a style=\"font-family: -apple-system, BlinkMacSystemFont, &#039;Segoe UI&#039;, Roboto, &#039;Helvetica Neue&#039;, Arial, &#039;Noto Sans&#039;, sans-serif, &#039;Apple Color Emoji&#039;, &#039;Segoe UI Emoji&#039;, &#039;Segoe UI Symbol&#039;, &#039;Noto Color Emoji&#039;;\" href=\"https:\/\/www.amazon.com\/\" target=\"_blank\" rel=\"noopener\">Amazon)<\/a><\/p>\n<\/li>\n<li data-section-id=\"hub89i\" data-start=\"1337\" data-end=\"1369\">\n<p data-start=\"1339\" data-end=\"1369\">prowadzisz sklep internetowy<\/p>\n<\/li>\n<li data-section-id=\"1oplhzt\" data-start=\"1370\" data-end=\"1411\">\n<p data-start=\"1372\" data-end=\"1411\">chcesz sprzedawa\u0107 produkty pojedynczo<\/p>\n<\/li>\n<li data-section-id=\"1kcg4ab\" data-start=\"1412\" data-end=\"1445\">\n<p data-start=\"1414\" data-end=\"1445\">szukasz towaru do odsprzeda\u017cy<\/p>\n<\/li>\n<\/ul>\n<p data-start=\"1447\" data-end=\"1502\">Du\u017ca ilo\u015b\u0107 produkt\u00f3w pozwala szybko zwi\u0119kszy\u0107 sprzeda\u017c.<\/p>\n<p data-start=\"1447\" data-end=\"1502\">Wszystkie modele palet Amazon mo\u017cna znale\u017a\u0107 <a href=\"https:\/\/stockify24.pl\/sklep\/\"><strong>tutaj<\/strong>.<\/a><\/p>\n<h2 data-section-id=\"gfj1y1\" data-start=\"1509\" data-end=\"1522\">\ud83d\ude9a Dostawa<\/h2>\n<ul data-start=\"1524\" data-end=\"1591\">\n<li data-section-id=\"10nvshm\" data-start=\"1524\" data-end=\"1544\">\n<p data-start=\"1526\" data-end=\"1544\">wysy\u0142ka z Europy<\/p>\n<\/li>\n<li data-section-id=\"wz2p5c\" data-start=\"1545\" data-end=\"1566\">\n<p data-start=\"1547\" data-end=\"1566\">szybka realizacja<\/p>\n<\/li>\n<li data-section-id=\"1qo0dyy\" data-start=\"1567\" data-end=\"1591\">\n<p data-start=\"1569\" data-end=\"1591\">bezpieczne pakowanie<\/p>\n<\/li>\n<\/ul>\n<h2 data-section-id=\"p6kgem\" data-start=\"1598\" data-end=\"1620\">\u2139\ufe0f Wa\u017cne informacje<\/h2>\n<ul data-start=\"1622\" data-end=\"1764\">\n<li data-section-id=\"oo8lin\" data-start=\"1622\" data-end=\"1661\">\n<p data-start=\"1624\" data-end=\"1661\">towar niesortowany (Amazon Returns)<\/p>\n<\/li>\n<li data-section-id=\"1bi9krm\" data-start=\"1662\" data-end=\"1691\">\n<p data-start=\"1664\" data-end=\"1691\">produkty nie s\u0105 testowane<\/p>\n<\/li>\n<li data-section-id=\"iag8fx\" data-start=\"1692\" data-end=\"1731\">\n<p data-start=\"1694\" data-end=\"1731\">mo\u017cliwa domieszka klasy C (do 5\u20137%)<\/p>\n<\/li>\n<li data-section-id=\"zia6d9\" data-start=\"1732\" data-end=\"1764\">\n<p data-start=\"1734\" data-end=\"1764\">ka\u017cda paleta pakowana losowo<\/p>\n<\/li>\n<\/ul>\n<h2 data-section-id=\"1915pio\" data-start=\"1771\" data-end=\"1793\">\ud83d\udcf8 Zdj\u0119cia produktu<\/h2>\n<p data-start=\"1795\" data-end=\"1856\" data-is-last-node=\"\" data-is-only-node=\"\">Zdj\u0119cia s\u0105 pogl\u0105dowe i pokazuj\u0105 przyk\u0142adow\u0105 zawarto\u015b\u0107 palety.<\/p>\n<\/div>\n<\/div>\n<\/div>\n<\/div>\n<\/div>\n<\/div>\n<\/section>\n<\/div>\n<\/div>\n<\/div>\n<\/div>\n<p>&nbsp;<\/p>\n<\/div>\n<\/div>\n<\/div>\n<\/div>\n<\/div>\n<\/div>\n<\/div>\n<\/div>\n<\/div>\n<\/div>\n<\/div>\n<\/section>\n<\/div>\n","protected":false},"excerpt":{"rendered":"<p class=\"p1\">\u26a1 Oko\u0142o 100% elektroniki<\/p>\n<p class=\"p1\">\ud83c\uddec\ud83c\udde7 UK<\/p>\n<p class=\"p1\">\ud83d\udd25 Amazon Returns<\/p>\n<p class=\"p1\" style=\"text-align: left;\">\u2714\ufe0f Jako\u015b\u0107 A\u2013B<\/p>","protected":false},"featured_media":50506,"comment_status":"open","ping_status":"closed","template":"","meta":{"_acf_changed":false},"product_brand":[],"product_cat":[1258,1282],"product_tag":[1280],"class_list":{"0":"post-50505","1":"product","2":"type-product","3":"status-publish","4":"has-post-thumbnail","6":"product_cat-amazon-paleta","7":"product_cat-drobna-elektronika-uk-amazon-returns-ab","8":"product_tag-paleta-mix-elektroniki-z-anglii","10":"first","11":"instock","12":"sold-individually","13":"taxable","14":"shipping-taxable","15":"purchasable","16":"product-type-simple"},"acf":[],"_links":{"self":[{"href":"https:\/\/stockify24.pl\/uk\/wp-json\/wp\/v2\/product\/50505","targetHints":{"allow":["GET"]}}],"collection":[{"href":"https:\/\/stockify24.pl\/uk\/wp-json\/wp\/v2\/product"}],"about":[{"href":"https:\/\/stockify24.pl\/uk\/wp-json\/wp\/v2\/types\/product"}],"replies":[{"embeddable":true,"href":"https:\/\/stockify24.pl\/uk\/wp-json\/wp\/v2\/comments?post=50505"}],"wp:featuredmedia":[{"embeddable":true,"href":"https:\/\/stockify24.pl\/uk\/wp-json\/wp\/v2\/media\/50506"}],"wp:attachment":[{"href":"https:\/\/stockify24.pl\/uk\/wp-json\/wp\/v2\/media?parent=50505"}],"wp:term":[{"taxonomy":"product_brand","embeddable":true,"href":"https:\/\/stockify24.pl\/uk\/wp-json\/wp\/v2\/product_brand?post=50505"},{"taxonomy":"product_cat","embeddable":true,"href":"https:\/\/stockify24.pl\/uk\/wp-json\/wp\/v2\/product_cat?post=50505"},{"taxonomy":"product_tag","embeddable":true,"href":"https:\/\/stockify24.pl\/uk\/wp-json\/wp\/v2\/product_tag?post=50505"}],"curies":[{"name":"wp","href":"https:\/\/api.w.org\/{rel}","templated":true}]}}