{"id":50695,"date":"2026-03-23T12:30:59","date_gmt":"2026-03-23T11:30:59","guid":{"rendered":"https:\/\/stockify24.pl\/?post_type=product&#038;p=50695"},"modified":"2026-03-30T12:47:11","modified_gmt":"2026-03-30T11:47:11","slug":"palety-amazon-mix-3","status":"publish","type":"product","link":"https:\/\/stockify24.pl\/uk\/product\/palety-amazon-mix-3\/","title":{"rendered":"Amazon MIX | A-B | \u043f\u0456\u0434\u0434\u043e\u043d\u0438"},"content":{"rendered":"<div class=\"flex flex-col text-sm pb-25\">\n<section class=\"text-token-text-primary w-full focus:outline-none [--shadow-height:45px] has-data-writing-block:pointer-events-none has-data-writing-block:-mt-(--shadow-height) has-data-writing-block:pt-(--shadow-height) [&amp;:has([data-writing-block])&gt;*]:pointer-events-auto scroll-mt-[calc(var(--header-height)+min(200px,max(70px,20svh)))]\" dir=\"auto\" data-turn-id=\"request-69b8245d-0030-838e-b654-ccb872ba6f51-25\" data-testid=\"conversation-turn-200\" data-scroll-anchor=\"true\" data-turn=\"assistant\">\n<div class=\"text-base my-auto mx-auto pb-10 [--thread-content-margin:var(--thread-content-margin-xs,calc(var(--spacing)*4))] @w-sm\/main:[--thread-content-margin:var(--thread-content-margin-sm,calc(var(--spacing)*6))] @w-lg\/main:[--thread-content-margin:var(--thread-content-margin-lg,calc(var(--spacing)*16))] px-(--thread-content-margin)\">\n<div class=\"[--thread-content-max-width:40rem] @w-lg\/main:[--thread-content-max-width:48rem] mx-auto max-w-(--thread-content-max-width) flex-1 group\/turn-messages focus-visible:outline-hidden relative flex w-full min-w-0 flex-col agent-turn\">\n<div class=\"flex max-w-full flex-col gap-4 grow\">\n<div class=\"min-h-8 text-message relative flex w-full flex-col items-end gap-2 text-start break-words whitespace-normal outline-none keyboard-focused:focus-ring [.text-message+&amp;]:mt-1\" dir=\"auto\" tabindex=\"0\" data-message-author-role=\"assistant\" data-message-id=\"ed8abcdd-be0d-4615-88f1-9a47a52c2d16\" data-message-model-slug=\"gpt-5-3\" data-turn-start-message=\"true\">\n<div class=\"flex w-full flex-col gap-1 empty:hidden\">\n<div class=\"markdown prose dark:prose-invert w-full wrap-break-word dark markdown-new-styling\">\n<div class=\"flex h-svh w-screen flex-col\">\n<div class=\"relative z-0 flex min-h-0 w-full flex-1\">\n<div class=\"relative flex min-h-0 w-full flex-1\">\n<div class=\"@container\/main relative flex min-w-0 flex-1 flex-col -translate-y-[calc(env(safe-area-inset-bottom,0px)\/2)] pt-[calc(env(safe-area-inset-bottom,0px)\/2)]\">\n<div class=\"@w-sm\/main:[scrollbar-gutter:var(--stage-scroll-gutter)] touch:[scrollbar-width:none] group\/scroll-root relative flex min-h-0 min-w-0 flex-1 flex-col [scrollbar-gutter:stable] not-print:overflow-x-clip not-print:overflow-y-auto group-data-stream-active\/scroll-root:[overflow-anchor:none] scroll-pt-(--header-height) [--sticky-padding-top:var(--header-height)] [--sticky-padding-bottom:0px] [--scroll-root-safe-area-inset-top:calc(var(--sticky-padding-top)+env(safe-area-inset-top,0px))] [--scroll-root-safe-area-inset-bottom:calc(var(--sticky-padding-bottom)+var(--screen-keyboard-height,0px)+env(safe-area-inset-bottom,0px))] [--scroll-root-safe-area-height:calc(100lvh-var(--scroll-root-safe-area-inset-top)-var(--scroll-root-safe-area-inset-bottom))] has-data-[fixed-header=less-than-xl]:@w-xl\/main:scroll-pt-0 has-data-[fixed-header=less-than-xl]:@w-xl\/main:[--sticky-padding-top:0px] has-data-[fixed-header=less-than-xxl]:@w-2xl\/main:scroll-pt-0 has-data-[fixed-header=less-than-xxl]:@w-2xl\/main:[--sticky-padding-top:0px]\" data-scroll-root=\"\" data-scroll-from-top=\"\">\n<div class=\"relative basis-auto flex-col -mb-(--composer-overlap-px) pb-(--composer-overlap-px) [--composer-overlap-px:28px] grow flex\">\n<div class=\"flex flex-col text-sm\">\n<section class=\"text-token-text-primary w-full focus:outline-none [--shadow-height:45px] has-data-writing-block:pointer-events-none has-data-writing-block:-mt-(--shadow-height) has-data-writing-block:pt-(--shadow-height) [&amp;:has([data-writing-block])&gt;*]:pointer-events-auto scroll-mt-[calc(var(--header-height)+min(200px,max(70px,20svh)))]\" dir=\"auto\" data-turn-id=\"request-WEB:cc509de0-714c-4653-ad32-6b5e125a8411-7\" data-testid=\"conversation-turn-10\" data-scroll-anchor=\"true\" data-turn=\"assistant\">\n<div class=\"text-base my-auto mx-auto pb-10 [--thread-content-margin:var(--thread-content-margin-xs,calc(var(--spacing)*4))] @w-sm\/main:[--thread-content-margin:var(--thread-content-margin-sm,calc(var(--spacing)*6))] @w-lg\/main:[--thread-content-margin:var(--thread-content-margin-lg,calc(var(--spacing)*16))] px-(--thread-content-margin)\">\n<div class=\"[--thread-content-max-width:40rem] @w-lg\/main:[--thread-content-max-width:48rem] mx-auto max-w-(--thread-content-max-width) flex-1 group\/turn-messages focus-visible:outline-hidden relative flex w-full min-w-0 flex-col agent-turn\">\n<div class=\"flex max-w-full flex-col gap-4 grow\">\n<div class=\"min-h-8 text-message relative flex w-full flex-col items-end gap-2 text-start break-words whitespace-normal outline-none keyboard-focused:focus-ring [.text-message+&amp;]:mt-1\" dir=\"auto\" tabindex=\"0\" data-message-author-role=\"assistant\" data-message-id=\"cfa6deea-8ce4-4542-9cf9-48a3b1cdbe9a\" data-message-model-slug=\"gpt-5-3\" data-turn-start-message=\"true\">\n<div class=\"flex w-full flex-col gap-1 empty:hidden\">\n<div class=\"markdown prose dark:prose-invert w-full wrap-break-word dark markdown-new-styling\">\n<h2 data-section-id=\"1jjasa6\" data-start=\"0\" data-end=\"80\"><span role=\"text\">\ud83d\udd25 <strong data-start=\"6\" data-end=\"80\">Palety Amazon MIX \u2013 60% elektronika | mix kategorii A\u2013B do odsprzeda\u017cy<\/strong><\/span><\/h2>\n<p data-start=\"82\" data-end=\"444\"><strong data-start=\"82\" data-end=\"103\">Palety Amazon MIX<\/strong> to praktyczne rozwi\u0105zanie dla e-commerce, sprzeda\u017cy hurtowej i reseller\u00f3w, kt\u00f3rzy potrzebuj\u0105 jednego \u017ar\u00f3d\u0142a zr\u00f3\u017cnicowanego towaru.<\/p>\n<p data-start=\"82\" data-end=\"444\">Zawarto\u015b\u0107 opiera si\u0119 na oko\u0142o 60% elektroniki u\u017cytkowej oraz 40% produkt\u00f3w z r\u00f3\u017cnych kategorii, co umo\u017cliwia prowadzenie sprzeda\u017cy w wielu segmentach bez ograniczania si\u0119 do jednej grupy produkt\u00f3w.<\/p>\n<p data-start=\"446\" data-end=\"727\">Towar pochodzi z Amazon Returns (zwroty konsumenckie Amazon) i oferowany jest jako palety niesortowane. Ka\u017cda paleta posiada <strong data-start=\"579\" data-end=\"595\">losowy sk\u0142ad<\/strong>, bez listy produkt\u00f3w, co oznacza zmienno\u015b\u0107 zawarto\u015bci i szerokie mo\u017cliwo\u015bci dopasowania oferty do aktualnych potrzeb sprzeda\u017cowych.<\/p>\n<p data-start=\"446\" data-end=\"727\">Wszystkie modele palet Amazon mo\u017cna znale\u017a\u0107 <a href=\"https:\/\/stockify24.pl\/sklep\/\"><strong>tutaj<\/strong>.<\/a><\/p>\n<h2 data-section-id=\"p9nhcw\" data-start=\"734\" data-end=\"770\"><span role=\"text\">\ud83d\udce6 <strong data-start=\"740\" data-end=\"770\">Zawarto\u015b\u0107 palet Amazon MIX<\/strong><\/span><\/h2>\n<p data-start=\"772\" data-end=\"884\">Ka\u017cda paleta zawiera mix produkt\u00f3w konsumenckich, kt\u00f3re mo\u017cna sprzedawa\u0107 jako pojedyncze sztuki lub zestawy.<\/p>\n<h3 data-section-id=\"1mjhuxk\" data-start=\"886\" data-end=\"927\"><span role=\"text\">\ud83d\udd0c <strong data-start=\"893\" data-end=\"927\">Elektronika u\u017cytkowa \u2013 ok. 60%<\/strong><\/span><\/h3>\n<ul data-start=\"928\" data-end=\"1053\">\n<li data-section-id=\"1lxu5gy\" data-start=\"928\" data-end=\"954\">akcesoria do telefon\u00f3w<\/li>\n<li data-section-id=\"1i9syxa\" data-start=\"955\" data-end=\"976\">\u0142adowarki i kable<\/li>\n<li data-section-id=\"10gmz6c\" data-start=\"977\" data-end=\"993\">przewody USB<\/li>\n<li data-section-id=\"l9fl3s\" data-start=\"994\" data-end=\"1008\">powerbanki<\/li>\n<li data-section-id=\"x5tve1\" data-start=\"1009\" data-end=\"1027\">urz\u0105dzenia USB<\/li>\n<li data-section-id=\"6uw8kl\" data-start=\"1028\" data-end=\"1053\">gad\u017cety elektroniczne<\/li>\n<\/ul>\n<h3 data-section-id=\"1tsoph4\" data-start=\"1055\" data-end=\"1089\"><span role=\"text\">\ud83d\udce6 <strong data-start=\"1062\" data-end=\"1089\">Mix kategorii \u2013 ok. 40%<\/strong><\/span><\/h3>\n<ul data-start=\"1090\" data-end=\"1136\">\n<li data-section-id=\"1xmewib\" data-start=\"1090\" data-end=\"1136\">produkty z r\u00f3\u017cnych segment\u00f3w sprzeda\u017cowych<\/li>\n<\/ul>\n<p data-start=\"1138\" data-end=\"1247\">\ud83d\udcca Zr\u00f3\u017cnicowany asortyment pozwala zwi\u0119kszy\u0107 liczb\u0119 ofert i dzia\u0142a\u0107 r\u00f3wnocze\u015bnie w kilku obszarach sprzeda\u017cy.<\/p>\n<h2 data-section-id=\"yocvwc\" data-start=\"1254\" data-end=\"1294\"><span role=\"text\">\ud83c\udd70\ufe0f\ud83c\udd71\ufe0f <strong data-start=\"1264\" data-end=\"1294\">Stan produkt\u00f3w \u2013 klasa A\u2013B<\/strong><\/span><\/h2>\n<ul data-start=\"1296\" data-end=\"1433\">\n<li data-section-id=\"1ylt7oh\" data-start=\"1296\" data-end=\"1356\">wi\u0119kszo\u015b\u0107 produkt\u00f3w jest nowa lub w bardzo dobrym stanie<\/li>\n<li data-section-id=\"1ydnmn3\" data-start=\"1357\" data-end=\"1393\">mo\u017cliwe lekkie \u015blady u\u017cytkowania<\/li>\n<li data-section-id=\"iag8fx\" data-start=\"1394\" data-end=\"1433\">mo\u017cliwa domieszka klasy C (do 5\u20137%)<\/li>\n<\/ul>\n<p data-start=\"1435\" data-end=\"1485\">\ud83d\udccc Produkty pochodz\u0105 ze zwrot\u00f3w i nie s\u0105 testowane<\/p>\n<h2 data-section-id=\"p7uzx1\" data-start=\"1492\" data-end=\"1520\"><span role=\"text\">\ud83d\udcd0 <strong data-start=\"1498\" data-end=\"1520\">Specyfikacja palet<\/strong><\/span><\/h2>\n<ul data-start=\"1522\" data-end=\"1632\">\n<li data-section-id=\"1b9wak8\" data-start=\"1522\" data-end=\"1553\"><strong>wysoko\u015b\u0107 palety:<\/strong> ok. 100 cm<\/li>\n<li data-section-id=\"1va03mg\" data-start=\"1554\" data-end=\"1604\"><strong>struktura:<\/strong> 60% elektronika \/ 40% mix kategorii<\/li>\n<li data-section-id=\"luw4jb\" data-start=\"1605\" data-end=\"1632\"><strong>sk\u0142ad:<\/strong> losowy i zmienny<\/li>\n<\/ul>\n<p data-start=\"1634\" data-end=\"1744\">Ka\u017cda paleta jest unikalna i zawiera inny zestaw produkt\u00f3w, co pozwala stale uzupe\u0142nia\u0107 ofert\u0119 o nowe pozycje.<\/p>\n<h2 data-section-id=\"vxyq26\" data-start=\"1751\" data-end=\"1797\"><span role=\"text\">\ud83d\udcbc <strong data-start=\"1757\" data-end=\"1797\">Zastosowanie \u2013 sprzeda\u017c i odsprzeda\u017c<\/strong><\/span><\/h2>\n<p data-start=\"1799\" data-end=\"1861\"><strong data-start=\"1799\" data-end=\"1820\">Palety Amazon MIX<\/strong> s\u0105 przeznaczone dla sprzedawc\u00f3w, kt\u00f3rzy:<\/p>\n<ul data-start=\"1863\" data-end=\"2044\">\n<li data-section-id=\"pz6hm8\" data-start=\"1863\" data-end=\"1900\">sprzedaj\u0105 na <a href=\"https:\/\/allegro.pl\/\" target=\"_blank\" rel=\"noopener\">Allegro<\/a>, <a href=\"https:\/\/www.olx.pl\/\" target=\"_blank\" rel=\"noopener\">OLX<\/a>, <a href=\"https:\/\/www.ebay.com\/\" target=\"_blank\" rel=\"noopener\">eBay<\/a>, <a href=\"https:\/\/www.amazon.com\/\" target=\"_blank\" rel=\"noopener\">Amazon<\/a><\/li>\n<li data-section-id=\"1epy72u\" data-start=\"1901\" data-end=\"1932\">prowadz\u0105 sklepy internetowe<\/li>\n<li data-section-id=\"1mxb40z\" data-start=\"1933\" data-end=\"1964\">oferuj\u0105 produkty pojedynczo<\/li>\n<li data-section-id=\"1diyfzu\" data-start=\"1965\" data-end=\"2002\">rozwijaj\u0105 dzia\u0142alno\u015b\u0107 resellersk\u0105<\/li>\n<li data-section-id=\"11juonu\" data-start=\"2003\" data-end=\"2044\">szukaj\u0105 towaru do dalszej odsprzeda\u017cy<\/li>\n<\/ul>\n<p data-start=\"2046\" data-end=\"2216\">Du\u017ca liczba produkt\u00f3w w jednej palecie umo\u017cliwia szybkie rozszerzenie asortymentu oraz zwi\u0119kszenie liczby aktywnych ofert bez konieczno\u015bci inwestowania w jedn\u0105 kategori\u0119.<\/p>\n<h2 data-section-id=\"13t9wda\" data-start=\"2223\" data-end=\"2253\"><span role=\"text\">\ud83d\udcc8 <strong data-start=\"2229\" data-end=\"2253\">Korzy\u015bci sprzeda\u017cowe<\/strong><\/span><\/h2>\n<ul data-start=\"2255\" data-end=\"2524\">\n<li data-section-id=\"ch4ifq\" data-start=\"2255\" data-end=\"2315\">dost\u0119p do towaru z Amazon Returns w konkurencyjnej cenie<\/li>\n<li data-section-id=\"oan2o1\" data-start=\"2316\" data-end=\"2372\">mo\u017cliwo\u015b\u0107 sprzeda\u017cy w wielu kategoriach jednocze\u015bnie<\/li>\n<li data-section-id=\"y8rsgc\" data-start=\"2373\" data-end=\"2430\">zwi\u0119kszenie liczby ofert w sklepie lub na marketplace<\/li>\n<li data-section-id=\"1b4o0oo\" data-start=\"2431\" data-end=\"2459\">elastyczne ustalanie cen<\/li>\n<li data-section-id=\"1lcgkxq\" data-start=\"2460\" data-end=\"2524\">mo\u017cliwo\u015b\u0107 testowania r\u00f3\u017cnych produkt\u00f3w i kierunk\u00f3w sprzeda\u017cy<\/li>\n<\/ul>\n<p data-start=\"2526\" data-end=\"2641\">Zakup palety pozwala rozbudowa\u0107 ofert\u0119 sprzeda\u017cow\u0105 w kr\u00f3tkim czasie i dostosowa\u0107 j\u0105 do r\u00f3\u017cnych kana\u0142\u00f3w dystrybucji.<\/p>\n<h2 data-section-id=\"m785xy\" data-start=\"2648\" data-end=\"2674\">\ud83d\uded2 Mo\u017cliwo\u015bci sprzeda\u017cy<\/h2>\n<p data-start=\"2676\" data-end=\"2730\">Zawarto\u015b\u0107 palet umo\u017cliwia sprzeda\u017c w r\u00f3\u017cnych modelach:<\/p>\n<ul data-start=\"2732\" data-end=\"2894\">\n<li data-section-id=\"eaedyo\" data-start=\"2732\" data-end=\"2767\">sprzeda\u017c pojedynczych produkt\u00f3w<\/li>\n<li data-section-id=\"1lndoy0\" data-start=\"2768\" data-end=\"2803\">tworzenie zestaw\u00f3w produktowych<\/li>\n<li data-section-id=\"14kxk2s\" data-start=\"2804\" data-end=\"2851\">sprzeda\u017c w r\u00f3\u017cnych kategoriach jednocze\u015bnie<\/li>\n<li data-section-id=\"15np83t\" data-start=\"2852\" data-end=\"2894\">uzupe\u0142nianie istniej\u0105cej oferty sklepu<\/li>\n<\/ul>\n<p data-start=\"2896\" data-end=\"2998\">Dzi\u0119ki temu mo\u017cna dzia\u0142a\u0107 r\u00f3wnolegle na kilku platformach sprzeda\u017cowych i zwi\u0119ksza\u0107 widoczno\u015b\u0107 oferty.<\/p>\n<h2 data-section-id=\"78zdcb\" data-start=\"3005\" data-end=\"3036\">\ud83d\udcca Zastosowanie w e-commerce<\/h2>\n<p data-start=\"3038\" data-end=\"3093\">Palety Amazon MIX pozwalaj\u0105 rozwija\u0107 sprzeda\u017c w modelu:<\/p>\n<ul data-start=\"3095\" data-end=\"3183\">\n<li data-section-id=\"c9k76t\" data-start=\"3095\" data-end=\"3133\">marketplace (Allegro, Amazon, OLX)<\/li>\n<li data-section-id=\"1fmpn86\" data-start=\"3134\" data-end=\"3156\">sklepy internetowe<\/li>\n<li data-section-id=\"1di29sp\" data-start=\"3157\" data-end=\"3183\">sprzeda\u017c wielokana\u0142owa<\/li>\n<\/ul>\n<p data-start=\"3185\" data-end=\"3307\">Zmienny sk\u0142ad palety daje mo\u017cliwo\u015b\u0107 reagowania na potrzeby rynku i dostosowywania oferty bez konieczno\u015bci zmiany dostawcy.<\/p>\n<h2 data-section-id=\"1wxdymo\" data-start=\"3314\" data-end=\"3344\"><span role=\"text\">\ud83d\ude9a <strong data-start=\"3320\" data-end=\"3344\">Dostawa i realizacja<\/strong><\/span><\/h2>\n<ul data-start=\"3346\" data-end=\"3440\">\n<li data-section-id=\"1j548yy\" data-start=\"3346\" data-end=\"3378\">wysy\u0142ka z magazynu w Europie<\/li>\n<li data-section-id=\"igemay\" data-start=\"3379\" data-end=\"3409\">szybka realizacja zam\u00f3wie\u0144<\/li>\n<li data-section-id=\"1j8kcmu\" data-start=\"3410\" data-end=\"3440\">bezpieczne pakowanie palet<\/li>\n<\/ul>\n<h2 data-section-id=\"w1e5xq\" data-start=\"3447\" data-end=\"3473\"><span role=\"text\">\u2139\ufe0f <strong data-start=\"3453\" data-end=\"3473\">Wa\u017cne informacje<\/strong><\/span><\/h2>\n<ul data-start=\"3475\" data-end=\"3663\">\n<li data-section-id=\"50jq0l\" data-start=\"3475\" data-end=\"3519\">towar typu Amazon Returns \u2013 niesortowany<\/li>\n<li data-section-id=\"1bi9krm\" data-start=\"3520\" data-end=\"3549\">produkty nie s\u0105 testowane<\/li>\n<li data-section-id=\"iag8fx\" data-start=\"3550\" data-end=\"3589\">mo\u017cliwa domieszka klasy C (do 5\u20137%)<\/li>\n<li data-section-id=\"mo09xk\" data-start=\"3590\" data-end=\"3630\">brak gwarancji konkretnej zawarto\u015bci<\/li>\n<li data-section-id=\"zia6d9\" data-start=\"3631\" data-end=\"3663\">ka\u017cda paleta pakowana losowo<\/li>\n<\/ul>\n<h2 data-section-id=\"1vaej8w\" data-start=\"3670\" data-end=\"3696\"><span role=\"text\">\ud83d\udcf8 <strong data-start=\"3676\" data-end=\"3696\">Zdj\u0119cia produktu<\/strong><\/span><\/h2>\n<p data-start=\"3698\" data-end=\"3775\">Zdj\u0119cia maj\u0105 charakter pogl\u0105dowy i przedstawiaj\u0105 przyk\u0142adow\u0105 zawarto\u015b\u0107 palet.<\/p>\n<\/div>\n<\/div>\n<\/div>\n<\/div>\n<\/div>\n<\/div>\n<\/section>\n<\/div>\n<\/div>\n<\/div>\n<\/div>\n<\/div>\n<\/div>\n<\/div>\n<\/div>\n<\/div>\n<\/div>\n<\/div>\n<\/div>\n<\/div>\n<\/section>\n<\/div>\n","protected":false},"excerpt":{"rendered":"<p class=\"p1\">\u26a1 Oko\u0142o 60% elektroniki, mix kategorii (ok. 40%)<\/p>\n<p class=\"p1\">\ud83d\udd25 Amazon Returns<\/p>\n<p class=\"p1\" style=\"text-align: left;\">\u2714\ufe0f Jako\u015b\u0107 A\u2013B<\/p>","protected":false},"featured_media":50690,"comment_status":"open","ping_status":"closed","template":"","meta":{"_acf_changed":false},"product_brand":[],"product_cat":[1287],"product_tag":[1294],"class_list":{"0":"post-50695","1":"product","2":"type-product","3":"status-publish","4":"has-post-thumbnail","6":"product_cat-amazon-mix","7":"product_tag-amazon-mix","9":"first","10":"instock","11":"sold-individually","12":"taxable","13":"shipping-taxable","14":"purchasable","15":"product-type-simple"},"acf":[],"_links":{"self":[{"href":"https:\/\/stockify24.pl\/uk\/wp-json\/wp\/v2\/product\/50695","targetHints":{"allow":["GET"]}}],"collection":[{"href":"https:\/\/stockify24.pl\/uk\/wp-json\/wp\/v2\/product"}],"about":[{"href":"https:\/\/stockify24.pl\/uk\/wp-json\/wp\/v2\/types\/product"}],"replies":[{"embeddable":true,"href":"https:\/\/stockify24.pl\/uk\/wp-json\/wp\/v2\/comments?post=50695"}],"wp:featuredmedia":[{"embeddable":true,"href":"https:\/\/stockify24.pl\/uk\/wp-json\/wp\/v2\/media\/50690"}],"wp:attachment":[{"href":"https:\/\/stockify24.pl\/uk\/wp-json\/wp\/v2\/media?parent=50695"}],"wp:term":[{"taxonomy":"product_brand","embeddable":true,"href":"https:\/\/stockify24.pl\/uk\/wp-json\/wp\/v2\/product_brand?post=50695"},{"taxonomy":"product_cat","embeddable":true,"href":"https:\/\/stockify24.pl\/uk\/wp-json\/wp\/v2\/product_cat?post=50695"},{"taxonomy":"product_tag","embeddable":true,"href":"https:\/\/stockify24.pl\/uk\/wp-json\/wp\/v2\/product_tag?post=50695"}],"curies":[{"name":"wp","href":"https:\/\/api.w.org\/{rel}","templated":true}]}}