{"id":50696,"date":"2026-03-23T12:35:50","date_gmt":"2026-03-23T11:35:50","guid":{"rendered":"https:\/\/stockify24.pl\/?post_type=product&#038;p=50696"},"modified":"2026-03-30T12:47:55","modified_gmt":"2026-03-30T11:47:55","slug":"palety-amazon-mix-4","status":"publish","type":"product","link":"https:\/\/stockify24.pl\/uk\/product\/palety-amazon-mix-4\/","title":{"rendered":"Amazon MIX | A-B | \u043f\u0456\u0434\u0434\u043e\u043d\u0438"},"content":{"rendered":"<div class=\"flex flex-col text-sm pb-25\">\n<section class=\"text-token-text-primary w-full focus:outline-none [--shadow-height:45px] has-data-writing-block:pointer-events-none has-data-writing-block:-mt-(--shadow-height) has-data-writing-block:pt-(--shadow-height) [&amp;:has([data-writing-block])&gt;*]:pointer-events-auto scroll-mt-[calc(var(--header-height)+min(200px,max(70px,20svh)))]\" dir=\"auto\" data-turn-id=\"request-69b8245d-0030-838e-b654-ccb872ba6f51-25\" data-testid=\"conversation-turn-200\" data-scroll-anchor=\"true\" data-turn=\"assistant\">\n<div class=\"text-base my-auto mx-auto pb-10 [--thread-content-margin:var(--thread-content-margin-xs,calc(var(--spacing)*4))] @w-sm\/main:[--thread-content-margin:var(--thread-content-margin-sm,calc(var(--spacing)*6))] @w-lg\/main:[--thread-content-margin:var(--thread-content-margin-lg,calc(var(--spacing)*16))] px-(--thread-content-margin)\">\n<div class=\"[--thread-content-max-width:40rem] @w-lg\/main:[--thread-content-max-width:48rem] mx-auto max-w-(--thread-content-max-width) flex-1 group\/turn-messages focus-visible:outline-hidden relative flex w-full min-w-0 flex-col agent-turn\">\n<div class=\"flex max-w-full flex-col gap-4 grow\">\n<div class=\"min-h-8 text-message relative flex w-full flex-col items-end gap-2 text-start break-words whitespace-normal outline-none keyboard-focused:focus-ring [.text-message+&amp;]:mt-1\" dir=\"auto\" tabindex=\"0\" data-message-author-role=\"assistant\" data-message-id=\"ed8abcdd-be0d-4615-88f1-9a47a52c2d16\" data-message-model-slug=\"gpt-5-3\" data-turn-start-message=\"true\">\n<div class=\"flex w-full flex-col gap-1 empty:hidden\">\n<div class=\"markdown prose dark:prose-invert w-full wrap-break-word dark markdown-new-styling\">\n<div class=\"flex h-svh w-screen flex-col\">\n<div class=\"relative z-0 flex min-h-0 w-full flex-1\">\n<div class=\"relative flex min-h-0 w-full flex-1\">\n<div class=\"@container\/main relative flex min-w-0 flex-1 flex-col -translate-y-[calc(env(safe-area-inset-bottom,0px)\/2)] pt-[calc(env(safe-area-inset-bottom,0px)\/2)]\">\n<div class=\"@w-sm\/main:[scrollbar-gutter:var(--stage-scroll-gutter)] touch:[scrollbar-width:none] group\/scroll-root relative flex min-h-0 min-w-0 flex-1 flex-col [scrollbar-gutter:stable] not-print:overflow-x-clip not-print:overflow-y-auto group-data-stream-active\/scroll-root:[overflow-anchor:none] scroll-pt-(--header-height) [--sticky-padding-top:var(--header-height)] [--sticky-padding-bottom:0px] [--scroll-root-safe-area-inset-top:calc(var(--sticky-padding-top)+env(safe-area-inset-top,0px))] [--scroll-root-safe-area-inset-bottom:calc(var(--sticky-padding-bottom)+var(--screen-keyboard-height,0px)+env(safe-area-inset-bottom,0px))] [--scroll-root-safe-area-height:calc(100lvh-var(--scroll-root-safe-area-inset-top)-var(--scroll-root-safe-area-inset-bottom))] has-data-[fixed-header=less-than-xl]:@w-xl\/main:scroll-pt-0 has-data-[fixed-header=less-than-xl]:@w-xl\/main:[--sticky-padding-top:0px] has-data-[fixed-header=less-than-xxl]:@w-2xl\/main:scroll-pt-0 has-data-[fixed-header=less-than-xxl]:@w-2xl\/main:[--sticky-padding-top:0px]\" data-scroll-root=\"\" data-scroll-from-top=\"\">\n<div class=\"relative basis-auto flex-col -mb-(--composer-overlap-px) pb-(--composer-overlap-px) [--composer-overlap-px:28px] grow flex\">\n<div class=\"flex flex-col text-sm\">\n<section class=\"text-token-text-primary w-full focus:outline-none [--shadow-height:45px] has-data-writing-block:pointer-events-none has-data-writing-block:-mt-(--shadow-height) has-data-writing-block:pt-(--shadow-height) [&amp;:has([data-writing-block])&gt;*]:pointer-events-auto scroll-mt-[calc(var(--header-height)+min(200px,max(70px,20svh)))]\" dir=\"auto\" data-turn-id=\"request-WEB:cc509de0-714c-4653-ad32-6b5e125a8411-7\" data-testid=\"conversation-turn-10\" data-scroll-anchor=\"true\" data-turn=\"assistant\">\n<div class=\"text-base my-auto mx-auto pb-10 [--thread-content-margin:var(--thread-content-margin-xs,calc(var(--spacing)*4))] @w-sm\/main:[--thread-content-margin:var(--thread-content-margin-sm,calc(var(--spacing)*6))] @w-lg\/main:[--thread-content-margin:var(--thread-content-margin-lg,calc(var(--spacing)*16))] px-(--thread-content-margin)\">\n<div class=\"[--thread-content-max-width:40rem] @w-lg\/main:[--thread-content-max-width:48rem] mx-auto max-w-(--thread-content-max-width) flex-1 group\/turn-messages focus-visible:outline-hidden relative flex w-full min-w-0 flex-col agent-turn\">\n<div class=\"flex max-w-full flex-col gap-4 grow\">\n<div class=\"min-h-8 text-message relative flex w-full flex-col items-end gap-2 text-start break-words whitespace-normal outline-none keyboard-focused:focus-ring [.text-message+&amp;]:mt-1\" dir=\"auto\" tabindex=\"0\" data-message-author-role=\"assistant\" data-message-id=\"cfa6deea-8ce4-4542-9cf9-48a3b1cdbe9a\" data-message-model-slug=\"gpt-5-3\" data-turn-start-message=\"true\">\n<div class=\"flex w-full flex-col gap-1 empty:hidden\">\n<div class=\"markdown prose dark:prose-invert w-full wrap-break-word dark markdown-new-styling\">\n<h2 data-section-id=\"1jjasa6\" data-start=\"0\" data-end=\"80\"><span role=\"text\">\ud83d\udd25 <strong data-start=\"6\" data-end=\"80\">Palety Amazon MIX \u2013 60% elektronika | mix kategorii A\u2013B do odsprzeda\u017cy<\/strong><\/span><\/h2>\n<p data-start=\"82\" data-end=\"424\"><strong data-start=\"82\" data-end=\"103\">Palety Amazon MIX<\/strong> to efektywne rozwi\u0105zanie dla <strong data-start=\"133\" data-end=\"180\">e-commerce, sprzeda\u017cy hurtowej i reseller\u00f3w<\/strong>, kt\u00f3rzy potrzebuj\u0105 dost\u0119pu do zr\u00f3\u017cnicowanego towaru w jednym zakupie.<\/p>\n<p data-start=\"82\" data-end=\"424\">Struktura oparta na oko\u0142o <strong data-start=\"277\" data-end=\"306\">60% elektroniki u\u017cytkowej<\/strong> oraz <strong data-start=\"312\" data-end=\"349\">40% produkt\u00f3w z r\u00f3\u017cnych kategorii<\/strong> pozwala budowa\u0107 szerok\u0105 ofert\u0119 sprzeda\u017cow\u0105 bez ogranicze\u0144 do jednej niszy.<\/p>\n<p data-start=\"426\" data-end=\"700\">Towar pochodzi z Amazon Returns (zwroty konsumenckie Amazon) i oferowany jest jako palety niesortowane. Ka\u017cda paleta ma <strong data-start=\"554\" data-end=\"570\">losowy sk\u0142ad<\/strong>, bez listy produkt\u00f3w, co oznacza zmienno\u015b\u0107 zawarto\u015bci i mo\u017cliwo\u015b\u0107 elastycznego dopasowania sprzeda\u017cy do aktualnych potrzeb rynku.<\/p>\n<h2 data-section-id=\"p9nhcw\" data-start=\"707\" data-end=\"743\"><span role=\"text\">\ud83d\udce6 <strong data-start=\"713\" data-end=\"743\">Zawarto\u015b\u0107 palet Amazon MIX<\/strong><\/span><\/h2>\n<p data-start=\"745\" data-end=\"849\">Ka\u017cda paleta zawiera mix produkt\u00f3w konsumenckich, kt\u00f3re mo\u017cna sprzedawa\u0107 pojedynczo lub w zestawach.<\/p>\n<h3 data-section-id=\"1mjhuxk\" data-start=\"851\" data-end=\"892\"><span role=\"text\">\ud83d\udd0c <strong data-start=\"858\" data-end=\"892\">Elektronika u\u017cytkowa \u2013 ok. 60%<\/strong><\/span><\/h3>\n<ul data-start=\"893\" data-end=\"1018\">\n<li data-section-id=\"1lxu5gy\" data-start=\"893\" data-end=\"919\">akcesoria do telefon\u00f3w<\/li>\n<li data-section-id=\"1i9syxa\" data-start=\"920\" data-end=\"941\">\u0142adowarki i kable<\/li>\n<li data-section-id=\"10gmz6c\" data-start=\"942\" data-end=\"958\">przewody USB<\/li>\n<li data-section-id=\"l9fl3s\" data-start=\"959\" data-end=\"973\">powerbanki<\/li>\n<li data-section-id=\"x5tve1\" data-start=\"974\" data-end=\"992\">urz\u0105dzenia USB<\/li>\n<li data-section-id=\"6uw8kl\" data-start=\"993\" data-end=\"1018\">gad\u017cety elektroniczne<\/li>\n<\/ul>\n<h3 data-section-id=\"1tsoph4\" data-start=\"1020\" data-end=\"1054\"><span role=\"text\">\ud83d\udce6 <strong data-start=\"1027\" data-end=\"1054\">Mix kategorii \u2013 ok. 40%<\/strong><\/span><\/h3>\n<ul data-start=\"1055\" data-end=\"1101\">\n<li data-section-id=\"1xmewib\" data-start=\"1055\" data-end=\"1101\">produkty z r\u00f3\u017cnych segment\u00f3w sprzeda\u017cowych<\/li>\n<\/ul>\n<p data-start=\"1103\" data-end=\"1220\">\ud83d\udcca Zr\u00f3\u017cnicowany asortyment umo\u017cliwia zwi\u0119kszenie liczby ofert i prowadzenie sprzeda\u017cy w wielu obszarach jednocze\u015bnie.<\/p>\n<h2 data-section-id=\"yocvwc\" data-start=\"1227\" data-end=\"1267\"><span role=\"text\">\ud83c\udd70\ufe0f\ud83c\udd71\ufe0f <strong data-start=\"1237\" data-end=\"1267\">Stan produkt\u00f3w \u2013 klasa A\u2013B<\/strong><\/span><\/h2>\n<ul data-start=\"1269\" data-end=\"1406\">\n<li data-section-id=\"1ylt7oh\" data-start=\"1269\" data-end=\"1329\">wi\u0119kszo\u015b\u0107 produkt\u00f3w jest nowa lub w bardzo dobrym stanie<\/li>\n<li data-section-id=\"1ydnmn3\" data-start=\"1330\" data-end=\"1366\">mo\u017cliwe lekkie \u015blady u\u017cytkowania<\/li>\n<li data-section-id=\"iag8fx\" data-start=\"1367\" data-end=\"1406\">mo\u017cliwa domieszka klasy C (do 5\u20137%)<\/li>\n<\/ul>\n<p data-start=\"1408\" data-end=\"1458\">\ud83d\udccc Produkty pochodz\u0105 ze zwrot\u00f3w i nie s\u0105 testowane<\/p>\n<h2 data-section-id=\"p7uzx1\" data-start=\"1465\" data-end=\"1493\"><span role=\"text\">\ud83d\udcd0 <strong data-start=\"1471\" data-end=\"1493\">Specyfikacja palet<\/strong><\/span><\/h2>\n<ul data-start=\"1495\" data-end=\"1605\">\n<li data-section-id=\"1b9wak8\" data-start=\"1495\" data-end=\"1526\"><strong>wysoko\u015b\u0107 palety:<\/strong> ok. 100 cm<\/li>\n<li data-section-id=\"1va03mg\" data-start=\"1527\" data-end=\"1577\"><strong>struktura:<\/strong> 60% elektronika \/ 40% mix kategorii<\/li>\n<li data-section-id=\"luw4jb\" data-start=\"1578\" data-end=\"1605\"><strong>sk\u0142ad:<\/strong> losowy i zmienny<\/li>\n<\/ul>\n<p data-start=\"1607\" data-end=\"1713\">Ka\u017cda paleta jest unikalna i zawiera inny zestaw produkt\u00f3w, co pozwala stale poszerza\u0107 ofert\u0119 sprzeda\u017cow\u0105.<\/p>\n<h2 data-section-id=\"vxyq26\" data-start=\"1720\" data-end=\"1766\"><span role=\"text\">\ud83d\udcbc <strong data-start=\"1726\" data-end=\"1766\">Zastosowanie \u2013 sprzeda\u017c i odsprzeda\u017c<\/strong><\/span><\/h2>\n<p data-start=\"1768\" data-end=\"1830\"><strong data-start=\"1768\" data-end=\"1789\">Palety Amazon MIX<\/strong> s\u0105 przeznaczone dla sprzedawc\u00f3w, kt\u00f3rzy:<\/p>\n<ul data-start=\"1832\" data-end=\"2013\">\n<li data-section-id=\"pz6hm8\" data-start=\"1832\" data-end=\"1869\">sprzedaj\u0105 na Allegro, OLX, Amazon<\/li>\n<li data-section-id=\"1epy72u\" data-start=\"1870\" data-end=\"1901\">prowadz\u0105 sklepy internetowe<\/li>\n<li data-section-id=\"1mxb40z\" data-start=\"1902\" data-end=\"1933\">oferuj\u0105 produkty pojedynczo<\/li>\n<li data-section-id=\"1diyfzu\" data-start=\"1934\" data-end=\"1971\">rozwijaj\u0105 dzia\u0142alno\u015b\u0107 resellersk\u0105<\/li>\n<li data-section-id=\"11juonu\" data-start=\"1972\" data-end=\"2013\">szukaj\u0105 towaru do dalszej odsprzeda\u017cy<\/li>\n<\/ul>\n<p data-start=\"2015\" data-end=\"2138\">Du\u017ca liczba produkt\u00f3w w jednej palecie umo\u017cliwia szybkie rozszerzenie asortymentu oraz zwi\u0119kszenie liczby dost\u0119pnych ofert.<\/p>\n<h2 data-section-id=\"13t9wda\" data-start=\"2145\" data-end=\"2175\"><span role=\"text\">\ud83d\udcc8 <strong data-start=\"2151\" data-end=\"2175\">Korzy\u015bci sprzeda\u017cowe<\/strong><\/span><\/h2>\n<ul data-start=\"2177\" data-end=\"2446\">\n<li data-section-id=\"ch4ifq\" data-start=\"2177\" data-end=\"2237\">dost\u0119p do towaru z Amazon Returns w konkurencyjnej cenie<\/li>\n<li data-section-id=\"oan2o1\" data-start=\"2238\" data-end=\"2294\">mo\u017cliwo\u015b\u0107 sprzeda\u017cy w wielu kategoriach jednocze\u015bnie<\/li>\n<li data-section-id=\"y8rsgc\" data-start=\"2295\" data-end=\"2352\">zwi\u0119kszenie liczby ofert w sklepie lub na marketplace<\/li>\n<li data-section-id=\"1b4o0oo\" data-start=\"2353\" data-end=\"2381\">elastyczne ustalanie cen<\/li>\n<li data-section-id=\"1lcgkxq\" data-start=\"2382\" data-end=\"2446\">mo\u017cliwo\u015b\u0107 testowania r\u00f3\u017cnych produkt\u00f3w i kierunk\u00f3w sprzeda\u017cy<\/li>\n<\/ul>\n<p data-start=\"2448\" data-end=\"2548\">Zakup palety pozwala w kr\u00f3tkim czasie rozbudowa\u0107 ofert\u0119 i dopasowa\u0107 j\u0105 do r\u00f3\u017cnych kana\u0142\u00f3w sprzeda\u017cy.<\/p>\n<h2 data-section-id=\"m785xy\" data-start=\"2555\" data-end=\"2581\">\ud83d\uded2 Mo\u017cliwo\u015bci sprzeda\u017cy<\/h2>\n<p data-start=\"2583\" data-end=\"2632\">Zawarto\u015b\u0107 palet umo\u017cliwia r\u00f3\u017cne modele dzia\u0142ania:<\/p>\n<ul data-start=\"2634\" data-end=\"2792\">\n<li data-section-id=\"eaedyo\" data-start=\"2634\" data-end=\"2669\">sprzeda\u017c pojedynczych produkt\u00f3w<\/li>\n<li data-section-id=\"1lndoy0\" data-start=\"2670\" data-end=\"2705\">tworzenie zestaw\u00f3w produktowych<\/li>\n<li data-section-id=\"q9p947\" data-start=\"2706\" data-end=\"2751\">sprzeda\u017c w wielu kategoriach jednocze\u015bnie<\/li>\n<li data-section-id=\"rttp6p\" data-start=\"2752\" data-end=\"2792\">uzupe\u0142nianie aktualnej oferty sklepu<\/li>\n<\/ul>\n<p data-start=\"2794\" data-end=\"2908\">Takie podej\u015bcie pozwala zwi\u0119kszy\u0107 widoczno\u015b\u0107 produkt\u00f3w oraz dzia\u0142a\u0107 r\u00f3wnolegle na kilku platformach sprzeda\u017cowych.<\/p>\n<h2 data-section-id=\"78zdcb\" data-start=\"2915\" data-end=\"2946\">\ud83d\udcca Zastosowanie w e-commerce<\/h2>\n<p data-start=\"2948\" data-end=\"3004\">Palety Amazon MIX przyczyniaj\u0105 si\u0119 do wzrostu sprzeda\u017cy w:<\/p>\n<ul data-start=\"3006\" data-end=\"3094\">\n<li data-section-id=\"c9k76t\" data-start=\"3006\" data-end=\"3044\">marketplace (<a href=\"https:\/\/allegro.pl\/\" target=\"_blank\" rel=\"noopener\">Allegro<\/a>, <a href=\"https:\/\/www.olx.pl\/\" target=\"_blank\" rel=\"noopener\">OLX<\/a>, <a href=\"https:\/\/www.ebay.com\/\" target=\"_blank\" rel=\"noopener\">eBay<\/a>, <a href=\"https:\/\/www.amazon.com\/\" target=\"_blank\" rel=\"noopener\">Amazon<\/a>)<\/li>\n<li data-section-id=\"1fmpn86\" data-start=\"3045\" data-end=\"3067\">sklepy internetowe<\/li>\n<li data-section-id=\"1di29sp\" data-start=\"3068\" data-end=\"3094\">sprzeda\u017c wielokana\u0142owa<\/li>\n<\/ul>\n<p data-start=\"3096\" data-end=\"3222\"><strong>Losowy sk\u0142ad palety<\/strong> umo\u017cliwia dostosowanie oferty do zmieniaj\u0105cych si\u0119 potrzeb klient\u00f3w bez konieczno\u015bci zmiany \u017ar\u00f3d\u0142a dostaw.<\/p>\n<p data-start=\"3096\" data-end=\"3222\">Wszystkie modele palet Amazon mo\u017cna znale\u017a\u0107 <a href=\"https:\/\/stockify24.pl\/sklep\/\"><strong>tutaj<\/strong>.<\/a><\/p>\n<h2 data-section-id=\"1wxdymo\" data-start=\"3229\" data-end=\"3259\"><span role=\"text\">\ud83d\ude9a <strong data-start=\"3235\" data-end=\"3259\">Dostawa i realizacja<\/strong><\/span><\/h2>\n<ul data-start=\"3261\" data-end=\"3355\">\n<li data-section-id=\"1j548yy\" data-start=\"3261\" data-end=\"3293\">wysy\u0142ka z magazynu w Europie<\/li>\n<li data-section-id=\"igemay\" data-start=\"3294\" data-end=\"3324\">szybka realizacja zam\u00f3wie\u0144<\/li>\n<li data-section-id=\"1j8kcmu\" data-start=\"3325\" data-end=\"3355\">bezpieczne pakowanie palet<\/li>\n<\/ul>\n<h2 data-section-id=\"w1e5xq\" data-start=\"3362\" data-end=\"3388\"><span role=\"text\">\u2139\ufe0f <strong data-start=\"3368\" data-end=\"3388\">Wa\u017cne informacje<\/strong><\/span><\/h2>\n<ul data-start=\"3390\" data-end=\"3578\">\n<li data-section-id=\"50jq0l\" data-start=\"3390\" data-end=\"3434\">towar typu Amazon Returns \u2013 niesortowany<\/li>\n<li data-section-id=\"1bi9krm\" data-start=\"3435\" data-end=\"3464\">produkty nie s\u0105 testowane<\/li>\n<li data-section-id=\"iag8fx\" data-start=\"3465\" data-end=\"3504\">mo\u017cliwa domieszka klasy C (do 5\u20137%)<\/li>\n<li data-section-id=\"mo09xk\" data-start=\"3505\" data-end=\"3545\">brak gwarancji konkretnej zawarto\u015bci<\/li>\n<li data-section-id=\"zia6d9\" data-start=\"3546\" data-end=\"3578\">ka\u017cda paleta pakowana losowo<\/li>\n<\/ul>\n<h2 data-section-id=\"1vaej8w\" data-start=\"3585\" data-end=\"3611\"><span role=\"text\">\ud83d\udcf8 <strong data-start=\"3591\" data-end=\"3611\">Zdj\u0119cia produktu<\/strong><\/span><\/h2>\n<p data-start=\"3613\" data-end=\"3690\">Zdj\u0119cia maj\u0105 charakter pogl\u0105dowy i przedstawiaj\u0105 przyk\u0142adow\u0105 zawarto\u015b\u0107 palet.<\/p>\n<\/div>\n<\/div>\n<\/div>\n<\/div>\n<\/div>\n<\/div>\n<\/section>\n<\/div>\n<\/div>\n<\/div>\n<\/div>\n<\/div>\n<\/div>\n<\/div>\n<\/div>\n<\/div>\n<\/div>\n<\/div>\n<\/div>\n<\/div>\n<\/section>\n<\/div>\n","protected":false},"excerpt":{"rendered":"<p class=\"p1\">\u26a1 Oko\u0142o 60% elektroniki, mix kategorii (ok. 40%)<\/p>\n<p class=\"p1\">\ud83d\udd25 Amazon Returns<\/p>\n<p class=\"p1\" style=\"text-align: left;\">\u2714\ufe0f Jako\u015b\u0107 A\u2013B<\/p>","protected":false},"featured_media":50678,"comment_status":"open","ping_status":"closed","template":"","meta":{"_acf_changed":false},"product_brand":[],"product_cat":[1287],"product_tag":[1294],"class_list":{"0":"post-50696","1":"product","2":"type-product","3":"status-publish","4":"has-post-thumbnail","6":"product_cat-amazon-mix","7":"product_tag-amazon-mix","9":"first","10":"instock","11":"sold-individually","12":"taxable","13":"shipping-taxable","14":"purchasable","15":"product-type-simple"},"acf":[],"_links":{"self":[{"href":"https:\/\/stockify24.pl\/uk\/wp-json\/wp\/v2\/product\/50696","targetHints":{"allow":["GET"]}}],"collection":[{"href":"https:\/\/stockify24.pl\/uk\/wp-json\/wp\/v2\/product"}],"about":[{"href":"https:\/\/stockify24.pl\/uk\/wp-json\/wp\/v2\/types\/product"}],"replies":[{"embeddable":true,"href":"https:\/\/stockify24.pl\/uk\/wp-json\/wp\/v2\/comments?post=50696"}],"wp:featuredmedia":[{"embeddable":true,"href":"https:\/\/stockify24.pl\/uk\/wp-json\/wp\/v2\/media\/50678"}],"wp:attachment":[{"href":"https:\/\/stockify24.pl\/uk\/wp-json\/wp\/v2\/media?parent=50696"}],"wp:term":[{"taxonomy":"product_brand","embeddable":true,"href":"https:\/\/stockify24.pl\/uk\/wp-json\/wp\/v2\/product_brand?post=50696"},{"taxonomy":"product_cat","embeddable":true,"href":"https:\/\/stockify24.pl\/uk\/wp-json\/wp\/v2\/product_cat?post=50696"},{"taxonomy":"product_tag","embeddable":true,"href":"https:\/\/stockify24.pl\/uk\/wp-json\/wp\/v2\/product_tag?post=50696"}],"curies":[{"name":"wp","href":"https:\/\/api.w.org\/{rel}","templated":true}]}}