{"id":50704,"date":"2026-03-23T13:35:47","date_gmt":"2026-03-23T12:35:47","guid":{"rendered":"https:\/\/stockify24.pl\/?post_type=product&#038;p=50704"},"modified":"2026-03-30T12:50:02","modified_gmt":"2026-03-30T11:50:02","slug":"paleta-tekstyliow-domowych-kategoria-a-2","status":"publish","type":"product","link":"https:\/\/stockify24.pl\/uk\/product\/paleta-tekstyliow-domowych-kategoria-a-2\/","title":{"rendered":"\u0414\u043e\u043c\u0430\u0448\u043d\u0456\u0439 \u0442\u0435\u043a\u0441\u0442\u0438\u043b\u044c | \u041a\u0430\u0442\u0435\u0433\u043e\u0440\u0456\u044f A | #2"},"content":{"rendered":"<div class=\"flex flex-col text-sm pb-25\">\n<section class=\"text-token-text-primary w-full focus:outline-none [--shadow-height:45px] has-data-writing-block:pointer-events-none has-data-writing-block:-mt-(--shadow-height) has-data-writing-block:pt-(--shadow-height) [&amp;:has([data-writing-block])&gt;*]:pointer-events-auto scroll-mt-[calc(var(--header-height)+min(200px,max(70px,20svh)))]\" dir=\"auto\" data-turn-id=\"request-69b8245d-0030-838e-b654-ccb872ba6f51-25\" data-testid=\"conversation-turn-200\" data-scroll-anchor=\"true\" data-turn=\"assistant\">\n<div class=\"text-base my-auto mx-auto pb-10 [--thread-content-margin:var(--thread-content-margin-xs,calc(var(--spacing)*4))] @w-sm\/main:[--thread-content-margin:var(--thread-content-margin-sm,calc(var(--spacing)*6))] @w-lg\/main:[--thread-content-margin:var(--thread-content-margin-lg,calc(var(--spacing)*16))] px-(--thread-content-margin)\">\n<div class=\"[--thread-content-max-width:40rem] @w-lg\/main:[--thread-content-max-width:48rem] mx-auto max-w-(--thread-content-max-width) flex-1 group\/turn-messages focus-visible:outline-hidden relative flex w-full min-w-0 flex-col agent-turn\">\n<div class=\"flex max-w-full flex-col gap-4 grow\">\n<div class=\"min-h-8 text-message relative flex w-full flex-col items-end gap-2 text-start break-words whitespace-normal outline-none keyboard-focused:focus-ring [.text-message+&amp;]:mt-1\" dir=\"auto\" tabindex=\"0\" data-message-author-role=\"assistant\" data-message-id=\"ed8abcdd-be0d-4615-88f1-9a47a52c2d16\" data-message-model-slug=\"gpt-5-3\" data-turn-start-message=\"true\">\n<div class=\"flex w-full flex-col gap-1 empty:hidden\">\n<div class=\"markdown prose dark:prose-invert w-full wrap-break-word dark markdown-new-styling\">\n<div class=\"flex h-svh w-screen flex-col\">\n<div class=\"relative z-0 flex min-h-0 w-full flex-1\">\n<div class=\"relative flex min-h-0 w-full flex-1\">\n<div class=\"@container\/main relative flex min-w-0 flex-1 flex-col -translate-y-[calc(env(safe-area-inset-bottom,0px)\/2)] pt-[calc(env(safe-area-inset-bottom,0px)\/2)]\">\n<div class=\"@w-sm\/main:[scrollbar-gutter:var(--stage-scroll-gutter)] touch:[scrollbar-width:none] group\/scroll-root relative flex min-h-0 min-w-0 flex-1 flex-col [scrollbar-gutter:stable] not-print:overflow-x-clip not-print:overflow-y-auto group-data-stream-active\/scroll-root:[overflow-anchor:none] scroll-pt-(--header-height) [--sticky-padding-top:var(--header-height)] [--sticky-padding-bottom:0px] [--scroll-root-safe-area-inset-top:calc(var(--sticky-padding-top)+env(safe-area-inset-top,0px))] [--scroll-root-safe-area-inset-bottom:calc(var(--sticky-padding-bottom)+var(--screen-keyboard-height,0px)+env(safe-area-inset-bottom,0px))] [--scroll-root-safe-area-height:calc(100lvh-var(--scroll-root-safe-area-inset-top)-var(--scroll-root-safe-area-inset-bottom))] has-data-[fixed-header=less-than-xl]:@w-xl\/main:scroll-pt-0 has-data-[fixed-header=less-than-xl]:@w-xl\/main:[--sticky-padding-top:0px] has-data-[fixed-header=less-than-xxl]:@w-2xl\/main:scroll-pt-0 has-data-[fixed-header=less-than-xxl]:@w-2xl\/main:[--sticky-padding-top:0px]\" data-scroll-root=\"\" data-scroll-from-top=\"\">\n<div class=\"relative basis-auto flex-col -mb-(--composer-overlap-px) pb-(--composer-overlap-px) [--composer-overlap-px:28px] grow flex\">\n<div class=\"flex flex-col text-sm\">\n<section class=\"text-token-text-primary w-full focus:outline-none [--shadow-height:45px] has-data-writing-block:pointer-events-none has-data-writing-block:-mt-(--shadow-height) has-data-writing-block:pt-(--shadow-height) [&amp;:has([data-writing-block])&gt;*]:pointer-events-auto scroll-mt-[calc(var(--header-height)+min(200px,max(70px,20svh)))]\" dir=\"auto\" data-turn-id=\"request-WEB:cc509de0-714c-4653-ad32-6b5e125a8411-7\" data-testid=\"conversation-turn-10\" data-scroll-anchor=\"true\" data-turn=\"assistant\">\n<div class=\"text-base my-auto mx-auto pb-10 [--thread-content-margin:var(--thread-content-margin-xs,calc(var(--spacing)*4))] @w-sm\/main:[--thread-content-margin:var(--thread-content-margin-sm,calc(var(--spacing)*6))] @w-lg\/main:[--thread-content-margin:var(--thread-content-margin-lg,calc(var(--spacing)*16))] px-(--thread-content-margin)\">\n<div class=\"[--thread-content-max-width:40rem] @w-lg\/main:[--thread-content-max-width:48rem] mx-auto max-w-(--thread-content-max-width) flex-1 group\/turn-messages focus-visible:outline-hidden relative flex w-full min-w-0 flex-col agent-turn\">\n<div class=\"flex max-w-full flex-col gap-4 grow\">\n<div class=\"min-h-8 text-message relative flex w-full flex-col items-end gap-2 text-start break-words whitespace-normal outline-none keyboard-focused:focus-ring [.text-message+&amp;]:mt-1\" dir=\"auto\" tabindex=\"0\" data-message-author-role=\"assistant\" data-message-id=\"cfa6deea-8ce4-4542-9cf9-48a3b1cdbe9a\" data-message-model-slug=\"gpt-5-3\" data-turn-start-message=\"true\">\n<div class=\"flex w-full flex-col gap-1 empty:hidden\">\n<div class=\"markdown prose dark:prose-invert w-full wrap-break-word dark markdown-new-styling\">\n<h2 data-section-id=\"clzhqv\" data-start=\"0\" data-end=\"74\">\u2728 Paleta tekstyli\u00f3w domowych 154 kg \u2013 mix produkt\u00f3w do sprzeda\u017cy online<\/h2>\n<p data-start=\"76\" data-end=\"437\"><strong data-start=\"76\" data-end=\"113\">Paleta tekstyli\u00f3w domowych 154 kg<\/strong> to gotowe rozwi\u0105zanie dla e-commerce, sprzeda\u017cy hurtowej i reseller\u00f3w, kt\u00f3rzy potrzebuj\u0105 szerokiego asortymentu w kategorii dom i wn\u0119trze.<\/p>\n<p data-start=\"76\" data-end=\"437\">Zawarto\u015b\u0107 obejmuje r\u00f3\u017cnorodne tekstylia codziennego u\u017cytku, kt\u00f3re s\u0105 stale poszukiwane przez klient\u00f3w i sprawdzaj\u0105 si\u0119 w sprzeda\u017cy na marketplace oraz w sklepach internetowych.<\/p>\n<p data-start=\"439\" data-end=\"751\">Towar pochodzi ze zwrot\u00f3w konsumenckich (Amazon Returns i inne kana\u0142y dystrybucji) i oferowany jest jako <strong data-start=\"548\" data-end=\"590\">paleta niesortowana o losowym sk\u0142adzie<\/strong>. Ka\u017cda paleta zawiera inny zestaw produkt\u00f3w, bez sta\u0142ej listy, co pozwala regularnie uzupe\u0142nia\u0107 ofert\u0119 sprzeda\u017cow\u0105 i dopasowywa\u0107 j\u0105 do aktualnych potrzeb rynku.<\/p>\n<p data-start=\"439\" data-end=\"751\">Wszystkie modele palet Amazon mo\u017cna znale\u017a\u0107 <a href=\"https:\/\/stockify24.pl\/sklep\/\"><strong>tutaj<\/strong>.<\/a><\/p>\n<h2 data-section-id=\"1kw2o3f\" data-start=\"758\" data-end=\"799\">\ud83d\udce6 Zawarto\u015b\u0107 palety \u2013 tekstylia domowe<\/h2>\n<p data-start=\"801\" data-end=\"895\">Paleta zawiera mix tekstyli\u00f3w domowych, kt\u00f3re mo\u017cna sprzedawa\u0107 pojedynczo lub w zestawach:<\/p>\n<p data-start=\"897\" data-end=\"1010\">\ud83e\uddfa r\u0119czniki<br data-start=\"908\" data-end=\"911\" \/>\ud83d\udecc po\u015bciel<br data-start=\"921\" data-end=\"924\" \/>\ud83e\uddfc dywaniki<br data-start=\"935\" data-end=\"938\" \/>\ud83d\udec1 tekstylia \u0142azienkowe<br data-start=\"958\" data-end=\"961\" \/>\ud83d\ude34 tekstylia sypialniane<br \/>\n\u2728inne produkty tekstylne<\/p>\n<p data-start=\"1012\" data-end=\"1119\">Zawarto\u015b\u0107 obejmuje produkty codziennego u\u017cytku, kt\u00f3re znajduj\u0105 zastosowanie w ka\u017cdym gospodarstwie domowym.<\/p>\n<p data-start=\"1121\" data-end=\"1251\">\ud83d\udcca Tekstylia domowe to kategoria o sta\u0142ym zainteresowaniu klient\u00f3w, co umo\u017cliwia rozw\u00f3j sprzeda\u017cy w wielu segmentach jednocze\u015bnie.<\/p>\n<h2 data-section-id=\"1eguqcd\" data-start=\"1258\" data-end=\"1274\">\u2b50 Kategoria A<\/h2>\n<ul data-start=\"1276\" data-end=\"1377\">\n<li data-section-id=\"1ylt7oh\" data-start=\"1276\" data-end=\"1336\">wi\u0119kszo\u015b\u0107 produkt\u00f3w jest nowa lub w bardzo dobrym stanie<\/li>\n<li data-section-id=\"956l60\" data-start=\"1337\" data-end=\"1377\">mo\u017cliwy niewielki udzia\u0142 kategorii B<\/li>\n<\/ul>\n<p data-start=\"1379\" data-end=\"1454\">\ud83d\udd39 produkty mog\u0105 posiada\u0107 drobne \u015blady wynikaj\u0105ce z transportu lub zwrotu<\/p>\n<p data-start=\"1456\" data-end=\"1519\">\ud83d\udccc Towar nie jest testowany i pochodzi ze zwrot\u00f3w konsumenckich<\/p>\n<h2 data-section-id=\"1qiinu8\" data-start=\"1526\" data-end=\"1558\">\ud83d\udcd0 Specyfikacja palety<\/h2>\n<ul data-start=\"1560\" data-end=\"1663\">\n<li data-section-id=\"17tj9fp\" data-start=\"1560\" data-end=\"1597\">waga palety netto: <strong data-start=\"1581\" data-end=\"1595\">154 kg<\/strong><\/li>\n<li data-section-id=\"x5ht3c\" data-start=\"1598\" data-end=\"1631\">typ: <strong data-start=\"1605\" data-end=\"1629\">tekstylia domowe mix<\/strong><\/li>\n<li data-section-id=\"p80nlj\" data-start=\"1632\" data-end=\"1663\">sk\u0142ad: <strong data-start=\"1641\" data-end=\"1661\">losowy i zmienny<\/strong><\/li>\n<\/ul>\n<p data-start=\"1665\" data-end=\"1724\">Ka\u017cda paleta jest unikalna i zawiera inny zestaw produkt\u00f3w.<\/p>\n<h2 data-section-id=\"l5lpbi\" data-start=\"1731\" data-end=\"1773\">\ud83d\udcbc Zastosowanie \u2013 sprzeda\u017c i odsprzeda\u017c<\/h2>\n<p data-start=\"1775\" data-end=\"1842\">Paleta tekstyli\u00f3w domowych 154 kg jest odpowiednia dla os\u00f3b, kt\u00f3re:<\/p>\n<ul data-start=\"1844\" data-end=\"2033\">\n<li data-section-id=\"4yq4hc\" data-start=\"1844\" data-end=\"1885\">sprzedaj\u0105 na <a href=\"https:\/\/allegro.pl\/\" target=\"_blank\" rel=\"noopener\">Allegro<\/a>, <a href=\"https:\/\/www.olx.pl\/\" target=\"_blank\" rel=\"noopener\">OLX<\/a>, <a href=\"https:\/\/www.ebay.com\/\" target=\"_blank\" rel=\"noopener\">eBay<\/a>, <a href=\"https:\/\/www.amazon.com\/\" target=\"_blank\" rel=\"noopener\">Amazon<\/a><\/li>\n<li data-section-id=\"1hxtzkm\" data-start=\"1886\" data-end=\"1921\">prowadz\u0105 sklepy internetowe<\/li>\n<li data-section-id=\"1mxb40z\" data-start=\"1922\" data-end=\"1953\">oferuj\u0105 produkty pojedynczo<\/li>\n<li data-section-id=\"1diyfzu\" data-start=\"1954\" data-end=\"1991\">rozwijaj\u0105 dzia\u0142alno\u015b\u0107 resellersk\u0105<\/li>\n<li data-section-id=\"11juonu\" data-start=\"1992\" data-end=\"2033\">szukaj\u0105 towaru do dalszej odsprzeda\u017cy<\/li>\n<\/ul>\n<p data-start=\"2035\" data-end=\"2154\">Produkty tekstylne nale\u017c\u0105 do kategorii cz\u0119sto wybieranych przez klient\u00f3w, co pozwala szybko budowa\u0107 ofert\u0119 sprzeda\u017cow\u0105.<\/p>\n<h2 data-section-id=\"14nr1um\" data-start=\"2161\" data-end=\"2187\">\ud83d\udcc8 Korzy\u015bci sprzeda\u017cowe<\/h2>\n<ul data-start=\"2189\" data-end=\"2421\">\n<li data-section-id=\"1fuwx0s\" data-start=\"2189\" data-end=\"2234\">szeroki wyb\u00f3r tekstyli\u00f3w w jednym zakupie<\/li>\n<li data-section-id=\"1vyt2jm\" data-start=\"2235\" data-end=\"2287\">mo\u017cliwo\u015b\u0107 sprzeda\u017cy w wielu kategoriach domowych<\/li>\n<li data-section-id=\"8esk74\" data-start=\"2288\" data-end=\"2330\">zwi\u0119kszenie liczby ofert sprzeda\u017cowych<\/li>\n<li data-section-id=\"c1jzkt\" data-start=\"2331\" data-end=\"2373\">mo\u017cliwo\u015b\u0107 tworzenia zestaw\u00f3w produkt\u00f3w<\/li>\n<li data-section-id=\"z4myna\" data-start=\"2374\" data-end=\"2421\">dopasowanie oferty do r\u00f3\u017cnych grup klient\u00f3w<\/li>\n<\/ul>\n<p data-start=\"2423\" data-end=\"2516\">Zmienny sk\u0142ad palety umo\u017cliwia rozw\u00f3j sprzeda\u017cy bez ogranicze\u0144 do jednej kategorii produkt\u00f3w.<\/p>\n<h2 data-section-id=\"m785xy\" data-start=\"2523\" data-end=\"2549\">\ud83d\uded2 Mo\u017cliwo\u015bci sprzeda\u017cy<\/h2>\n<p data-start=\"2551\" data-end=\"2578\">Zawarto\u015b\u0107 palety umo\u017cliwia:<\/p>\n<ul data-start=\"2580\" data-end=\"2733\">\n<li data-section-id=\"eaedyo\" data-start=\"2580\" data-end=\"2615\">sprzeda\u017c pojedynczych produkt\u00f3w<\/li>\n<li data-section-id=\"duqf8\" data-start=\"2616\" data-end=\"2649\">tworzenie zestaw\u00f3w tekstyli\u00f3w<\/li>\n<li data-section-id=\"9c3v4v\" data-start=\"2650\" data-end=\"2702\">sprzeda\u017c w kategoriach: \u0142azienka, sypialnia, dom<\/li>\n<li data-section-id=\"w6hf6u\" data-start=\"2703\" data-end=\"2733\">uzupe\u0142nianie oferty sklepu<\/li>\n<\/ul>\n<p data-start=\"2735\" data-end=\"2804\">Dzi\u0119ki temu mo\u017cna prowadzi\u0107 sprzeda\u017c r\u00f3wnolegle na kilku platformach.<\/p>\n<h2 data-section-id=\"78zdcb\" data-start=\"2811\" data-end=\"2842\">\ud83d\udcca Zastosowanie w e-commerce<\/h2>\n<p data-start=\"2844\" data-end=\"2905\">Paleta tekstyli\u00f3w domowych sprawdzi si\u0119 w modelach sprzeda\u017cy:<\/p>\n<ul data-start=\"2907\" data-end=\"2995\">\n<li data-section-id=\"c9k76t\" data-start=\"2907\" data-end=\"2945\">marketplace (Allegro, Amazon, OLX)<\/li>\n<li data-section-id=\"1fmpn86\" data-start=\"2946\" data-end=\"2968\">sklepy internetowe<\/li>\n<li data-section-id=\"1di29sp\" data-start=\"2969\" data-end=\"2995\">sprzeda\u017c wielokana\u0142owa<\/li>\n<\/ul>\n<p data-start=\"2997\" data-end=\"3090\">Losowy sk\u0142ad pozwala dopasowa\u0107 ofert\u0119 do aktualnych potrzeb klient\u00f3w i trend\u00f3w sprzeda\u017cowych.<\/p>\n<h2 data-section-id=\"pkeej4\" data-start=\"3097\" data-end=\"3123\">\ud83d\ude9a Dostawa i realizacja<\/h2>\n<ul data-start=\"3125\" data-end=\"3219\">\n<li data-section-id=\"1j548yy\" data-start=\"3125\" data-end=\"3157\">wysy\u0142ka z magazynu w Europie<\/li>\n<li data-section-id=\"igemay\" data-start=\"3158\" data-end=\"3188\">szybka realizacja zam\u00f3wie\u0144<\/li>\n<li data-section-id=\"1j8kcmu\" data-start=\"3189\" data-end=\"3219\">bezpieczne pakowanie palet<\/li>\n<\/ul>\n<h2 data-section-id=\"p6kgem\" data-start=\"3226\" data-end=\"3248\">\u2139\ufe0f Wa\u017cne informacje<\/h2>\n<ul data-start=\"3250\" data-end=\"3444\">\n<li data-section-id=\"1u6qc5l\" data-start=\"3250\" data-end=\"3299\">towar typu zwroty konsumenckie \u2013 niesortowany<\/li>\n<li data-section-id=\"1bi9krm\" data-start=\"3300\" data-end=\"3329\">produkty nie s\u0105 testowane<\/li>\n<li data-section-id=\"956l60\" data-start=\"3330\" data-end=\"3370\">mo\u017cliwy niewielki udzia\u0142 kategorii B<\/li>\n<li data-section-id=\"mo09xk\" data-start=\"3371\" data-end=\"3411\">brak gwarancji konkretnej zawarto\u015bci<\/li>\n<li data-section-id=\"zia6d9\" data-start=\"3412\" data-end=\"3444\">ka\u017cda paleta pakowana losowo<\/li>\n<\/ul>\n<h2 data-section-id=\"1915pio\" data-start=\"3451\" data-end=\"3473\">\ud83d\udcf8 Zdj\u0119cia produktu<\/h2>\n<p data-start=\"3475\" data-end=\"3552\">Zdj\u0119cia maj\u0105 charakter pogl\u0105dowy i przedstawiaj\u0105 przyk\u0142adow\u0105 zawarto\u015b\u0107 palet.<\/p>\n<\/div>\n<\/div>\n<\/div>\n<\/div>\n<\/div>\n<\/div>\n<\/section>\n<\/div>\n<\/div>\n<\/div>\n<\/div>\n<\/div>\n<\/div>\n<\/div>\n<\/div>\n<\/div>\n<\/div>\n<\/div>\n<\/div>\n<\/div>\n<\/section>\n<\/div>\n","protected":false},"excerpt":{"rendered":"<p class=\"p1\">\u26a1 Paleta tekstyli\u00f3w domowych<\/p>\n<p class=\"p1\">\ud83d\udd25 Amazon Returns<\/p>\n<p class=\"p1\" style=\"text-align: left;\">\u2714\ufe0f Jako\u015b\u0107 A<\/p>","protected":false},"featured_media":50705,"comment_status":"open","ping_status":"closed","template":"","meta":{"_acf_changed":false},"product_brand":[],"product_cat":[1290],"product_tag":[1295],"class_list":{"0":"post-50704","1":"product","2":"type-product","3":"status-publish","4":"has-post-thumbnail","6":"product_cat-tekstylia-amazon","7":"product_tag-tekstylia-domowe","9":"first","10":"instock","11":"sold-individually","12":"taxable","13":"shipping-taxable","14":"purchasable","15":"product-type-simple"},"acf":[],"_links":{"self":[{"href":"https:\/\/stockify24.pl\/uk\/wp-json\/wp\/v2\/product\/50704","targetHints":{"allow":["GET"]}}],"collection":[{"href":"https:\/\/stockify24.pl\/uk\/wp-json\/wp\/v2\/product"}],"about":[{"href":"https:\/\/stockify24.pl\/uk\/wp-json\/wp\/v2\/types\/product"}],"replies":[{"embeddable":true,"href":"https:\/\/stockify24.pl\/uk\/wp-json\/wp\/v2\/comments?post=50704"}],"wp:featuredmedia":[{"embeddable":true,"href":"https:\/\/stockify24.pl\/uk\/wp-json\/wp\/v2\/media\/50705"}],"wp:attachment":[{"href":"https:\/\/stockify24.pl\/uk\/wp-json\/wp\/v2\/media?parent=50704"}],"wp:term":[{"taxonomy":"product_brand","embeddable":true,"href":"https:\/\/stockify24.pl\/uk\/wp-json\/wp\/v2\/product_brand?post=50704"},{"taxonomy":"product_cat","embeddable":true,"href":"https:\/\/stockify24.pl\/uk\/wp-json\/wp\/v2\/product_cat?post=50704"},{"taxonomy":"product_tag","embeddable":true,"href":"https:\/\/stockify24.pl\/uk\/wp-json\/wp\/v2\/product_tag?post=50704"}],"curies":[{"name":"wp","href":"https:\/\/api.w.org\/{rel}","templated":true}]}}