{"id":50724,"date":"2026-03-23T16:33:10","date_gmt":"2026-03-23T15:33:10","guid":{"rendered":"https:\/\/stockify24.pl\/?post_type=product&#038;p=50724"},"modified":"2026-03-30T12:58:32","modified_gmt":"2026-03-30T11:58:32","slug":"palety-edko-produkty-do-domu-i-ogrodu","status":"publish","type":"product","link":"https:\/\/stockify24.pl\/uk\/product\/palety-edko-produkty-do-domu-i-ogrodu\/","title":{"rendered":"\u041f\u0456\u0434\u0434\u043e\u043d\u0438 EDKO - \u0442\u043e\u0432\u0430\u0440\u0438 \u0434\u043b\u044f \u0434\u043e\u043c\u0443 \u0442\u0430 \u0441\u0430\u0434\u0443 | \u041a\u0430\u0442\u0435\u0433\u043e\u0440\u0456\u044f A"},"content":{"rendered":"<div class=\"flex flex-col text-sm pb-25\">\n<section class=\"text-token-text-primary w-full focus:outline-none [--shadow-height:45px] has-data-writing-block:pointer-events-none has-data-writing-block:-mt-(--shadow-height) has-data-writing-block:pt-(--shadow-height) [&amp;:has([data-writing-block])&gt;*]:pointer-events-auto scroll-mt-[calc(var(--header-height)+min(200px,max(70px,20svh)))]\" dir=\"auto\" data-turn-id=\"request-69b8245d-0030-838e-b654-ccb872ba6f51-25\" data-testid=\"conversation-turn-200\" data-scroll-anchor=\"true\" data-turn=\"assistant\">\n<div class=\"text-base my-auto mx-auto pb-10 [--thread-content-margin:var(--thread-content-margin-xs,calc(var(--spacing)*4))] @w-sm\/main:[--thread-content-margin:var(--thread-content-margin-sm,calc(var(--spacing)*6))] @w-lg\/main:[--thread-content-margin:var(--thread-content-margin-lg,calc(var(--spacing)*16))] px-(--thread-content-margin)\">\n<div class=\"[--thread-content-max-width:40rem] @w-lg\/main:[--thread-content-max-width:48rem] mx-auto max-w-(--thread-content-max-width) flex-1 group\/turn-messages focus-visible:outline-hidden relative flex w-full min-w-0 flex-col agent-turn\">\n<div class=\"flex max-w-full flex-col gap-4 grow\">\n<div class=\"min-h-8 text-message relative flex w-full flex-col items-end gap-2 text-start break-words whitespace-normal outline-none keyboard-focused:focus-ring [.text-message+&amp;]:mt-1\" dir=\"auto\" tabindex=\"0\" data-message-author-role=\"assistant\" data-message-id=\"ed8abcdd-be0d-4615-88f1-9a47a52c2d16\" data-message-model-slug=\"gpt-5-3\" data-turn-start-message=\"true\">\n<div class=\"flex w-full flex-col gap-1 empty:hidden\">\n<div class=\"markdown prose dark:prose-invert w-full wrap-break-word dark markdown-new-styling\">\n<div class=\"flex h-svh w-screen flex-col\">\n<div class=\"relative z-0 flex min-h-0 w-full flex-1\">\n<div class=\"relative flex min-h-0 w-full flex-1\">\n<div class=\"@container\/main relative flex min-w-0 flex-1 flex-col -translate-y-[calc(env(safe-area-inset-bottom,0px)\/2)] pt-[calc(env(safe-area-inset-bottom,0px)\/2)]\">\n<div class=\"@w-sm\/main:[scrollbar-gutter:var(--stage-scroll-gutter)] touch:[scrollbar-width:none] group\/scroll-root relative flex min-h-0 min-w-0 flex-1 flex-col [scrollbar-gutter:stable] not-print:overflow-x-clip not-print:overflow-y-auto group-data-stream-active\/scroll-root:[overflow-anchor:none] scroll-pt-(--header-height) [--sticky-padding-top:var(--header-height)] [--sticky-padding-bottom:0px] [--scroll-root-safe-area-inset-top:calc(var(--sticky-padding-top)+env(safe-area-inset-top,0px))] [--scroll-root-safe-area-inset-bottom:calc(var(--sticky-padding-bottom)+var(--screen-keyboard-height,0px)+env(safe-area-inset-bottom,0px))] [--scroll-root-safe-area-height:calc(100lvh-var(--scroll-root-safe-area-inset-top)-var(--scroll-root-safe-area-inset-bottom))] has-data-[fixed-header=less-than-xl]:@w-xl\/main:scroll-pt-0 has-data-[fixed-header=less-than-xl]:@w-xl\/main:[--sticky-padding-top:0px] has-data-[fixed-header=less-than-xxl]:@w-2xl\/main:scroll-pt-0 has-data-[fixed-header=less-than-xxl]:@w-2xl\/main:[--sticky-padding-top:0px]\" data-scroll-root=\"\" data-scroll-from-top=\"\">\n<div class=\"relative basis-auto flex-col -mb-(--composer-overlap-px) pb-(--composer-overlap-px) [--composer-overlap-px:28px] grow flex\">\n<div class=\"flex flex-col text-sm\">\n<section class=\"text-token-text-primary w-full focus:outline-none [--shadow-height:45px] has-data-writing-block:pointer-events-none has-data-writing-block:-mt-(--shadow-height) has-data-writing-block:pt-(--shadow-height) [&amp;:has([data-writing-block])&gt;*]:pointer-events-auto scroll-mt-[calc(var(--header-height)+min(200px,max(70px,20svh)))]\" dir=\"auto\" data-turn-id=\"request-WEB:cc509de0-714c-4653-ad32-6b5e125a8411-7\" data-testid=\"conversation-turn-10\" data-scroll-anchor=\"true\" data-turn=\"assistant\">\n<div class=\"text-base my-auto mx-auto pb-10 [--thread-content-margin:var(--thread-content-margin-xs,calc(var(--spacing)*4))] @w-sm\/main:[--thread-content-margin:var(--thread-content-margin-sm,calc(var(--spacing)*6))] @w-lg\/main:[--thread-content-margin:var(--thread-content-margin-lg,calc(var(--spacing)*16))] px-(--thread-content-margin)\">\n<div class=\"[--thread-content-max-width:40rem] @w-lg\/main:[--thread-content-max-width:48rem] mx-auto max-w-(--thread-content-max-width) flex-1 group\/turn-messages focus-visible:outline-hidden relative flex w-full min-w-0 flex-col agent-turn\">\n<div class=\"flex max-w-full flex-col gap-4 grow\">\n<div class=\"min-h-8 text-message relative flex w-full flex-col items-end gap-2 text-start break-words whitespace-normal outline-none keyboard-focused:focus-ring [.text-message+&amp;]:mt-1\" dir=\"auto\" tabindex=\"0\" data-message-author-role=\"assistant\" data-message-id=\"cfa6deea-8ce4-4542-9cf9-48a3b1cdbe9a\" data-message-model-slug=\"gpt-5-3\" data-turn-start-message=\"true\">\n<div class=\"flex w-full flex-col gap-1 empty:hidden\">\n<div class=\"markdown prose dark:prose-invert w-full wrap-break-word dark markdown-new-styling\">\n<h2 data-section-id=\"hhk5gc\" data-start=\"0\" data-end=\"75\">\ud83c\udfe1\ud83c\udf3f Palety EDKO \u2013 produkty do domu i ogrodu | nowy towar, wysoka jako\u015b\u0107<\/h2>\n<p data-start=\"77\" data-end=\"420\"><strong data-start=\"77\" data-end=\"106\">Palety EDKO \u2013 dom i ogr\u00f3d<\/strong> to gotowe rozwi\u0105zanie dla e-commerce, sprzeda\u017cy hurtowej oraz reseller\u00f3w, kt\u00f3rzy chc\u0105 rozwija\u0107 ofert\u0119 w kategorii wyposa\u017cenie domu i ogrodu.<\/p>\n<ul>\n<li>ka\u017cda paleta pakowana <strong>losowo<\/strong><\/li>\n<\/ul>\n<p data-start=\"77\" data-end=\"420\">Asortyment obejmuje szeroki zakres produkt\u00f3w u\u017cytkowych, kt\u00f3re znajduj\u0105 zastosowanie w codziennym funkcjonowaniu gospodarstw domowych oraz przestrzeni zewn\u0119trznych.<\/p>\n<p data-start=\"422\" data-end=\"592\">W tej kategorii dost\u0119pne s\u0105 produkty o wysokim zainteresowaniu klient\u00f3w, co pozwala budowa\u0107 ofert\u0119 dopasowan\u0105 do aktualnych potrzeb rynku oraz sprzeda\u017cy online i offline.<\/p>\n<p data-start=\"422\" data-end=\"592\">Wszystkie modele palet Amazon mo\u017cna znale\u017a\u0107 <a href=\"https:\/\/stockify24.pl\/sklep\/\"><strong>tutaj<\/strong>.<\/a><\/p>\n<h2 data-section-id=\"1wfana3\" data-start=\"599\" data-end=\"634\">\ud83d\udce6 Zawarto\u015b\u0107 palet \u2013 dom i ogr\u00f3d<\/h2>\n<p>Palety zawieraj\u0105 mix produkt\u00f3w <strong>do domu i ogrodu<\/strong>, kt\u00f3re mo\u017cna sprzedawa\u0107 pojedynczo lub w zestawach:<\/p>\n<ul>\n<li>akcesoria do wyposa\u017cenia domu<\/li>\n<li>produkty ogrodowe<\/li>\n<li>drobna elektronika u\u017cytkowa<\/li>\n<li>akcesoria sezonowe<\/li>\n<li>wyposa\u017cenie wn\u0119trz i przestrzeni zewn\u0119trznych<\/li>\n<li>inne produkty codziennego u\u017cytku<\/li>\n<\/ul>\n<p>\ud83d\udcca Asortyment obejmuje produkty, kt\u00f3re s\u0105 regularnie kupowane przez klient\u00f3w, co pozwala prowadzi\u0107 sprzeda\u017c w wielu segmentach jednocze\u015bnie.<\/p>\n<h2 data-section-id=\"l0olhn\" data-start=\"1087\" data-end=\"1116\">\u2705 Kategoria A \u2013 nowy towar<\/h2>\n<ul data-start=\"1118\" data-end=\"1226\">\n<li data-section-id=\"1otj7x2\" data-start=\"1118\" data-end=\"1165\">wszystkie produkty s\u0105 <strong data-start=\"1142\" data-end=\"1163\">nowe i nieu\u017cywane<\/strong><\/li>\n<li data-section-id=\"j9q8b8\" data-start=\"1166\" data-end=\"1193\">brak \u015blad\u00f3w u\u017cytkowania<\/li>\n<li data-section-id=\"can2dy\" data-start=\"1194\" data-end=\"1226\">produkty gotowe do sprzeda\u017cy<\/li>\n<\/ul>\n<p data-start=\"1228\" data-end=\"1288\">Towar spe\u0142nia standard sprzeda\u017cy detalicznej i internetowej.<\/p>\n<h2 data-section-id=\"1mla25t\" data-start=\"1295\" data-end=\"1316\">\ud83d\udcd0 Parametry palet<\/h2>\n<p data-start=\"1318\" data-end=\"1379\">\ud83d\udccf Wysoko\u015b\u0107 palety: <strong data-start=\"1338\" data-end=\"1349\">2 m<\/strong><br data-start=\"1349\" data-end=\"1352\" \/>\u2696\ufe0f Waga netto: <strong data-start=\"1361\" data-end=\"1377\">oko\u0142o 250 kg<\/strong><\/p>\n<p data-start=\"1381\" data-end=\"1474\">Palety zawieraj\u0105 du\u017c\u0105 ilo\u015b\u0107 produkt\u00f3w, co umo\u017cliwia szybkie rozszerzenie oferty sprzeda\u017cowej.<\/p>\n<h2 data-section-id=\"l5lpbi\" data-start=\"2009\" data-end=\"2051\">\ud83d\udcbc Zastosowanie \u2013 sprzeda\u017c i odsprzeda\u017c<\/h2>\n<p data-start=\"2053\" data-end=\"2094\">Palety EDKO sprawdz\u0105 si\u0119 dla os\u00f3b, kt\u00f3re:<\/p>\n<ul data-start=\"2096\" data-end=\"2285\">\n<li data-section-id=\"4yq4hc\" data-start=\"2096\" data-end=\"2137\">sprzedaj\u0105 na <strong data-start=\"2111\" data-end=\"2135\">Allegro, OLX, Amazon<\/strong><\/li>\n<li data-section-id=\"1hxtzkm\" data-start=\"2138\" data-end=\"2173\">prowadz\u0105 <strong data-start=\"2149\" data-end=\"2171\">sklepy internetowe<\/strong><\/li>\n<li data-section-id=\"1mxb40z\" data-start=\"2174\" data-end=\"2205\">oferuj\u0105 produkty pojedynczo<\/li>\n<li data-section-id=\"1diyfzu\" data-start=\"2206\" data-end=\"2243\">rozwijaj\u0105 dzia\u0142alno\u015b\u0107 resellersk\u0105<\/li>\n<li data-section-id=\"11juonu\" data-start=\"2244\" data-end=\"2285\">szukaj\u0105 towaru do dalszej odsprzeda\u017cy<\/li>\n<\/ul>\n<p data-start=\"2287\" data-end=\"2371\">Szeroki zakres produkt\u00f3w pozwala budowa\u0107 ofert\u0119 dopasowan\u0105 do r\u00f3\u017cnych grup klient\u00f3w.<\/p>\n<h2 data-section-id=\"14nr1um\" data-start=\"2378\" data-end=\"2404\">\ud83d\udcc8 Korzy\u015bci sprzeda\u017cowe<\/h2>\n<ul data-start=\"2406\" data-end=\"2647\">\n<li data-section-id=\"1qdgomq\" data-start=\"2406\" data-end=\"2459\">dost\u0119p do du\u017cej ilo\u015bci produkt\u00f3w w jednej palecie<\/li>\n<li data-section-id=\"om4fxq\" data-start=\"2460\" data-end=\"2503\">mo\u017cliwo\u015b\u0107 sprzeda\u017cy w wielu kategoriach<\/li>\n<li data-section-id=\"8esk74\" data-start=\"2504\" data-end=\"2546\">zwi\u0119kszenie liczby ofert sprzeda\u017cowych<\/li>\n<li data-section-id=\"2ij47v\" data-start=\"2547\" data-end=\"2585\">elastyczne dopasowanie asortymentu<\/li>\n<li data-section-id=\"1yig9qh\" data-start=\"2586\" data-end=\"2647\">mo\u017cliwo\u015b\u0107 rozwijania sprzeda\u017cy w r\u00f3\u017cnych segmentach rynku<\/li>\n<\/ul>\n<p data-start=\"2649\" data-end=\"2748\">Palety umo\u017cliwiaj\u0105 szybkie rozszerzenie asortymentu bez konieczno\u015bci zakupu pojedynczych produkt\u00f3w.<\/p>\n<h2 data-section-id=\"m785xy\" data-start=\"2755\" data-end=\"2781\">\ud83d\uded2 Mo\u017cliwo\u015bci sprzeda\u017cy<\/h2>\n<p data-start=\"2783\" data-end=\"2809\">Zawarto\u015b\u0107 palet umo\u017cliwia:<\/p>\n<ul data-start=\"2811\" data-end=\"2962\">\n<li data-section-id=\"eaedyo\" data-start=\"2811\" data-end=\"2846\">sprzeda\u017c pojedynczych produkt\u00f3w<\/li>\n<li data-section-id=\"ec8lq9\" data-start=\"2847\" data-end=\"2869\">tworzenie zestaw\u00f3w<\/li>\n<li data-section-id=\"whv3on\" data-start=\"2870\" data-end=\"2921\">sprzeda\u017c w kategoriach dom, ogr\u00f3d i elektronika<\/li>\n<li data-section-id=\"rttp6p\" data-start=\"2922\" data-end=\"2962\">uzupe\u0142nianie aktualnej oferty sklepu<\/li>\n<\/ul>\n<p data-start=\"2964\" data-end=\"3031\">Dzi\u0119ki temu mo\u017cna prowadzi\u0107 sprzeda\u017c w wielu kana\u0142ach jednocze\u015bnie.<\/p>\n<h2 data-section-id=\"78zdcb\" data-start=\"3038\" data-end=\"3069\">\ud83d\udcca Zastosowanie w e-commerce<\/h2>\n<p data-start=\"3071\" data-end=\"3113\">Palety EDKO wspieraj\u0105 sprzeda\u017c w modelach:<\/p>\n<ul data-start=\"3115\" data-end=\"3203\">\n<li data-section-id=\"c9k76t\" data-start=\"3115\" data-end=\"3153\">marketplace (<a href=\"https:\/\/allegro.pl\/\" target=\"_blank\" rel=\"noopener\">Allegro<\/a>, <a href=\"https:\/\/www.olx.pl\/\" target=\"_blank\" rel=\"noopener\">OLX<\/a>, <a href=\"https:\/\/www.ebay.com\/\" target=\"_blank\" rel=\"noopener\">eBay<\/a>, <a href=\"https:\/\/www.amazon.com\/\" target=\"_blank\" rel=\"noopener\">Amazon<\/a>)<\/li>\n<li data-section-id=\"1fmpn86\" data-start=\"3154\" data-end=\"3176\">sklepy internetowe<\/li>\n<li data-section-id=\"1di29sp\" data-start=\"3177\" data-end=\"3203\">sprzeda\u017c wielokana\u0142owa<\/li>\n<\/ul>\n<p data-start=\"3205\" data-end=\"3295\"><strong>Losowy sk\u0142ad<\/strong> pozwala dopasowa\u0107 ofert\u0119 do aktualnych trend\u00f3w zakupowych i potrzeb klient\u00f3w.<\/p>\n<h2 data-section-id=\"pkeej4\" data-start=\"3302\" data-end=\"3328\">\ud83d\ude9a Dostawa i realizacja<\/h2>\n<ul data-start=\"3330\" data-end=\"3424\">\n<li data-section-id=\"1j548yy\" data-start=\"3330\" data-end=\"3362\">wysy\u0142ka z magazynu w Europie<\/li>\n<li data-section-id=\"igemay\" data-start=\"3363\" data-end=\"3393\">szybka realizacja zam\u00f3wie\u0144<\/li>\n<li data-section-id=\"1j8kcmu\" data-start=\"3394\" data-end=\"3424\">bezpieczne pakowanie palet<\/li>\n<\/ul>\n<h2 data-section-id=\"p6kgem\" data-start=\"3431\" data-end=\"3453\">\u2139\ufe0f Wa\u017cne informacje<\/h2>\n<ul data-start=\"3455\" data-end=\"3660\">\n<li data-section-id=\"4p89c2\" data-start=\"3455\" data-end=\"3516\">cz\u0119\u015b\u0107 towaru pochodzi z Amazon Returns \u2013 niesortowany<\/li>\n<li data-section-id=\"lv749d\" data-start=\"3517\" data-end=\"3579\">produkty nie s\u0105 testowane (dotyczy elektroniki ze zwrot\u00f3w)<\/li>\n<li data-section-id=\"rpolgn\" data-start=\"3580\" data-end=\"3627\">mo\u017cliwa domieszka produkt\u00f3w o r\u00f3\u017cnym stanie<\/li>\n<li data-section-id=\"zia6d9\" data-start=\"3628\" data-end=\"3660\">ka\u017cda paleta pakowana <strong>losowo<\/strong><\/li>\n<\/ul>\n<h2 data-section-id=\"1915pio\" data-start=\"3667\" data-end=\"3689\">\ud83d\udcf8 Zdj\u0119cia produktu<\/h2>\n<p data-start=\"3691\" data-end=\"3768\">Zdj\u0119cia maj\u0105 charakter pogl\u0105dowy i przedstawiaj\u0105 przyk\u0142adow\u0105 zawarto\u015b\u0107 palet.<\/p>\n<\/div>\n<\/div>\n<\/div>\n<\/div>\n<\/div>\n<\/div>\n<\/section>\n<\/div>\n<\/div>\n<\/div>\n<\/div>\n<\/div>\n<\/div>\n<\/div>\n<\/div>\n<\/div>\n<\/div>\n<\/div>\n<\/div>\n<\/div>\n<\/section>\n<\/div>\n","protected":false},"excerpt":{"rendered":"<p class=\"p1\">\u26a1 Palety EDKO, produkty do domu i ogrodu<\/p>\n<p class=\"p1\">\u2714\ufe0f Nowy towar<\/p>\n<p class=\"p1\">\ud83d\udd25 Amazon Returns<\/p>\n<p class=\"p1\" style=\"text-align: left;\">\u2714\ufe0f Jako\u015b\u0107 A<\/p>","protected":false},"featured_media":50725,"comment_status":"open","ping_status":"closed","template":"","meta":{"_acf_changed":false},"product_brand":[],"product_cat":[1288],"product_tag":[1295],"class_list":{"0":"post-50724","1":"product","2":"type-product","3":"status-publish","4":"has-post-thumbnail","6":"product_cat-home-mix-eu-uk-amazon-returns-ab","7":"product_tag-tekstylia-domowe","9":"first","10":"instock","11":"sold-individually","12":"taxable","13":"shipping-taxable","14":"purchasable","15":"product-type-simple"},"acf":[],"_links":{"self":[{"href":"https:\/\/stockify24.pl\/uk\/wp-json\/wp\/v2\/product\/50724","targetHints":{"allow":["GET"]}}],"collection":[{"href":"https:\/\/stockify24.pl\/uk\/wp-json\/wp\/v2\/product"}],"about":[{"href":"https:\/\/stockify24.pl\/uk\/wp-json\/wp\/v2\/types\/product"}],"replies":[{"embeddable":true,"href":"https:\/\/stockify24.pl\/uk\/wp-json\/wp\/v2\/comments?post=50724"}],"wp:featuredmedia":[{"embeddable":true,"href":"https:\/\/stockify24.pl\/uk\/wp-json\/wp\/v2\/media\/50725"}],"wp:attachment":[{"href":"https:\/\/stockify24.pl\/uk\/wp-json\/wp\/v2\/media?parent=50724"}],"wp:term":[{"taxonomy":"product_brand","embeddable":true,"href":"https:\/\/stockify24.pl\/uk\/wp-json\/wp\/v2\/product_brand?post=50724"},{"taxonomy":"product_cat","embeddable":true,"href":"https:\/\/stockify24.pl\/uk\/wp-json\/wp\/v2\/product_cat?post=50724"},{"taxonomy":"product_tag","embeddable":true,"href":"https:\/\/stockify24.pl\/uk\/wp-json\/wp\/v2\/product_tag?post=50724"}],"curies":[{"name":"wp","href":"https:\/\/api.w.org\/{rel}","templated":true}]}}