{"id":51064,"date":"2026-03-27T16:34:35","date_gmt":"2026-03-27T15:34:35","guid":{"rendered":"https:\/\/stockify24.pl\/?post_type=product&#038;p=51064"},"modified":"2026-03-27T16:39:21","modified_gmt":"2026-03-27T15:39:21","slug":"paleta-elektroniki-amazon-mix-a-b-103","status":"publish","type":"product","link":"https:\/\/stockify24.pl\/uk\/product\/paleta-elektroniki-amazon-mix-a-b-103\/","title":{"rendered":"\u041f\u0456\u0434\u0434\u043e\u043d \u0434\u043b\u044f \u0435\u043b\u0435\u043a\u0442\u0440\u043e\u043d\u0456\u043a\u0438 Amazon MIX | A-B | #103"},"content":{"rendered":"<h1 data-section-id=\"qmg9rq\" data-start=\"0\" data-end=\"89\">\ud83d\udce6 Paleta elektroniki Amazon A\u2013B \u2013 142 kg | Mix produkt\u00f3w do sprzeda\u017cy z wysok\u0105 rotacj\u0105<\/h1>\n<p data-start=\"91\" data-end=\"508\">Zestaw elektroniki Amazon A\u2013B to rozwi\u0105zanie dla sprzeda\u017cy opartej na rotacji, szerokim asortymencie i optymalizacji kosztu zakupu. Produkty pochodz\u0105 ze zwrot\u00f3w konsumenckich oraz nadwy\u017cek magazynowych, co umo\u017cliwia zakup elektroniki poni\u017cej ceny detalicznej i jej dalsz\u0105 sprzeda\u017c z zachowaniem mar\u017cy. Sk\u0142ad palety jest zawsze unikalny i nie powtarza si\u0119, co pozwala wyr\u00f3\u017cni\u0107 ofert\u0119 i zwi\u0119kszy\u0107 skuteczno\u015b\u0107 sprzeda\u017cy.<\/p>\n<p data-start=\"510\" data-end=\"717\">Model A\u2013B to standard wybierany przez sprzedawc\u00f3w, kt\u00f3rzy chc\u0105 zwi\u0119kszy\u0107 liczb\u0119 produkt\u00f3w w ofercie bez konieczno\u015bci inwestowania w pojedyncze pozycje oraz jednocze\u015bnie utrzyma\u0107 przewidywalny poziom jako\u015bci.<\/p>\n<h2 data-section-id=\"m2ohjd\" data-start=\"724\" data-end=\"756\">\ud83d\udd0c Co obejmuje mix produkt\u00f3w?<\/h2>\n<p data-start=\"758\" data-end=\"950\">Paleta zawiera elektronik\u0119 u\u017cytkow\u0105 nale\u017c\u0105c\u0105 do segmentu o stabilnym popycie. Produkty z tej kategorii sprzedaj\u0105 si\u0119 przez ca\u0142y rok i dobrze sprawdzaj\u0105 si\u0119 w sprzeda\u017cy online oraz detalicznej.<\/p>\n<p data-start=\"952\" data-end=\"982\">W zestawie mog\u0105 znajdowa\u0107 si\u0119:<\/p>\n<ul data-start=\"984\" data-end=\"1207\">\n<li data-section-id=\"7o5oyv\" data-start=\"984\" data-end=\"1024\">\u0431\u0435\u0437\u0434\u0440\u043e\u0442\u043e\u0432\u0456 \u0442\u0430 \u0434\u0440\u043e\u0442\u043e\u0432\u0456 \u043d\u0430\u0432\u0443\u0448\u043d\u0438\u043a\u0438<\/li>\n<li data-section-id=\"1j12er6\" data-start=\"1025\" data-end=\"1058\">\u0437\u0430\u0440\u044f\u0434\u043d\u0456 \u043f\u0440\u0438\u0441\u0442\u0440\u043e\u0457, \u043a\u0430\u0431\u0435\u043b\u0456 \u0442\u0430 \u043f\u0430\u0432\u0435\u0440\u0431\u0430\u043d\u043a\u0438<\/li>\n<li data-section-id=\"pg4t50\" data-start=\"1059\" data-end=\"1102\">GSM \u0430\u043a\u0441\u0435\u0441\u0443\u0430\u0440\u0438 (\u0442\u0440\u0438\u043c\u0430\u0447\u0456, \u0430\u0434\u0430\u043f\u0442\u0435\u0440\u0438, \u0447\u043e\u0445\u043b\u0438)<\/li>\n<li data-section-id=\"129ryor\" data-start=\"1103\" data-end=\"1128\">\u043f\u0440\u0438\u0441\u0442\u0440\u043e\u0457 \u0434\u043b\u044f \u0440\u043e\u0437\u0443\u043c\u043d\u043e\u0433\u043e \u0434\u043e\u043c\u0443<\/li>\n<li data-section-id=\"1axq2in\" data-start=\"1129\" data-end=\"1154\">drobne urz\u0105dzenia AGD<\/li>\n<li data-section-id=\"1e6808q\" data-start=\"1155\" data-end=\"1181\">\u0442\u0435\u0445\u043d\u043e\u043b\u043e\u0433\u0456\u0447\u043d\u0456 \u0433\u0430\u0434\u0436\u0435\u0442\u0438<\/li>\n<li data-section-id=\"1qa6b9s\" data-start=\"1182\" data-end=\"1207\">akcesoria komputerowe<\/li>\n<\/ul>\n<p data-start=\"1209\" data-end=\"1301\">R\u00f3\u017cnorodno\u015b\u0107 produkt\u00f3w pozwala zwi\u0119kszy\u0107 liczb\u0119 ofert i dotrze\u0107 do szerokiej grupy klient\u00f3w.<\/p>\n<h2 data-section-id=\"1dqkk7b\" data-start=\"1308\" data-end=\"1353\">\ud83d\udcca Klasa jako\u015bci \u2013 praktyczne zastosowanie<\/h2>\n<p data-start=\"1355\" data-end=\"1410\">Produkty w palecie nale\u017c\u0105 do kategorii A\u2013B, co oznacza:<\/p>\n<ul data-start=\"1412\" data-end=\"1621\">\n<li data-section-id=\"4nn9t9\" data-start=\"1412\" data-end=\"1457\">przewag\u0119 towaru w dobrym stanie wizualnym<\/li>\n<li data-section-id=\"1g8ljs8\" data-start=\"1458\" data-end=\"1504\">\u0432\u0435\u043b\u0438\u043a\u0430 \u0447\u0430\u0441\u0442\u043a\u0430 \u043f\u0440\u043e\u0434\u0443\u043a\u0446\u0456\u0457, \u0433\u043e\u0442\u043e\u0432\u043e\u0457 \u0434\u043e \u043f\u0440\u043e\u0434\u0430\u0436\u0443<\/li>\n<li data-section-id=\"15cwt0u\" data-start=\"1505\" data-end=\"1575\">\u043c\u043e\u0436\u043b\u0438\u0432\u0456\u0441\u0442\u044c \u043f\u0440\u043e\u0434\u0443\u043a\u0446\u0456\u0457, \u0449\u043e \u043f\u043e\u0442\u0440\u0435\u0431\u0443\u0454 \u0431\u0430\u0437\u043e\u0432\u043e\u0457 \u043f\u0435\u0440\u0435\u0432\u0456\u0440\u043a\u0438<\/li>\n<li data-section-id=\"siek5r\" data-start=\"1576\" data-end=\"1621\">\u043d\u0435\u0432\u0435\u043b\u0438\u043a\u0430 \u0447\u0430\u0441\u0442\u043a\u0430 \u043a\u0430\u0442\u0435\u0433\u043e\u0440\u0456\u0457 C (\u043f\u0440\u0438\u0431\u043b\u0438\u0437\u043d\u043e 5-7%)<\/li>\n<\/ul>\n<p data-start=\"1623\" data-end=\"1721\">Taka struktura jako\u015bci pozwala zachowa\u0107 r\u00f3wnowag\u0119 mi\u0119dzy kosztem zakupu a efektywno\u015bci\u0105 sprzeda\u017cy.<\/p>\n<h2 data-section-id=\"ypwbjw\" data-start=\"1728\" data-end=\"1761\">\u2696\ufe0f Parametry i charakterystyka<\/h2>\n<ul data-start=\"1763\" data-end=\"1925\">\n<li data-section-id=\"1ev4sf1\" data-start=\"1763\" data-end=\"1785\">waga netto: 142 kg<\/li>\n<li data-section-id=\"1yjmj6p\" data-start=\"1786\" data-end=\"1812\">\u0432\u0438\u0441\u043e\u0442\u0430: \u043f\u0440\u0438\u0431\u043b\u0438\u0437\u043d\u043e 1 \u043c\u0435\u0442\u0440<\/li>\n<li data-section-id=\"12td2jl\" data-start=\"1813\" data-end=\"1843\">\u043e\u0431\u043c\u0456\u043d \u0435\u043b\u0435\u043a\u0442\u0440\u043e\u043d\u0456\u043a\u043e\u044e: 70-80%<\/li>\n<li data-section-id=\"51he0s\" data-start=\"1844\" data-end=\"1899\">\u043f\u043e\u0445\u043e\u0434\u0436\u0435\u043d\u043d\u044f: \u043f\u043e\u0432\u0435\u0440\u043d\u0435\u043d\u043d\u044f \u0437 Amazon \u0442\u0430 \u043d\u0430\u0434\u043b\u0438\u0448\u043a\u043e\u0432\u0456 \u0437\u0430\u043f\u0430\u0441\u0438<\/li>\n<li data-section-id=\"1d3lbb\" data-start=\"1900\" data-end=\"1925\">\u0441\u0442\u0430\u043d\u0434\u0430\u0440\u0442 \u044f\u043a\u043e\u0441\u0442\u0456: A-B<\/li>\n<\/ul>\n<p data-start=\"1927\" data-end=\"2012\">Parametry te zapewniaj\u0105 wygodn\u0105 logistyk\u0119 i szybkie wdro\u017cenie produkt\u00f3w do sprzeda\u017cy.<\/p>\n<h2 data-section-id=\"15swafq\" data-start=\"2019\" data-end=\"2063\">\ud83d\udcbc Gdzie najlepiej wykorzysta\u0107 t\u0119 palet\u0119?<\/h2>\n<p data-start=\"2065\" data-end=\"2163\">Zestaw elektroniki Amazon znajduje zastosowanie w modelach sprzeda\u017cy opartych na ilo\u015bci i rotacji:<\/p>\n<ul data-start=\"2165\" data-end=\"2340\">\n<li data-section-id=\"1kltbdc\" data-start=\"2165\" data-end=\"2219\">\u043c\u0430\u0440\u043a\u0435\u0442\u043f\u043b\u0435\u0439\u0441 \u043f\u043b\u0430\u0442\u0444\u043e\u0440\u043c\u0438 (<a href=\"https:\/\/allegro.pl\/\" target=\"_blank\" rel=\"noopener\">Allegro<\/a>, <a href=\"https:\/\/www.olx.pl\/\" target=\"_blank\" rel=\"noopener\">OLX<\/a>, <a href=\"https:\/\/www.ebay.com\/\" target=\"_blank\" rel=\"noopener\">eBay<\/a>, <a href=\"https:\/\/www.amazon.com\/\" target=\"_blank\" rel=\"noopener\">\u0410\u043c\u0430\u0437\u043e\u043d\u043a\u0430<\/a>)<\/li>\n<li data-section-id=\"1fmpn86\" data-start=\"2220\" data-end=\"2242\">\u0456\u043d\u0442\u0435\u0440\u043d\u0435\u0442-\u043c\u0430\u0433\u0430\u0437\u0438\u043d\u0438<\/li>\n<li data-section-id=\"gynsj7\" data-start=\"2243\" data-end=\"2276\">\u0440\u043e\u0437\u0434\u0440\u0456\u0431\u043d\u0430 \u0442\u0430 \u043e\u043f\u0442\u043e\u0432\u0430 \u0442\u043e\u0440\u0433\u0456\u0432\u043b\u044f<\/li>\n<li data-section-id=\"9ctges\" data-start=\"2277\" data-end=\"2306\">\u0440\u043e\u0437\u0432\u0438\u0442\u043e\u043a \u0442\u043e\u0432\u0430\u0440\u043d\u043e\u0433\u043e \u0441\u043a\u043b\u0430\u0434\u0443<\/li>\n<li data-section-id=\"nchc0o\" data-start=\"2307\" data-end=\"2340\">rozszerzenie aktualnej oferty<\/li>\n<\/ul>\n<p data-start=\"2342\" data-end=\"2422\">\u0426\u0435 \u0440\u0456\u0448\u0435\u043d\u043d\u044f \u0434\u0430\u0454 \u043c\u043e\u0436\u043b\u0438\u0432\u0456\u0441\u0442\u044c \u0437\u0431\u0456\u043b\u044c\u0448\u0438\u0442\u0438 \u043a\u0456\u043b\u044c\u043a\u0456\u0441\u0442\u044c \u043f\u0440\u043e\u0434\u0443\u043a\u0442\u0456\u0432 \u0442\u0430 \u043f\u043e\u043a\u0440\u0430\u0449\u0438\u0442\u0438 \u043f\u043e\u043a\u0430\u0437\u043d\u0438\u043a\u0438 \u043f\u0440\u043e\u0434\u0430\u0436\u0456\u0432.<\/p>\n<h2 data-section-id=\"xgvkft\" data-start=\"2429\" data-end=\"2471\">\ud83d\udcc8 Dlaczego ten model sprzeda\u017cy dzia\u0142a?<\/h2>\n<p data-start=\"2473\" data-end=\"2570\"><strong data-start=\"2473\" data-end=\"2501\">Szeroki zakres produkt\u00f3w<\/strong><br data-start=\"2501\" data-end=\"2504\" \/>\u041e\u0434\u043d\u0430 \u043f\u0430\u043b\u0456\u0442\u0440\u0430 \u0434\u0430\u0454 \u043c\u043e\u0436\u043b\u0438\u0432\u0456\u0441\u0442\u044c \u043f\u0440\u0430\u0446\u044e\u0432\u0430\u0442\u0438 \u0432 \u0434\u0435\u043a\u0456\u043b\u044c\u043a\u043e\u0445 \u043a\u0430\u0442\u0435\u0433\u043e\u0440\u0456\u044f\u0445 \u043e\u0434\u043d\u043e\u0447\u0430\u0441\u043d\u043e.<\/p>\n<p data-start=\"2572\" data-end=\"2640\"><strong data-start=\"2572\" data-end=\"2587\">Sta\u0142y popyt<\/strong><br data-start=\"2587\" data-end=\"2590\" \/>\u041f\u043e\u0431\u0443\u0442\u043e\u0432\u0430 \u0435\u043b\u0435\u043a\u0442\u0440\u043e\u043d\u0456\u043a\u0430 \u043f\u0440\u043e\u0434\u0430\u0454\u0442\u044c\u0441\u044f \u0446\u0456\u043b\u0438\u0439 \u0440\u0456\u043a.<\/p>\n<p data-start=\"2642\" data-end=\"2715\"><strong data-start=\"2642\" data-end=\"2665\">Ni\u017cszy koszt zakupu<\/strong><br data-start=\"2665\" data-end=\"2668\" \/>Zakup w formie palety zwi\u0119ksza potencja\u0142 mar\u017cy.<\/p>\n<p data-start=\"2717\" data-end=\"2794\"><strong data-start=\"2717\" data-end=\"2743\">Elastyczno\u015b\u0107 sprzeda\u017cy<\/strong><br data-start=\"2743\" data-end=\"2746\" \/>\u041c\u043e\u0436\u043b\u0438\u0432\u0438\u0439 \u043f\u0440\u043e\u0434\u0430\u0436 \u043f\u043e\u0448\u0442\u0443\u0447\u043d\u043e \u0442\u0430 \u0432 \u043f\u0430\u043a\u0435\u0442\u0430\u0445.<\/p>\n<p data-start=\"2796\" data-end=\"2876\"><strong data-start=\"2796\" data-end=\"2825\">Skalowalno\u015b\u0107 dzia\u0142alno\u015bci<\/strong><br data-start=\"2825\" data-end=\"2828\" \/>Powtarzalny model oparty na kolejnych dostawach.<\/p>\n<p data-start=\"2878\" data-end=\"2968\">Unikalny sk\u0142ad ka\u017cdej palety eliminuje powtarzalno\u015b\u0107 produkt\u00f3w i zwi\u0119ksza konkurencyjno\u015b\u0107.<\/p>\n<h2 data-section-id=\"f6sumc\" data-start=\"2975\" data-end=\"3009\">\ud83d\ude80 \u041c\u043e\u0436\u043b\u0438\u0432\u043e\u0441\u0442\u0456 \u0434\u043b\u044f \u0440\u043e\u0437\u0432\u0438\u0442\u043a\u0443 \u043f\u0440\u043e\u0434\u0430\u0436\u0456\u0432<\/h2>\n<p data-start=\"3011\" data-end=\"3100\">Paleta elektroniki tej wielko\u015bci umo\u017cliwia szybkie zwi\u0119kszenie skali dzia\u0142alno\u015bci i rozbudow\u0119 oferty.<\/p>\n<p data-start=\"3102\" data-end=\"3123\">\u041e\u0441\u043d\u043e\u0432\u043d\u0456 \u0435\u0444\u0435\u043a\u0442\u0438:<\/p>\n<ul data-start=\"3125\" data-end=\"3275\">\n<li data-section-id=\"s6wust\" data-start=\"3125\" data-end=\"3165\">\u0431\u0456\u043b\u044c\u0448\u0435 \u0442\u043e\u0432\u0430\u0440\u0456\u0432 \u0443 \u043f\u0440\u043e\u0434\u0430\u0436\u0443<\/li>\n<li data-section-id=\"zofg57\" data-start=\"3166\" data-end=\"3203\">\u0434\u043e\u0441\u0442\u0443\u043f \u0434\u043e \u0440\u0456\u0437\u043d\u0438\u0445 \u0441\u0435\u0433\u043c\u0435\u043d\u0442\u0456\u0432 \u0440\u0438\u043d\u043a\u0443<\/li>\n<li data-section-id=\"1qplwzh\" data-start=\"3204\" data-end=\"3233\">\u0437\u0431\u0456\u043b\u044c\u0448\u0435\u043d\u043d\u044f \u0442\u043e\u0432\u0430\u0440\u043e\u043e\u0431\u0456\u0433\u0443<\/li>\n<li data-section-id=\"5dkb8z\" data-start=\"3234\" data-end=\"3275\">\u043c\u043e\u0436\u043b\u0438\u0432\u0456\u0441\u0442\u044c \u043f\u043e\u0431\u0443\u0434\u0443\u0432\u0430\u0442\u0438 \u0441\u0442\u0430\u0431\u0456\u043b\u044c\u043d\u0438\u0439 \u0434\u043e\u0445\u0456\u0434<\/li>\n<\/ul>\n<p data-start=\"3277\" data-end=\"3340\">\u0411\u0456\u043b\u044c\u0448\u0435 \u043f\u0440\u043e\u0434\u0443\u043a\u0442\u0456\u0432 \u043e\u0437\u043d\u0430\u0447\u0430\u0454 \u0431\u0456\u043b\u044c\u0448\u0438\u0439 \u043f\u043e\u0442\u0435\u043d\u0446\u0456\u0430\u043b \u043f\u0440\u043e\u0434\u0430\u0436\u0456\u0432.<\/p>\n<h2 data-section-id=\"p72gzl\" data-start=\"3347\" data-end=\"3374\">\ud83d\udce6 \u0422\u0440\u0430\u043d\u0441\u043f\u043e\u0440\u0442\u0443\u0432\u0430\u043d\u043d\u044f \u0442\u0430 \u0440\u0435\u0430\u043b\u0456\u0437\u0430\u0446\u0456\u044f<\/h2>\n<p data-start=\"3376\" data-end=\"3498\">\u041f\u0456\u0434\u0434\u043e\u043d \u0432\u0438\u0441\u043e\u0442\u043e\u044e \u043f\u0440\u0438\u0431\u043b\u0438\u0437\u043d\u043e 1 \u043c\u0435\u0442\u0440 \u043f\u0456\u0434\u0433\u043e\u0442\u043e\u0432\u043b\u0435\u043d\u0438\u0439 \u0434\u043b\u044f \u0442\u0440\u0430\u043d\u0441\u043f\u043e\u0440\u0442\u0443\u0432\u0430\u043d\u043d\u044f \u043d\u0430 \u043f\u0430\u043b\u0435\u0442\u0430\u0445. \u0422\u043e\u0432\u0430\u0440 \u0437\u0430\u043a\u0440\u0456\u043f\u043b\u0435\u043d\u0438\u0439 \u0456 \u0433\u043e\u0442\u043e\u0432\u0438\u0439 \u0434\u043e \u0437\u0430\u0431\u0438\u0440\u0430\u043d\u043d\u044f.<\/p>\n<p data-start=\"3500\" data-end=\"3586\">Po dostawie produkty mo\u017cna natychmiast wprowadza\u0107 do sprzeda\u017cy bez dodatkowych etap\u00f3w.<\/p>\n<h2 data-section-id=\"sjaqfy\" data-start=\"3593\" data-end=\"3634\">\ud83c\udfaf Przewaga nad standardowymi zakupami<\/h2>\n<p data-start=\"3636\" data-end=\"3811\">Mix elektroniki Amazon A\u2013B zapewnia dost\u0119p do szerokiego asortymentu w jednej dostawie. Pozwala zwi\u0119kszy\u0107 sprzeda\u017c bez konieczno\u015bci budowania zaplecza produktowego od podstaw.<\/p>\n<p data-start=\"3813\" data-end=\"3852\">\u0426\u0435 \u0440\u0456\u0448\u0435\u043d\u043d\u044f \u0434\u043b\u044f \u0440\u043e\u0437\u0434\u0440\u0456\u0431\u043d\u0438\u0445 \u0442\u043e\u0440\u0433\u043e\u0432\u0446\u0456\u0432, \u044f\u043a\u0456:<\/p>\n<ul data-start=\"3854\" data-end=\"3995\">\n<li data-section-id=\"jjhl4x\" data-start=\"3854\" data-end=\"3891\">\u0445\u043e\u0447\u0443\u0442\u044c \u0437\u0431\u0456\u043b\u044c\u0448\u0438\u0442\u0438 \u043c\u0430\u0441\u0448\u0442\u0430\u0431\u0438 \u0434\u0456\u044f\u043b\u044c\u043d\u043e\u0441\u0442\u0456<\/li>\n<li data-section-id=\"1ctb68s\" data-start=\"3892\" data-end=\"3932\">\u043f\u043e\u0442\u0440\u0435\u0431\u0443\u044e\u0442\u044c \u0431\u0456\u043b\u044c\u0448\u0435 \u043f\u0440\u043e\u0434\u0443\u043a\u0442\u0456\u0432<\/li>\n<li data-section-id=\"os0g5p\" data-start=\"3933\" data-end=\"3962\">\u0440\u043e\u0437\u0432\u0438\u0432\u0430\u0442\u0438 \u043e\u043d\u043b\u0430\u0439\u043d-\u043f\u0440\u043e\u0434\u0430\u0436\u0456<\/li>\n<li data-section-id=\"1y6m81p\" data-start=\"3963\" data-end=\"3995\">\u043f\u0440\u0430\u0446\u044e\u044e\u0442\u044c \u0437\u0430 \u0440\u043e\u0442\u0430\u0446\u0456\u0439\u043d\u043e\u044e \u043c\u043e\u0434\u0435\u043b\u043b\u044e<\/li>\n<\/ul>\n<p data-start=\"3997\" data-end=\"4096\">Brak powtarzalno\u015bci produkt\u00f3w oznacza wi\u0119ksz\u0105 elastyczno\u015b\u0107 i mo\u017cliwo\u015b\u0107 dopasowania oferty do rynku.<\/p>\n<h2 data-section-id=\"132lgn5\" data-start=\"4272\" data-end=\"4305\">\ud83c\udf10 \u041f\u0435\u0440\u0435\u0432\u0456\u0440\u0442\u0435 \u0456\u043d\u0448\u0456 \u0434\u043e\u0441\u0442\u0443\u043f\u043d\u0456 \u0432\u0430\u0440\u0456\u0430\u043d\u0442\u0438<\/h2>\n<p data-start=\"4307\" data-end=\"4359\">\u042f\u043a\u0449\u043e \u0432\u0438 \u0445\u043e\u0447\u0435\u0442\u0435 \u043f\u043e\u0440\u0456\u0432\u043d\u044f\u0442\u0438 \u0434\u043e\u0441\u0442\u0443\u043f\u043d\u0456 \u0432\u0430\u0440\u0456\u0430\u043d\u0442\u0438, \u043f\u0435\u0440\u0435\u0439\u0434\u0456\u0442\u044c \u0437\u0430 \u043f\u043e\u0441\u0438\u043b\u0430\u043d\u043d\u044f\u043c:<\/p>\n<p data-start=\"4361\" data-end=\"4482\">\u0423\u0441\u0456 \u043c\u043e\u0434\u0435\u043b\u0456 \u043f\u0456\u0434\u0434\u043e\u043d\u0456\u0432 Amazon \u043c\u043e\u0436\u043d\u0430 \u0437\u043d\u0430\u0439\u0442\u0438 <a href=\"https:\/\/stockify24.pl\/uk\/sklep\/\"><strong>\u0442\u0443\u0442.<\/strong>.<\/a><br data-start=\"4411\" data-end=\"4414\" \/>\u0422\u0443\u0442 \u043c\u043e\u0436\u043d\u0430 \u0437\u043d\u0430\u0439\u0442\u0438 \u0432\u0441\u0456 \u0432\u0430\u0440\u0456\u0430\u043d\u0442\u0438 \u043f\u0430\u043b\u0435\u0442 \u0432\u0435\u043b\u0438\u043a\u043e\u0457 \u043c\u0456\u0441\u0442\u043a\u043e\u0441\u0442\u0456 \u0432\u0456\u0434 Amazon <a href=\"https:\/\/stockify24.pl\/uk\/product-category\/dostawy-amazon\/\"><strong>\u0442\u0443\u0442.<\/strong><\/a>.<\/p>\n<p data-start=\"4484\" data-end=\"4574\">\u0426\u0435 \u0434\u043e\u0437\u0432\u043e\u043b\u044f\u0454 \u0432\u0438\u0431\u0440\u0430\u0442\u0438 \u0440\u0456\u0448\u0435\u043d\u043d\u044f, \u044f\u043a\u0435 \u0432\u0456\u0434\u043f\u043e\u0432\u0456\u0434\u0430\u0454 \u0432\u0430\u0448\u043e\u043c\u0443 \u0431\u044e\u0434\u0436\u0435\u0442\u0443 \u0442\u0430 \u0441\u0442\u0440\u0430\u0442\u0435\u0433\u0456\u0457 \u043f\u0440\u043e\u0434\u0430\u0436\u0456\u0432.<\/p>\n<h2 data-section-id=\"126sv76\" data-start=\"4103\" data-end=\"4134\">\u041f\u0456\u0434\u0441\u0443\u043c\u043e\u043a - \u0447\u0438 \u0432\u0430\u0440\u0442\u043e \u0432\u043e\u043d\u043e \u0442\u043e\u0433\u043e?<\/h2>\n<p data-start=\"4136\" data-end=\"4286\">Zestaw elektroniki Amazon A\u2013B to rozwi\u0105zanie oparte na realnych potrzebach sprzeda\u017cy. \u0141\u0105czy szeroki asortyment, dobr\u0105 jako\u015b\u0107 i optymalny koszt zakupu.<\/p>\n<p data-start=\"4288\" data-end=\"4318\">\u0426\u0435 \u0432\u0438\u0431\u0456\u0440 \u0434\u043b\u044f \u043b\u044e\u0434\u0435\u0439, \u044f\u043a\u0456 \u0446\u044c\u043e\u0433\u043e \u0445\u043e\u0447\u0443\u0442\u044c:<\/p>\n<ul data-start=\"4320\" data-end=\"4461\">\n<li data-section-id=\"v7y22s\" data-start=\"4320\" data-end=\"4346\">\u0437\u0431\u0456\u043b\u044c\u0448\u0438\u0442\u0438 \u043a\u0456\u043b\u044c\u043a\u0456\u0441\u0442\u044c \u0437\u0430\u044f\u0432\u043e\u043a<\/li>\n<li data-section-id=\"16hddj1\" data-start=\"4347\" data-end=\"4391\">\u0440\u043e\u0431\u043e\u0442\u0430 \u043d\u0430\u0434 \u043f\u0440\u043e\u0434\u0443\u043a\u0442\u0430\u043c\u0438 \u0437 \u0432\u0438\u0441\u043e\u043a\u0438\u043c \u043f\u043e\u043f\u0438\u0442\u043e\u043c<\/li>\n<li data-section-id=\"tkwn0k\" data-start=\"4392\" data-end=\"4433\">\u0440\u043e\u0437\u0432\u0438\u0432\u0430\u0442\u0438 \u043f\u0440\u043e\u0434\u0430\u0436\u0456 \u0437 \u043c\u043e\u0436\u043b\u0438\u0432\u0456\u0441\u0442\u044e \u043c\u0430\u0441\u0448\u0442\u0430\u0431\u0443\u0432\u0430\u043d\u043d\u044f<\/li>\n<li data-section-id=\"eg8haw\" data-start=\"4434\" data-end=\"4461\">\u0434\u043e\u0441\u044f\u0433\u0430\u0442\u0438 \u0441\u0442\u0430\u0431\u0456\u043b\u044c\u043d\u0438\u0445 \u0440\u0435\u0437\u0443\u043b\u044c\u0442\u0430\u0442\u0456\u0432<\/li>\n<\/ul>\n<p data-start=\"4463\" data-end=\"4700\" data-is-last-node=\"\" data-is-only-node=\"\">W e-commerce kluczowe s\u0105 dost\u0119pno\u015b\u0107 towaru i tempo dzia\u0142ania. Ten model zapewnia oba elementy, a dodatkowo sk\u0142ad palety jest zawsze unikalny i nie powtarza si\u0119, co zwi\u0119ksza potencja\u0142 sprzeda\u017cowy i pozwala skuteczniej konkurowa\u0107 na rynku.<\/p>","protected":false},"excerpt":{"rendered":"<p class=\"p1\">\u26a1 Oko\u0142o 70\u201380% elektroniki<\/p>\n<p class=\"p1\">\ud83c\uddea\ud83c\uddfa EU<\/p>\n<p class=\"p1\">\ud83d\udd25 Amazon Returns<\/p>\n<p class=\"p1\" style=\"text-align: left;\">\u2714\ufe0f Jako\u015b\u0107 A\u2013B<\/p>","protected":false},"featured_media":51065,"comment_status":"open","ping_status":"closed","template":"","meta":{"_acf_changed":false},"product_brand":[],"product_cat":[1273],"product_tag":[1307],"class_list":{"0":"post-51064","1":"product","2":"type-product","3":"status-publish","4":"has-post-thumbnail","6":"product_cat-mix-elektroniki-eu-amazon-returns-ab","7":"product_tag-mix-elektroniki-eu-amazon-returns","9":"first","10":"instock","11":"sold-individually","12":"taxable","13":"shipping-taxable","14":"purchasable","15":"product-type-simple"},"acf":[],"_links":{"self":[{"href":"https:\/\/stockify24.pl\/uk\/wp-json\/wp\/v2\/product\/51064","targetHints":{"allow":["GET"]}}],"collection":[{"href":"https:\/\/stockify24.pl\/uk\/wp-json\/wp\/v2\/product"}],"about":[{"href":"https:\/\/stockify24.pl\/uk\/wp-json\/wp\/v2\/types\/product"}],"replies":[{"embeddable":true,"href":"https:\/\/stockify24.pl\/uk\/wp-json\/wp\/v2\/comments?post=51064"}],"wp:featuredmedia":[{"embeddable":true,"href":"https:\/\/stockify24.pl\/uk\/wp-json\/wp\/v2\/media\/51065"}],"wp:attachment":[{"href":"https:\/\/stockify24.pl\/uk\/wp-json\/wp\/v2\/media?parent=51064"}],"wp:term":[{"taxonomy":"product_brand","embeddable":true,"href":"https:\/\/stockify24.pl\/uk\/wp-json\/wp\/v2\/product_brand?post=51064"},{"taxonomy":"product_cat","embeddable":true,"href":"https:\/\/stockify24.pl\/uk\/wp-json\/wp\/v2\/product_cat?post=51064"},{"taxonomy":"product_tag","embeddable":true,"href":"https:\/\/stockify24.pl\/uk\/wp-json\/wp\/v2\/product_tag?post=51064"}],"curies":[{"name":"wp","href":"https:\/\/api.w.org\/{rel}","templated":true}]}}