{"id":51108,"date":"2026-03-31T12:04:22","date_gmt":"2026-03-31T11:04:22","guid":{"rendered":"https:\/\/stockify24.pl\/?post_type=product&#038;p=51108"},"modified":"2026-03-31T13:51:26","modified_gmt":"2026-03-31T12:51:26","slug":"fotele-ogrodowe-kokon-kategoria-a-2","status":"publish","type":"product","link":"https:\/\/stockify24.pl\/uk\/product\/fotele-ogrodowe-kokon-kategoria-a-2\/","title":{"rendered":"\u0421\u0430\u0434\u043e\u0432\u0456 \u043a\u0440\u0456\u0441\u043b\u0430-\u043a\u043e\u043a\u043e\u043d\u0438 | \u041a\u0430\u0442\u0435\u0433\u043e\u0440\u0456\u044f A | #2"},"content":{"rendered":"<div class=\"flex flex-col text-sm pb-25\">\n<section class=\"text-token-text-primary w-full focus:outline-none [--shadow-height:45px] has-data-writing-block:pointer-events-none has-data-writing-block:-mt-(--shadow-height) has-data-writing-block:pt-(--shadow-height) [&amp;:has([data-writing-block])&gt;*]:pointer-events-auto scroll-mt-[calc(var(--header-height)+min(200px,max(70px,20svh)))]\" dir=\"auto\" data-turn-id=\"request-69b8245d-0030-838e-b654-ccb872ba6f51-25\" data-testid=\"conversation-turn-200\" data-scroll-anchor=\"true\" data-turn=\"assistant\">\n<div class=\"text-base my-auto mx-auto pb-10 [--thread-content-margin:var(--thread-content-margin-xs,calc(var(--spacing)*4))] @w-sm\/main:[--thread-content-margin:var(--thread-content-margin-sm,calc(var(--spacing)*6))] @w-lg\/main:[--thread-content-margin:var(--thread-content-margin-lg,calc(var(--spacing)*16))] px-(--thread-content-margin)\">\n<div class=\"[--thread-content-max-width:40rem] @w-lg\/main:[--thread-content-max-width:48rem] mx-auto max-w-(--thread-content-max-width) flex-1 group\/turn-messages focus-visible:outline-hidden relative flex w-full min-w-0 flex-col agent-turn\">\n<div class=\"flex max-w-full flex-col gap-4 grow\">\n<div class=\"min-h-8 text-message relative flex w-full flex-col items-end gap-2 text-start break-words whitespace-normal outline-none keyboard-focused:focus-ring [.text-message+&amp;]:mt-1\" dir=\"auto\" tabindex=\"0\" data-message-author-role=\"assistant\" data-message-id=\"ed8abcdd-be0d-4615-88f1-9a47a52c2d16\" data-message-model-slug=\"gpt-5-3\" data-turn-start-message=\"true\">\n<div class=\"flex w-full flex-col gap-1 empty:hidden\">\n<div class=\"markdown prose dark:prose-invert w-full wrap-break-word dark markdown-new-styling\">\n<div class=\"flex h-svh w-screen flex-col\">\n<div class=\"relative z-0 flex min-h-0 w-full flex-1\">\n<div class=\"relative flex min-h-0 w-full flex-1\">\n<div class=\"@container\/main relative flex min-w-0 flex-1 flex-col -translate-y-[calc(env(safe-area-inset-bottom,0px)\/2)] pt-[calc(env(safe-area-inset-bottom,0px)\/2)]\">\n<div class=\"@w-sm\/main:[scrollbar-gutter:var(--stage-scroll-gutter)] touch:[scrollbar-width:none] group\/scroll-root relative flex min-h-0 min-w-0 flex-1 flex-col [scrollbar-gutter:stable] not-print:overflow-x-clip not-print:overflow-y-auto group-data-stream-active\/scroll-root:[overflow-anchor:none] scroll-pt-(--header-height) [--sticky-padding-top:var(--header-height)] [--sticky-padding-bottom:0px] [--scroll-root-safe-area-inset-top:calc(var(--sticky-padding-top)+env(safe-area-inset-top,0px))] [--scroll-root-safe-area-inset-bottom:calc(var(--sticky-padding-bottom)+var(--screen-keyboard-height,0px)+env(safe-area-inset-bottom,0px))] [--scroll-root-safe-area-height:calc(100lvh-var(--scroll-root-safe-area-inset-top)-var(--scroll-root-safe-area-inset-bottom))] has-data-[fixed-header=less-than-xl]:@w-xl\/main:scroll-pt-0 has-data-[fixed-header=less-than-xl]:@w-xl\/main:[--sticky-padding-top:0px] has-data-[fixed-header=less-than-xxl]:@w-2xl\/main:scroll-pt-0 has-data-[fixed-header=less-than-xxl]:@w-2xl\/main:[--sticky-padding-top:0px]\" data-scroll-root=\"\" data-scroll-from-top=\"\">\n<div class=\"relative basis-auto flex-col -mb-(--composer-overlap-px) pb-(--composer-overlap-px) [--composer-overlap-px:28px] grow flex\">\n<div class=\"flex flex-col text-sm\">\n<section class=\"text-token-text-primary w-full focus:outline-none [--shadow-height:45px] has-data-writing-block:pointer-events-none has-data-writing-block:-mt-(--shadow-height) has-data-writing-block:pt-(--shadow-height) [&amp;:has([data-writing-block])&gt;*]:pointer-events-auto scroll-mt-[calc(var(--header-height)+min(200px,max(70px,20svh)))]\" dir=\"auto\" data-turn-id=\"request-WEB:cc509de0-714c-4653-ad32-6b5e125a8411-7\" data-testid=\"conversation-turn-10\" data-scroll-anchor=\"true\" data-turn=\"assistant\">\n<div class=\"text-base my-auto mx-auto pb-10 [--thread-content-margin:var(--thread-content-margin-xs,calc(var(--spacing)*4))] @w-sm\/main:[--thread-content-margin:var(--thread-content-margin-sm,calc(var(--spacing)*6))] @w-lg\/main:[--thread-content-margin:var(--thread-content-margin-lg,calc(var(--spacing)*16))] px-(--thread-content-margin)\">\n<div class=\"[--thread-content-max-width:40rem] @w-lg\/main:[--thread-content-max-width:48rem] mx-auto max-w-(--thread-content-max-width) flex-1 group\/turn-messages focus-visible:outline-hidden relative flex w-full min-w-0 flex-col agent-turn\">\n<div class=\"flex max-w-full flex-col gap-4 grow\">\n<div class=\"min-h-8 text-message relative flex w-full flex-col items-end gap-2 text-start break-words whitespace-normal outline-none keyboard-focused:focus-ring [.text-message+&amp;]:mt-1\" dir=\"auto\" tabindex=\"0\" data-message-author-role=\"assistant\" data-message-id=\"cfa6deea-8ce4-4542-9cf9-48a3b1cdbe9a\" data-message-model-slug=\"gpt-5-3\" data-turn-start-message=\"true\">\n<div class=\"flex w-full flex-col gap-1 empty:hidden\">\n<div class=\"markdown prose dark:prose-invert w-full wrap-break-word dark markdown-new-styling\">\n<h1 data-section-id=\"idyhvs\" data-start=\"0\" data-end=\"82\">\ud83c\udf1e Fotele ogrodowe kokon \u2013 produkt sezonowy o wysokiej konwersji i realnej mar\u017cy<\/h1>\n<p data-start=\"84\" data-end=\"501\">Fotele ogrodowe kokon to jeden z najbardziej efektywnych produkt\u00f3w sprzeda\u017cowych w kategorii wyposa\u017cenia ogrodu i stref relaksu. Wysokie zainteresowanie klient\u00f3w, atrakcyjna forma oraz funkcjonalno\u015b\u0107 sprawiaj\u0105, \u017ce sprzeda\u017c tego typu produkt\u00f3w jest szybka i przewidywalna w sezonie wiosenno-letnim. Sk\u0142ad oferty jest zawsze unikalny i nie powtarza si\u0119, co pozwala wyr\u00f3\u017cni\u0107 si\u0119 na rynku i ograniczy\u0107 konkurencj\u0119 cenow\u0105.<\/p>\n<p data-start=\"503\" data-end=\"654\">To rozwi\u0105zanie dla sprzedawc\u00f3w, kt\u00f3rzy chc\u0105 wprowadzi\u0107 do swojej oferty produkt o wysokim potencjale sprzeda\u017cowym i wykorzysta\u0107 sezonowy wzrost popytu.<\/p>\n<h2 data-section-id=\"13ydml2\" data-start=\"661\" data-end=\"720\">\ud83e\ude91 Fotele ogrodowe kokon \u2013 zastosowanie i funkcjonalno\u015b\u0107<\/h2>\n<p data-start=\"722\" data-end=\"930\">Fotele ogrodowe kokon to nowoczesne siedziska zaprojektowane z my\u015bl\u0105 o komforcie i estetyce. Ich charakterystyczna forma zapewnia wygod\u0119 u\u017cytkowania oraz wizualn\u0105 atrakcyjno\u015b\u0107, kt\u00f3ra przyci\u0105ga uwag\u0119 klient\u00f3w.<\/p>\n<p data-start=\"932\" data-end=\"964\">Produkt znajduje zastosowanie w:<\/p>\n<ul data-start=\"966\" data-end=\"1103\">\n<li data-section-id=\"1wjwuou\" data-start=\"966\" data-end=\"991\">ogrodach przydomowych<\/li>\n<li data-section-id=\"1fzxtcu\" data-start=\"992\" data-end=\"1019\">na tarasach i balkonach<\/li>\n<li data-section-id=\"1pudd2s\" data-start=\"1020\" data-end=\"1042\">w strefach relaksu<\/li>\n<li data-section-id=\"j88m6v\" data-start=\"1043\" data-end=\"1103\">w przestrzeniach komercyjnych (hotele, apartamenty, SPA)<\/li>\n<\/ul>\n<p data-start=\"1105\" data-end=\"1231\">Dzi\u0119ki uniwersalnemu zastosowaniu fotele trafiaj\u0105 do szerokiej grupy odbiorc\u00f3w, co bezpo\u015brednio wp\u0142ywa na potencja\u0142 sprzeda\u017cy.<\/p>\n<h2 data-section-id=\"49cyor\" data-start=\"1238\" data-end=\"1284\">\ud83d\udcc8 Dlaczego fotele kokon generuj\u0105 sprzeda\u017c?<\/h2>\n<p data-start=\"1286\" data-end=\"1433\">Fotele ogrodowe kokon odpowiadaj\u0105 na aktualne potrzeby rynku \u2013 klienci poszukuj\u0105 produkt\u00f3w, kt\u00f3re \u0142\u0105cz\u0105 komfort u\u017cytkowania z nowoczesnym designem.<\/p>\n<p data-start=\"1435\" data-end=\"1481\">Najwa\u017cniejsze czynniki wp\u0142ywaj\u0105ce na sprzeda\u017c:<\/p>\n<p data-start=\"1483\" data-end=\"1618\"><strong data-start=\"1483\" data-end=\"1509\">Sezonowy wzrost popytu<\/strong><br data-start=\"1509\" data-end=\"1512\" \/>Produkty ogrodowe sprzedaj\u0105 si\u0119 intensywnie w okre\u015blonym czasie, co umo\u017cliwia szybkie osi\u0105gni\u0119cie wynik\u00f3w.<\/p>\n<p data-start=\"1620\" data-end=\"1718\"><strong data-start=\"1620\" data-end=\"1644\">Silny efekt wizualny<\/strong><br data-start=\"1644\" data-end=\"1647\" \/>Forma kokonu przyci\u0105ga uwag\u0119 i zwi\u0119ksza wsp\u00f3\u0142czynnik klikni\u0119\u0107 w ofert\u0119.<\/p>\n<p data-start=\"1720\" data-end=\"1818\"><strong data-start=\"1720\" data-end=\"1746\">Szeroka grupa docelowa<\/strong><br data-start=\"1746\" data-end=\"1749\" \/>Produkt trafia zar\u00f3wno do klient\u00f3w indywidualnych, jak i biznesowych.<\/p>\n<p data-start=\"1820\" data-end=\"1936\"><strong data-start=\"1820\" data-end=\"1848\">Dobra prezentacja online<\/strong><br data-start=\"1848\" data-end=\"1851\" \/>Fotele dobrze wygl\u0105daj\u0105 na zdj\u0119ciach, co zwi\u0119ksza skuteczno\u015b\u0107 sprzeda\u017cy w e-commerce.<\/p>\n<h2 data-section-id=\"114f3fj\" data-start=\"1943\" data-end=\"1977\">\ud83c\udfaf Najwa\u017cniejsze cechy produktu<\/h2>\n<p data-start=\"1979\" data-end=\"2072\">Fotele ogrodowe kokon posiadaj\u0105 zestaw cech, kt\u00f3re bezpo\u015brednio wp\u0142ywaj\u0105 na decyzje zakupowe:<\/p>\n<p data-start=\"2074\" data-end=\"2147\"><strong data-start=\"2074\" data-end=\"2094\">Nowoczesna forma<\/strong><br data-start=\"2094\" data-end=\"2097\" \/>Design zgodny z aktualnymi trendami aran\u017cacyjnymi.<\/p>\n<p data-start=\"2149\" data-end=\"2235\"><strong data-start=\"2149\" data-end=\"2172\">Komfort u\u017cytkowania<\/strong><br data-start=\"2172\" data-end=\"2175\" \/>Ergonomiczna konstrukcja zapewnia wygod\u0119 podczas odpoczynku.<\/p>\n<p data-start=\"2237\" data-end=\"2336\"><strong data-start=\"2237\" data-end=\"2264\">Wytrzyma\u0142o\u015b\u0107 materia\u0142\u00f3w<\/strong><br data-start=\"2264\" data-end=\"2267\" \/>Odporno\u015b\u0107 na warunki atmosferyczne umo\u017cliwia u\u017cytkowanie na zewn\u0105trz.<\/p>\n<p data-start=\"2338\" data-end=\"2422\"><strong data-start=\"2338\" data-end=\"2370\">Wszechstronno\u015b\u0107 zastosowania<\/strong><br data-start=\"2370\" data-end=\"2373\" \/>Mo\u017cliwo\u015b\u0107 wykorzystania w r\u00f3\u017cnych przestrzeniach.<\/p>\n<p data-start=\"2424\" data-end=\"2507\"><strong data-start=\"2424\" data-end=\"2450\">Stabilno\u015b\u0107 konstrukcji<\/strong><br data-start=\"2450\" data-end=\"2453\" \/>Solidne wykonanie zwi\u0119ksza bezpiecze\u0144stwo u\u017cytkowania.<\/p>\n<h2 data-section-id=\"73bdt2\" data-start=\"2514\" data-end=\"2540\">\u2696\ufe0f Parametry techniczne<\/h2>\n<ul data-start=\"2542\" data-end=\"2773\">\n<li data-section-id=\"rd7h79\" data-start=\"2542\" data-end=\"2575\">maksymalne obci\u0105\u017cenie: 150 kg<\/li>\n<li data-section-id=\"2086md\" data-start=\"2576\" data-end=\"2623\">zastosowanie: ogr\u00f3d, taras, balkon, wn\u0119trza<\/li>\n<li data-section-id=\"iycshn\" data-start=\"2624\" data-end=\"2661\">konstrukcja: stalowa lub metalowa<\/li>\n<li data-section-id=\"1hfv0fj\" data-start=\"2662\" data-end=\"2734\">materia\u0142: technorattan lub tworzywo odporne na warunki atmosferyczne<\/li>\n<li data-section-id=\"b4wmv2\" data-start=\"2735\" data-end=\"2773\">przeznaczenie: relaks i wypoczynek<\/li>\n<\/ul>\n<p data-start=\"2775\" data-end=\"2869\">Parametry te odpowiadaj\u0105 oczekiwaniom klient\u00f3w i zwi\u0119kszaj\u0105 atrakcyjno\u015b\u0107 produktu w sprzeda\u017cy.<\/p>\n<h2 data-section-id=\"1m6p5sc\" data-start=\"2876\" data-end=\"2925\">\ud83d\udcbc Gdzie najlepiej sprzedaj\u0105 si\u0119 fotele kokon?<\/h2>\n<p data-start=\"2927\" data-end=\"2993\">Fotele ogrodowe kokon sprawdzaj\u0105 si\u0119 w r\u00f3\u017cnych kana\u0142ach sprzeda\u017cy:<\/p>\n<ul data-start=\"2995\" data-end=\"3158\">\n<li data-section-id=\"1fmpn86\" data-start=\"2995\" data-end=\"3017\">sklepy internetowe<\/li>\n<li data-section-id=\"1kltbdc\" data-start=\"3018\" data-end=\"3072\">platformy marketplace (<a href=\"https:\/\/allegro.pl\/\" target=\"_blank\" rel=\"noopener\">Allegro<\/a>, <a href=\"https:\/\/www.olx.pl\/\" target=\"_blank\" rel=\"noopener\">OLX<\/a>, <a href=\"https:\/\/www.ebay.com\/\" target=\"_blank\" rel=\"noopener\">eBay<\/a>, <a href=\"https:\/\/www.amazon.com\/\" target=\"_blank\" rel=\"noopener\">Amazon<\/a>)<\/li>\n<li data-section-id=\"1y5dz5k\" data-start=\"3073\" data-end=\"3096\">sprzeda\u017c detaliczna<\/li>\n<li data-section-id=\"1uzf4d9\" data-start=\"3097\" data-end=\"3117\">sprzeda\u017c hurtowa<\/li>\n<li data-section-id=\"1m79q7m\" data-start=\"3118\" data-end=\"3158\">wyposa\u017cenie przestrzeni komercyjnych<\/li>\n<\/ul>\n<p data-start=\"3160\" data-end=\"3238\">Produkt pozwala szybko zwi\u0119kszy\u0107 obroty i wykorzysta\u0107 sezonowy trend zakupowy.<\/p>\n<h2 data-section-id=\"1s1llzd\" data-start=\"3245\" data-end=\"3278\">\ud83d\udcca Co decyduje o op\u0142acalno\u015bci?<\/h2>\n<p data-start=\"3280\" data-end=\"3371\"><strong data-start=\"3280\" data-end=\"3308\">Wysoka rotacja w sezonie<\/strong><br data-start=\"3308\" data-end=\"3311\" \/>Produkty ogrodowe sprzedaj\u0105 si\u0119 szybko i w du\u017cych ilo\u015bciach.<\/p>\n<p data-start=\"3373\" data-end=\"3467\"><strong data-start=\"3373\" data-end=\"3397\">Kontrola ceny zakupu<\/strong><br data-start=\"3397\" data-end=\"3400\" \/>Bezpo\u015bredni dost\u0119p do produktu pozwala utrzyma\u0107 konkurencyjne ceny.<\/p>\n<p data-start=\"3469\" data-end=\"3561\"><strong data-start=\"3469\" data-end=\"3500\">Silna atrakcyjno\u015b\u0107 wizualna<\/strong><br data-start=\"3500\" data-end=\"3503\" \/>Produkt przyci\u0105ga uwag\u0119 i zwi\u0119ksza zainteresowanie ofert\u0105.<\/p>\n<p data-start=\"3563\" data-end=\"3645\"><strong data-start=\"3563\" data-end=\"3583\">\u0141atwo\u015b\u0107 promocji<\/strong><br data-start=\"3583\" data-end=\"3586\" \/>Idealny do kampanii reklamowych i sprzeda\u017cy w social media.<\/p>\n<p data-start=\"3647\" data-end=\"3712\"><strong data-start=\"3647\" data-end=\"3664\">Uniwersalno\u015b\u0107<\/strong><br data-start=\"3664\" data-end=\"3667\" \/>Produkt trafia do r\u00f3\u017cnych segment\u00f3w klient\u00f3w.<\/p>\n<h2 data-section-id=\"re6gpk\" data-start=\"3719\" data-end=\"3757\">\ud83d\ude80 Mo\u017cliwo\u015bci zwi\u0119kszenia sprzeda\u017cy<\/h2>\n<p data-start=\"3759\" data-end=\"3835\">Fotele ogrodowe kokon umo\u017cliwiaj\u0105 szybkie zwi\u0119kszenie wynik\u00f3w sprzeda\u017cowych.<\/p>\n<p data-start=\"3837\" data-end=\"3862\">Najwa\u017cniejsze mo\u017cliwo\u015bci:<\/p>\n<ul data-start=\"3864\" data-end=\"4006\">\n<li data-section-id=\"sdx28d\" data-start=\"3864\" data-end=\"3895\">zwi\u0119kszenie liczby zam\u00f3wie\u0144<\/li>\n<li data-section-id=\"1gvrczr\" data-start=\"3896\" data-end=\"3929\">wysoka konwersja ofert online<\/li>\n<li data-section-id=\"qkdl9z\" data-start=\"3930\" data-end=\"3970\">sprzeda\u017c zestaw\u00f3w (np. z poduszkami)<\/li>\n<li data-section-id=\"np23cj\" data-start=\"3971\" data-end=\"4006\">wykorzystanie sezonowego trendu<\/li>\n<\/ul>\n<p data-start=\"4008\" data-end=\"4084\">Produkt dobrze sprawdza si\u0119 zar\u00f3wno w sprzeda\u017cy detalicznej, jak i hurtowej.<\/p>\n<h2 data-section-id=\"1n0uw1q\" data-start=\"4091\" data-end=\"4131\">\ud83d\udce6 Logistyka i wdro\u017cenie do sprzeda\u017cy<\/h2>\n<p data-start=\"4133\" data-end=\"4269\">Fotele s\u0105 przygotowane do transportu i sprzeda\u017cy bez dodatkowych proces\u00f3w. Konstrukcja umo\u017cliwia wygodne magazynowanie oraz dystrybucj\u0119.<\/p>\n<p data-start=\"4271\" data-end=\"4359\">Dzi\u0119ki temu mo\u017cna szybko wprowadzi\u0107 produkt do oferty i rozpocz\u0105\u0107 sprzeda\u017c bez op\u00f3\u017anie\u0144.<\/p>\n<h2 data-section-id=\"104ttwx\" data-start=\"4366\" data-end=\"4396\">\ud83c\udfaf Przewaga nad konkurencj\u0105<\/h2>\n<p data-start=\"4398\" data-end=\"4578\">Fotele ogrodowe kokon wyr\u00f3\u017cniaj\u0105 si\u0119 na tle standardowych produkt\u00f3w ogrodowych. Ich design i funkcjonalno\u015b\u0107 zwi\u0119kszaj\u0105 zainteresowanie klient\u00f3w i wp\u0142ywaj\u0105 na skuteczno\u015b\u0107 sprzeda\u017cy.<\/p>\n<p data-start=\"4580\" data-end=\"4603\">Najwa\u017cniejsze przewagi:<\/p>\n<ul data-start=\"4605\" data-end=\"4701\">\n<li data-section-id=\"yq8itp\" data-start=\"4605\" data-end=\"4626\">nowoczesny wygl\u0105d<\/li>\n<li data-section-id=\"1vv5ppi\" data-start=\"4627\" data-end=\"4645\">funkcjonalno\u015b\u0107<\/li>\n<li data-section-id=\"1twqnss\" data-start=\"4646\" data-end=\"4672\">dopasowanie do trend\u00f3w<\/li>\n<li data-section-id=\"128mkmy\" data-start=\"4673\" data-end=\"4701\">\u0142atwo\u015b\u0107 sprzeda\u017cy online<\/li>\n<\/ul>\n<p data-start=\"4703\" data-end=\"4835\">Dodatkowo sk\u0142ad oferty jest zawsze unikalny i nie powtarza si\u0119, co pozwala ograniczy\u0107 konkurencj\u0119 i zwi\u0119kszy\u0107 efektywno\u015b\u0107 sprzeda\u017cy.<\/p>\n<h2 data-section-id=\"1sjhond\" data-start=\"4842\" data-end=\"4890\">\ud83d\uded2 Podsumowanie \u2013 produkt gotowy do sprzeda\u017cy<\/h2>\n<p data-start=\"4892\" data-end=\"5014\">Fotele ogrodowe kokon to produkt o wysokim potencjale sprzeda\u017cowym, kt\u00f3ry \u0142\u0105czy estetyk\u0119, funkcjonalno\u015b\u0107 i sezonowy popyt.<\/p>\n<p data-start=\"5016\" data-end=\"5060\">To rozwi\u0105zanie dla sprzedawc\u00f3w, kt\u00f3rzy chc\u0105:<\/p>\n<ul data-start=\"5062\" data-end=\"5205\">\n<li data-section-id=\"1csu7h3\" data-start=\"5062\" data-end=\"5092\">wykorzysta\u0107 sezonowy trend<\/li>\n<li data-section-id=\"29hy8v\" data-start=\"5093\" data-end=\"5132\">zwi\u0119kszy\u0107 sprzeda\u017c w kr\u00f3tkim czasie<\/li>\n<li data-section-id=\"iqaoxd\" data-start=\"5133\" data-end=\"5177\">pracowa\u0107 na produkcie z wysok\u0105 konwersj\u0105<\/li>\n<li data-section-id=\"eg8haw\" data-start=\"5178\" data-end=\"5205\">osi\u0105ga\u0107 stabilne wyniki<\/li>\n<\/ul>\n<p data-start=\"5207\" data-end=\"5450\">W sprzeda\u017cy liczy si\u0119 produkt i moment wej\u015bcia na rynek. Fotele ogrodowe kokon spe\u0142niaj\u0105 oba warunki, a dodatkowo sk\u0142ad oferty jest zawsze unikalny i nie powtarza si\u0119, co zwi\u0119ksza skuteczno\u015b\u0107 sprzeda\u017cy i pozwala budowa\u0107 przewag\u0119 konkurencyjn\u0105.<\/p>\n<p data-start=\"5452\" data-end=\"5505\" data-is-last-node=\"\" data-is-only-node=\"\"><strong>Ca\u0142y asortyment kategorii \u201eDom\u201d mo\u017cna obejrze\u0107 <a href=\"https:\/\/stockify24.pl\/kategoria-produktu\/home-mix-eu-uk-amazon-returns-ab\/\">tutaj<\/a><\/strong><\/p>\n<\/div>\n<\/div>\n<\/div>\n<\/div>\n<\/div>\n<\/div>\n<\/section>\n<\/div>\n<\/div>\n<\/div>\n<\/div>\n<\/div>\n<\/div>\n<\/div>\n<\/div>\n<\/div>\n<\/div>\n<\/div>\n<\/div>\n<\/div>\n<\/section>\n<\/div>\n","protected":false},"excerpt":{"rendered":"<p class=\"p1\">\u26a1 Produkty do domu i ogrodu<\/p>\n<p class=\"p1\">\u2714\ufe0f Nowy towar<\/p>\n<p class=\"p1\">\ud83d\udd25 Amazon Returns<\/p>\n<p class=\"p1\" style=\"text-align: left;\">\u2714\ufe0f Jako\u015b\u0107 A<\/p>","protected":false},"featured_media":51113,"comment_status":"open","ping_status":"closed","template":"","meta":{"_acf_changed":false},"product_brand":[],"product_cat":[1288],"product_tag":[1308],"class_list":{"0":"post-51108","1":"product","2":"type-product","3":"status-publish","4":"has-post-thumbnail","6":"product_cat-home-mix-eu-uk-amazon-returns-ab","7":"product_tag-fotele-ogrodowe-kokon","8":"product_shipping_class-fotele-ogrodowe-kokon","10":"first","11":"instock","12":"taxable","13":"shipping-taxable","14":"purchasable","15":"product-type-simple"},"acf":[],"_links":{"self":[{"href":"https:\/\/stockify24.pl\/uk\/wp-json\/wp\/v2\/product\/51108","targetHints":{"allow":["GET"]}}],"collection":[{"href":"https:\/\/stockify24.pl\/uk\/wp-json\/wp\/v2\/product"}],"about":[{"href":"https:\/\/stockify24.pl\/uk\/wp-json\/wp\/v2\/types\/product"}],"replies":[{"embeddable":true,"href":"https:\/\/stockify24.pl\/uk\/wp-json\/wp\/v2\/comments?post=51108"}],"wp:featuredmedia":[{"embeddable":true,"href":"https:\/\/stockify24.pl\/uk\/wp-json\/wp\/v2\/media\/51113"}],"wp:attachment":[{"href":"https:\/\/stockify24.pl\/uk\/wp-json\/wp\/v2\/media?parent=51108"}],"wp:term":[{"taxonomy":"product_brand","embeddable":true,"href":"https:\/\/stockify24.pl\/uk\/wp-json\/wp\/v2\/product_brand?post=51108"},{"taxonomy":"product_cat","embeddable":true,"href":"https:\/\/stockify24.pl\/uk\/wp-json\/wp\/v2\/product_cat?post=51108"},{"taxonomy":"product_tag","embeddable":true,"href":"https:\/\/stockify24.pl\/uk\/wp-json\/wp\/v2\/product_tag?post=51108"}],"curies":[{"name":"wp","href":"https:\/\/api.w.org\/{rel}","templated":true}]}}