{"id":51309,"date":"2026-04-16T10:52:13","date_gmt":"2026-04-16T09:52:13","guid":{"rendered":"https:\/\/stockify24.pl\/?post_type=product&#038;p=51309"},"modified":"2026-04-24T15:12:24","modified_gmt":"2026-04-24T14:12:24","slug":"paleta-elektroniki-z-europy-eu-a-b-240","status":"publish","type":"product","link":"https:\/\/stockify24.pl\/uk\/product\/paleta-elektroniki-z-europy-eu-a-b-240\/","title":{"rendered":"Paleta elektroniki z Europy (EU) |A\u2013B| #240"},"content":{"rendered":"<section class=\"text-token-text-primary w-full focus:outline-none [--shadow-height:45px] has-data-writing-block:pointer-events-none has-data-writing-block:-mt-(--shadow-height) has-data-writing-block:pt-(--shadow-height) [&amp;:has([data-writing-block])&gt;*]:pointer-events-auto [content-visibility:auto] supports-[content-visibility:auto]:[contain-intrinsic-size:auto_100lvh] R6Vx5W_threadScrollVars scroll-mb-[calc(var(--scroll-root-safe-area-inset-bottom,0px)+var(--thread-response-height))] scroll-mt-[calc(var(--header-height)+min(200px,max(70px,20svh)))]\" dir=\"auto\" data-turn-id=\"request-69c65452-e37c-8386-b18d-56272d59cc8a-2\" data-testid=\"conversation-turn-182\" data-scroll-anchor=\"false\" data-turn=\"assistant\">\n<div class=\"text-base my-auto mx-auto pb-10 [--thread-content-margin:var(--thread-content-margin-xs,calc(var(--spacing)*4))] @w-sm\/main:[--thread-content-margin:var(--thread-content-margin-sm,calc(var(--spacing)*6))] @w-lg\/main:[--thread-content-margin:var(--thread-content-margin-lg,calc(var(--spacing)*16))] px-(--thread-content-margin)\">\n<div class=\"[--thread-content-max-width:40rem] @w-lg\/main:[--thread-content-max-width:48rem] mx-auto max-w-(--thread-content-max-width) flex-1 group\/turn-messages focus-visible:outline-hidden relative flex w-full min-w-0 flex-col agent-turn\">\n<div class=\"flex max-w-full flex-col gap-4 grow\">\n<div class=\"min-h-8 text-message relative flex w-full flex-col items-end gap-2 text-start break-words whitespace-normal outline-none keyboard-focused:focus-ring [.text-message+&amp;]:mt-1\" dir=\"auto\" tabindex=\"0\" data-message-author-role=\"assistant\" data-message-id=\"d85b2cda-9e84-4202-a0e8-91a8c5659274\" data-message-model-slug=\"gpt-5-3\" data-turn-start-message=\"true\">\n<div class=\"flex w-full flex-col gap-1 empty:hidden\">\n<div class=\"markdown prose dark:prose-invert w-full wrap-break-word dark markdown-new-styling\">\n<h1 data-section-id=\"nrrls4\" data-start=\"278\" data-end=\"367\"><span role=\"text\"><strong data-start=\"280\" data-end=\"367\">Paleta elektroniki z Europy EU \u2013 mix A\u2013B | 70\u201380% elektronika u\u017cytkowa do sprzeda\u017cy<\/strong><\/span><\/h1>\n<h2 data-section-id=\"r3q2eg\" data-start=\"369\" data-end=\"439\">Dostawa dla sprzeda\u017cy online \u2013 szybkie zwi\u0119kszenie liczby produkt\u00f3w<\/h2>\n<p data-start=\"441\" data-end=\"709\">Paleta elektroniki z Europy EU w standardzie A\u2013B to rozwi\u0105zanie dla sprzedawc\u00f3w, kt\u00f3rzy chc\u0105 rozwija\u0107 sprzeda\u017c poprzez szybkie zwi\u0119kszenie liczby dost\u0119pnych produkt\u00f3w. Zakup palety pozwala pracowa\u0107 na szerokim asortymencie bez konieczno\u015bci budowania oferty od podstaw.<\/p>\n<p data-start=\"711\" data-end=\"966\">Zawarto\u015b\u0107 palety obejmuje oko\u0142o 70\u201380% elektroniki u\u017cytkowej, co pozwala skoncentrowa\u0107 dzia\u0142ania sprzeda\u017cowe na kategorii o wysokim popycie i stabilnej rotacji. Dzi\u0119ki temu mo\u017cliwe jest szybkie generowanie sprzeda\u017cy oraz efektywne skalowanie dzia\u0142alno\u015bci.<\/p>\n<p data-start=\"968\" data-end=\"1141\">Ka\u017cda paleta posiada losowy sk\u0142ad, co oznacza brak powtarzalno\u015bci produkt\u00f3w. Taki model umo\u017cliwia ci\u0105g\u0142e od\u015bwie\u017canie oferty i dostosowywanie jej do aktualnych potrzeb rynku.<\/p>\n<h2 data-section-id=\"uq7php\" data-start=\"1148\" data-end=\"1193\">Co zawiera paleta elektroniki z Europy EU?<\/h2>\n<p data-start=\"1195\" data-end=\"1353\">Mix elektroniki obejmuje szeroki zakres produkt\u00f3w u\u017cytkowych oraz akcesori\u00f3w, kt\u00f3re s\u0105 regularnie kupowane przez klient\u00f3w i dobrze sprzedaj\u0105 si\u0119 w e-commerce.<\/p>\n<p data-start=\"1355\" data-end=\"1392\">W sk\u0142ad palety wchodz\u0105 mi\u0119dzy innymi:<\/p>\n<ul data-start=\"1394\" data-end=\"1626\">\n<li data-section-id=\"iz16co\" data-start=\"1394\" data-end=\"1437\">s\u0142uchawki bezprzewodowe oraz przewodowe<\/li>\n<li data-section-id=\"1j12er6\" data-start=\"1438\" data-end=\"1471\">\u0142adowarki, kable i powerbanki<\/li>\n<li data-section-id=\"2cko63\" data-start=\"1472\" data-end=\"1489\">akcesoria GSM<\/li>\n<li data-section-id=\"r5wtn7\" data-start=\"1490\" data-end=\"1520\">urz\u0105dzenia typu smart home<\/li>\n<li data-section-id=\"isey0l\" data-start=\"1521\" data-end=\"1560\">drobne AGD (np. suszarki, masa\u017cery)<\/li>\n<li data-section-id=\"i0l57x\" data-start=\"1561\" data-end=\"1599\">kontrolery i gad\u017cety elektroniczne<\/li>\n<li data-section-id=\"4fq00c\" data-start=\"1600\" data-end=\"1626\">inne produkty u\u017cytkowe<\/li>\n<\/ul>\n<p data-start=\"1628\" data-end=\"1777\">Zr\u00f3\u017cnicowany charakter zawarto\u015bci umo\u017cliwia sprzeda\u017c w wielu segmentach jednocze\u015bnie, co zwi\u0119ksza rotacj\u0119 produkt\u00f3w i poprawia efektywno\u015b\u0107 sprzeda\u017cy.<\/p>\n<h2 data-section-id=\"1c02apc\" data-start=\"1784\" data-end=\"1835\">Parametry techniczne<\/h2>\n<ul data-start=\"1837\" data-end=\"2005\">\n<li data-section-id=\"pdbh1u\" data-start=\"1837\" data-end=\"1864\">wysoko\u015b\u0107 palety: 1 metr<\/li>\n<li data-section-id=\"1mzz76k\" data-start=\"1865\" data-end=\"1887\">waga netto: 137 kg<\/li>\n<li data-section-id=\"1hlaiqg\" data-start=\"1888\" data-end=\"1920\">asortyment: losowy i zmienny<\/li>\n<li data-section-id=\"6ry0ec\" data-start=\"1921\" data-end=\"1961\">struktura: mix elektroniki u\u017cytkowej<\/li>\n<li data-section-id=\"qcmq4m\" data-start=\"1962\" data-end=\"2005\">ka\u017cda paleta: unikalny zestaw produkt\u00f3w<\/li>\n<\/ul>\n<p data-start=\"2007\" data-end=\"2096\">Paleta nie posiada sta\u0142ej listy produkt\u00f3w \u2014 zawarto\u015b\u0107 zale\u017cy od aktualnej partii dostawy.<\/p>\n<h2 data-section-id=\"10stj8a\" data-start=\"2103\" data-end=\"2165\">Dlaczego elektronika u\u017cytkowa to skuteczny model sprzeda\u017cy?<\/h2>\n<p data-start=\"2167\" data-end=\"2320\">Elektronika u\u017cytkowa to jedna z najbardziej stabilnych kategorii sprzeda\u017cowych. Produkty z tej grupy s\u0105 kupowane regularnie i maj\u0105 szerokie zastosowanie.<\/p>\n<p data-start=\"2322\" data-end=\"2345\">Najwa\u017cniejsze przewagi:<\/p>\n<ul data-start=\"2347\" data-end=\"2534\">\n<li data-section-id=\"1g2zt93\" data-start=\"2347\" data-end=\"2375\">szybka rotacja produkt\u00f3w<\/li>\n<li data-section-id=\"17ppg8j\" data-start=\"2376\" data-end=\"2402\">stabilny popyt rynkowy<\/li>\n<li data-section-id=\"6183qw\" data-start=\"2403\" data-end=\"2430\">szeroka grupa odbiorc\u00f3w<\/li>\n<li data-section-id=\"1thzro9\" data-start=\"2431\" data-end=\"2483\">mo\u017cliwo\u015b\u0107 sprzeda\u017cy pojedynczej oraz w zestawach<\/li>\n<li data-section-id=\"utzbuj\" data-start=\"2484\" data-end=\"2534\">\u0142atwa sprzeda\u017c w marketplace i sklepach online<\/li>\n<\/ul>\n<p data-start=\"2536\" data-end=\"2646\">Dzi\u0119ki tym cechom paleta elektroniki z Europy EU pozwala budowa\u0107 sprzeda\u017c w spos\u00f3b przewidywalny i skalowalny.<\/p>\n<h2 data-section-id=\"9hjp8p\" data-start=\"2653\" data-end=\"2687\">Jako\u015b\u0107 produkt\u00f3w \u2013 standard A\u2013B<\/h2>\n<p data-start=\"2689\" data-end=\"2818\">Palety w standardzie A\u2013B obejmuj\u0105 produkty o zr\u00f3\u017cnicowanym stanie, jednak z przewag\u0105 towar\u00f3w nadaj\u0105cych si\u0119 do dalszej sprzeda\u017cy.<\/p>\n<p data-start=\"2820\" data-end=\"2844\">Charakterystyka jako\u015bci:<\/p>\n<ul data-start=\"2846\" data-end=\"3005\">\n<li data-section-id=\"1bepxp6\" data-start=\"2846\" data-end=\"2903\">wi\u0119kszo\u015b\u0107 produkt\u00f3w w bardzo dobrym stanie lub nowych<\/li>\n<li data-section-id=\"1l5huug\" data-start=\"2904\" data-end=\"2944\">mo\u017cliwe niewielkie \u015blady u\u017cytkowania<\/li>\n<li data-section-id=\"9474dx\" data-start=\"2945\" data-end=\"3005\">dopuszczalna niewielka domieszka klasy C (do oko\u0142o 5\u20137%)<\/li>\n<\/ul>\n<p data-start=\"3007\" data-end=\"3106\">Taki poziom jako\u015bci pozwala utrzyma\u0107 korzystny stosunek ceny zakupu do potencjalnej ceny sprzeda\u017cy.<\/p>\n<p data-start=\"3108\" data-end=\"3199\">Produkty nie s\u0105 testowane indywidualnie, co jest standardem dla dostaw typu Amazon Returns.<\/p>\n<h2 data-section-id=\"177952e\" data-start=\"3206\" data-end=\"3255\">Jak dzia\u0142a model sprzeda\u017cy oparty na paletach?<\/h2>\n<p data-start=\"3257\" data-end=\"3410\">Model sprzeda\u017cy oparty na paletach polega na pracy na liczbie produkt\u00f3w oraz ich rotacji. Kluczowe znaczenie ma szybkie wprowadzenie towaru do sprzeda\u017cy.<\/p>\n<p data-start=\"3412\" data-end=\"3430\">Schemat dzia\u0142ania:<\/p>\n<ol data-start=\"3432\" data-end=\"3554\">\n<li data-section-id=\"1sbhdx6\" data-start=\"3432\" data-end=\"3449\">zakup palety<\/li>\n<li data-section-id=\"1h5xpxe\" data-start=\"3450\" data-end=\"3473\">selekcja produkt\u00f3w<\/li>\n<li data-section-id=\"bwh49e\" data-start=\"3474\" data-end=\"3495\">publikacja ofert<\/li>\n<li data-section-id=\"1gl09dc\" data-start=\"3496\" data-end=\"3526\">sprzeda\u017c w wielu kana\u0142ach<\/li>\n<li data-section-id=\"1u65gb1\" data-start=\"3527\" data-end=\"3554\">reinwestowanie \u015brodk\u00f3w<\/li>\n<\/ol>\n<p data-start=\"3556\" data-end=\"3624\">Taki model pozwala rozwija\u0107 sprzeda\u017c i zwi\u0119ksza\u0107 skal\u0119 dzia\u0142alno\u015bci.<\/p>\n<h2 data-section-id=\"dcajmo\" data-start=\"3619\" data-end=\"3657\">Gdzie sprzedawa\u0107 produkty z palety?<\/h2>\n<p data-start=\"3673\" data-end=\"3746\">Paleta elektroniki z Europy EU sprawdza si\u0119 w r\u00f3\u017cnych kana\u0142ach sprzeda\u017cy:<\/p>\n<ul data-start=\"3777\" data-end=\"3846\">\n<li data-section-id=\"1gr8el2\" data-start=\"3777\" data-end=\"3788\"><a href=\"https:\/\/allegro.pl\/\" target=\"_blank\" rel=\"noopener\">Allegro<\/a><\/li>\n<li data-section-id=\"16txjn7\" data-start=\"3789\" data-end=\"3796\"><a href=\"https:\/\/www.olx.pl\/\" target=\"_blank\" rel=\"noopener\">OLX<\/a><\/li>\n<li data-section-id=\"1b2mlzr\" data-start=\"3797\" data-end=\"3805\"><a href=\"https:\/\/www.ebay.com\/\" target=\"_blank\" rel=\"noopener\">eBay<\/a><\/li>\n<li data-section-id=\"1ls0se6\" data-start=\"3806\" data-end=\"3816\"><a href=\"https:\/\/www.amazon.com\/\" target=\"_blank\" rel=\"noopener\">Amazon<\/a><\/li>\n<li data-section-id=\"1d4qn16\" data-start=\"3817\" data-end=\"3846\">w\u0142asne sklepy internetowe<\/li>\n<\/ul>\n<p data-start=\"3819\" data-end=\"3901\">Sprzeda\u017c wielokana\u0142owa pozwala zwi\u0119kszy\u0107 zasi\u0119g i przyspieszy\u0107 sprzeda\u017c produkt\u00f3w.<\/p>\n<h2 data-section-id=\"1mopser\" data-start=\"3908\" data-end=\"3935\">Korzy\u015bci dla sprzedawc\u00f3w<\/h2>\n<p data-start=\"3937\" data-end=\"4052\">Zakup palety elektroniki to rozwi\u0105zanie, kt\u00f3re umo\u017cliwia rozw\u00f3j sprzeda\u017cy i zwi\u0119kszenie liczby produkt\u00f3w w ofercie.<\/p>\n<p data-start=\"4054\" data-end=\"4077\">Najwa\u017cniejsze korzy\u015bci:<\/p>\n<ul data-start=\"4079\" data-end=\"4266\">\n<li data-section-id=\"gvtpog\" data-start=\"4079\" data-end=\"4119\">szeroki asortyment w jednej dostawie<\/li>\n<li data-section-id=\"1e0drbc\" data-start=\"4120\" data-end=\"4156\">szybkie zwi\u0119kszenie liczby ofert<\/li>\n<li data-section-id=\"y5oxsb\" data-start=\"4157\" data-end=\"4180\">elastyczno\u015b\u0107 cenowa<\/li>\n<li data-section-id=\"1nkifgh\" data-start=\"4181\" data-end=\"4223\">dost\u0119p do produkt\u00f3w w korzystnej cenie<\/li>\n<li data-section-id=\"x4575q\" data-start=\"4224\" data-end=\"4266\">mo\u017cliwo\u015b\u0107 testowania r\u00f3\u017cnych kategorii<\/li>\n<\/ul>\n<p data-start=\"4268\" data-end=\"4330\">To rozwi\u0105zanie daje przewag\u0119 konkurencyjn\u0105 w sprzeda\u017cy online.<\/p>\n<h2 data-section-id=\"f1xuem\" data-start=\"4337\" data-end=\"4359\">Logistyka i dostawa<\/h2>\n<p data-start=\"4361\" data-end=\"4445\">Palety wysy\u0142ane s\u0105 z magazynu w Europie, co umo\u017cliwia szybkie rozpocz\u0119cie sprzeda\u017cy.<\/p>\n<p data-start=\"4447\" data-end=\"4463\">Proces obejmuje:<\/p>\n<ul data-start=\"4465\" data-end=\"4538\">\n<li data-section-id=\"7znjh2\" data-start=\"4465\" data-end=\"4493\">przygotowanie zam\u00f3wienia<\/li>\n<li data-section-id=\"1qo0dyy\" data-start=\"4494\" data-end=\"4518\">bezpieczne pakowanie<\/li>\n<li data-section-id=\"a3em40\" data-start=\"4519\" data-end=\"4538\">sprawn\u0105 wysy\u0142k\u0119<\/li>\n<\/ul>\n<p data-start=\"4540\" data-end=\"4619\">Dzi\u0119ki temu mo\u017cliwe jest szybkie wdro\u017cenie produkt\u00f3w do sprzeda\u017cy bez op\u00f3\u017anie\u0144.<\/p>\n<h2 data-section-id=\"m7gcpp\" data-start=\"4626\" data-end=\"4653\">Informacje przed zakupem<\/h2>\n<ul data-start=\"4655\" data-end=\"4867\">\n<li data-section-id=\"1odlefs\" data-start=\"4655\" data-end=\"4725\">towar pochodzi ze zwrot\u00f3w konsumenckich oraz nadwy\u017cek magazynowych<\/li>\n<li data-section-id=\"196h1iw\" data-start=\"4726\" data-end=\"4769\">produkty nie s\u0105 testowane indywidualnie<\/li>\n<li data-section-id=\"1st3k7w\" data-start=\"4770\" data-end=\"4809\">mo\u017cliwa niewielka domieszka klasy C<\/li>\n<li data-section-id=\"1jh6vg4\" data-start=\"4810\" data-end=\"4842\">ka\u017cda paleta ma losowy sk\u0142ad<\/li>\n<li data-section-id=\"1rrf97y\" data-start=\"4843\" data-end=\"4867\">brak listy produkt\u00f3w<\/li>\n<\/ul>\n<p data-start=\"4869\" data-end=\"4971\">Zmienno\u015b\u0107 zawarto\u015bci to naturalny element tego modelu i jego przewaga \u2014 pozwala stale odnawia\u0107 ofert\u0119.<\/p>\n<h2 data-section-id=\"1p9idgo\" data-start=\"4978\" data-end=\"5019\">Podsumowanie \u2013 czy warto kupi\u0107 palet\u0119?<\/h2>\n<p data-start=\"5021\" data-end=\"5161\">Paleta elektroniki z Europy EU to rozwi\u0105zanie dla sprzedawc\u00f3w, kt\u00f3rzy chc\u0105 rozwija\u0107 sprzeda\u017c w oparciu o rotacj\u0119, r\u00f3\u017cnorodno\u015b\u0107 i skalowanie.<\/p>\n<p data-start=\"5163\" data-end=\"5183\">Model ten umo\u017cliwia:<\/p>\n<ul data-start=\"5185\" data-end=\"5328\">\n<li data-section-id=\"q7uix1\" data-start=\"5185\" data-end=\"5225\">szybkie zwi\u0119kszenie liczby produkt\u00f3w<\/li>\n<li data-section-id=\"685pbr\" data-start=\"5226\" data-end=\"5263\">rozw\u00f3j sprzeda\u017cy w wielu kana\u0142ach<\/li>\n<li data-section-id=\"2e2gk9\" data-start=\"5264\" data-end=\"5295\">dopasowanie oferty do rynku<\/li>\n<li data-section-id=\"nord47\" data-start=\"5296\" data-end=\"5328\">osi\u0105ganie stabilnych wynik\u00f3w<\/li>\n<\/ul>\n<p data-start=\"5330\" data-end=\"5513\">W e-commerce przewag\u0119 osi\u0105gaj\u0105 ci, kt\u00f3rzy dzia\u0142aj\u0105 szybko i maj\u0105 szeroki asortyment. Paleta elektroniki z Europy EU daje realne mo\u017cliwo\u015bci budowania stabilnego i skalowalnego biznesu.<\/p>\n<p data-start=\"5505\" data-end=\"5558\" data-is-last-node=\"\" data-is-only-node=\"\">\ud83d\udc49 Wszystkie modele palet Amazon mo\u017cna znale\u017a\u0107 <a href=\"https:\/\/stockify24.pl\/sklep\/\"><strong>tutaj<\/strong>.<\/a><\/p>\n<\/div>\n<\/div>\n<\/div>\n<\/div>\n<\/div>\n<\/div>\n<\/section>\n","protected":false},"excerpt":{"rendered":"<p class=\"p1\">\u26a1 Oko\u0142o 70\u201380% elektroniki<\/p>\n<p class=\"p1\">\ud83c\uddea\ud83c\uddfa EU<\/p>\n<p class=\"p1\">\ud83d\udd25 Amazon Returns<\/p>\n<p class=\"p1\" style=\"text-align: left;\">\u2714\ufe0f Jako\u015b\u0107 A\u2013B<\/p>","protected":false},"featured_media":51889,"comment_status":"open","ping_status":"closed","template":"","meta":{"_acf_changed":false},"product_brand":[],"product_cat":[1258,1273,1284],"product_tag":[1274],"class_list":{"0":"post-51309","1":"product","2":"type-product","3":"status-publish","4":"has-post-thumbnail","6":"product_cat-amazon-paleta","7":"product_cat-mix-elektroniki-eu-amazon-returns-ab","8":"product_cat-palety-dnia","9":"product_tag-paleta-mix-elektroniki-z-europy","11":"first","12":"instock","13":"sold-individually","14":"taxable","15":"shipping-taxable","16":"purchasable","17":"product-type-simple"},"acf":[],"_links":{"self":[{"href":"https:\/\/stockify24.pl\/uk\/wp-json\/wp\/v2\/product\/51309","targetHints":{"allow":["GET"]}}],"collection":[{"href":"https:\/\/stockify24.pl\/uk\/wp-json\/wp\/v2\/product"}],"about":[{"href":"https:\/\/stockify24.pl\/uk\/wp-json\/wp\/v2\/types\/product"}],"replies":[{"embeddable":true,"href":"https:\/\/stockify24.pl\/uk\/wp-json\/wp\/v2\/comments?post=51309"}],"wp:featuredmedia":[{"embeddable":true,"href":"https:\/\/stockify24.pl\/uk\/wp-json\/wp\/v2\/media\/51889"}],"wp:attachment":[{"href":"https:\/\/stockify24.pl\/uk\/wp-json\/wp\/v2\/media?parent=51309"}],"wp:term":[{"taxonomy":"product_brand","embeddable":true,"href":"https:\/\/stockify24.pl\/uk\/wp-json\/wp\/v2\/product_brand?post=51309"},{"taxonomy":"product_cat","embeddable":true,"href":"https:\/\/stockify24.pl\/uk\/wp-json\/wp\/v2\/product_cat?post=51309"},{"taxonomy":"product_tag","embeddable":true,"href":"https:\/\/stockify24.pl\/uk\/wp-json\/wp\/v2\/product_tag?post=51309"}],"curies":[{"name":"wp","href":"https:\/\/api.w.org\/{rel}","templated":true}]}}