{"id":51311,"date":"2026-04-16T10:56:43","date_gmt":"2026-04-16T09:56:43","guid":{"rendered":"https:\/\/stockify24.pl\/?post_type=product&#038;p=51311"},"modified":"2026-04-24T15:09:32","modified_gmt":"2026-04-24T14:09:32","slug":"paleta-elektroniki-z-europy-eu-a-b-242","status":"publish","type":"product","link":"https:\/\/stockify24.pl\/uk\/product\/paleta-elektroniki-z-europy-eu-a-b-242\/","title":{"rendered":"Paleta elektroniki z Europy (EU) |A\u2013B| #242"},"content":{"rendered":"<section class=\"text-token-text-primary w-full focus:outline-none [--shadow-height:45px] has-data-writing-block:pointer-events-none has-data-writing-block:-mt-(--shadow-height) has-data-writing-block:pt-(--shadow-height) [&amp;:has([data-writing-block])&gt;*]:pointer-events-auto [content-visibility:auto] supports-[content-visibility:auto]:[contain-intrinsic-size:auto_100lvh] R6Vx5W_threadScrollVars scroll-mb-[calc(var(--scroll-root-safe-area-inset-bottom,0px)+var(--thread-response-height))] scroll-mt-[calc(var(--header-height)+min(200px,max(70px,20svh)))]\" dir=\"auto\" data-turn-id=\"request-69c65452-e37c-8386-b18d-56272d59cc8a-2\" data-testid=\"conversation-turn-182\" data-scroll-anchor=\"false\" data-turn=\"assistant\">\n<div class=\"text-base my-auto mx-auto pb-10 [--thread-content-margin:var(--thread-content-margin-xs,calc(var(--spacing)*4))] @w-sm\/main:[--thread-content-margin:var(--thread-content-margin-sm,calc(var(--spacing)*6))] @w-lg\/main:[--thread-content-margin:var(--thread-content-margin-lg,calc(var(--spacing)*16))] px-(--thread-content-margin)\">\n<div class=\"[--thread-content-max-width:40rem] @w-lg\/main:[--thread-content-max-width:48rem] mx-auto max-w-(--thread-content-max-width) flex-1 group\/turn-messages focus-visible:outline-hidden relative flex w-full min-w-0 flex-col agent-turn\">\n<div class=\"flex max-w-full flex-col gap-4 grow\">\n<div class=\"min-h-8 text-message relative flex w-full flex-col items-end gap-2 text-start break-words whitespace-normal outline-none keyboard-focused:focus-ring [.text-message+&amp;]:mt-1\" dir=\"auto\" tabindex=\"0\" data-message-author-role=\"assistant\" data-message-id=\"d85b2cda-9e84-4202-a0e8-91a8c5659274\" data-message-model-slug=\"gpt-5-3\" data-turn-start-message=\"true\">\n<div class=\"flex w-full flex-col gap-1 empty:hidden\">\n<div class=\"markdown prose dark:prose-invert w-full wrap-break-word dark markdown-new-styling\">\n<h1 data-section-id=\"nrrls4\" data-start=\"245\" data-end=\"334\"><span role=\"text\"><strong data-start=\"247\" data-end=\"334\">Paleta elektroniki z Europy EU \u2013 mix A\u2013B | 70\u201380% elektronika u\u017cytkowa do sprzeda\u017cy<\/strong><\/span><\/h1>\n<h2 data-section-id=\"1cscf30\" data-start=\"336\" data-end=\"399\">Nowa dostawa \u2013 szybki start sprzeda\u017cy i wi\u0119ksza liczba ofert<\/h2>\n<p data-start=\"401\" data-end=\"692\">Paleta elektroniki z Europy EU w standardzie A\u2013B to rozwi\u0105zanie dla sprzedawc\u00f3w, kt\u00f3rzy chc\u0105 rozwija\u0107 sprzeda\u017c poprzez szybkie zwi\u0119kszenie liczby produkt\u00f3w w ofercie. Tego typu dostawa pozwala natychmiast rozpocz\u0105\u0107 sprzeda\u017c na szerok\u0105 skal\u0119 bez konieczno\u015bci budowania asortymentu od podstaw.<\/p>\n<p data-start=\"694\" data-end=\"956\">Zawarto\u015b\u0107 palety obejmuje oko\u0142o 70\u201380% elektroniki u\u017cytkowej, co pozwala skoncentrowa\u0107 dzia\u0142ania na jednej z najbardziej stabilnych i dochodowych kategorii e-commerce. Dzi\u0119ki temu mo\u017cliwe jest szybkie generowanie sprzeda\u017cy oraz efektywne skalowanie dzia\u0142alno\u015bci.<\/p>\n<p data-start=\"958\" data-end=\"1136\">Ka\u017cda paleta posiada losowy sk\u0142ad, co oznacza brak powtarzalno\u015bci produkt\u00f3w. To daje mo\u017cliwo\u015b\u0107 ci\u0105g\u0142ego od\u015bwie\u017cania oferty i lepszego dopasowania do aktualnych trend\u00f3w rynkowych.<\/p>\n<h2 data-section-id=\"l1gbau\" data-start=\"1143\" data-end=\"1204\">Zawarto\u015b\u0107 palety \u2013 elektronika u\u017cytkowa o wysokiej rotacji<\/h2>\n<p data-start=\"1206\" data-end=\"1342\">Mix elektroniki obejmuje produkty, kt\u00f3re nale\u017c\u0105 do najcz\u0119\u015bciej kupowanych kategorii i dobrze sprzedaj\u0105 si\u0119 w r\u00f3\u017cnych kana\u0142ach sprzeda\u017cy.<\/p>\n<p data-start=\"1344\" data-end=\"1381\">W sk\u0142ad palety wchodz\u0105 mi\u0119dzy innymi:<\/p>\n<ul data-start=\"1383\" data-end=\"1618\">\n<li data-section-id=\"iz16co\" data-start=\"1383\" data-end=\"1426\">s\u0142uchawki bezprzewodowe oraz przewodowe<\/li>\n<li data-section-id=\"1j12er6\" data-start=\"1427\" data-end=\"1460\">\u0142adowarki, kable i powerbanki<\/li>\n<li data-section-id=\"2cko63\" data-start=\"1461\" data-end=\"1478\">akcesoria GSM<\/li>\n<li data-section-id=\"r5wtn7\" data-start=\"1479\" data-end=\"1509\">urz\u0105dzenia typu smart home<\/li>\n<li data-section-id=\"isey0l\" data-start=\"1510\" data-end=\"1549\">drobne AGD (np. suszarki, masa\u017cery)<\/li>\n<li data-section-id=\"31a3fm\" data-start=\"1550\" data-end=\"1591\">kontrolery oraz gad\u017cety elektroniczne<\/li>\n<li data-section-id=\"4fq00c\" data-start=\"1592\" data-end=\"1618\">inne produkty u\u017cytkowe<\/li>\n<\/ul>\n<p data-start=\"1620\" data-end=\"1759\">Zr\u00f3\u017cnicowany asortyment umo\u017cliwia sprzeda\u017c w wielu segmentach jednocze\u015bnie, co zwi\u0119ksza rotacj\u0119 produkt\u00f3w i poprawia efektywno\u015b\u0107 sprzeda\u017cy.<\/p>\n<h2 data-section-id=\"1bvzusy\" data-start=\"1766\" data-end=\"1817\">Parametry techniczne<\/h2>\n<ul data-start=\"1819\" data-end=\"1991\">\n<li data-section-id=\"pdbh1u\" data-start=\"1819\" data-end=\"1846\">wysoko\u015b\u0107 palety: 1 metr<\/li>\n<li data-section-id=\"urc13y\" data-start=\"1847\" data-end=\"1869\">waga netto: 162 kg<\/li>\n<li data-section-id=\"6ry0ec\" data-start=\"1870\" data-end=\"1910\">struktura: mix elektroniki u\u017cytkowej<\/li>\n<li data-section-id=\"1hlaiqg\" data-start=\"1911\" data-end=\"1943\">asortyment: losowy i zmienny<\/li>\n<li data-section-id=\"10hkle2\" data-start=\"1944\" data-end=\"1991\">ka\u017cda paleta: indywidualny zestaw produkt\u00f3w<\/li>\n<\/ul>\n<p data-start=\"1993\" data-end=\"2083\">Paleta nie posiada sta\u0142ej specyfikacji \u2014 jej zawarto\u015b\u0107 zale\u017cy od aktualnej partii dostawy.<\/p>\n<h2 data-section-id=\"1iewse0\" data-start=\"2090\" data-end=\"2151\">Dlaczego elektronika u\u017cytkowa to stabilny model biznesowy?<\/h2>\n<p data-start=\"2153\" data-end=\"2319\">Elektronika u\u017cytkowa to segment, kt\u00f3ry utrzymuje wysoki poziom sprzeda\u017cy przez ca\u0142y rok. Produkty z tej kategorii s\u0105 regularnie kupowane i maj\u0105 szerokie zastosowanie.<\/p>\n<p data-start=\"2321\" data-end=\"2344\">Najwa\u017cniejsze przewagi:<\/p>\n<ul data-start=\"2346\" data-end=\"2514\">\n<li data-section-id=\"1g2zt93\" data-start=\"2346\" data-end=\"2374\">szybka rotacja produkt\u00f3w<\/li>\n<li data-section-id=\"17ppg8j\" data-start=\"2375\" data-end=\"2401\">stabilny popyt rynkowy<\/li>\n<li data-section-id=\"6183qw\" data-start=\"2402\" data-end=\"2429\">szeroka grupa odbiorc\u00f3w<\/li>\n<li data-section-id=\"1thzro9\" data-start=\"2430\" data-end=\"2482\">mo\u017cliwo\u015b\u0107 sprzeda\u017cy pojedynczej oraz w zestawach<\/li>\n<li data-section-id=\"4170u4\" data-start=\"2483\" data-end=\"2514\">\u0142atwa sprzeda\u017c w e-commerce<\/li>\n<\/ul>\n<p data-start=\"2516\" data-end=\"2626\">Dzi\u0119ki tym cechom paleta elektroniki z Europy EU pozwala budowa\u0107 sprzeda\u017c w spos\u00f3b przewidywalny i skalowalny.<\/p>\n<h2 data-section-id=\"9hjp8p\" data-start=\"2633\" data-end=\"2667\">Jako\u015b\u0107 produkt\u00f3w \u2013 standard A\u2013B<\/h2>\n<p data-start=\"2669\" data-end=\"2798\">Palety w standardzie A\u2013B obejmuj\u0105 produkty o zr\u00f3\u017cnicowanym stanie, jednak z przewag\u0105 towar\u00f3w nadaj\u0105cych si\u0119 do dalszej sprzeda\u017cy.<\/p>\n<p data-start=\"2800\" data-end=\"2824\">Charakterystyka jako\u015bci:<\/p>\n<ul data-start=\"2826\" data-end=\"2979\">\n<li data-section-id=\"1br12vd\" data-start=\"2826\" data-end=\"2881\">wi\u0119kszo\u015b\u0107 produkt\u00f3w nowa lub w bardzo dobrym stanie<\/li>\n<li data-section-id=\"jqrsyy\" data-start=\"2882\" data-end=\"2918\">mo\u017cliwe drobne \u015blady u\u017cytkowania<\/li>\n<li data-section-id=\"9474dx\" data-start=\"2919\" data-end=\"2979\">dopuszczalna niewielka domieszka klasy C (do oko\u0142o 5\u20137%)<\/li>\n<\/ul>\n<p data-start=\"2981\" data-end=\"3067\">Taki poziom jako\u015bci pozwala utrzyma\u0107 korzystny stosunek ceny zakupu do ceny sprzeda\u017cy.<\/p>\n<p data-start=\"3069\" data-end=\"3160\">Produkty nie s\u0105 testowane indywidualnie, co jest standardem dla dostaw typu Amazon Returns.<\/p>\n<h2 data-section-id=\"1w3v4q5\" data-start=\"3167\" data-end=\"3221\">Model sprzeda\u017cy \u2013 jak wykorzysta\u0107 potencja\u0142 palety?<\/h2>\n<p data-start=\"3223\" data-end=\"3369\">Sprzeda\u017c oparta na paletach polega na pracy na liczbie produkt\u00f3w oraz ich rotacji. Kluczowe znaczenie ma szybkie wprowadzenie towaru do sprzeda\u017cy.<\/p>\n<p data-start=\"3371\" data-end=\"3389\">Schemat dzia\u0142ania:<\/p>\n<ol data-start=\"3391\" data-end=\"3513\">\n<li data-section-id=\"1sbhdx6\" data-start=\"3391\" data-end=\"3408\">zakup palety<\/li>\n<li data-section-id=\"1h5xpxe\" data-start=\"3409\" data-end=\"3432\">selekcja produkt\u00f3w<\/li>\n<li data-section-id=\"bwh49e\" data-start=\"3433\" data-end=\"3454\">publikacja ofert<\/li>\n<li data-section-id=\"1gl09dc\" data-start=\"3455\" data-end=\"3485\">sprzeda\u017c w wielu kana\u0142ach<\/li>\n<li data-section-id=\"1u65gb1\" data-start=\"3486\" data-end=\"3513\">reinwestowanie \u015brodk\u00f3w<\/li>\n<\/ol>\n<p data-start=\"3515\" data-end=\"3598\">Taki model pozwala systematycznie rozwija\u0107 dzia\u0142alno\u015b\u0107 i zwi\u0119ksza\u0107 skal\u0119 sprzeda\u017cy.<\/p>\n<h2 data-section-id=\"dcajmo\" data-start=\"3619\" data-end=\"3657\">Gdzie sprzedawa\u0107 produkty z palety?<\/h2>\n<p data-start=\"3673\" data-end=\"3746\">Paleta elektroniki z Europy EU sprawdza si\u0119 w r\u00f3\u017cnych kana\u0142ach sprzeda\u017cy:<\/p>\n<ul data-start=\"3777\" data-end=\"3846\">\n<li data-section-id=\"1gr8el2\" data-start=\"3777\" data-end=\"3788\"><a href=\"https:\/\/allegro.pl\/\" target=\"_blank\" rel=\"noopener\">Allegro<\/a><\/li>\n<li data-section-id=\"16txjn7\" data-start=\"3789\" data-end=\"3796\"><a href=\"https:\/\/www.olx.pl\/\" target=\"_blank\" rel=\"noopener\">OLX<\/a><\/li>\n<li data-section-id=\"1b2mlzr\" data-start=\"3797\" data-end=\"3805\"><a href=\"https:\/\/www.ebay.com\/\" target=\"_blank\" rel=\"noopener\">eBay<\/a><\/li>\n<li data-section-id=\"1ls0se6\" data-start=\"3806\" data-end=\"3816\"><a href=\"https:\/\/www.amazon.com\/\" target=\"_blank\" rel=\"noopener\">Amazon<\/a><\/li>\n<li data-section-id=\"1d4qn16\" data-start=\"3817\" data-end=\"3846\">w\u0142asne sklepy internetowe<\/li>\n<\/ul>\n<p data-start=\"3819\" data-end=\"3901\">Sprzeda\u017c wielokana\u0142owa pozwala zwi\u0119kszy\u0107 zasi\u0119g i przyspieszy\u0107 sprzeda\u017c produkt\u00f3w.<\/p>\n<h2 data-section-id=\"1mopser\" data-start=\"3881\" data-end=\"3908\">Korzy\u015bci dla sprzedawc\u00f3w<\/h2>\n<p data-start=\"3910\" data-end=\"4032\">Zakup palety elektroniki to rozwi\u0105zanie, kt\u00f3re umo\u017cliwia szybki rozw\u00f3j sprzeda\u017cy i zwi\u0119kszenie liczby produkt\u00f3w w ofercie.<\/p>\n<p data-start=\"4034\" data-end=\"4057\">Najwa\u017cniejsze korzy\u015bci:<\/p>\n<ul data-start=\"4059\" data-end=\"4246\">\n<li data-section-id=\"gvtpog\" data-start=\"4059\" data-end=\"4099\">szeroki asortyment w jednej dostawie<\/li>\n<li data-section-id=\"1e0drbc\" data-start=\"4100\" data-end=\"4136\">szybkie zwi\u0119kszenie liczby ofert<\/li>\n<li data-section-id=\"y5oxsb\" data-start=\"4137\" data-end=\"4160\">elastyczno\u015b\u0107 cenowa<\/li>\n<li data-section-id=\"1nkifgh\" data-start=\"4161\" data-end=\"4203\">dost\u0119p do produkt\u00f3w w korzystnej cenie<\/li>\n<li data-section-id=\"x4575q\" data-start=\"4204\" data-end=\"4246\">mo\u017cliwo\u015b\u0107 testowania r\u00f3\u017cnych kategorii<\/li>\n<\/ul>\n<p data-start=\"4248\" data-end=\"4291\">To rozwi\u0105zanie daje przewag\u0119 konkurencyjn\u0105.<\/p>\n<h2 data-section-id=\"f1xuem\" data-start=\"4298\" data-end=\"4320\">Logistyka i dostawa<\/h2>\n<p data-start=\"4322\" data-end=\"4406\">Palety wysy\u0142ane s\u0105 z magazynu w Europie, co umo\u017cliwia szybkie rozpocz\u0119cie sprzeda\u017cy.<\/p>\n<p data-start=\"4408\" data-end=\"4424\">Proces obejmuje:<\/p>\n<ul data-start=\"4426\" data-end=\"4499\">\n<li data-section-id=\"7znjh2\" data-start=\"4426\" data-end=\"4454\">przygotowanie zam\u00f3wienia<\/li>\n<li data-section-id=\"1qo0dyy\" data-start=\"4455\" data-end=\"4479\">bezpieczne pakowanie<\/li>\n<li data-section-id=\"a3em40\" data-start=\"4480\" data-end=\"4499\">sprawn\u0105 wysy\u0142k\u0119<\/li>\n<\/ul>\n<p data-start=\"4501\" data-end=\"4567\">Dzi\u0119ki temu mo\u017cliwe jest szybkie wdro\u017cenie produkt\u00f3w do sprzeda\u017cy.<\/p>\n<h2 data-section-id=\"m7gcpp\" data-start=\"4574\" data-end=\"4601\">Informacje przed zakupem<\/h2>\n<ul data-start=\"4603\" data-end=\"4815\">\n<li data-section-id=\"1odlefs\" data-start=\"4603\" data-end=\"4673\">towar pochodzi ze zwrot\u00f3w konsumenckich oraz nadwy\u017cek magazynowych<\/li>\n<li data-section-id=\"196h1iw\" data-start=\"4674\" data-end=\"4717\">produkty nie s\u0105 testowane indywidualnie<\/li>\n<li data-section-id=\"1st3k7w\" data-start=\"4718\" data-end=\"4757\">mo\u017cliwa niewielka domieszka klasy C<\/li>\n<li data-section-id=\"1jh6vg4\" data-start=\"4758\" data-end=\"4790\">ka\u017cda paleta ma losowy sk\u0142ad<\/li>\n<li data-section-id=\"1rrf97y\" data-start=\"4791\" data-end=\"4815\">brak listy produkt\u00f3w<\/li>\n<\/ul>\n<p data-start=\"4817\" data-end=\"4897\">Zmienno\u015b\u0107 zawarto\u015bci pozwala stale odnawia\u0107 ofert\u0119 i zwi\u0119ksza\u0107 jej atrakcyjno\u015b\u0107.<\/p>\n<h2 data-section-id=\"1p9idgo\" data-start=\"4904\" data-end=\"4945\">Podsumowanie \u2013 czy warto kupi\u0107 palet\u0119?<\/h2>\n<p data-start=\"4947\" data-end=\"5087\">Paleta elektroniki z Europy EU to rozwi\u0105zanie dla sprzedawc\u00f3w, kt\u00f3rzy chc\u0105 rozwija\u0107 sprzeda\u017c w oparciu o rotacj\u0119, r\u00f3\u017cnorodno\u015b\u0107 i skalowanie.<\/p>\n<p data-start=\"5089\" data-end=\"5109\">Model ten umo\u017cliwia:<\/p>\n<ul data-start=\"5111\" data-end=\"5254\">\n<li data-section-id=\"q7uix1\" data-start=\"5111\" data-end=\"5151\">szybkie zwi\u0119kszenie liczby produkt\u00f3w<\/li>\n<li data-section-id=\"685pbr\" data-start=\"5152\" data-end=\"5189\">rozw\u00f3j sprzeda\u017cy w wielu kana\u0142ach<\/li>\n<li data-section-id=\"2e2gk9\" data-start=\"5190\" data-end=\"5221\">dopasowanie oferty do rynku<\/li>\n<li data-section-id=\"nord47\" data-start=\"5222\" data-end=\"5254\">osi\u0105ganie stabilnych wynik\u00f3w<\/li>\n<\/ul>\n<p data-start=\"5256\" data-end=\"5444\">W e-commerce przewag\u0119 osi\u0105gaj\u0105 ci, kt\u00f3rzy dzia\u0142aj\u0105 szybko i posiadaj\u0105 szeroki asortyment. Paleta elektroniki z Europy EU daje realne mo\u017cliwo\u015bci budowania stabilnego i skalowalnego biznesu.<\/p>\n<p data-start=\"5505\" data-end=\"5558\" data-is-last-node=\"\" data-is-only-node=\"\">\ud83d\udc49 Wszystkie modele palet Amazon mo\u017cna znale\u017a\u0107 <a href=\"https:\/\/stockify24.pl\/sklep\/\"><strong>tutaj<\/strong>.<\/a><\/p>\n<\/div>\n<\/div>\n<\/div>\n<\/div>\n<\/div>\n<\/div>\n<\/section>\n","protected":false},"excerpt":{"rendered":"<p class=\"p1\">\u26a1 Oko\u0142o 70\u201380% elektroniki<\/p>\n<p class=\"p1\">\ud83c\uddea\ud83c\uddfa EU<\/p>\n<p class=\"p1\">\ud83d\udd25 Amazon Returns<\/p>\n<p class=\"p1\" style=\"text-align: left;\">\u2714\ufe0f Jako\u015b\u0107 A\u2013B<\/p>","protected":false},"featured_media":51888,"comment_status":"open","ping_status":"closed","template":"","meta":{"_acf_changed":false},"product_brand":[],"product_cat":[1258,1273,1284],"product_tag":[1274],"class_list":{"0":"post-51311","1":"product","2":"type-product","3":"status-publish","4":"has-post-thumbnail","6":"product_cat-amazon-paleta","7":"product_cat-mix-elektroniki-eu-amazon-returns-ab","8":"product_cat-palety-dnia","9":"product_tag-paleta-mix-elektroniki-z-europy","11":"first","12":"instock","13":"sold-individually","14":"taxable","15":"shipping-taxable","16":"purchasable","17":"product-type-simple"},"acf":[],"_links":{"self":[{"href":"https:\/\/stockify24.pl\/uk\/wp-json\/wp\/v2\/product\/51311","targetHints":{"allow":["GET"]}}],"collection":[{"href":"https:\/\/stockify24.pl\/uk\/wp-json\/wp\/v2\/product"}],"about":[{"href":"https:\/\/stockify24.pl\/uk\/wp-json\/wp\/v2\/types\/product"}],"replies":[{"embeddable":true,"href":"https:\/\/stockify24.pl\/uk\/wp-json\/wp\/v2\/comments?post=51311"}],"wp:featuredmedia":[{"embeddable":true,"href":"https:\/\/stockify24.pl\/uk\/wp-json\/wp\/v2\/media\/51888"}],"wp:attachment":[{"href":"https:\/\/stockify24.pl\/uk\/wp-json\/wp\/v2\/media?parent=51311"}],"wp:term":[{"taxonomy":"product_brand","embeddable":true,"href":"https:\/\/stockify24.pl\/uk\/wp-json\/wp\/v2\/product_brand?post=51311"},{"taxonomy":"product_cat","embeddable":true,"href":"https:\/\/stockify24.pl\/uk\/wp-json\/wp\/v2\/product_cat?post=51311"},{"taxonomy":"product_tag","embeddable":true,"href":"https:\/\/stockify24.pl\/uk\/wp-json\/wp\/v2\/product_tag?post=51311"}],"curies":[{"name":"wp","href":"https:\/\/api.w.org\/{rel}","templated":true}]}}