{"id":51317,"date":"2026-04-16T11:52:51","date_gmt":"2026-04-16T10:52:51","guid":{"rendered":"https:\/\/stockify24.pl\/?post_type=product&#038;p=51317"},"modified":"2026-04-24T15:04:47","modified_gmt":"2026-04-24T14:04:47","slug":"paleta-elektroniki-z-europy-eu-a-b-245","status":"publish","type":"product","link":"https:\/\/stockify24.pl\/uk\/product\/paleta-elektroniki-z-europy-eu-a-b-245\/","title":{"rendered":"Paleta elektroniki z Europy (EU) |A\u2013B| #245"},"content":{"rendered":"<section class=\"text-token-text-primary w-full focus:outline-none [--shadow-height:45px] has-data-writing-block:pointer-events-none has-data-writing-block:-mt-(--shadow-height) has-data-writing-block:pt-(--shadow-height) [&amp;:has([data-writing-block])&gt;*]:pointer-events-auto [content-visibility:auto] supports-[content-visibility:auto]:[contain-intrinsic-size:auto_100lvh] R6Vx5W_threadScrollVars scroll-mb-[calc(var(--scroll-root-safe-area-inset-bottom,0px)+var(--thread-response-height))] scroll-mt-[calc(var(--header-height)+min(200px,max(70px,20svh)))]\" dir=\"auto\" data-turn-id=\"request-69c65452-e37c-8386-b18d-56272d59cc8a-2\" data-testid=\"conversation-turn-182\" data-scroll-anchor=\"false\" data-turn=\"assistant\">\n<div class=\"text-base my-auto mx-auto pb-10 [--thread-content-margin:var(--thread-content-margin-xs,calc(var(--spacing)*4))] @w-sm\/main:[--thread-content-margin:var(--thread-content-margin-sm,calc(var(--spacing)*6))] @w-lg\/main:[--thread-content-margin:var(--thread-content-margin-lg,calc(var(--spacing)*16))] px-(--thread-content-margin)\">\n<div class=\"[--thread-content-max-width:40rem] @w-lg\/main:[--thread-content-max-width:48rem] mx-auto max-w-(--thread-content-max-width) flex-1 group\/turn-messages focus-visible:outline-hidden relative flex w-full min-w-0 flex-col agent-turn\">\n<div class=\"flex max-w-full flex-col gap-4 grow\">\n<div class=\"min-h-8 text-message relative flex w-full flex-col items-end gap-2 text-start break-words whitespace-normal outline-none keyboard-focused:focus-ring [.text-message+&amp;]:mt-1\" dir=\"auto\" tabindex=\"0\" data-message-author-role=\"assistant\" data-message-id=\"d85b2cda-9e84-4202-a0e8-91a8c5659274\" data-message-model-slug=\"gpt-5-3\" data-turn-start-message=\"true\">\n<div class=\"flex w-full flex-col gap-1 empty:hidden\">\n<div class=\"markdown prose dark:prose-invert w-full wrap-break-word dark markdown-new-styling\">\n<h1 data-section-id=\"nrrls4\" data-start=\"258\" data-end=\"347\"><span role=\"text\"><strong data-start=\"260\" data-end=\"347\">Paleta elektroniki z Europy EU \u2013 mix A\u2013B | 70\u201380% elektronika u\u017cytkowa do sprzeda\u017cy<\/strong><\/span><\/h1>\n<h2 data-section-id=\"1afavuz\" data-start=\"349\" data-end=\"426\">Nowa dostawa \u2013 szybkie skalowanie sprzeda\u017cy bez budowania magazynu od zera<\/h2>\n<p data-start=\"428\" data-end=\"715\">Paleta elektroniki z Europy EU w standardzie A\u2013B to rozwi\u0105zanie dla sprzedawc\u00f3w, kt\u00f3rzy chc\u0105 rozwija\u0107 sprzeda\u017c poprzez szybkie zwi\u0119kszenie liczby produkt\u00f3w w ofercie. Jedna dostawa pozwala pracowa\u0107 na szerokim asortymencie bez konieczno\u015bci wyszukiwania i zamawiania pojedynczych pozycji.<\/p>\n<p data-start=\"717\" data-end=\"959\">Zawarto\u015b\u0107 obejmuje oko\u0142o 70\u201380% elektroniki u\u017cytkowej, co umo\u017cliwia skoncentrowanie dzia\u0142a\u0144 sprzeda\u017cowych na kategorii generuj\u0105cej stabilny obr\u00f3t. Dzi\u0119ki temu mo\u017cliwe jest szybkie uruchomienie sprzeda\u017cy oraz efektywne skalowanie dzia\u0142alno\u015bci.<\/p>\n<p data-start=\"961\" data-end=\"1105\">Ka\u017cda paleta posiada losowy sk\u0142ad. Brak powtarzalno\u015bci produkt\u00f3w pozwala stale odnawia\u0107 ofert\u0119 i dopasowywa\u0107 j\u0105 do aktualnych trend\u00f3w rynkowych.<\/p>\n<h2 data-section-id=\"zpguk0\" data-start=\"1112\" data-end=\"1179\">Zawarto\u015b\u0107 palety \u2013 elektronika o wysokim potencjale sprzeda\u017cowym<\/h2>\n<p data-start=\"1181\" data-end=\"1316\">Mix elektroniki obejmuje produkty u\u017cytkowe oraz akcesoria, kt\u00f3re nale\u017c\u0105 do najcz\u0119\u015bciej kupowanych kategorii i utrzymuj\u0105 stabilny popyt.<\/p>\n<p data-start=\"1318\" data-end=\"1355\">W sk\u0142ad palety wchodz\u0105 mi\u0119dzy innymi:<\/p>\n<ul data-start=\"1357\" data-end=\"1595\">\n<li data-section-id=\"iz16co\" data-start=\"1357\" data-end=\"1400\">s\u0142uchawki bezprzewodowe oraz przewodowe<\/li>\n<li data-section-id=\"om8off\" data-start=\"1401\" data-end=\"1437\">\u0142adowarki, przewody i powerbanki<\/li>\n<li data-section-id=\"2cko63\" data-start=\"1438\" data-end=\"1455\">akcesoria GSM<\/li>\n<li data-section-id=\"r5wtn7\" data-start=\"1456\" data-end=\"1486\">urz\u0105dzenia typu smart home<\/li>\n<li data-section-id=\"isey0l\" data-start=\"1487\" data-end=\"1526\">drobne AGD (np. suszarki, masa\u017cery)<\/li>\n<li data-section-id=\"31a3fm\" data-start=\"1527\" data-end=\"1568\">kontrolery oraz gad\u017cety elektroniczne<\/li>\n<li data-section-id=\"4fq00c\" data-start=\"1569\" data-end=\"1595\">inne produkty u\u017cytkowe<\/li>\n<\/ul>\n<p data-start=\"1597\" data-end=\"1733\">Zr\u00f3\u017cnicowany asortyment umo\u017cliwia sprzeda\u017c w wielu segmentach jednocze\u015bnie, co zwi\u0119ksza rotacj\u0119 produkt\u00f3w i poprawia wyniki sprzeda\u017cowe.<\/p>\n<h2 data-section-id=\"1c030k7\" data-start=\"1740\" data-end=\"1791\">Parametry techniczne<\/h2>\n<ul data-start=\"1793\" data-end=\"1965\">\n<li data-section-id=\"pdbh1u\" data-start=\"1793\" data-end=\"1820\">wysoko\u015b\u0107 palety: 1 metr<\/li>\n<li data-section-id=\"1q9vvy3\" data-start=\"1821\" data-end=\"1843\">waga netto: 155 kg<\/li>\n<li data-section-id=\"6ry0ec\" data-start=\"1844\" data-end=\"1884\">struktura: mix elektroniki u\u017cytkowej<\/li>\n<li data-section-id=\"1hlaiqg\" data-start=\"1885\" data-end=\"1917\">asortyment: losowy i zmienny<\/li>\n<li data-section-id=\"10hkle2\" data-start=\"1918\" data-end=\"1965\">ka\u017cda paleta: indywidualny zestaw produkt\u00f3w<\/li>\n<\/ul>\n<p data-start=\"1967\" data-end=\"2049\">Paleta nie posiada sta\u0142ej listy produkt\u00f3w \u2014 zawarto\u015b\u0107 zale\u017cy od aktualnej dostawy.<\/p>\n<h2 data-section-id=\"5alhq4\" data-start=\"2056\" data-end=\"2115\">Dlaczego elektronika u\u017cytkowa daje przewidywalne wyniki?<\/h2>\n<p data-start=\"2117\" data-end=\"2270\">Elektronika u\u017cytkowa to jedna z najbardziej stabilnych kategorii sprzeda\u017cowych. Produkty z tej grupy s\u0105 regularnie kupowane i maj\u0105 szerokie zastosowanie.<\/p>\n<p data-start=\"2272\" data-end=\"2295\">Najwa\u017cniejsze przewagi:<\/p>\n<ul data-start=\"2297\" data-end=\"2463\">\n<li data-section-id=\"1g2zt93\" data-start=\"2297\" data-end=\"2325\">szybka rotacja produkt\u00f3w<\/li>\n<li data-section-id=\"17ppg8j\" data-start=\"2326\" data-end=\"2352\">stabilny popyt rynkowy<\/li>\n<li data-section-id=\"gjpnby\" data-start=\"2353\" data-end=\"2378\">szeroka baza klient\u00f3w<\/li>\n<li data-section-id=\"1thzro9\" data-start=\"2379\" data-end=\"2431\">mo\u017cliwo\u015b\u0107 sprzeda\u017cy pojedynczej oraz w zestawach<\/li>\n<li data-section-id=\"4170u4\" data-start=\"2432\" data-end=\"2463\">\u0142atwa sprzeda\u017c w e-commerce<\/li>\n<\/ul>\n<p data-start=\"2465\" data-end=\"2575\">Dzi\u0119ki tym cechom paleta elektroniki z Europy EU pozwala budowa\u0107 sprzeda\u017c w spos\u00f3b przewidywalny i skalowalny.<\/p>\n<h2 data-section-id=\"9hjp8p\" data-start=\"2582\" data-end=\"2616\">Jako\u015b\u0107 produkt\u00f3w \u2013 standard A\u2013B<\/h2>\n<p data-start=\"2618\" data-end=\"2747\">Palety w standardzie A\u2013B obejmuj\u0105 produkty o zr\u00f3\u017cnicowanym stanie, jednak z przewag\u0105 towar\u00f3w nadaj\u0105cych si\u0119 do dalszej sprzeda\u017cy.<\/p>\n<p data-start=\"2749\" data-end=\"2773\">Charakterystyka jako\u015bci:<\/p>\n<ul data-start=\"2775\" data-end=\"2928\">\n<li data-section-id=\"1br12vd\" data-start=\"2775\" data-end=\"2830\">wi\u0119kszo\u015b\u0107 produkt\u00f3w nowa lub w bardzo dobrym stanie<\/li>\n<li data-section-id=\"jqrsyy\" data-start=\"2831\" data-end=\"2867\">mo\u017cliwe drobne \u015blady u\u017cytkowania<\/li>\n<li data-section-id=\"9474dx\" data-start=\"2868\" data-end=\"2928\">dopuszczalna niewielka domieszka klasy C (do oko\u0142o 5\u20137%)<\/li>\n<\/ul>\n<p data-start=\"2930\" data-end=\"3016\">Taki poziom jako\u015bci pozwala utrzyma\u0107 korzystny stosunek ceny zakupu do ceny sprzeda\u017cy.<\/p>\n<p data-start=\"3018\" data-end=\"3109\">Produkty nie s\u0105 testowane indywidualnie, co jest standardem dla dostaw typu Amazon Returns.<\/p>\n<h2 data-section-id=\"6vba26\" data-start=\"3116\" data-end=\"3161\">Model sprzeda\u017cy \u2013 jak pracowa\u0107 na palecie?<\/h2>\n<p data-start=\"3163\" data-end=\"3312\">Sprzeda\u017c oparta na paletach polega na pracy na liczbie produkt\u00f3w oraz ich rotacji. Kluczowe znaczenie ma szybkie wprowadzenie produkt\u00f3w do sprzeda\u017cy.<\/p>\n<p data-start=\"3314\" data-end=\"3332\">Schemat dzia\u0142ania:<\/p>\n<ol data-start=\"3334\" data-end=\"3456\">\n<li data-section-id=\"1sbhdx6\" data-start=\"3334\" data-end=\"3351\">zakup palety<\/li>\n<li data-section-id=\"1h5xpxe\" data-start=\"3352\" data-end=\"3375\">selekcja produkt\u00f3w<\/li>\n<li data-section-id=\"bwh49e\" data-start=\"3376\" data-end=\"3397\">publikacja ofert<\/li>\n<li data-section-id=\"1gl09dc\" data-start=\"3398\" data-end=\"3428\">sprzeda\u017c w wielu kana\u0142ach<\/li>\n<li data-section-id=\"1u65gb1\" data-start=\"3429\" data-end=\"3456\">reinwestowanie \u015brodk\u00f3w<\/li>\n<\/ol>\n<p data-start=\"3458\" data-end=\"3526\">Taki model pozwala rozwija\u0107 dzia\u0142alno\u015b\u0107 i zwi\u0119ksza\u0107 skal\u0119 sprzeda\u017cy.<\/p>\n<h2 data-section-id=\"dcajmo\" data-start=\"3619\" data-end=\"3657\">Gdzie sprzedawa\u0107 produkty z palety?<\/h2>\n<p data-start=\"3673\" data-end=\"3746\">Paleta elektroniki z Europy EU sprawdza si\u0119 w r\u00f3\u017cnych kana\u0142ach sprzeda\u017cy:<\/p>\n<ul data-start=\"3777\" data-end=\"3846\">\n<li data-section-id=\"1gr8el2\" data-start=\"3777\" data-end=\"3788\"><a href=\"https:\/\/allegro.pl\/\" target=\"_blank\" rel=\"noopener\">Allegro<\/a><\/li>\n<li data-section-id=\"16txjn7\" data-start=\"3789\" data-end=\"3796\"><a href=\"https:\/\/www.olx.pl\/\" target=\"_blank\" rel=\"noopener\">OLX<\/a><\/li>\n<li data-section-id=\"1b2mlzr\" data-start=\"3797\" data-end=\"3805\"><a href=\"https:\/\/www.ebay.com\/\" target=\"_blank\" rel=\"noopener\">eBay<\/a><\/li>\n<li data-section-id=\"1ls0se6\" data-start=\"3806\" data-end=\"3816\"><a href=\"https:\/\/www.amazon.com\/\" target=\"_blank\" rel=\"noopener\">Amazon<\/a><\/li>\n<li data-section-id=\"1d4qn16\" data-start=\"3817\" data-end=\"3846\">w\u0142asne sklepy internetowe<\/li>\n<\/ul>\n<p data-start=\"3718\" data-end=\"3800\">Sprzeda\u017c wielokana\u0142owa pozwala zwi\u0119kszy\u0107 zasi\u0119g i przyspieszy\u0107 sprzeda\u017c produkt\u00f3w.<\/p>\n<h2 data-section-id=\"1mopser\" data-start=\"3807\" data-end=\"3834\">Korzy\u015bci dla sprzedawc\u00f3w<\/h2>\n<p data-start=\"3836\" data-end=\"3958\">Zakup palety elektroniki to rozwi\u0105zanie, kt\u00f3re umo\u017cliwia szybki rozw\u00f3j sprzeda\u017cy i zwi\u0119kszenie liczby produkt\u00f3w w ofercie.<\/p>\n<p data-start=\"3960\" data-end=\"3983\">Najwa\u017cniejsze korzy\u015bci:<\/p>\n<ul data-start=\"3985\" data-end=\"4172\">\n<li data-section-id=\"gvtpog\" data-start=\"3985\" data-end=\"4025\">szeroki asortyment w jednej dostawie<\/li>\n<li data-section-id=\"1e0drbc\" data-start=\"4026\" data-end=\"4062\">szybkie zwi\u0119kszenie liczby ofert<\/li>\n<li data-section-id=\"y5oxsb\" data-start=\"4063\" data-end=\"4086\">elastyczno\u015b\u0107 cenowa<\/li>\n<li data-section-id=\"1nkifgh\" data-start=\"4087\" data-end=\"4129\">dost\u0119p do produkt\u00f3w w korzystnej cenie<\/li>\n<li data-section-id=\"x4575q\" data-start=\"4130\" data-end=\"4172\">mo\u017cliwo\u015b\u0107 testowania r\u00f3\u017cnych kategorii<\/li>\n<\/ul>\n<p data-start=\"4174\" data-end=\"4217\">To rozwi\u0105zanie daje przewag\u0119 konkurencyjn\u0105.<\/p>\n<h2 data-section-id=\"f1xuem\" data-start=\"4224\" data-end=\"4246\">Logistyka i dostawa<\/h2>\n<p data-start=\"4248\" data-end=\"4332\">Palety wysy\u0142ane s\u0105 z magazynu w Europie, co umo\u017cliwia szybkie rozpocz\u0119cie sprzeda\u017cy.<\/p>\n<p data-start=\"4334\" data-end=\"4350\">Proces obejmuje:<\/p>\n<ul data-start=\"4352\" data-end=\"4425\">\n<li data-section-id=\"7znjh2\" data-start=\"4352\" data-end=\"4380\">przygotowanie zam\u00f3wienia<\/li>\n<li data-section-id=\"1qo0dyy\" data-start=\"4381\" data-end=\"4405\">bezpieczne pakowanie<\/li>\n<li data-section-id=\"a3em40\" data-start=\"4406\" data-end=\"4425\">sprawn\u0105 wysy\u0142k\u0119<\/li>\n<\/ul>\n<p data-start=\"4427\" data-end=\"4493\">Dzi\u0119ki temu mo\u017cliwe jest szybkie wdro\u017cenie produkt\u00f3w do sprzeda\u017cy.<\/p>\n<h2 data-section-id=\"m7gcpp\" data-start=\"4500\" data-end=\"4527\">Informacje przed zakupem<\/h2>\n<ul data-start=\"4529\" data-end=\"4741\">\n<li data-section-id=\"1odlefs\" data-start=\"4529\" data-end=\"4599\">towar pochodzi ze zwrot\u00f3w konsumenckich oraz nadwy\u017cek magazynowych<\/li>\n<li data-section-id=\"196h1iw\" data-start=\"4600\" data-end=\"4643\">produkty nie s\u0105 testowane indywidualnie<\/li>\n<li data-section-id=\"1st3k7w\" data-start=\"4644\" data-end=\"4683\">mo\u017cliwa niewielka domieszka klasy C<\/li>\n<li data-section-id=\"1jh6vg4\" data-start=\"4684\" data-end=\"4716\">ka\u017cda paleta ma losowy sk\u0142ad<\/li>\n<li data-section-id=\"1rrf97y\" data-start=\"4717\" data-end=\"4741\">brak listy produkt\u00f3w<\/li>\n<\/ul>\n<p data-start=\"4743\" data-end=\"4813\">Zmienno\u015b\u0107 zawarto\u015bci to naturalny element tego modelu i jego przewaga.<\/p>\n<h2 data-section-id=\"1p9idgo\" data-start=\"4820\" data-end=\"4861\">Podsumowanie \u2013 czy warto kupi\u0107 palet\u0119?<\/h2>\n<p data-start=\"4863\" data-end=\"5003\">Paleta elektroniki z Europy EU to rozwi\u0105zanie dla sprzedawc\u00f3w, kt\u00f3rzy chc\u0105 rozwija\u0107 sprzeda\u017c w oparciu o rotacj\u0119, r\u00f3\u017cnorodno\u015b\u0107 i skalowanie.<\/p>\n<p data-start=\"5005\" data-end=\"5025\">Model ten umo\u017cliwia:<\/p>\n<ul data-start=\"5027\" data-end=\"5170\">\n<li data-section-id=\"q7uix1\" data-start=\"5027\" data-end=\"5067\">szybkie zwi\u0119kszenie liczby produkt\u00f3w<\/li>\n<li data-section-id=\"685pbr\" data-start=\"5068\" data-end=\"5105\">rozw\u00f3j sprzeda\u017cy w wielu kana\u0142ach<\/li>\n<li data-section-id=\"2e2gk9\" data-start=\"5106\" data-end=\"5137\">dopasowanie oferty do rynku<\/li>\n<li data-section-id=\"nord47\" data-start=\"5138\" data-end=\"5170\">osi\u0105ganie stabilnych wynik\u00f3w<\/li>\n<\/ul>\n<p data-start=\"5172\" data-end=\"5360\">W e-commerce przewag\u0119 osi\u0105gaj\u0105 ci, kt\u00f3rzy dzia\u0142aj\u0105 szybko i posiadaj\u0105 szeroki asortyment. Paleta elektroniki z Europy EU daje realne mo\u017cliwo\u015bci budowania stabilnego i skalowalnego biznesu.<\/p>\n<p data-start=\"5505\" data-end=\"5558\" data-is-last-node=\"\" data-is-only-node=\"\">\ud83d\udc49 Wszystkie modele palet Amazon mo\u017cna znale\u017a\u0107 <a href=\"https:\/\/stockify24.pl\/sklep\/\"><strong>tutaj<\/strong>.<\/a><\/p>\n<\/div>\n<\/div>\n<\/div>\n<\/div>\n<\/div>\n<\/div>\n<\/section>\n","protected":false},"excerpt":{"rendered":"<p class=\"p1\">\u26a1 Oko\u0142o 70\u201380% elektroniki<\/p>\n<p class=\"p1\">\ud83c\uddea\ud83c\uddfa EU<\/p>\n<p class=\"p1\">\ud83d\udd25 Amazon Returns<\/p>\n<p class=\"p1\" style=\"text-align: left;\">\u2714\ufe0f Jako\u015b\u0107 A\u2013B<\/p>","protected":false},"featured_media":51885,"comment_status":"open","ping_status":"closed","template":"","meta":{"_acf_changed":false},"product_brand":[],"product_cat":[1258,1273,1284],"product_tag":[1274],"class_list":{"0":"post-51317","1":"product","2":"type-product","3":"status-publish","4":"has-post-thumbnail","6":"product_cat-amazon-paleta","7":"product_cat-mix-elektroniki-eu-amazon-returns-ab","8":"product_cat-palety-dnia","9":"product_tag-paleta-mix-elektroniki-z-europy","11":"first","12":"instock","13":"sold-individually","14":"taxable","15":"shipping-taxable","16":"purchasable","17":"product-type-simple"},"acf":[],"_links":{"self":[{"href":"https:\/\/stockify24.pl\/uk\/wp-json\/wp\/v2\/product\/51317","targetHints":{"allow":["GET"]}}],"collection":[{"href":"https:\/\/stockify24.pl\/uk\/wp-json\/wp\/v2\/product"}],"about":[{"href":"https:\/\/stockify24.pl\/uk\/wp-json\/wp\/v2\/types\/product"}],"replies":[{"embeddable":true,"href":"https:\/\/stockify24.pl\/uk\/wp-json\/wp\/v2\/comments?post=51317"}],"wp:featuredmedia":[{"embeddable":true,"href":"https:\/\/stockify24.pl\/uk\/wp-json\/wp\/v2\/media\/51885"}],"wp:attachment":[{"href":"https:\/\/stockify24.pl\/uk\/wp-json\/wp\/v2\/media?parent=51317"}],"wp:term":[{"taxonomy":"product_brand","embeddable":true,"href":"https:\/\/stockify24.pl\/uk\/wp-json\/wp\/v2\/product_brand?post=51317"},{"taxonomy":"product_cat","embeddable":true,"href":"https:\/\/stockify24.pl\/uk\/wp-json\/wp\/v2\/product_cat?post=51317"},{"taxonomy":"product_tag","embeddable":true,"href":"https:\/\/stockify24.pl\/uk\/wp-json\/wp\/v2\/product_tag?post=51317"}],"curies":[{"name":"wp","href":"https:\/\/api.w.org\/{rel}","templated":true}]}}