{"id":51319,"date":"2026-04-16T12:21:40","date_gmt":"2026-04-16T11:21:40","guid":{"rendered":"https:\/\/stockify24.pl\/?post_type=product&#038;p=51319"},"modified":"2026-04-24T15:03:38","modified_gmt":"2026-04-24T14:03:38","slug":"paleta-elektroniki-z-europy-eu-a-b-246","status":"publish","type":"product","link":"https:\/\/stockify24.pl\/uk\/product\/paleta-elektroniki-z-europy-eu-a-b-246\/","title":{"rendered":"Paleta elektroniki z Europy (EU) |A\u2013B| #246"},"content":{"rendered":"<section class=\"text-token-text-primary w-full focus:outline-none [--shadow-height:45px] has-data-writing-block:pointer-events-none has-data-writing-block:-mt-(--shadow-height) has-data-writing-block:pt-(--shadow-height) [&amp;:has([data-writing-block])&gt;*]:pointer-events-auto [content-visibility:auto] supports-[content-visibility:auto]:[contain-intrinsic-size:auto_100lvh] R6Vx5W_threadScrollVars scroll-mb-[calc(var(--scroll-root-safe-area-inset-bottom,0px)+var(--thread-response-height))] scroll-mt-[calc(var(--header-height)+min(200px,max(70px,20svh)))]\" dir=\"auto\" data-turn-id=\"request-69c65452-e37c-8386-b18d-56272d59cc8a-2\" data-testid=\"conversation-turn-182\" data-scroll-anchor=\"false\" data-turn=\"assistant\">\n<div class=\"text-base my-auto mx-auto pb-10 [--thread-content-margin:var(--thread-content-margin-xs,calc(var(--spacing)*4))] @w-sm\/main:[--thread-content-margin:var(--thread-content-margin-sm,calc(var(--spacing)*6))] @w-lg\/main:[--thread-content-margin:var(--thread-content-margin-lg,calc(var(--spacing)*16))] px-(--thread-content-margin)\">\n<div class=\"[--thread-content-max-width:40rem] @w-lg\/main:[--thread-content-max-width:48rem] mx-auto max-w-(--thread-content-max-width) flex-1 group\/turn-messages focus-visible:outline-hidden relative flex w-full min-w-0 flex-col agent-turn\">\n<div class=\"flex max-w-full flex-col gap-4 grow\">\n<div class=\"min-h-8 text-message relative flex w-full flex-col items-end gap-2 text-start break-words whitespace-normal outline-none keyboard-focused:focus-ring [.text-message+&amp;]:mt-1\" dir=\"auto\" tabindex=\"0\" data-message-author-role=\"assistant\" data-message-id=\"d85b2cda-9e84-4202-a0e8-91a8c5659274\" data-message-model-slug=\"gpt-5-3\" data-turn-start-message=\"true\">\n<div class=\"flex w-full flex-col gap-1 empty:hidden\">\n<div class=\"markdown prose dark:prose-invert w-full wrap-break-word dark markdown-new-styling\">\n<h1 data-section-id=\"nrrls4\" data-start=\"254\" data-end=\"343\"><span role=\"text\"><strong data-start=\"256\" data-end=\"343\">Paleta elektroniki z Europy EU \u2013 mix A\u2013B | 70\u201380% elektronika u\u017cytkowa do sprzeda\u017cy<\/strong><\/span><\/h1>\n<h2 data-section-id=\"a34sov\" data-start=\"345\" data-end=\"416\">Nowa dostawa \u2013 szybkie wej\u015bcie w sprzeda\u017c i zwi\u0119kszenie liczby ofert<\/h2>\n<p data-start=\"418\" data-end=\"721\">Paleta elektroniki z Europy EU w standardzie A\u2013B to rozwi\u0105zanie dla sprzedawc\u00f3w, kt\u00f3rzy chc\u0105 rozwija\u0107 sprzeda\u017c poprzez szybkie rozszerzenie asortymentu. Zakup jednej palety pozwala w kr\u00f3tkim czasie wprowadzi\u0107 do oferty du\u017c\u0105 liczb\u0119 produkt\u00f3w bez konieczno\u015bci ich indywidualnego wyszukiwania i zamawiania.<\/p>\n<p data-start=\"723\" data-end=\"982\">Zawarto\u015b\u0107 palety obejmuje oko\u0142o 70\u201380% elektroniki u\u017cytkowej, co umo\u017cliwia skoncentrowanie dzia\u0142a\u0144 sprzeda\u017cowych na kategorii o wysokim popycie i stabilnej rotacji. Dzi\u0119ki temu mo\u017cliwe jest szybkie generowanie sprzeda\u017cy oraz efektywne skalowanie dzia\u0142alno\u015bci.<\/p>\n<p data-start=\"984\" data-end=\"1124\">Ka\u017cda paleta posiada losowy sk\u0142ad. Brak powtarzalno\u015bci produkt\u00f3w pozwala stale odnawia\u0107 ofert\u0119 i dopasowywa\u0107 j\u0105 do aktualnych potrzeb rynku.<\/p>\n<h2 data-section-id=\"l1gbau\" data-start=\"1131\" data-end=\"1192\">Zawarto\u015b\u0107 palety \u2013 elektronika u\u017cytkowa o wysokiej rotacji<\/h2>\n<p data-start=\"1194\" data-end=\"1306\">Mix elektroniki obejmuje produkty oraz akcesoria, kt\u00f3re nale\u017c\u0105 do najcz\u0119\u015bciej kupowanych kategorii w e-commerce.<\/p>\n<p data-start=\"1308\" data-end=\"1345\">W sk\u0142ad palety wchodz\u0105 mi\u0119dzy innymi:<\/p>\n<ul data-start=\"1347\" data-end=\"1582\">\n<li data-section-id=\"iz16co\" data-start=\"1347\" data-end=\"1390\">s\u0142uchawki bezprzewodowe oraz przewodowe<\/li>\n<li data-section-id=\"1j12er6\" data-start=\"1391\" data-end=\"1424\">\u0142adowarki, kable i powerbanki<\/li>\n<li data-section-id=\"2cko63\" data-start=\"1425\" data-end=\"1442\">akcesoria GSM<\/li>\n<li data-section-id=\"r5wtn7\" data-start=\"1443\" data-end=\"1473\">urz\u0105dzenia typu smart home<\/li>\n<li data-section-id=\"isey0l\" data-start=\"1474\" data-end=\"1513\">drobne AGD (np. suszarki, masa\u017cery)<\/li>\n<li data-section-id=\"31a3fm\" data-start=\"1514\" data-end=\"1555\">kontrolery oraz gad\u017cety elektroniczne<\/li>\n<li data-section-id=\"4fq00c\" data-start=\"1556\" data-end=\"1582\">inne produkty u\u017cytkowe<\/li>\n<\/ul>\n<p data-start=\"1584\" data-end=\"1720\">Zr\u00f3\u017cnicowany asortyment umo\u017cliwia sprzeda\u017c w wielu segmentach jednocze\u015bnie, co zwi\u0119ksza rotacj\u0119 produkt\u00f3w i poprawia wyniki sprzeda\u017cowe.<\/p>\n<h2 data-section-id=\"1bvv8ms\" data-start=\"1727\" data-end=\"1778\">Parametry techniczne<\/h2>\n<ul data-start=\"1780\" data-end=\"1952\">\n<li data-section-id=\"pdbh1u\" data-start=\"1780\" data-end=\"1807\">wysoko\u015b\u0107 palety: 1 metr<\/li>\n<li data-section-id=\"w23fmg\" data-start=\"1808\" data-end=\"1830\">waga netto: 141 kg<\/li>\n<li data-section-id=\"6ry0ec\" data-start=\"1831\" data-end=\"1871\">struktura: mix elektroniki u\u017cytkowej<\/li>\n<li data-section-id=\"1hlaiqg\" data-start=\"1872\" data-end=\"1904\">asortyment: losowy i zmienny<\/li>\n<li data-section-id=\"10hkle2\" data-start=\"1905\" data-end=\"1952\">ka\u017cda paleta: indywidualny zestaw produkt\u00f3w<\/li>\n<\/ul>\n<p data-start=\"1954\" data-end=\"2047\">Paleta nie posiada sta\u0142ej listy produkt\u00f3w \u2014 jej zawarto\u015b\u0107 zale\u017cy od aktualnej partii dostawy.<\/p>\n<h2 data-section-id=\"ibuf00\" data-start=\"2054\" data-end=\"2114\">Dlaczego elektronika u\u017cytkowa zapewnia stabiln\u0105 sprzeda\u017c?<\/h2>\n<p data-start=\"2116\" data-end=\"2274\">Elektronika u\u017cytkowa to jedna z najbardziej przewidywalnych kategorii sprzeda\u017cowych. Produkty z tej grupy s\u0105 regularnie kupowane i maj\u0105 szerokie zastosowanie.<\/p>\n<p data-start=\"2276\" data-end=\"2299\">Najwa\u017cniejsze przewagi:<\/p>\n<ul data-start=\"2301\" data-end=\"2458\">\n<li data-section-id=\"1g2zt93\" data-start=\"2301\" data-end=\"2329\">szybka rotacja produkt\u00f3w<\/li>\n<li data-section-id=\"1cxxa8s\" data-start=\"2330\" data-end=\"2348\">stabilny popyt<\/li>\n<li data-section-id=\"6183qw\" data-start=\"2349\" data-end=\"2376\">szeroka grupa odbiorc\u00f3w<\/li>\n<li data-section-id=\"rxhyt2\" data-start=\"2377\" data-end=\"2426\">mo\u017cliwo\u015b\u0107 sprzeda\u017cy pojedynczej i w zestawach<\/li>\n<li data-section-id=\"4170u4\" data-start=\"2427\" data-end=\"2458\">\u0142atwa sprzeda\u017c w e-commerce<\/li>\n<\/ul>\n<p data-start=\"2460\" data-end=\"2565\">Dzi\u0119ki tym cechom paleta elektroniki z Europy EU pozwala budowa\u0107 sprzeda\u017c w spos\u00f3b stabilny i skalowalny.<\/p>\n<h2 data-section-id=\"9hjp8p\" data-start=\"2572\" data-end=\"2606\">Jako\u015b\u0107 produkt\u00f3w \u2013 standard A\u2013B<\/h2>\n<p data-start=\"2608\" data-end=\"2737\">Palety w standardzie A\u2013B obejmuj\u0105 produkty o zr\u00f3\u017cnicowanym stanie, jednak z przewag\u0105 towar\u00f3w nadaj\u0105cych si\u0119 do dalszej sprzeda\u017cy.<\/p>\n<p data-start=\"2739\" data-end=\"2763\">Charakterystyka jako\u015bci:<\/p>\n<ul data-start=\"2765\" data-end=\"2918\">\n<li data-section-id=\"1br12vd\" data-start=\"2765\" data-end=\"2820\">wi\u0119kszo\u015b\u0107 produkt\u00f3w nowa lub w bardzo dobrym stanie<\/li>\n<li data-section-id=\"jqrsyy\" data-start=\"2821\" data-end=\"2857\">mo\u017cliwe drobne \u015blady u\u017cytkowania<\/li>\n<li data-section-id=\"9474dx\" data-start=\"2858\" data-end=\"2918\">dopuszczalna niewielka domieszka klasy C (do oko\u0142o 5\u20137%)<\/li>\n<\/ul>\n<p data-start=\"2920\" data-end=\"3006\">Taki poziom jako\u015bci pozwala utrzyma\u0107 korzystny stosunek ceny zakupu do ceny sprzeda\u017cy.<\/p>\n<p data-start=\"3008\" data-end=\"3099\">Produkty nie s\u0105 testowane indywidualnie, co jest standardem dla dostaw typu Amazon Returns.<\/p>\n<h2 data-section-id=\"16bvfjd\" data-start=\"3106\" data-end=\"3149\">Model sprzeda\u017cy \u2013 jak dzia\u0142a w praktyce?<\/h2>\n<p data-start=\"3151\" data-end=\"3299\">Sprzeda\u017c oparta na paletach polega na pracy na ilo\u015bci produkt\u00f3w oraz ich rotacji. Kluczowe znaczenie ma szybkie wprowadzenie produkt\u00f3w do sprzeda\u017cy.<\/p>\n<p data-start=\"3301\" data-end=\"3319\">Schemat dzia\u0142ania:<\/p>\n<ol data-start=\"3321\" data-end=\"3443\">\n<li data-section-id=\"1sbhdx6\" data-start=\"3321\" data-end=\"3338\">zakup palety<\/li>\n<li data-section-id=\"1h5xpxe\" data-start=\"3339\" data-end=\"3362\">selekcja produkt\u00f3w<\/li>\n<li data-section-id=\"bwh49e\" data-start=\"3363\" data-end=\"3384\">publikacja ofert<\/li>\n<li data-section-id=\"1gl09dc\" data-start=\"3385\" data-end=\"3415\">sprzeda\u017c w wielu kana\u0142ach<\/li>\n<li data-section-id=\"1u65gb1\" data-start=\"3416\" data-end=\"3443\">reinwestowanie \u015brodk\u00f3w<\/li>\n<\/ol>\n<p data-start=\"3445\" data-end=\"3513\">Taki model pozwala rozwija\u0107 dzia\u0142alno\u015b\u0107 i zwi\u0119ksza\u0107 skal\u0119 sprzeda\u017cy.<\/p>\n<h2 data-section-id=\"42033q\" data-start=\"3520\" data-end=\"3559\">Kana\u0142y sprzeda\u017cy \u2013 gdzie sprzedawa\u0107?<\/h2>\n<p data-start=\"3673\" data-end=\"3746\">Paleta elektroniki z Europy EU sprawdza si\u0119 w r\u00f3\u017cnych kana\u0142ach sprzeda\u017cy:<\/p>\n<ul data-start=\"3777\" data-end=\"3846\">\n<li data-section-id=\"1gr8el2\" data-start=\"3777\" data-end=\"3788\"><a href=\"https:\/\/allegro.pl\/\" target=\"_blank\" rel=\"noopener\">Allegro<\/a><\/li>\n<li data-section-id=\"16txjn7\" data-start=\"3789\" data-end=\"3796\"><a href=\"https:\/\/www.olx.pl\/\" target=\"_blank\" rel=\"noopener\">OLX<\/a><\/li>\n<li data-section-id=\"1b2mlzr\" data-start=\"3797\" data-end=\"3805\"><a href=\"https:\/\/www.ebay.com\/\" target=\"_blank\" rel=\"noopener\">eBay<\/a><\/li>\n<li data-section-id=\"1ls0se6\" data-start=\"3806\" data-end=\"3816\"><a href=\"https:\/\/www.amazon.com\/\" target=\"_blank\" rel=\"noopener\">Amazon<\/a><\/li>\n<li data-section-id=\"1d4qn16\" data-start=\"3817\" data-end=\"3846\">w\u0142asne sklepy internetowe<\/li>\n<\/ul>\n<p data-start=\"3718\" data-end=\"3800\">Sprzeda\u017c wielokana\u0142owa pozwala zwi\u0119kszy\u0107 zasi\u0119g i przyspieszy\u0107 sprzeda\u017c produkt\u00f3w.<\/p>\n<h2 data-section-id=\"1mopser\" data-start=\"3793\" data-end=\"3820\">Korzy\u015bci dla sprzedawc\u00f3w<\/h2>\n<p data-start=\"3822\" data-end=\"3944\">Zakup palety elektroniki to rozwi\u0105zanie, kt\u00f3re umo\u017cliwia szybki rozw\u00f3j sprzeda\u017cy i zwi\u0119kszenie liczby produkt\u00f3w w ofercie.<\/p>\n<p data-start=\"3946\" data-end=\"3969\">Najwa\u017cniejsze korzy\u015bci:<\/p>\n<ul data-start=\"3971\" data-end=\"4158\">\n<li data-section-id=\"gvtpog\" data-start=\"3971\" data-end=\"4011\">szeroki asortyment w jednej dostawie<\/li>\n<li data-section-id=\"1e0drbc\" data-start=\"4012\" data-end=\"4048\">szybkie zwi\u0119kszenie liczby ofert<\/li>\n<li data-section-id=\"y5oxsb\" data-start=\"4049\" data-end=\"4072\">elastyczno\u015b\u0107 cenowa<\/li>\n<li data-section-id=\"1nkifgh\" data-start=\"4073\" data-end=\"4115\">dost\u0119p do produkt\u00f3w w korzystnej cenie<\/li>\n<li data-section-id=\"x4575q\" data-start=\"4116\" data-end=\"4158\">mo\u017cliwo\u015b\u0107 testowania r\u00f3\u017cnych kategorii<\/li>\n<\/ul>\n<p data-start=\"4160\" data-end=\"4203\">To rozwi\u0105zanie daje przewag\u0119 konkurencyjn\u0105.<\/p>\n<h2 data-section-id=\"f1xuem\" data-start=\"4210\" data-end=\"4232\">Logistyka i dostawa<\/h2>\n<p data-start=\"4234\" data-end=\"4318\">Palety wysy\u0142ane s\u0105 z magazynu w Europie, co umo\u017cliwia szybkie rozpocz\u0119cie sprzeda\u017cy.<\/p>\n<p data-start=\"4320\" data-end=\"4336\">Proces obejmuje:<\/p>\n<ul data-start=\"4338\" data-end=\"4411\">\n<li data-section-id=\"7znjh2\" data-start=\"4338\" data-end=\"4366\">przygotowanie zam\u00f3wienia<\/li>\n<li data-section-id=\"1qo0dyy\" data-start=\"4367\" data-end=\"4391\">bezpieczne pakowanie<\/li>\n<li data-section-id=\"a3em40\" data-start=\"4392\" data-end=\"4411\">sprawn\u0105 wysy\u0142k\u0119<\/li>\n<\/ul>\n<p data-start=\"4413\" data-end=\"4492\">Dzi\u0119ki temu mo\u017cliwe jest szybkie wdro\u017cenie produkt\u00f3w do sprzeda\u017cy bez op\u00f3\u017anie\u0144.<\/p>\n<h2 data-section-id=\"m7gcpp\" data-start=\"4499\" data-end=\"4526\">Informacje przed zakupem<\/h2>\n<ul data-start=\"4528\" data-end=\"4740\">\n<li data-section-id=\"1odlefs\" data-start=\"4528\" data-end=\"4598\">towar pochodzi ze zwrot\u00f3w konsumenckich oraz nadwy\u017cek magazynowych<\/li>\n<li data-section-id=\"196h1iw\" data-start=\"4599\" data-end=\"4642\">produkty nie s\u0105 testowane indywidualnie<\/li>\n<li data-section-id=\"1st3k7w\" data-start=\"4643\" data-end=\"4682\">mo\u017cliwa niewielka domieszka klasy C<\/li>\n<li data-section-id=\"1jh6vg4\" data-start=\"4683\" data-end=\"4715\">ka\u017cda paleta ma losowy sk\u0142ad<\/li>\n<li data-section-id=\"1rrf97y\" data-start=\"4716\" data-end=\"4740\">brak listy produkt\u00f3w<\/li>\n<\/ul>\n<p data-start=\"4742\" data-end=\"4812\">Zmienno\u015b\u0107 zawarto\u015bci to naturalny element tego modelu i jego przewaga.<\/p>\n<h2 data-section-id=\"1p9idgo\" data-start=\"4819\" data-end=\"4860\">Podsumowanie \u2013 czy warto kupi\u0107 palet\u0119?<\/h2>\n<p data-start=\"4862\" data-end=\"5002\">Paleta elektroniki z Europy EU to rozwi\u0105zanie dla sprzedawc\u00f3w, kt\u00f3rzy chc\u0105 rozwija\u0107 sprzeda\u017c w oparciu o rotacj\u0119, r\u00f3\u017cnorodno\u015b\u0107 i skalowanie.<\/p>\n<p data-start=\"5004\" data-end=\"5024\">Model ten umo\u017cliwia:<\/p>\n<ul data-start=\"5026\" data-end=\"5169\">\n<li data-section-id=\"q7uix1\" data-start=\"5026\" data-end=\"5066\">szybkie zwi\u0119kszenie liczby produkt\u00f3w<\/li>\n<li data-section-id=\"685pbr\" data-start=\"5067\" data-end=\"5104\">rozw\u00f3j sprzeda\u017cy w wielu kana\u0142ach<\/li>\n<li data-section-id=\"2e2gk9\" data-start=\"5105\" data-end=\"5136\">dopasowanie oferty do rynku<\/li>\n<li data-section-id=\"nord47\" data-start=\"5137\" data-end=\"5169\">osi\u0105ganie stabilnych wynik\u00f3w<\/li>\n<\/ul>\n<p data-start=\"5171\" data-end=\"5359\">W e-commerce przewag\u0119 osi\u0105gaj\u0105 ci, kt\u00f3rzy dzia\u0142aj\u0105 szybko i posiadaj\u0105 szeroki asortyment. Paleta elektroniki z Europy EU daje realne mo\u017cliwo\u015bci budowania stabilnego i skalowalnego biznesu.<\/p>\n<p data-start=\"5505\" data-end=\"5558\" data-is-last-node=\"\" data-is-only-node=\"\">\ud83d\udc49 Wszystkie modele palet Amazon mo\u017cna znale\u017a\u0107 <a href=\"https:\/\/stockify24.pl\/sklep\/\"><strong>tutaj<\/strong>.<\/a><\/p>\n<\/div>\n<\/div>\n<\/div>\n<\/div>\n<\/div>\n<\/div>\n<\/section>\n","protected":false},"excerpt":{"rendered":"<p class=\"p1\">\u26a1 Oko\u0142o 70\u201380% elektroniki<\/p>\n<p class=\"p1\">\ud83c\uddea\ud83c\uddfa EU<\/p>\n<p class=\"p1\">\ud83d\udd25 Amazon Returns<\/p>\n<p class=\"p1\" style=\"text-align: left;\">\u2714\ufe0f Jako\u015b\u0107 A\u2013B<\/p>","protected":false},"featured_media":51884,"comment_status":"open","ping_status":"closed","template":"","meta":{"_acf_changed":false},"product_brand":[],"product_cat":[1258,1273,1284],"product_tag":[1274],"class_list":{"0":"post-51319","1":"product","2":"type-product","3":"status-publish","4":"has-post-thumbnail","6":"product_cat-amazon-paleta","7":"product_cat-mix-elektroniki-eu-amazon-returns-ab","8":"product_cat-palety-dnia","9":"product_tag-paleta-mix-elektroniki-z-europy","11":"first","12":"instock","13":"sold-individually","14":"taxable","15":"shipping-taxable","16":"purchasable","17":"product-type-simple"},"acf":[],"_links":{"self":[{"href":"https:\/\/stockify24.pl\/uk\/wp-json\/wp\/v2\/product\/51319","targetHints":{"allow":["GET"]}}],"collection":[{"href":"https:\/\/stockify24.pl\/uk\/wp-json\/wp\/v2\/product"}],"about":[{"href":"https:\/\/stockify24.pl\/uk\/wp-json\/wp\/v2\/types\/product"}],"replies":[{"embeddable":true,"href":"https:\/\/stockify24.pl\/uk\/wp-json\/wp\/v2\/comments?post=51319"}],"wp:featuredmedia":[{"embeddable":true,"href":"https:\/\/stockify24.pl\/uk\/wp-json\/wp\/v2\/media\/51884"}],"wp:attachment":[{"href":"https:\/\/stockify24.pl\/uk\/wp-json\/wp\/v2\/media?parent=51319"}],"wp:term":[{"taxonomy":"product_brand","embeddable":true,"href":"https:\/\/stockify24.pl\/uk\/wp-json\/wp\/v2\/product_brand?post=51319"},{"taxonomy":"product_cat","embeddable":true,"href":"https:\/\/stockify24.pl\/uk\/wp-json\/wp\/v2\/product_cat?post=51319"},{"taxonomy":"product_tag","embeddable":true,"href":"https:\/\/stockify24.pl\/uk\/wp-json\/wp\/v2\/product_tag?post=51319"}],"curies":[{"name":"wp","href":"https:\/\/api.w.org\/{rel}","templated":true}]}}