{"id":51480,"date":"2026-04-23T12:23:31","date_gmt":"2026-04-23T11:23:31","guid":{"rendered":"https:\/\/stockify24.pl\/?post_type=product&#038;p=51480"},"modified":"2026-04-23T14:30:29","modified_gmt":"2026-04-23T13:30:29","slug":"box-butow-17-par-obuwie-premium-2","status":"publish","type":"product","link":"https:\/\/stockify24.pl\/uk\/product\/box-butow-17-par-obuwie-premium-2\/","title":{"rendered":"Box but\u00f3w \u2013 17 par (Obuwie Premium) | #2"},"content":{"rendered":"<div class=\"flex flex-col text-sm pb-25\">\n<section class=\"text-token-text-primary w-full focus:outline-none [--shadow-height:45px] has-data-writing-block:pointer-events-none has-data-writing-block:-mt-(--shadow-height) has-data-writing-block:pt-(--shadow-height) [&amp;:has([data-writing-block])&gt;*]:pointer-events-auto scroll-mt-[calc(var(--header-height)+min(200px,max(70px,20svh)))]\" dir=\"auto\" data-turn-id=\"request-69b8245d-0030-838e-b654-ccb872ba6f51-25\" data-testid=\"conversation-turn-200\" data-scroll-anchor=\"true\" data-turn=\"assistant\">\n<div class=\"text-base my-auto mx-auto pb-10 [--thread-content-margin:var(--thread-content-margin-xs,calc(var(--spacing)*4))] @w-sm\/main:[--thread-content-margin:var(--thread-content-margin-sm,calc(var(--spacing)*6))] @w-lg\/main:[--thread-content-margin:var(--thread-content-margin-lg,calc(var(--spacing)*16))] px-(--thread-content-margin)\">\n<div class=\"[--thread-content-max-width:40rem] @w-lg\/main:[--thread-content-max-width:48rem] mx-auto max-w-(--thread-content-max-width) flex-1 group\/turn-messages focus-visible:outline-hidden relative flex w-full min-w-0 flex-col agent-turn\">\n<div class=\"flex max-w-full flex-col gap-4 grow\">\n<div class=\"min-h-8 text-message relative flex w-full flex-col items-end gap-2 text-start break-words whitespace-normal outline-none keyboard-focused:focus-ring [.text-message+&amp;]:mt-1\" dir=\"auto\" tabindex=\"0\" data-message-author-role=\"assistant\" data-message-id=\"ed8abcdd-be0d-4615-88f1-9a47a52c2d16\" data-message-model-slug=\"gpt-5-3\" data-turn-start-message=\"true\">\n<div class=\"flex w-full flex-col gap-1 empty:hidden\">\n<div class=\"markdown prose dark:prose-invert w-full wrap-break-word dark markdown-new-styling\">\n<div class=\"flex h-svh w-screen flex-col\">\n<div class=\"relative z-0 flex min-h-0 w-full flex-1\">\n<div class=\"relative flex min-h-0 w-full flex-1\">\n<div class=\"@container\/main relative flex min-w-0 flex-1 flex-col -translate-y-[calc(env(safe-area-inset-bottom,0px)\/2)] pt-[calc(env(safe-area-inset-bottom,0px)\/2)]\">\n<div class=\"@w-sm\/main:[scrollbar-gutter:var(--stage-scroll-gutter)] touch:[scrollbar-width:none] group\/scroll-root relative flex min-h-0 min-w-0 flex-1 flex-col [scrollbar-gutter:stable] not-print:overflow-x-clip not-print:overflow-y-auto group-data-stream-active\/scroll-root:[overflow-anchor:none] scroll-pt-(--header-height) [--sticky-padding-top:var(--header-height)] [--sticky-padding-bottom:0px] [--scroll-root-safe-area-inset-top:calc(var(--sticky-padding-top)+env(safe-area-inset-top,0px))] [--scroll-root-safe-area-inset-bottom:calc(var(--sticky-padding-bottom)+var(--screen-keyboard-height,0px)+env(safe-area-inset-bottom,0px))] [--scroll-root-safe-area-height:calc(100lvh-var(--scroll-root-safe-area-inset-top)-var(--scroll-root-safe-area-inset-bottom))] has-data-[fixed-header=less-than-xl]:@w-xl\/main:scroll-pt-0 has-data-[fixed-header=less-than-xl]:@w-xl\/main:[--sticky-padding-top:0px] has-data-[fixed-header=less-than-xxl]:@w-2xl\/main:scroll-pt-0 has-data-[fixed-header=less-than-xxl]:@w-2xl\/main:[--sticky-padding-top:0px]\" data-scroll-root=\"\" data-scroll-from-top=\"\">\n<div class=\"relative basis-auto flex-col -mb-(--composer-overlap-px) pb-(--composer-overlap-px) [--composer-overlap-px:28px] grow flex\">\n<div class=\"flex flex-col text-sm\">\n<section class=\"text-token-text-primary w-full focus:outline-none [--shadow-height:45px] has-data-writing-block:pointer-events-none has-data-writing-block:-mt-(--shadow-height) has-data-writing-block:pt-(--shadow-height) [&amp;:has([data-writing-block])&gt;*]:pointer-events-auto scroll-mt-[calc(var(--header-height)+min(200px,max(70px,20svh)))]\" dir=\"auto\" data-turn-id=\"request-WEB:cc509de0-714c-4653-ad32-6b5e125a8411-7\" data-testid=\"conversation-turn-10\" data-scroll-anchor=\"true\" data-turn=\"assistant\">\n<div class=\"text-base my-auto mx-auto pb-10 [--thread-content-margin:var(--thread-content-margin-xs,calc(var(--spacing)*4))] @w-sm\/main:[--thread-content-margin:var(--thread-content-margin-sm,calc(var(--spacing)*6))] @w-lg\/main:[--thread-content-margin:var(--thread-content-margin-lg,calc(var(--spacing)*16))] px-(--thread-content-margin)\">\n<div class=\"[--thread-content-max-width:40rem] @w-lg\/main:[--thread-content-max-width:48rem] mx-auto max-w-(--thread-content-max-width) flex-1 group\/turn-messages focus-visible:outline-hidden relative flex w-full min-w-0 flex-col agent-turn\">\n<div class=\"flex max-w-full flex-col gap-4 grow\">\n<div class=\"min-h-8 text-message relative flex w-full flex-col items-end gap-2 text-start break-words whitespace-normal outline-none keyboard-focused:focus-ring [.text-message+&amp;]:mt-1\" dir=\"auto\" tabindex=\"0\" data-message-author-role=\"assistant\" data-message-id=\"cfa6deea-8ce4-4542-9cf9-48a3b1cdbe9a\" data-message-model-slug=\"gpt-5-3\" data-turn-start-message=\"true\">\n<div class=\"flex w-full flex-col gap-1 empty:hidden\">\n<div class=\"markdown prose dark:prose-invert w-full wrap-break-word dark markdown-new-styling\">\n<div class=\"flex flex-col text-sm pb-25\">\n<section class=\"text-token-text-primary w-full focus:outline-none [--shadow-height:45px] has-data-writing-block:pointer-events-none has-data-writing-block:-mt-(--shadow-height) has-data-writing-block:pt-(--shadow-height) [&amp;:has([data-writing-block])&gt;*]:pointer-events-auto scroll-mt-[calc(var(--header-height)+min(200px,max(70px,20svh)))]\" dir=\"auto\" data-turn-id=\"request-69c2a6c3-14c8-8392-ab91-845727832df6-4\" data-testid=\"conversation-turn-40\" data-scroll-anchor=\"true\" data-turn=\"assistant\">\n<div class=\"text-base my-auto mx-auto pb-10 [--thread-content-margin:var(--thread-content-margin-xs,calc(var(--spacing)*4))] @w-sm\/main:[--thread-content-margin:var(--thread-content-margin-sm,calc(var(--spacing)*6))] @w-lg\/main:[--thread-content-margin:var(--thread-content-margin-lg,calc(var(--spacing)*16))] px-(--thread-content-margin)\">\n<div class=\"[--thread-content-max-width:40rem] @w-lg\/main:[--thread-content-max-width:48rem] mx-auto max-w-(--thread-content-max-width) flex-1 group\/turn-messages focus-visible:outline-hidden relative flex w-full min-w-0 flex-col agent-turn\">\n<div class=\"flex max-w-full flex-col gap-4 grow\">\n<div class=\"min-h-8 text-message relative flex w-full flex-col items-end gap-2 text-start break-words whitespace-normal outline-none keyboard-focused:focus-ring [.text-message+&amp;]:mt-1\" dir=\"auto\" tabindex=\"0\" data-message-author-role=\"assistant\" data-message-id=\"59380e2e-6df9-44e0-8276-a27663961a62\" data-message-model-slug=\"gpt-5-3\" data-turn-start-message=\"true\">\n<div class=\"flex w-full flex-col gap-1 empty:hidden\">\n<div class=\"markdown prose dark:prose-invert w-full wrap-break-word dark markdown-new-styling\">\n<section class=\"text-token-text-primary w-full focus:outline-none [--shadow-height:45px] has-data-writing-block:pointer-events-none has-data-writing-block:-mt-(--shadow-height) has-data-writing-block:pt-(--shadow-height) [&amp;:has([data-writing-block])&gt;*]:pointer-events-auto R6Vx5W_threadScrollVars scroll-mb-[calc(var(--scroll-root-safe-area-inset-bottom,0px)+var(--thread-response-height))] scroll-mt-(--header-height)\" dir=\"auto\" data-turn-id=\"a2cb1661-1453-464f-a8de-40a178c6d895\" data-testid=\"conversation-turn-1\" data-scroll-anchor=\"false\" data-turn=\"user\"><\/section>\n<section class=\"text-token-text-primary w-full focus:outline-none [--shadow-height:45px] has-data-writing-block:pointer-events-none has-data-writing-block:-mt-(--shadow-height) has-data-writing-block:pt-(--shadow-height) [&amp;:has([data-writing-block])&gt;*]:pointer-events-auto [content-visibility:auto] supports-[content-visibility:auto]:[contain-intrinsic-size:auto_100lvh] R6Vx5W_threadScrollVars scroll-mb-[calc(var(--scroll-root-safe-area-inset-bottom,0px)+var(--thread-response-height))] scroll-mt-[calc(var(--header-height)+min(200px,max(70px,20svh)))]\" dir=\"auto\" data-turn-id=\"request-WEB:176b9ba8-3f2b-431d-879f-1681a5545642-1\" data-testid=\"conversation-turn-2\" data-scroll-anchor=\"false\" data-turn=\"assistant\">\n<div class=\"text-base my-auto mx-auto pb-10 [--thread-content-margin:var(--thread-content-margin-xs,calc(var(--spacing)*4))] @w-sm\/main:[--thread-content-margin:var(--thread-content-margin-sm,calc(var(--spacing)*6))] @w-lg\/main:[--thread-content-margin:var(--thread-content-margin-lg,calc(var(--spacing)*16))] px-(--thread-content-margin)\">\n<div class=\"[--thread-content-max-width:40rem] @w-lg\/main:[--thread-content-max-width:48rem] mx-auto max-w-(--thread-content-max-width) flex-1 group\/turn-messages focus-visible:outline-hidden relative flex w-full min-w-0 flex-col agent-turn\">\n<div class=\"flex max-w-full flex-col gap-4 grow\">\n<div class=\"min-h-8 text-message relative flex w-full flex-col items-end gap-2 text-start break-words whitespace-normal outline-none keyboard-focused:focus-ring [.text-message+&amp;]:mt-1\" dir=\"auto\" tabindex=\"0\" data-message-author-role=\"assistant\" data-message-id=\"35903f6b-eedf-4e72-9a6d-0b8cd34b1111\" data-message-model-slug=\"gpt-5-3\" data-turn-start-message=\"true\">\n<div class=\"flex w-full flex-col gap-1 empty:hidden\">\n<div class=\"markdown prose dark:prose-invert w-full wrap-break-word dark markdown-new-styling\">\n<h2 data-section-id=\"qmbqtz\" data-start=\"0\" data-end=\"55\">\ud83d\udce6 Box but\u00f3w \u2013 17 par (Obuwie Premium) | Strefa Mody<\/h2>\n<h3 data-section-id=\"1h2pqfw\" data-start=\"57\" data-end=\"118\">Hurtowy mix obuwia premium dla sprzeda\u017cy online i offline<\/h3>\n<p data-start=\"120\" data-end=\"406\">Box but\u00f3w \u2013 to rozwi\u0105zanie stworzone dla sprzedawc\u00f3w, kt\u00f3rzy chc\u0105 efektywnie wprowadzi\u0107 do oferty <strong data-start=\"225\" data-end=\"243\">obuwie premium<\/strong> bez konieczno\u015bci analizy pojedynczych modeli. Produkt oparty jest na mixie marek i fason\u00f3w w gatunku A, co oznacza nowy towar przeznaczony do dalszej odsprzeda\u017cy.<\/p>\n<p data-start=\"408\" data-end=\"686\">Oferta zosta\u0142a zoptymalizowana pod k\u0105tem sprzeda\u017cy w e-commerce, na marketplace oraz w punktach stacjonarnych. Mix sezonowy umo\u017cliwia elastyczne dopasowanie asortymentu do r\u00f3\u017cnych grup klient\u00f3w, co bezpo\u015brednio wp\u0142ywa na zwi\u0119kszenie rotacji produkt\u00f3w i przyspieszenie sprzeda\u017cy.<\/p>\n<h3 data-section-id=\"16ueo1i\" data-start=\"693\" data-end=\"721\">\ud83d\udcca Specyfikacja produktu<\/h3>\n<ul data-start=\"723\" data-end=\"987\">\n<li data-section-id=\"1gkufo5\" data-start=\"723\" data-end=\"758\"><strong data-start=\"725\" data-end=\"737\">Produkt:<\/strong> Box but\u00f3w \u2013 17 par<\/li>\n<li data-section-id=\"13fh6tf\" data-start=\"759\" data-end=\"796\"><strong data-start=\"761\" data-end=\"775\">Kategoria:<\/strong> Obuwie \u2b50 PREMIUM \u2b50<\/li>\n<li data-section-id=\"1aohbba\" data-start=\"797\" data-end=\"822\"><strong data-start=\"799\" data-end=\"811\">Gatunek:<\/strong> A (nowe)<\/li>\n<li data-section-id=\"v5wchl\" data-start=\"823\" data-end=\"857\"><strong data-start=\"825\" data-end=\"836\">Rodzaj:<\/strong> Mix marek i modeli<\/li>\n<li data-section-id=\"16g546b\" data-start=\"858\" data-end=\"876\"><strong data-start=\"860\" data-end=\"870\">Sezon:<\/strong> Mix<\/li>\n<li data-section-id=\"6ngcv3\" data-start=\"877\" data-end=\"902\"><strong data-start=\"879\" data-end=\"893\">Jednostka:<\/strong> sztuki<\/li>\n<li data-section-id=\"viwo31\" data-start=\"903\" data-end=\"941\"><strong data-start=\"905\" data-end=\"932\">Minimalna ilo\u015b\u0107 zakupu:<\/strong> 17 par<\/li>\n<li data-section-id=\"13410de\" data-start=\"942\" data-end=\"987\"><strong data-start=\"944\" data-end=\"965\">Cena jednostkowa:<\/strong> 142 z\u0142 netto \/ para<\/li>\n<\/ul>\n<h3 data-section-id=\"1nsqycf\" data-start=\"994\" data-end=\"1057\">\ud83d\udcb0 Dlaczego obuwie premium w formie mixu dzia\u0142a sprzeda\u017cowo<\/h3>\n<p data-start=\"1059\" data-end=\"1283\">Model sprzeda\u017cy oparty na mixie pozwala zwi\u0119kszy\u0107 efektywno\u015b\u0107 oferty bez konieczno\u015bci r\u0119cznej selekcji produkt\u00f3w. R\u00f3\u017cnorodno\u015b\u0107 modeli przek\u0142ada si\u0119 na wi\u0119ksze dopasowanie do oczekiwa\u0144 klient\u00f3w, co wp\u0142ywa na wy\u017csz\u0105 konwersj\u0119.<\/p>\n<p data-start=\"1285\" data-end=\"1319\"><strong data-start=\"1285\" data-end=\"1319\">Kluczowe przewagi sprzeda\u017cowe:<\/strong><\/p>\n<ul data-start=\"1321\" data-end=\"1620\">\n<li data-section-id=\"7rmq2z\" data-start=\"1321\" data-end=\"1378\">nowy towar \u2013 brak potrzeby przygotowania do sprzeda\u017cy<\/li>\n<li data-section-id=\"orr2c2\" data-start=\"1379\" data-end=\"1443\">mix modeli \u2013 wi\u0119kszy zakres dopasowania do klienta ko\u0144cowego<\/li>\n<li data-section-id=\"1tolrqf\" data-start=\"1444\" data-end=\"1499\">segment premium \u2013 mo\u017cliwo\u015b\u0107 osi\u0105gania wy\u017cszych mar\u017c<\/li>\n<li data-section-id=\"ric1ka\" data-start=\"1500\" data-end=\"1558\">uniwersalno\u015b\u0107 \u2013 sprzeda\u017c w wielu kana\u0142ach jednocze\u015bnie<\/li>\n<li data-section-id=\"17lbpwn\" data-start=\"1559\" data-end=\"1620\">ograniczenie ryzyka \u2013 brak uzale\u017cnienia od jednego modelu<\/li>\n<\/ul>\n<h3 data-section-id=\"1g7bc0b\" data-start=\"1627\" data-end=\"1665\">\u26a1 Efektywne wdro\u017cenie do sprzeda\u017cy<\/h3>\n<p data-start=\"1667\" data-end=\"1869\">Box but\u00f3w \u2013 umo\u017cliwia szybkie rozpocz\u0119cie sprzeda\u017cy bez konieczno\u015bci budowania oferty od podstaw. Gotowy mix mo\u017cna natychmiast wykorzysta\u0107 w sklepie internetowym lub na platformach sprzeda\u017cowych.<\/p>\n<p data-start=\"1871\" data-end=\"2068\">Brak konieczno\u015bci wyboru konkretnych modeli skraca czas operacyjny i pozwala skupi\u0107 si\u0119 na sprzeda\u017cy oraz marketingu. To rozwi\u0105zanie wspiera skalowanie biznesu bez zwi\u0119kszania koszt\u00f3w operacyjnych.<\/p>\n<h3 data-section-id=\"1gavyli\" data-start=\"2075\" data-end=\"2111\">\ud83d\udecd Zawarto\u015b\u0107 boxa obuwia premium<\/h3>\n<p data-start=\"2113\" data-end=\"2261\">Ka\u017cdy box zawiera r\u00f3\u017cne modele obuwia w zale\u017cno\u015bci od aktualnej dostawy. Mix zapewnia szeroki przekr\u00f3j produkt\u00f3w, co zwi\u0119ksza potencja\u0142 sprzeda\u017cowy.<\/p>\n<p data-start=\"2263\" data-end=\"2291\">W sk\u0142adzie mog\u0105 znale\u017a\u0107 si\u0119:<\/p>\n<ul data-start=\"2293\" data-end=\"2384\">\n<li data-section-id=\"1e7z9w0\" data-start=\"2293\" data-end=\"2313\">obuwie codzienne<\/li>\n<li data-section-id=\"g0zcxe\" data-start=\"2314\" data-end=\"2333\">modele sezonowe<\/li>\n<li data-section-id=\"1g6zdnw\" data-start=\"2334\" data-end=\"2358\">r\u00f3\u017cne style i fasony<\/li>\n<li data-section-id=\"1y4tar4\" data-start=\"2359\" data-end=\"2384\">zr\u00f3\u017cnicowane rozmiary<\/li>\n<\/ul>\n<p data-start=\"2386\" data-end=\"2558\">Prezentowane modele maj\u0105 charakter pogl\u0105dowy. Faktyczna zawarto\u015b\u0107 boxa mo\u017ce si\u0119 r\u00f3\u017cni\u0107, co pozwala tworzy\u0107 unikaln\u0105 ofert\u0119 sprzeda\u017cow\u0105 i unikn\u0105\u0107 powtarzalno\u015bci asortymentu.<\/p>\n<h3 data-section-id=\"1ts5w49\" data-start=\"2565\" data-end=\"2611\">\ud83d\udcc8 Zastosowanie w sprzeda\u017cy wielokana\u0142owej<\/h3>\n<p data-start=\"2613\" data-end=\"2787\">Box but\u00f3w \u2013 zosta\u0142 przygotowany z my\u015bl\u0105 o sprzeda\u017cy w r\u00f3\u017cnych kana\u0142ach. Dzi\u0119ki r\u00f3\u017cnorodno\u015bci modeli mo\u017cliwe jest jednoczesne oferowanie produkt\u00f3w na kilku platformach.<\/p>\n<p data-start=\"2789\" data-end=\"2816\"><strong data-start=\"2789\" data-end=\"2816\">Produkt dedykowany dla:<\/strong><\/p>\n<ul data-start=\"2818\" data-end=\"3018\">\n<li data-section-id=\"ovq118\" data-start=\"2818\" data-end=\"2863\">sprzedawc\u00f3w na <a style=\"font-family: -apple-system, BlinkMacSystemFont, &#039;Segoe UI&#039;, Roboto, &#039;Helvetica Neue&#039;, Arial, &#039;Noto Sans&#039;, sans-serif, &#039;Apple Color Emoji&#039;, &#039;Segoe UI Emoji&#039;, &#039;Segoe UI Symbol&#039;, &#039;Noto Color Emoji&#039;; font-size: 16px;\" href=\"https:\/\/allegro.pl\/\" target=\"_blank\" rel=\"noopener\">Allegro<\/a>, <a style=\"font-family: -apple-system, BlinkMacSystemFont, &#039;Segoe UI&#039;, Roboto, &#039;Helvetica Neue&#039;, Arial, &#039;Noto Sans&#039;, sans-serif, &#039;Apple Color Emoji&#039;, &#039;Segoe UI Emoji&#039;, &#039;Segoe UI Symbol&#039;, &#039;Noto Color Emoji&#039;; font-size: 16px;\" href=\"https:\/\/www.olx.pl\/\" target=\"_blank\" rel=\"noopener\">OLX<\/a>, <a style=\"font-family: -apple-system, BlinkMacSystemFont, &#039;Segoe UI&#039;, Roboto, &#039;Helvetica Neue&#039;, Arial, &#039;Noto Sans&#039;, sans-serif, &#039;Apple Color Emoji&#039;, &#039;Segoe UI Emoji&#039;, &#039;Segoe UI Symbol&#039;, &#039;Noto Color Emoji&#039;; font-size: 16px;\" href=\"https:\/\/www.ebay.com\/\" target=\"_blank\" rel=\"noopener\">eBay<\/a>, <a style=\"font-family: -apple-system, BlinkMacSystemFont, &#039;Segoe UI&#039;, Roboto, &#039;Helvetica Neue&#039;, Arial, &#039;Noto Sans&#039;, sans-serif, &#039;Apple Color Emoji&#039;, &#039;Segoe UI Emoji&#039;, &#039;Segoe UI Symbol&#039;, &#039;Noto Color Emoji&#039;; font-size: 16px;\" href=\"https:\/\/www.amazon.com\/\" target=\"_blank\" rel=\"noopener\">Amazon<\/a><\/li>\n<li data-section-id=\"1uvwz5f\" data-start=\"2864\" data-end=\"2901\">w\u0142a\u015bcicieli sklep\u00f3w internetowych<\/li>\n<li data-section-id=\"dds3sb\" data-start=\"2902\" data-end=\"2947\">reseller\u00f3w dzia\u0142aj\u0105cych w modelu hurtowym<\/li>\n<li data-section-id=\"n0o845\" data-start=\"2948\" data-end=\"2983\">butik\u00f3w i punkt\u00f3w stacjonarnych<\/li>\n<li data-section-id=\"1d7t1iz\" data-start=\"2984\" data-end=\"3018\">os\u00f3b rozpoczynaj\u0105cych sprzeda\u017c<\/li>\n<\/ul>\n<p data-start=\"3020\" data-end=\"3105\">Sprzeda\u017c wielokana\u0142owa zwi\u0119ksza widoczno\u015b\u0107 oferty i pozwala szybciej obraca\u0107 towarem.<\/p>\n<h3 data-section-id=\"1y0zd2n\" data-start=\"3112\" data-end=\"3146\">\ud83d\ude9a Logistyka i warunki dostawy<\/h3>\n<p data-start=\"3148\" data-end=\"3281\">Towar wysy\u0142any jest na terenie Polski oraz za granic\u0119. Koszt dostawy ustalany jest indywidualnie i nie jest wliczony w cen\u0119 produktu.<\/p>\n<ul data-start=\"3283\" data-end=\"3417\">\n<li data-section-id=\"1xvp6fn\" data-start=\"3283\" data-end=\"3319\">wysy\u0142ka krajowa i mi\u0119dzynarodowa<\/li>\n<li data-section-id=\"1ijslrm\" data-start=\"3320\" data-end=\"3350\">mo\u017cliwo\u015b\u0107 eksportu poza UE<\/li>\n<li data-section-id=\"1ctsjy\" data-start=\"3351\" data-end=\"3385\">indywidualna wycena transportu<\/li>\n<li data-section-id=\"1w7s4ii\" data-start=\"3386\" data-end=\"3417\">sprawna realizacja zam\u00f3wie\u0144<\/li>\n<\/ul>\n<p data-start=\"3419\" data-end=\"3540\">W przypadku wi\u0119kszych zam\u00f3wie\u0144 mo\u017cliwe jest ustalenie szczeg\u00f3\u0142owych warunk\u00f3w wsp\u00f3\u0142pracy bezpo\u015brednio z dzia\u0142em handlowym.<\/p>\n<h3 data-section-id=\"e6r0gg\" data-start=\"3547\" data-end=\"3583\">\ud83c\udfa5 Dost\u0119p do materia\u0142\u00f3w z dostaw<\/h3>\n<p data-start=\"3585\" data-end=\"3736\">Na \u017cyczenie klienta istnieje mo\u017cliwo\u015b\u0107 uzyskania materia\u0142\u00f3w z ostatnich dostaw. Pozwala to lepiej oceni\u0107 jako\u015b\u0107 oraz charakter produkt\u00f3w przed zakupem.<\/p>\n<ul data-start=\"3738\" data-end=\"3833\">\n<li data-section-id=\"1ahf2wf\" data-start=\"3738\" data-end=\"3773\">zdj\u0119cia rzeczywistych produkt\u00f3w<\/li>\n<li data-section-id=\"jgp7c4\" data-start=\"3774\" data-end=\"3802\">materia\u0142y wideo z dostaw<\/li>\n<li data-section-id=\"1w9ri0h\" data-start=\"3803\" data-end=\"3833\">realny podgl\u0105d asortymentu<\/li>\n<\/ul>\n<p data-start=\"3835\" data-end=\"3922\">To rozwi\u0105zanie zwi\u0119ksza przejrzysto\u015b\u0107 oferty i wspiera podejmowanie decyzji zakupowych.<\/p>\n<h3 data-section-id=\"1a6ifw9\" data-start=\"3929\" data-end=\"3971\">\u26a0\ufe0f Informacje techniczne i sprzeda\u017cowe<\/h3>\n<ul data-start=\"3973\" data-end=\"4162\">\n<li data-section-id=\"1q45wus\" data-start=\"3973\" data-end=\"4011\">prezentowane modele s\u0105 przyk\u0142adowe<\/li>\n<li data-section-id=\"1vwlhp7\" data-start=\"4012\" data-end=\"4054\">sk\u0142ad boxa zale\u017cy od aktualnej dostawy<\/li>\n<li data-section-id=\"1ewf4dp\" data-start=\"4055\" data-end=\"4088\">oferta obejmuje mix produkt\u00f3w<\/li>\n<li data-section-id=\"ndk0jy\" data-start=\"4089\" data-end=\"4123\">sprzeda\u017c realizowana od 17 par<\/li>\n<li data-section-id=\"tqzf1l\" data-start=\"4124\" data-end=\"4162\">ceny podane s\u0105 w warto\u015bciach netto<\/li>\n<\/ul>\n<h3 data-section-id=\"1cyjstw\" data-start=\"4169\" data-end=\"4196\">\ud83d\udcde Zam\u00f3wienia i kontakt<\/h3>\n<p data-start=\"4198\" data-end=\"4330\">W celu uzyskania aktualnych informacji o dost\u0119pno\u015bci oraz szczeg\u00f3\u0142ach zam\u00f3wienia zalecany jest kontakt z przedstawicielem handlowym.<\/p>\n<p data-start=\"4332\" data-end=\"4400\">Zam\u00f3wienia realizowane s\u0105 na bie\u017c\u0105co, zgodnie z dost\u0119pno\u015bci\u0105 towaru.<\/p>\n<h3 data-section-id=\"iam8fq\" data-start=\"4407\" data-end=\"4463\">\ud83d\udd11 Podsumowanie \u2013 skalowalna sprzeda\u017c obuwia premium<\/h3>\n<p data-start=\"4465\" data-end=\"4734\">Box but\u00f3w \u2013 to rozwi\u0105zanie dla sprzedawc\u00f3w, kt\u00f3rzy chc\u0105 zwi\u0119kszy\u0107 efektywno\u015b\u0107 sprzeda\u017cy bez zb\u0119dnych koszt\u00f3w i czasu operacyjnego. Po\u0142\u0105czenie jako\u015bci (gatunek A), r\u00f3\u017cnorodno\u015bci (mix modeli) oraz segmentu premium umo\u017cliwia budowanie stabilnej i dochodowej oferty.<\/p>\n<p data-start=\"4736\" data-end=\"4860\">To produkt przygotowany pod realn\u0105 sprzeda\u017c \u2013 szybki w wdro\u017ceniu, elastyczny w zastosowaniu i zoptymalizowany pod konwersj\u0119.<\/p>\n<h3 data-section-id=\"hiqry4\" data-start=\"4867\" data-end=\"4889\">\ud83d\udd17 Rozszerz ofert\u0119<\/h3>\n<p data-start=\"4891\" data-end=\"5053\" data-is-last-node=\"\" data-is-only-node=\"\">Zobacz r\u00f3wnie\u017c inne kategorie w <strong><a href=\"https:\/\/stockify24.pl\/kategoria-produktu\/strefa-mody\/\">Strefie Mody<\/a><\/strong> oraz dost\u0119pne boxy i palety produktowe.<br data-start=\"4975\" data-end=\"4978\" \/>Aktualne informacje i wskaz\u00f3wki sprzeda\u017cowe znajdziesz <a href=\"https:\/\/stockify24.pl\/blog-stockify24-pl\/\"><strong>na blogu Stockify24<\/strong><\/a>.<\/p>\n<\/div>\n<\/div>\n<\/div>\n<\/div>\n<\/div>\n<\/div>\n<\/section>\n<\/div>\n<\/div>\n<\/div>\n<\/div>\n<\/div>\n<\/div>\n<\/section>\n<\/div>\n<\/div>\n<\/div>\n<\/div>\n<\/div>\n<\/div>\n<\/div>\n<\/section>\n<\/div>\n<\/div>\n<\/div>\n<\/div>\n<\/div>\n<\/div>\n<\/div>\n<\/div>\n<\/div>\n<\/div>\n<\/div>\n<\/div>\n<\/div>\n<\/section>\n<\/div>\n","protected":false},"excerpt":{"rendered":"<p class=\"p1\">\u26a1 Towar ma charakter mixu<\/p>\n<p class=\"p1\">\ud83d\udd25 Amazon Returns<\/p>\n<p class=\"p1\" style=\"text-align: left;\">\u2714\ufe0f Jako\u015b\u0107 <strong>A<\/strong><\/p>","protected":false},"featured_media":51481,"comment_status":"open","ping_status":"closed","template":"","meta":{"_acf_changed":false},"product_brand":[],"product_cat":[1316],"product_tag":[1321,1320],"class_list":{"0":"post-51480","1":"product","2":"type-product","3":"status-publish","4":"has-post-thumbnail","6":"product_cat-obuwie","7":"product_tag-amazon-returns","8":"product_tag-obuwie-premium","10":"first","11":"instock","12":"sold-individually","13":"taxable","14":"shipping-taxable","15":"purchasable","16":"product-type-simple"},"acf":[],"_links":{"self":[{"href":"https:\/\/stockify24.pl\/uk\/wp-json\/wp\/v2\/product\/51480","targetHints":{"allow":["GET"]}}],"collection":[{"href":"https:\/\/stockify24.pl\/uk\/wp-json\/wp\/v2\/product"}],"about":[{"href":"https:\/\/stockify24.pl\/uk\/wp-json\/wp\/v2\/types\/product"}],"replies":[{"embeddable":true,"href":"https:\/\/stockify24.pl\/uk\/wp-json\/wp\/v2\/comments?post=51480"}],"wp:featuredmedia":[{"embeddable":true,"href":"https:\/\/stockify24.pl\/uk\/wp-json\/wp\/v2\/media\/51481"}],"wp:attachment":[{"href":"https:\/\/stockify24.pl\/uk\/wp-json\/wp\/v2\/media?parent=51480"}],"wp:term":[{"taxonomy":"product_brand","embeddable":true,"href":"https:\/\/stockify24.pl\/uk\/wp-json\/wp\/v2\/product_brand?post=51480"},{"taxonomy":"product_cat","embeddable":true,"href":"https:\/\/stockify24.pl\/uk\/wp-json\/wp\/v2\/product_cat?post=51480"},{"taxonomy":"product_tag","embeddable":true,"href":"https:\/\/stockify24.pl\/uk\/wp-json\/wp\/v2\/product_tag?post=51480"}],"curies":[{"name":"wp","href":"https:\/\/api.w.org\/{rel}","templated":true}]}}