{"id":51499,"date":"2026-04-23T12:30:42","date_gmt":"2026-04-23T11:30:42","guid":{"rendered":"https:\/\/stockify24.pl\/?post_type=product&#038;p=51499"},"modified":"2026-04-23T14:30:06","modified_gmt":"2026-04-23T13:30:06","slug":"box-butow-17-par-obuwie-premium-3","status":"publish","type":"product","link":"https:\/\/stockify24.pl\/uk\/product\/box-butow-17-par-obuwie-premium-3\/","title":{"rendered":"Box but\u00f3w \u2013 17 par (Obuwie Premium) | #3"},"content":{"rendered":"<div class=\"flex flex-col text-sm pb-25\">\n<section class=\"text-token-text-primary w-full focus:outline-none [--shadow-height:45px] has-data-writing-block:pointer-events-none has-data-writing-block:-mt-(--shadow-height) has-data-writing-block:pt-(--shadow-height) [&amp;:has([data-writing-block])&gt;*]:pointer-events-auto scroll-mt-[calc(var(--header-height)+min(200px,max(70px,20svh)))]\" dir=\"auto\" data-turn-id=\"request-69b8245d-0030-838e-b654-ccb872ba6f51-25\" data-testid=\"conversation-turn-200\" data-scroll-anchor=\"true\" data-turn=\"assistant\">\n<div class=\"text-base my-auto mx-auto pb-10 [--thread-content-margin:var(--thread-content-margin-xs,calc(var(--spacing)*4))] @w-sm\/main:[--thread-content-margin:var(--thread-content-margin-sm,calc(var(--spacing)*6))] @w-lg\/main:[--thread-content-margin:var(--thread-content-margin-lg,calc(var(--spacing)*16))] px-(--thread-content-margin)\">\n<div class=\"[--thread-content-max-width:40rem] @w-lg\/main:[--thread-content-max-width:48rem] mx-auto max-w-(--thread-content-max-width) flex-1 group\/turn-messages focus-visible:outline-hidden relative flex w-full min-w-0 flex-col agent-turn\">\n<div class=\"flex max-w-full flex-col gap-4 grow\">\n<div class=\"min-h-8 text-message relative flex w-full flex-col items-end gap-2 text-start break-words whitespace-normal outline-none keyboard-focused:focus-ring [.text-message+&amp;]:mt-1\" dir=\"auto\" tabindex=\"0\" data-message-author-role=\"assistant\" data-message-id=\"ed8abcdd-be0d-4615-88f1-9a47a52c2d16\" data-message-model-slug=\"gpt-5-3\" data-turn-start-message=\"true\">\n<div class=\"flex w-full flex-col gap-1 empty:hidden\">\n<div class=\"markdown prose dark:prose-invert w-full wrap-break-word dark markdown-new-styling\">\n<div class=\"flex h-svh w-screen flex-col\">\n<div class=\"relative z-0 flex min-h-0 w-full flex-1\">\n<div class=\"relative flex min-h-0 w-full flex-1\">\n<div class=\"@container\/main relative flex min-w-0 flex-1 flex-col -translate-y-[calc(env(safe-area-inset-bottom,0px)\/2)] pt-[calc(env(safe-area-inset-bottom,0px)\/2)]\">\n<div class=\"@w-sm\/main:[scrollbar-gutter:var(--stage-scroll-gutter)] touch:[scrollbar-width:none] group\/scroll-root relative flex min-h-0 min-w-0 flex-1 flex-col [scrollbar-gutter:stable] not-print:overflow-x-clip not-print:overflow-y-auto group-data-stream-active\/scroll-root:[overflow-anchor:none] scroll-pt-(--header-height) [--sticky-padding-top:var(--header-height)] [--sticky-padding-bottom:0px] [--scroll-root-safe-area-inset-top:calc(var(--sticky-padding-top)+env(safe-area-inset-top,0px))] [--scroll-root-safe-area-inset-bottom:calc(var(--sticky-padding-bottom)+var(--screen-keyboard-height,0px)+env(safe-area-inset-bottom,0px))] [--scroll-root-safe-area-height:calc(100lvh-var(--scroll-root-safe-area-inset-top)-var(--scroll-root-safe-area-inset-bottom))] has-data-[fixed-header=less-than-xl]:@w-xl\/main:scroll-pt-0 has-data-[fixed-header=less-than-xl]:@w-xl\/main:[--sticky-padding-top:0px] has-data-[fixed-header=less-than-xxl]:@w-2xl\/main:scroll-pt-0 has-data-[fixed-header=less-than-xxl]:@w-2xl\/main:[--sticky-padding-top:0px]\" data-scroll-root=\"\" data-scroll-from-top=\"\">\n<div class=\"relative basis-auto flex-col -mb-(--composer-overlap-px) pb-(--composer-overlap-px) [--composer-overlap-px:28px] grow flex\">\n<div class=\"flex flex-col text-sm\">\n<section class=\"text-token-text-primary w-full focus:outline-none [--shadow-height:45px] has-data-writing-block:pointer-events-none has-data-writing-block:-mt-(--shadow-height) has-data-writing-block:pt-(--shadow-height) [&amp;:has([data-writing-block])&gt;*]:pointer-events-auto scroll-mt-[calc(var(--header-height)+min(200px,max(70px,20svh)))]\" dir=\"auto\" data-turn-id=\"request-WEB:cc509de0-714c-4653-ad32-6b5e125a8411-7\" data-testid=\"conversation-turn-10\" data-scroll-anchor=\"true\" data-turn=\"assistant\">\n<div class=\"text-base my-auto mx-auto pb-10 [--thread-content-margin:var(--thread-content-margin-xs,calc(var(--spacing)*4))] @w-sm\/main:[--thread-content-margin:var(--thread-content-margin-sm,calc(var(--spacing)*6))] @w-lg\/main:[--thread-content-margin:var(--thread-content-margin-lg,calc(var(--spacing)*16))] px-(--thread-content-margin)\">\n<div class=\"[--thread-content-max-width:40rem] @w-lg\/main:[--thread-content-max-width:48rem] mx-auto max-w-(--thread-content-max-width) flex-1 group\/turn-messages focus-visible:outline-hidden relative flex w-full min-w-0 flex-col agent-turn\">\n<div class=\"flex max-w-full flex-col gap-4 grow\">\n<div class=\"min-h-8 text-message relative flex w-full flex-col items-end gap-2 text-start break-words whitespace-normal outline-none keyboard-focused:focus-ring [.text-message+&amp;]:mt-1\" dir=\"auto\" tabindex=\"0\" data-message-author-role=\"assistant\" data-message-id=\"cfa6deea-8ce4-4542-9cf9-48a3b1cdbe9a\" data-message-model-slug=\"gpt-5-3\" data-turn-start-message=\"true\">\n<div class=\"flex w-full flex-col gap-1 empty:hidden\">\n<div class=\"markdown prose dark:prose-invert w-full wrap-break-word dark markdown-new-styling\">\n<div class=\"flex flex-col text-sm pb-25\">\n<section class=\"text-token-text-primary w-full focus:outline-none [--shadow-height:45px] has-data-writing-block:pointer-events-none has-data-writing-block:-mt-(--shadow-height) has-data-writing-block:pt-(--shadow-height) [&amp;:has([data-writing-block])&gt;*]:pointer-events-auto scroll-mt-[calc(var(--header-height)+min(200px,max(70px,20svh)))]\" dir=\"auto\" data-turn-id=\"request-69c2a6c3-14c8-8392-ab91-845727832df6-4\" data-testid=\"conversation-turn-40\" data-scroll-anchor=\"true\" data-turn=\"assistant\">\n<div class=\"text-base my-auto mx-auto pb-10 [--thread-content-margin:var(--thread-content-margin-xs,calc(var(--spacing)*4))] @w-sm\/main:[--thread-content-margin:var(--thread-content-margin-sm,calc(var(--spacing)*6))] @w-lg\/main:[--thread-content-margin:var(--thread-content-margin-lg,calc(var(--spacing)*16))] px-(--thread-content-margin)\">\n<div class=\"[--thread-content-max-width:40rem] @w-lg\/main:[--thread-content-max-width:48rem] mx-auto max-w-(--thread-content-max-width) flex-1 group\/turn-messages focus-visible:outline-hidden relative flex w-full min-w-0 flex-col agent-turn\">\n<div class=\"flex max-w-full flex-col gap-4 grow\">\n<div class=\"min-h-8 text-message relative flex w-full flex-col items-end gap-2 text-start break-words whitespace-normal outline-none keyboard-focused:focus-ring [.text-message+&amp;]:mt-1\" dir=\"auto\" tabindex=\"0\" data-message-author-role=\"assistant\" data-message-id=\"59380e2e-6df9-44e0-8276-a27663961a62\" data-message-model-slug=\"gpt-5-3\" data-turn-start-message=\"true\">\n<div class=\"flex w-full flex-col gap-1 empty:hidden\">\n<div class=\"markdown prose dark:prose-invert w-full wrap-break-word dark markdown-new-styling\">\n<section class=\"text-token-text-primary w-full focus:outline-none [--shadow-height:45px] has-data-writing-block:pointer-events-none has-data-writing-block:-mt-(--shadow-height) has-data-writing-block:pt-(--shadow-height) [&amp;:has([data-writing-block])&gt;*]:pointer-events-auto R6Vx5W_threadScrollVars scroll-mb-[calc(var(--scroll-root-safe-area-inset-bottom,0px)+var(--thread-response-height))] scroll-mt-(--header-height)\" dir=\"auto\" data-turn-id=\"a2cb1661-1453-464f-a8de-40a178c6d895\" data-testid=\"conversation-turn-1\" data-scroll-anchor=\"false\" data-turn=\"user\"><\/section>\n<section class=\"text-token-text-primary w-full focus:outline-none [--shadow-height:45px] has-data-writing-block:pointer-events-none has-data-writing-block:-mt-(--shadow-height) has-data-writing-block:pt-(--shadow-height) [&amp;:has([data-writing-block])&gt;*]:pointer-events-auto [content-visibility:auto] supports-[content-visibility:auto]:[contain-intrinsic-size:auto_100lvh] R6Vx5W_threadScrollVars scroll-mb-[calc(var(--scroll-root-safe-area-inset-bottom,0px)+var(--thread-response-height))] scroll-mt-[calc(var(--header-height)+min(200px,max(70px,20svh)))]\" dir=\"auto\" data-turn-id=\"request-WEB:176b9ba8-3f2b-431d-879f-1681a5545642-1\" data-testid=\"conversation-turn-2\" data-scroll-anchor=\"false\" data-turn=\"assistant\">\n<div class=\"text-base my-auto mx-auto pb-10 [--thread-content-margin:var(--thread-content-margin-xs,calc(var(--spacing)*4))] @w-sm\/main:[--thread-content-margin:var(--thread-content-margin-sm,calc(var(--spacing)*6))] @w-lg\/main:[--thread-content-margin:var(--thread-content-margin-lg,calc(var(--spacing)*16))] px-(--thread-content-margin)\">\n<div class=\"[--thread-content-max-width:40rem] @w-lg\/main:[--thread-content-max-width:48rem] mx-auto max-w-(--thread-content-max-width) flex-1 group\/turn-messages focus-visible:outline-hidden relative flex w-full min-w-0 flex-col agent-turn\">\n<div class=\"flex max-w-full flex-col gap-4 grow\">\n<div class=\"min-h-8 text-message relative flex w-full flex-col items-end gap-2 text-start break-words whitespace-normal outline-none keyboard-focused:focus-ring [.text-message+&amp;]:mt-1\" dir=\"auto\" tabindex=\"0\" data-message-author-role=\"assistant\" data-message-id=\"35903f6b-eedf-4e72-9a6d-0b8cd34b1111\" data-message-model-slug=\"gpt-5-3\" data-turn-start-message=\"true\">\n<div class=\"flex w-full flex-col gap-1 empty:hidden\">\n<div class=\"markdown prose dark:prose-invert w-full wrap-break-word dark markdown-new-styling\">\n<h2 data-section-id=\"qou5au\" data-start=\"0\" data-end=\"53\">\ud83d\udce6 Box but\u00f3w \u2013 17 par | Obuwie Premium Strefa Mody<\/h2>\n<h3 data-section-id=\"1j48wk8\" data-start=\"55\" data-end=\"121\">Hurtowy zestaw obuwia premium \u2013 szybkie wdro\u017cenie do sprzeda\u017cy<\/h3>\n<p data-start=\"123\" data-end=\"412\">Box but\u00f3w \u2013 to gotowy produkt dla sprzedawc\u00f3w, kt\u00f3rzy chc\u0105 rozszerzy\u0107 ofert\u0119 o <strong data-start=\"209\" data-end=\"227\">obuwie premium<\/strong> bez anga\u017cowania czasu w selekcj\u0119 modeli. Zestaw oparty jest na mixie marek i fason\u00f3w w gatunku A, co oznacza nowy towar przeznaczony do dalszej odsprzeda\u017cy w kana\u0142ach online i offline.<\/p>\n<p data-start=\"414\" data-end=\"633\">Rozwi\u0105zanie zosta\u0142o przygotowane z my\u015bl\u0105 o efektywnej sprzeda\u017cy. Mix sezonowy oraz r\u00f3\u017cnorodno\u015b\u0107 modeli zwi\u0119kszaj\u0105 szans\u0119 dopasowania do potrzeb klient\u00f3w, co przek\u0142ada si\u0119 na wy\u017csz\u0105 rotacj\u0119 i stabilne wyniki sprzeda\u017cowe.<\/p>\n<h3 data-section-id=\"yqzjci\" data-start=\"640\" data-end=\"665\">\ud83d\udcca Parametry produktu<\/h3>\n<ul data-start=\"667\" data-end=\"893\">\n<li data-section-id=\"duj96d\" data-start=\"667\" data-end=\"700\"><strong data-start=\"669\" data-end=\"679\">Nazwa:<\/strong> Box but\u00f3w \u2013 17 par<\/li>\n<li data-section-id=\"13fh6tf\" data-start=\"701\" data-end=\"738\"><strong data-start=\"703\" data-end=\"717\">Kategoria:<\/strong> Obuwie \u2b50 PREMIUM \u2b50<\/li>\n<li data-section-id=\"1aohbba\" data-start=\"739\" data-end=\"764\"><strong data-start=\"741\" data-end=\"753\">Gatunek:<\/strong> A (nowe)<\/li>\n<li data-section-id=\"k2m25o\" data-start=\"765\" data-end=\"796\"><strong data-start=\"767\" data-end=\"775\">Typ:<\/strong> Mix modeli i marek<\/li>\n<li data-section-id=\"1372zyg\" data-start=\"797\" data-end=\"820\"><strong data-start=\"799\" data-end=\"814\">Sezonowo\u015b\u0107:<\/strong> Mix<\/li>\n<li data-section-id=\"wip2j5\" data-start=\"821\" data-end=\"856\"><strong data-start=\"823\" data-end=\"847\">Jednostka sprzeda\u017cy:<\/strong> sztuki<\/li>\n<li data-section-id=\"eyt5b7\" data-start=\"857\" data-end=\"893\"><strong data-start=\"859\" data-end=\"884\">Minimalne zam\u00f3wienie:<\/strong> 17 par<\/li>\n<li><strong data-start=\"941\" data-end=\"950\">Cena:<\/strong> 142 z\u0142 netto \/ para<\/li>\n<\/ul>\n<h3 data-section-id=\"knr58p\" data-start=\"900\" data-end=\"948\">\ud83d\udcb0 Model sprzeda\u017cowy oparty na r\u00f3\u017cnorodno\u015bci<\/h3>\n<p data-start=\"950\" data-end=\"1194\">Box but\u00f3w \u2013 bazuje na strategii mixu, kt\u00f3ra pozwala zwi\u0119kszy\u0107 skuteczno\u015b\u0107 sprzeda\u017cy bez konieczno\u015bci inwestowania w pojedyncze produkty. R\u00f3\u017cnorodno\u015b\u0107 modeli zwi\u0119ksza pokrycie zapotrzebowania rynkowego i ogranicza ryzyko zalegania towaru.<\/p>\n<p data-start=\"1196\" data-end=\"1223\"><strong data-start=\"1196\" data-end=\"1223\">Najwa\u017cniejsze korzy\u015bci:<\/strong><\/p>\n<ul data-start=\"1225\" data-end=\"1414\">\n<li data-section-id=\"n528tk\" data-start=\"1225\" data-end=\"1267\">wi\u0119kszy zakres dopasowania do klient\u00f3w<\/li>\n<li data-section-id=\"2trk5x\" data-start=\"1268\" data-end=\"1297\">szybsza rotacja produkt\u00f3w<\/li>\n<li data-section-id=\"1bax7ud\" data-start=\"1298\" data-end=\"1335\">brak zale\u017cno\u015bci od jednego modelu<\/li>\n<li data-section-id=\"1cx1izc\" data-start=\"1336\" data-end=\"1378\">mo\u017cliwo\u015b\u0107 testowania r\u00f3\u017cnych segment\u00f3w<\/li>\n<li data-section-id=\"1yrtcoe\" data-start=\"1379\" data-end=\"1414\">stabilniejsza sprzeda\u017c w czasie<\/li>\n<\/ul>\n<p data-start=\"1416\" data-end=\"1499\">Segment premium dodatkowo wp\u0142ywa na mo\u017cliwo\u015b\u0107 uzyskania wy\u017cszej mar\u017cy jednostkowej.<\/p>\n<h3 data-section-id=\"ts2iu7\" data-start=\"1506\" data-end=\"1545\">\u26a1 Gotowe rozwi\u0105zanie dla e-commerce<\/h3>\n<p data-start=\"1547\" data-end=\"1703\">Zestaw zosta\u0142 zoptymalizowany pod szybkie wdro\u017cenie do sprzeda\u017cy. Produkty mo\u017cna natychmiast wystawi\u0107 w sklepie internetowym lub na platformach marketplace.<\/p>\n<p data-start=\"1705\" data-end=\"1933\">Brak konieczno\u015bci selekcji i kompletowania asortymentu oznacza oszcz\u0119dno\u015b\u0107 czasu i zasob\u00f3w. To rozwi\u0105zanie pozwala skupi\u0107 si\u0119 na dzia\u0142aniach sprzeda\u017cowych i marketingowych, zamiast na operacyjnych aspektach przygotowania oferty.<\/p>\n<h3 data-section-id=\"1pg5a69\" data-start=\"1940\" data-end=\"1985\">\ud83d\udecd Zawarto\u015b\u0107 boxa \u2013 elastyczny asortyment<\/h3>\n<p data-start=\"1987\" data-end=\"2153\">Ka\u017cdy box zawiera r\u00f3\u017cne modele obuwia, kt\u00f3re mog\u0105 si\u0119 zmienia\u0107 w zale\u017cno\u015bci od dostawy. Dzi\u0119ki temu oferta nie jest powtarzalna i daje wi\u0119ksze mo\u017cliwo\u015bci sprzeda\u017cowe.<\/p>\n<p data-start=\"2155\" data-end=\"2185\">W zestawie mog\u0105 znajdowa\u0107 si\u0119:<\/p>\n<ul data-start=\"2187\" data-end=\"2278\">\n<li data-section-id=\"u1vopl\" data-start=\"2187\" data-end=\"2207\">modele codzienne<\/li>\n<li data-section-id=\"14bjl0b\" data-start=\"2208\" data-end=\"2227\">obuwie sezonowe<\/li>\n<li data-section-id=\"1g6zdnw\" data-start=\"2228\" data-end=\"2252\">r\u00f3\u017cne style i fasony<\/li>\n<li data-section-id=\"1y4tar4\" data-start=\"2253\" data-end=\"2278\">zr\u00f3\u017cnicowane rozmiary<\/li>\n<\/ul>\n<p data-start=\"2280\" data-end=\"2375\">Charakter mixu pozwala budowa\u0107 unikaln\u0105 ofert\u0119 i lepiej dopasowa\u0107 si\u0119 do r\u00f3\u017cnych grup klient\u00f3w.<\/p>\n<h3 data-section-id=\"1t6a53l\" data-start=\"2382\" data-end=\"2413\">\ud83d\udcc8 Zastosowanie w sprzeda\u017cy<\/h3>\n<p data-start=\"2415\" data-end=\"2550\">Box but\u00f3w \u2013 sprawdza si\u0119 w r\u00f3\u017cnych modelach sprzeda\u017cy. Dzi\u0119ki swojej strukturze umo\u017cliwia r\u00f3wnoleg\u0142e dzia\u0142anie w wielu kana\u0142ach.<\/p>\n<p data-start=\"2552\" data-end=\"2583\"><strong data-start=\"2552\" data-end=\"2583\">Rekomendowane zastosowanie:<\/strong><\/p>\n<ul data-start=\"2585\" data-end=\"2769\">\n<li data-section-id=\"1hi3bhs\" data-start=\"2585\" data-end=\"2627\">sprzeda\u017c na <a style=\"font-family: -apple-system, BlinkMacSystemFont, &#039;Segoe UI&#039;, Roboto, &#039;Helvetica Neue&#039;, Arial, &#039;Noto Sans&#039;, sans-serif, &#039;Apple Color Emoji&#039;, &#039;Segoe UI Emoji&#039;, &#039;Segoe UI Symbol&#039;, &#039;Noto Color Emoji&#039;; font-size: 16px;\" href=\"https:\/\/allegro.pl\/\" target=\"_blank\" rel=\"noopener\">Allegro<\/a>, <a style=\"font-family: -apple-system, BlinkMacSystemFont, &#039;Segoe UI&#039;, Roboto, &#039;Helvetica Neue&#039;, Arial, &#039;Noto Sans&#039;, sans-serif, &#039;Apple Color Emoji&#039;, &#039;Segoe UI Emoji&#039;, &#039;Segoe UI Symbol&#039;, &#039;Noto Color Emoji&#039;; font-size: 16px;\" href=\"https:\/\/www.olx.pl\/\" target=\"_blank\" rel=\"noopener\">OLX<\/a>, <a style=\"font-family: -apple-system, BlinkMacSystemFont, &#039;Segoe UI&#039;, Roboto, &#039;Helvetica Neue&#039;, Arial, &#039;Noto Sans&#039;, sans-serif, &#039;Apple Color Emoji&#039;, &#039;Segoe UI Emoji&#039;, &#039;Segoe UI Symbol&#039;, &#039;Noto Color Emoji&#039;; font-size: 16px;\" href=\"https:\/\/www.ebay.com\/\" target=\"_blank\" rel=\"noopener\">eBay<\/a>, <a style=\"font-family: -apple-system, BlinkMacSystemFont, &#039;Segoe UI&#039;, Roboto, &#039;Helvetica Neue&#039;, Arial, &#039;Noto Sans&#039;, sans-serif, &#039;Apple Color Emoji&#039;, &#039;Segoe UI Emoji&#039;, &#039;Segoe UI Symbol&#039;, &#039;Noto Color Emoji&#039;; font-size: 16px;\" href=\"https:\/\/www.amazon.com\/\" target=\"_blank\" rel=\"noopener\">Amazon<\/a><\/li>\n<li data-section-id=\"s15p7n\" data-start=\"2628\" data-end=\"2673\">sklepy internetowe (WooCommerce, Shopify)<\/li>\n<li data-section-id=\"1fjjgwy\" data-start=\"2674\" data-end=\"2711\">sprzeda\u017c w butikach stacjonarnych<\/li>\n<li data-section-id=\"4mfzoe\" data-start=\"2712\" data-end=\"2738\">dzia\u0142alno\u015b\u0107 reseller\u00f3w<\/li>\n<li data-section-id=\"3o8qaf\" data-start=\"2739\" data-end=\"2769\">start w handlu detalicznym<\/li>\n<\/ul>\n<h3 data-section-id=\"1suxhmu\" data-start=\"95\" data-end=\"134\">\u26a1 Szybki start sprzeda\u017cy bez ryzyka<\/h3>\n<p data-start=\"136\" data-end=\"502\">Decyduj\u0105c si\u0119 na box but\u00f3w \u2013 17 par, skracasz czas wej\u015bcia na rynek i minimalizujesz ryzyko zwi\u0105zane z doborem asortymentu. Gotowy mix pozwala natychmiast wystawi\u0107 produkty na sprzeda\u017c i testowa\u0107 popyt w r\u00f3\u017cnych kana\u0142ach. Dzi\u0119ki segmentowi premium mo\u017cesz budowa\u0107 wy\u017csz\u0105 warto\u015b\u0107 koszyka oraz zwi\u0119ksza\u0107 mar\u017c\u0119 bez konieczno\u015bci inwestowania w pojedyncze, dro\u017csze modele.<\/p>\n<h3 data-section-id=\"ks1bxn\" data-start=\"2855\" data-end=\"2893\">\ud83d\ude9a Logistyka i realizacja zam\u00f3wie\u0144<\/h3>\n<p data-start=\"2895\" data-end=\"3067\">Towar dostarczany jest zar\u00f3wno na rynku krajowym, jak i mi\u0119dzynarodowym. Koszty transportu ustalane s\u0105 indywidualnie, w zale\u017cno\u015bci od lokalizacji oraz wielko\u015bci zam\u00f3wienia.<\/p>\n<ul data-start=\"3069\" data-end=\"3179\">\n<li data-section-id=\"yh0tfw\" data-start=\"3069\" data-end=\"3094\">wysy\u0142ka w Polsce i UE<\/li>\n<li data-section-id=\"1ijslrm\" data-start=\"3095\" data-end=\"3125\">mo\u017cliwo\u015b\u0107 eksportu poza UE<\/li>\n<li data-section-id=\"mkmwbf\" data-start=\"3126\" data-end=\"3157\">indywidualna wycena dostawy<\/li>\n<li data-section-id=\"wz2p5c\" data-start=\"3158\" data-end=\"3179\">szybka realizacja<\/li>\n<\/ul>\n<p data-start=\"3181\" data-end=\"3265\">Elastyczne podej\u015bcie do logistyki umo\u017cliwia dopasowanie warunk\u00f3w do potrzeb klienta.<\/p>\n<h3 data-section-id=\"16ac7w7\" data-start=\"3272\" data-end=\"3301\">\ud83c\udfa5 Transparentno\u015b\u0107 oferty<\/h3>\n<p data-start=\"3303\" data-end=\"3478\">Dla klient\u00f3w zainteresowanych zakupem istnieje mo\u017cliwo\u015b\u0107 uzyskania materia\u0142\u00f3w z ostatnich dostaw. To rozwi\u0105zanie zwi\u0119ksza przejrzysto\u015b\u0107 i u\u0142atwia ocen\u0119 produktu przed zakupem.<\/p>\n<ul data-start=\"3480\" data-end=\"3560\">\n<li data-section-id=\"hyj7kv\" data-start=\"3480\" data-end=\"3503\">zdj\u0119cia rzeczywiste<\/li>\n<li data-section-id=\"1lgn8ck\" data-start=\"3504\" data-end=\"3523\">materia\u0142y wideo<\/li>\n<li data-section-id=\"1j3vi2u\" data-start=\"3524\" data-end=\"3560\">podgl\u0105d jako\u015bci i struktury mixu<\/li>\n<\/ul>\n<p data-start=\"3562\" data-end=\"3621\">Dzi\u0119ki temu decyzja zakupowa opiera si\u0119 na realnych danych.<\/p>\n<h3 data-section-id=\"1n2dvfn\" data-start=\"3628\" data-end=\"3654\">\u26a0\ufe0f Kluczowe informacje<\/h3>\n<ul data-start=\"3656\" data-end=\"3820\">\n<li data-section-id=\"y2r5c1\" data-start=\"3656\" data-end=\"3705\">przedstawione modele maj\u0105 charakter pogl\u0105dowy<\/li>\n<li data-section-id=\"1xh2pxi\" data-start=\"3706\" data-end=\"3736\">sk\u0142ad boxa mo\u017ce si\u0119 r\u00f3\u017cni\u0107<\/li>\n<li data-section-id=\"1ewf4dp\" data-start=\"3737\" data-end=\"3770\">oferta obejmuje mix produkt\u00f3w<\/li>\n<li data-section-id=\"1m8udn5\" data-start=\"3771\" data-end=\"3793\">sprzeda\u017c od 17 par<\/li>\n<li data-section-id=\"2kc65o\" data-start=\"3794\" data-end=\"3820\">ceny podawane s\u0105 netto<\/li>\n<\/ul>\n<h3 data-section-id=\"1vvabde\" data-start=\"3827\" data-end=\"3862\">\ud83d\udcde Kontakt i zam\u00f3wienia hurtowe<\/h3>\n<p data-start=\"3864\" data-end=\"4010\">W celu uzyskania aktualnych informacji o dost\u0119pno\u015bci oraz szczeg\u00f3\u0142owych warunk\u00f3w wsp\u00f3\u0142pracy zalecany jest bezpo\u015bredni kontakt z dzia\u0142em handlowym.<\/p>\n<p data-start=\"4012\" data-end=\"4085\">Zam\u00f3wienia realizowane s\u0105 na bie\u017c\u0105co, w zale\u017cno\u015bci od dost\u0119pno\u015bci towaru.<\/p>\n<h3 data-section-id=\"1r1xk01\" data-start=\"4092\" data-end=\"4147\">\ud83d\udd11 Podsumowanie \u2013 efektywna sprzeda\u017c obuwia premium<\/h3>\n<p data-start=\"4149\" data-end=\"4366\">Box but\u00f3w \u2013 to rozwi\u0105zanie dla sprzedawc\u00f3w, kt\u00f3rzy chc\u0105 dzia\u0142a\u0107 szybko i efektywnie. Po\u0142\u0105czenie nowego towaru (gatunek A), r\u00f3\u017cnorodno\u015bci modeli oraz segmentu premium pozwala budowa\u0107 stabiln\u0105 ofert\u0119 sprzeda\u017cow\u0105.<\/p>\n<p data-start=\"4368\" data-end=\"4574\" data-is-last-node=\"\" data-is-only-node=\"\">Produkt wspiera skalowanie biznesu, ogranicza koszty operacyjne i umo\u017cliwia natychmiastowe wej\u015bcie na rynek z gotowym asortymentem. To narz\u0119dzie sprzeda\u017cowe zaprojektowane pod realne wyniki, nie deklaracje.<\/p>\n<h3 data-section-id=\"hiqry4\" data-start=\"4867\" data-end=\"4889\">\ud83d\udd17 Rozszerz ofert\u0119<\/h3>\n<p data-start=\"4891\" data-end=\"5053\" data-is-last-node=\"\" data-is-only-node=\"\">Zobacz r\u00f3wnie\u017c inne kategorie w <strong><a href=\"https:\/\/stockify24.pl\/kategoria-produktu\/strefa-mody\/\">Strefie Mody<\/a><\/strong> oraz dost\u0119pne boxy i palety produktowe.<br data-start=\"4975\" data-end=\"4978\" \/>Aktualne informacje i wskaz\u00f3wki sprzeda\u017cowe znajdziesz <a href=\"https:\/\/stockify24.pl\/blog-stockify24-pl\/\"><strong>na blogu Stockify24<\/strong><\/a>.<\/p>\n<\/div>\n<\/div>\n<\/div>\n<\/div>\n<\/div>\n<\/div>\n<\/section>\n<\/div>\n<\/div>\n<\/div>\n<\/div>\n<\/div>\n<\/div>\n<\/section>\n<\/div>\n<\/div>\n<\/div>\n<\/div>\n<\/div>\n<\/div>\n<\/div>\n<\/section>\n<\/div>\n<\/div>\n<\/div>\n<\/div>\n<\/div>\n<\/div>\n<\/div>\n<\/div>\n<\/div>\n<\/div>\n<\/div>\n<\/div>\n<\/div>\n<\/section>\n<\/div>\n","protected":false},"excerpt":{"rendered":"<p class=\"p1\">\u26a1 Towar ma charakter mixu<\/p>\n<p class=\"p1\">\ud83d\udd25 Amazon Returns<\/p>\n<p class=\"p1\" style=\"text-align: left;\">\u2714\ufe0f Jako\u015b\u0107 <strong>A<\/strong><\/p>","protected":false},"featured_media":51500,"comment_status":"open","ping_status":"closed","template":"","meta":{"_acf_changed":false},"product_brand":[],"product_cat":[1316],"product_tag":[1321,1320],"class_list":{"0":"post-51499","1":"product","2":"type-product","3":"status-publish","4":"has-post-thumbnail","6":"product_cat-obuwie","7":"product_tag-amazon-returns","8":"product_tag-obuwie-premium","10":"first","11":"instock","12":"sold-individually","13":"taxable","14":"shipping-taxable","15":"purchasable","16":"product-type-simple"},"acf":[],"_links":{"self":[{"href":"https:\/\/stockify24.pl\/uk\/wp-json\/wp\/v2\/product\/51499","targetHints":{"allow":["GET"]}}],"collection":[{"href":"https:\/\/stockify24.pl\/uk\/wp-json\/wp\/v2\/product"}],"about":[{"href":"https:\/\/stockify24.pl\/uk\/wp-json\/wp\/v2\/types\/product"}],"replies":[{"embeddable":true,"href":"https:\/\/stockify24.pl\/uk\/wp-json\/wp\/v2\/comments?post=51499"}],"wp:featuredmedia":[{"embeddable":true,"href":"https:\/\/stockify24.pl\/uk\/wp-json\/wp\/v2\/media\/51500"}],"wp:attachment":[{"href":"https:\/\/stockify24.pl\/uk\/wp-json\/wp\/v2\/media?parent=51499"}],"wp:term":[{"taxonomy":"product_brand","embeddable":true,"href":"https:\/\/stockify24.pl\/uk\/wp-json\/wp\/v2\/product_brand?post=51499"},{"taxonomy":"product_cat","embeddable":true,"href":"https:\/\/stockify24.pl\/uk\/wp-json\/wp\/v2\/product_cat?post=51499"},{"taxonomy":"product_tag","embeddable":true,"href":"https:\/\/stockify24.pl\/uk\/wp-json\/wp\/v2\/product_tag?post=51499"}],"curies":[{"name":"wp","href":"https:\/\/api.w.org\/{rel}","templated":true}]}}