{"id":51688,"date":"2026-04-24T08:42:27","date_gmt":"2026-04-24T07:42:27","guid":{"rendered":"https:\/\/stockify24.pl\/?post_type=product&#038;p=51688"},"modified":"2026-04-24T16:37:25","modified_gmt":"2026-04-24T15:37:25","slug":"box-torebek-20-szt-torebki-premium","status":"publish","type":"product","link":"https:\/\/stockify24.pl\/uk\/product\/box-torebek-20-szt-torebki-premium\/","title":{"rendered":"\u041a\u043e\u0440\u043e\u0431\u043a\u0430 \u043c\u0456\u0448\u043a\u0456\u0432 - 20 \u0448\u0442\u0443\u043a | \u041f\u0440\u0435\u043c\u0456\u0443\u043c \u043c\u0456\u0448\u043a\u0438 |#2"},"content":{"rendered":"<div class=\"flex flex-col text-sm pb-25\">\n<section class=\"text-token-text-primary w-full focus:outline-none [--shadow-height:45px] has-data-writing-block:pointer-events-none has-data-writing-block:-mt-(--shadow-height) has-data-writing-block:pt-(--shadow-height) [&amp;:has([data-writing-block])&gt;*]:pointer-events-auto scroll-mt-[calc(var(--header-height)+min(200px,max(70px,20svh)))]\" dir=\"auto\" data-turn-id=\"request-69b8245d-0030-838e-b654-ccb872ba6f51-25\" data-testid=\"conversation-turn-200\" data-scroll-anchor=\"true\" data-turn=\"assistant\">\n<div class=\"text-base my-auto mx-auto pb-10 [--thread-content-margin:var(--thread-content-margin-xs,calc(var(--spacing)*4))] @w-sm\/main:[--thread-content-margin:var(--thread-content-margin-sm,calc(var(--spacing)*6))] @w-lg\/main:[--thread-content-margin:var(--thread-content-margin-lg,calc(var(--spacing)*16))] px-(--thread-content-margin)\">\n<div class=\"[--thread-content-max-width:40rem] @w-lg\/main:[--thread-content-max-width:48rem] mx-auto max-w-(--thread-content-max-width) flex-1 group\/turn-messages focus-visible:outline-hidden relative flex w-full min-w-0 flex-col agent-turn\">\n<div class=\"flex max-w-full flex-col gap-4 grow\">\n<div class=\"min-h-8 text-message relative flex w-full flex-col items-end gap-2 text-start break-words whitespace-normal outline-none keyboard-focused:focus-ring [.text-message+&amp;]:mt-1\" dir=\"auto\" tabindex=\"0\" data-message-author-role=\"assistant\" data-message-id=\"ed8abcdd-be0d-4615-88f1-9a47a52c2d16\" data-message-model-slug=\"gpt-5-3\" data-turn-start-message=\"true\">\n<div class=\"flex w-full flex-col gap-1 empty:hidden\">\n<div class=\"markdown prose dark:prose-invert w-full wrap-break-word dark markdown-new-styling\">\n<div class=\"flex h-svh w-screen flex-col\">\n<div class=\"relative z-0 flex min-h-0 w-full flex-1\">\n<div class=\"relative flex min-h-0 w-full flex-1\">\n<div class=\"@container\/main relative flex min-w-0 flex-1 flex-col -translate-y-[calc(env(safe-area-inset-bottom,0px)\/2)] pt-[calc(env(safe-area-inset-bottom,0px)\/2)]\">\n<div class=\"@w-sm\/main:[scrollbar-gutter:var(--stage-scroll-gutter)] touch:[scrollbar-width:none] group\/scroll-root relative flex min-h-0 min-w-0 flex-1 flex-col [scrollbar-gutter:stable] not-print:overflow-x-clip not-print:overflow-y-auto group-data-stream-active\/scroll-root:[overflow-anchor:none] scroll-pt-(--header-height) [--sticky-padding-top:var(--header-height)] [--sticky-padding-bottom:0px] [--scroll-root-safe-area-inset-top:calc(var(--sticky-padding-top)+env(safe-area-inset-top,0px))] [--scroll-root-safe-area-inset-bottom:calc(var(--sticky-padding-bottom)+var(--screen-keyboard-height,0px)+env(safe-area-inset-bottom,0px))] [--scroll-root-safe-area-height:calc(100lvh-var(--scroll-root-safe-area-inset-top)-var(--scroll-root-safe-area-inset-bottom))] has-data-[fixed-header=less-than-xl]:@w-xl\/main:scroll-pt-0 has-data-[fixed-header=less-than-xl]:@w-xl\/main:[--sticky-padding-top:0px] has-data-[fixed-header=less-than-xxl]:@w-2xl\/main:scroll-pt-0 has-data-[fixed-header=less-than-xxl]:@w-2xl\/main:[--sticky-padding-top:0px]\" data-scroll-root=\"\" data-scroll-from-top=\"\">\n<div class=\"relative basis-auto flex-col -mb-(--composer-overlap-px) pb-(--composer-overlap-px) [--composer-overlap-px:28px] grow flex\">\n<div class=\"flex flex-col text-sm\">\n<section class=\"text-token-text-primary w-full focus:outline-none [--shadow-height:45px] has-data-writing-block:pointer-events-none has-data-writing-block:-mt-(--shadow-height) has-data-writing-block:pt-(--shadow-height) [&amp;:has([data-writing-block])&gt;*]:pointer-events-auto scroll-mt-[calc(var(--header-height)+min(200px,max(70px,20svh)))]\" dir=\"auto\" data-turn-id=\"request-WEB:cc509de0-714c-4653-ad32-6b5e125a8411-7\" data-testid=\"conversation-turn-10\" data-scroll-anchor=\"true\" data-turn=\"assistant\">\n<div class=\"text-base my-auto mx-auto pb-10 [--thread-content-margin:var(--thread-content-margin-xs,calc(var(--spacing)*4))] @w-sm\/main:[--thread-content-margin:var(--thread-content-margin-sm,calc(var(--spacing)*6))] @w-lg\/main:[--thread-content-margin:var(--thread-content-margin-lg,calc(var(--spacing)*16))] px-(--thread-content-margin)\">\n<div class=\"[--thread-content-max-width:40rem] @w-lg\/main:[--thread-content-max-width:48rem] mx-auto max-w-(--thread-content-max-width) flex-1 group\/turn-messages focus-visible:outline-hidden relative flex w-full min-w-0 flex-col agent-turn\">\n<div class=\"flex max-w-full flex-col gap-4 grow\">\n<div class=\"min-h-8 text-message relative flex w-full flex-col items-end gap-2 text-start break-words whitespace-normal outline-none keyboard-focused:focus-ring [.text-message+&amp;]:mt-1\" dir=\"auto\" tabindex=\"0\" data-message-author-role=\"assistant\" data-message-id=\"cfa6deea-8ce4-4542-9cf9-48a3b1cdbe9a\" data-message-model-slug=\"gpt-5-3\" data-turn-start-message=\"true\">\n<div class=\"flex w-full flex-col gap-1 empty:hidden\">\n<div class=\"markdown prose dark:prose-invert w-full wrap-break-word dark markdown-new-styling\">\n<div class=\"flex flex-col text-sm pb-25\">\n<section class=\"text-token-text-primary w-full focus:outline-none [--shadow-height:45px] has-data-writing-block:pointer-events-none has-data-writing-block:-mt-(--shadow-height) has-data-writing-block:pt-(--shadow-height) [&amp;:has([data-writing-block])&gt;*]:pointer-events-auto scroll-mt-[calc(var(--header-height)+min(200px,max(70px,20svh)))]\" dir=\"auto\" data-turn-id=\"request-69c2a6c3-14c8-8392-ab91-845727832df6-4\" data-testid=\"conversation-turn-40\" data-scroll-anchor=\"true\" data-turn=\"assistant\">\n<div class=\"text-base my-auto mx-auto pb-10 [--thread-content-margin:var(--thread-content-margin-xs,calc(var(--spacing)*4))] @w-sm\/main:[--thread-content-margin:var(--thread-content-margin-sm,calc(var(--spacing)*6))] @w-lg\/main:[--thread-content-margin:var(--thread-content-margin-lg,calc(var(--spacing)*16))] px-(--thread-content-margin)\">\n<div class=\"[--thread-content-max-width:40rem] @w-lg\/main:[--thread-content-max-width:48rem] mx-auto max-w-(--thread-content-max-width) flex-1 group\/turn-messages focus-visible:outline-hidden relative flex w-full min-w-0 flex-col agent-turn\">\n<div class=\"flex max-w-full flex-col gap-4 grow\">\n<div class=\"min-h-8 text-message relative flex w-full flex-col items-end gap-2 text-start break-words whitespace-normal outline-none keyboard-focused:focus-ring [.text-message+&amp;]:mt-1\" dir=\"auto\" tabindex=\"0\" data-message-author-role=\"assistant\" data-message-id=\"59380e2e-6df9-44e0-8276-a27663961a62\" data-message-model-slug=\"gpt-5-3\" data-turn-start-message=\"true\">\n<div class=\"flex w-full flex-col gap-1 empty:hidden\">\n<div class=\"markdown prose dark:prose-invert w-full wrap-break-word dark markdown-new-styling\">\n<section class=\"text-token-text-primary w-full focus:outline-none [--shadow-height:45px] has-data-writing-block:pointer-events-none has-data-writing-block:-mt-(--shadow-height) has-data-writing-block:pt-(--shadow-height) [&amp;:has([data-writing-block])&gt;*]:pointer-events-auto R6Vx5W_threadScrollVars scroll-mb-[calc(var(--scroll-root-safe-area-inset-bottom,0px)+var(--thread-response-height))] scroll-mt-(--header-height)\" dir=\"auto\" data-turn-id=\"a2cb1661-1453-464f-a8de-40a178c6d895\" data-testid=\"conversation-turn-1\" data-scroll-anchor=\"false\" data-turn=\"user\"><\/section>\n<section class=\"text-token-text-primary w-full focus:outline-none [--shadow-height:45px] has-data-writing-block:pointer-events-none has-data-writing-block:-mt-(--shadow-height) has-data-writing-block:pt-(--shadow-height) [&amp;:has([data-writing-block])&gt;*]:pointer-events-auto [content-visibility:auto] supports-[content-visibility:auto]:[contain-intrinsic-size:auto_100lvh] R6Vx5W_threadScrollVars scroll-mb-[calc(var(--scroll-root-safe-area-inset-bottom,0px)+var(--thread-response-height))] scroll-mt-[calc(var(--header-height)+min(200px,max(70px,20svh)))]\" dir=\"auto\" data-turn-id=\"request-WEB:176b9ba8-3f2b-431d-879f-1681a5545642-1\" data-testid=\"conversation-turn-2\" data-scroll-anchor=\"false\" data-turn=\"assistant\">\n<div class=\"text-base my-auto mx-auto pb-10 [--thread-content-margin:var(--thread-content-margin-xs,calc(var(--spacing)*4))] @w-sm\/main:[--thread-content-margin:var(--thread-content-margin-sm,calc(var(--spacing)*6))] @w-lg\/main:[--thread-content-margin:var(--thread-content-margin-lg,calc(var(--spacing)*16))] px-(--thread-content-margin)\">\n<div class=\"[--thread-content-max-width:40rem] @w-lg\/main:[--thread-content-max-width:48rem] mx-auto max-w-(--thread-content-max-width) flex-1 group\/turn-messages focus-visible:outline-hidden relative flex w-full min-w-0 flex-col agent-turn\">\n<div class=\"flex max-w-full flex-col gap-4 grow\">\n<div class=\"min-h-8 text-message relative flex w-full flex-col items-end gap-2 text-start break-words whitespace-normal outline-none keyboard-focused:focus-ring [.text-message+&amp;]:mt-1\" dir=\"auto\" tabindex=\"0\" data-message-author-role=\"assistant\" data-message-id=\"35903f6b-eedf-4e72-9a6d-0b8cd34b1111\" data-message-model-slug=\"gpt-5-3\" data-turn-start-message=\"true\">\n<div class=\"flex w-full flex-col gap-1 empty:hidden\">\n<div class=\"markdown prose dark:prose-invert w-full wrap-break-word dark markdown-new-styling\">\n<h2 data-section-id=\"13blla8\" data-start=\"0\" data-end=\"57\">\ud83d\udce6 Box torebek \u2013 20 szt. | Torebki Premium Strefa Mody<\/h2>\n<h3 data-section-id=\"1e518ny\" data-start=\"59\" data-end=\"119\">Hurtowy mix torebek premium \u2013 gotowy zestaw do sprzeda\u017cy<\/h3>\n<p data-start=\"121\" data-end=\"426\">Box torebek to rozwi\u0105zanie dla sprzedawc\u00f3w, kt\u00f3rzy chc\u0105 szybko wprowadzi\u0107 do oferty <strong data-start=\"215\" data-end=\"234\">torebki premium<\/strong> bez konieczno\u015bci wyboru pojedynczych modeli. Zestaw oparty jest na mixie marek i fason\u00f3w w gatunku A, co oznacza nowy towar przeznaczony do dalszej odsprzeda\u017cy w kana\u0142ach online oraz offline.<\/p>\n<p data-start=\"428\" data-end=\"645\">Produkt zosta\u0142 przygotowany pod k\u0105tem realnej sprzeda\u017cy. R\u00f3\u017cnorodno\u015b\u0107 modeli oraz sezonowy charakter mixu zwi\u0119kszaj\u0105 dopasowanie do klient\u00f3w ko\u0144cowych, co bezpo\u015brednio przek\u0142ada si\u0119 na rotacj\u0119 i efektywno\u015b\u0107 sprzeda\u017cy.<\/p>\n<h3 data-section-id=\"yqzjci\" data-start=\"652\" data-end=\"677\">\ud83d\udcca Parametry produktu<\/h3>\n<ul data-start=\"679\" data-end=\"972\">\n<li data-section-id=\"8tywb0\" data-start=\"679\" data-end=\"717\"><strong data-start=\"681\" data-end=\"693\">Produkt:<\/strong> Box torebek \u2013 20 szt.<\/li>\n<li data-section-id=\"ecjxqk\" data-start=\"718\" data-end=\"756\"><strong data-start=\"720\" data-end=\"734\">Kategoria:<\/strong> Torebki \u2b50 PREMIUM \u2b50<\/li>\n<li data-section-id=\"1aohbba\" data-start=\"757\" data-end=\"782\"><strong data-start=\"759\" data-end=\"771\">Gatunek:<\/strong> A (nowe)<\/li>\n<li data-section-id=\"5gvsns\" data-start=\"783\" data-end=\"819\"><strong data-start=\"785\" data-end=\"796\">Rodzaj:<\/strong> Damski, damsko-m\u0119ski<\/li>\n<li data-section-id=\"16g546b\" data-start=\"820\" data-end=\"838\"><strong data-start=\"822\" data-end=\"832\">Sezon:<\/strong> Mix<\/li>\n<li data-section-id=\"ekbkwl\" data-start=\"839\" data-end=\"864\"><strong data-start=\"841\" data-end=\"855\">Producent:<\/strong> MIX TO<\/li>\n<li data-section-id=\"wip2j5\" data-start=\"865\" data-end=\"900\"><strong data-start=\"867\" data-end=\"891\">Jednostka sprzeda\u017cy:<\/strong> sztuki<\/li>\n<li data-section-id=\"1nop3h9\" data-start=\"901\" data-end=\"938\"><strong data-start=\"903\" data-end=\"928\">Minimalne zam\u00f3wienie:<\/strong> 20 szt.<\/li>\n<\/ul>\n<h3 data-section-id=\"10ego7s\" data-start=\"979\" data-end=\"1034\">\ud83d\udcb0 Markowe torebki premium \u2013 przewaga konkurencyjna<\/h3>\n<p data-start=\"1036\" data-end=\"1303\">Box zawiera produkty znanych marek premium, kt\u00f3re s\u0105 rozpoznawalne na rynku i u\u0142atwiaj\u0105 sprzeda\u017c. W zestawie mog\u0105 znajdowa\u0107 si\u0119 torebki takich brand\u00f3w jak Valentino, Calvin Klein, Guess, Love Moschino, Karl Lagerfeld, Ted Baker, The Bridge czy Puma.<\/p>\n<p data-start=\"1305\" data-end=\"1423\">Markowy asortyment zwi\u0119ksza zaufanie klient\u00f3w oraz podnosi warto\u015b\u0107 oferty, co bezpo\u015brednio wp\u0142ywa na wyniki sprzeda\u017cy.<\/p>\n<p data-start=\"1425\" data-end=\"1452\"><strong data-start=\"1425\" data-end=\"1452\">Najwa\u017cniejsze korzy\u015bci:<\/strong><\/p>\n<ul data-start=\"1454\" data-end=\"1597\">\n<li data-section-id=\"1buknlf\" data-start=\"1454\" data-end=\"1485\">rozpoznawalne marki premium<\/li>\n<li data-section-id=\"gkk5cw\" data-start=\"1486\" data-end=\"1513\">wysoka jako\u015b\u0107 wykonania<\/li>\n<li data-section-id=\"mrupj8\" data-start=\"1514\" data-end=\"1537\">ponadczasowy design<\/li>\n<li data-section-id=\"gyxe9r\" data-start=\"1538\" data-end=\"1569\">wi\u0119ksza atrakcyjno\u015b\u0107 oferty<\/li>\n<li data-section-id=\"1j1i57x\" data-start=\"1570\" data-end=\"1597\">potencja\u0142 wy\u017cszej mar\u017cy<\/li>\n<\/ul>\n<h3 data-section-id=\"1qhyge5\" data-start=\"1604\" data-end=\"1649\">\u26a1 Model sprzeda\u017cy oparty na r\u00f3\u017cnorodno\u015bci<\/h3>\n<p data-start=\"1651\" data-end=\"1790\">Box wykorzystuje strategi\u0119 mixu, kt\u00f3ra pozwala dotrze\u0107 do r\u00f3\u017cnych grup klient\u00f3w bez konieczno\u015bci inwestowania w jeden typ produktu.<\/p>\n<p data-start=\"1792\" data-end=\"1882\">R\u00f3\u017cnorodno\u015b\u0107 modeli zwi\u0119ksza elastyczno\u015b\u0107 sprzeda\u017cow\u0105 i ogranicza ryzyko zalegania towaru.<\/p>\n<p data-start=\"1884\" data-end=\"1905\"><strong data-start=\"1884\" data-end=\"1905\">Efekty biznesowe:<\/strong><\/p>\n<ul data-start=\"1907\" data-end=\"2068\">\n<li data-section-id=\"1wckti7\" data-start=\"1907\" data-end=\"1938\">lepsze dopasowanie do rynku<\/li>\n<li data-section-id=\"2trk5x\" data-start=\"1939\" data-end=\"1968\">szybsza rotacja produkt\u00f3w<\/li>\n<li data-section-id=\"14ixdhl\" data-start=\"1969\" data-end=\"2008\">mo\u017cliwo\u015b\u0107 testowania r\u00f3\u017cnych styl\u00f3w<\/li>\n<li data-section-id=\"stu4a0\" data-start=\"2009\" data-end=\"2043\">stabilniejsze wyniki sprzeda\u017cy<\/li>\n<li data-section-id=\"demx83\" data-start=\"2044\" data-end=\"2068\">optymalizacja oferty<\/li>\n<\/ul>\n<h3 data-section-id=\"1p9eu0m\" data-start=\"2075\" data-end=\"2110\">\u26a1 Gotowe wdro\u017cenie do sprzeda\u017cy<\/h3>\n<p data-start=\"2112\" data-end=\"2272\">Box to zestaw gotowy do natychmiastowego wykorzystania. Produkty mo\u017cna od razu wystawi\u0107 w sklepie internetowym lub na platformach marketplace.<\/p>\n<p data-start=\"2274\" data-end=\"2363\">Brak konieczno\u015bci selekcji modeli pozwala zaoszcz\u0119dzi\u0107 czas i upro\u015bci\u0107 proces operacyjny.<\/p>\n<h3 data-section-id=\"fryzxn\" data-start=\"2370\" data-end=\"2415\">\ud83d\udecd Zawarto\u015b\u0107 boxa \u2013 elastyczny mix modeli<\/h3>\n<p data-start=\"2417\" data-end=\"2617\">Ka\u017cdy box zawiera r\u00f3\u017cne modele torebek, kt\u00f3rych sk\u0142ad zale\u017cy od aktualnej dostawy. Zmienno\u015b\u0107 asortymentu zwi\u0119ksza atrakcyjno\u015b\u0107 oferty i umo\u017cliwia budowanie bardziej konkurencyjnego katalogu produkt\u00f3w.<\/p>\n<p data-start=\"2619\" data-end=\"2649\">W zestawie mog\u0105 znajdowa\u0107 si\u0119:<\/p>\n<ul data-start=\"2651\" data-end=\"2756\">\n<li data-section-id=\"x7q2yn\" data-start=\"2651\" data-end=\"2672\">torebki codzienne<\/li>\n<li data-section-id=\"1jf4jk2\" data-start=\"2673\" data-end=\"2694\">modele eleganckie<\/li>\n<li data-section-id=\"hg7c18\" data-start=\"2695\" data-end=\"2719\">r\u00f3\u017cne fasony i style<\/li>\n<li data-section-id=\"1numba5\" data-start=\"2720\" data-end=\"2756\">r\u00f3\u017cne rozmiary i funkcjonalno\u015bci<\/li>\n<\/ul>\n<p data-start=\"2758\" data-end=\"2845\">Prezentowane modele maj\u0105 charakter pogl\u0105dowy. Faktyczna zawarto\u015b\u0107 boxa mo\u017ce si\u0119 r\u00f3\u017cni\u0107.<\/p>\n<h3 data-section-id=\"10nv65u\" data-start=\"2852\" data-end=\"2898\">\ud83d\udcc8 Sprzeda\u017c wielokana\u0142owa \u2013 wi\u0119kszy zasi\u0119g<\/h3>\n<p data-start=\"2900\" data-end=\"2977\">Box torebek sprawdza si\u0119 w sprzeda\u017cy w wielu kana\u0142ach jednocze\u015bnie.<\/p>\n<p data-start=\"2552\" data-end=\"2583\"><strong data-start=\"2552\" data-end=\"2583\">Rekomendowane zastosowanie:<\/strong><\/p>\n<ul data-start=\"2585\" data-end=\"2769\">\n<li data-section-id=\"1hi3bhs\" data-start=\"2585\" data-end=\"2627\">sprzeda\u017c na <a style=\"font-family: -apple-system, BlinkMacSystemFont, &#039;Segoe UI&#039;, Roboto, &#039;Helvetica Neue&#039;, Arial, &#039;Noto Sans&#039;, sans-serif, &#039;Apple Color Emoji&#039;, &#039;Segoe UI Emoji&#039;, &#039;Segoe UI Symbol&#039;, &#039;Noto Color Emoji&#039;; font-size: 16px;\" href=\"https:\/\/allegro.pl\/\" target=\"_blank\" rel=\"noopener\">Allegro<\/a>, <a style=\"font-family: -apple-system, BlinkMacSystemFont, &#039;Segoe UI&#039;, Roboto, &#039;Helvetica Neue&#039;, Arial, &#039;Noto Sans&#039;, sans-serif, &#039;Apple Color Emoji&#039;, &#039;Segoe UI Emoji&#039;, &#039;Segoe UI Symbol&#039;, &#039;Noto Color Emoji&#039;; font-size: 16px;\" href=\"https:\/\/www.olx.pl\/\" target=\"_blank\" rel=\"noopener\">OLX<\/a>, <a style=\"font-family: -apple-system, BlinkMacSystemFont, &#039;Segoe UI&#039;, Roboto, &#039;Helvetica Neue&#039;, Arial, &#039;Noto Sans&#039;, sans-serif, &#039;Apple Color Emoji&#039;, &#039;Segoe UI Emoji&#039;, &#039;Segoe UI Symbol&#039;, &#039;Noto Color Emoji&#039;; font-size: 16px;\" href=\"https:\/\/www.ebay.com\/\" target=\"_blank\" rel=\"noopener\">eBay<\/a>, <a style=\"font-family: -apple-system, BlinkMacSystemFont, &#039;Segoe UI&#039;, Roboto, &#039;Helvetica Neue&#039;, Arial, &#039;Noto Sans&#039;, sans-serif, &#039;Apple Color Emoji&#039;, &#039;Segoe UI Emoji&#039;, &#039;Segoe UI Symbol&#039;, &#039;Noto Color Emoji&#039;; font-size: 16px;\" href=\"https:\/\/www.amazon.com\/\" target=\"_blank\" rel=\"noopener\">Amazon<\/a><\/li>\n<li data-section-id=\"s15p7n\" data-start=\"2628\" data-end=\"2673\">sklepy internetowe (WooCommerce, Shopify)<\/li>\n<li data-section-id=\"1fjjgwy\" data-start=\"2674\" data-end=\"2711\">sprzeda\u017c w butikach stacjonarnych<\/li>\n<li data-section-id=\"4mfzoe\" data-start=\"2712\" data-end=\"2738\">dzia\u0142alno\u015b\u0107 reseller\u00f3w<\/li>\n<li data-section-id=\"3o8qaf\" data-start=\"2739\" data-end=\"2769\">start w handlu detalicznym<\/li>\n<\/ul>\n<p data-start=\"3152\" data-end=\"3218\">Wielokana\u0142owo\u015b\u0107 zwi\u0119ksza widoczno\u015b\u0107 oferty i przyspiesza sprzeda\u017c.<\/p>\n<h3 data-section-id=\"1suxhmu\" data-start=\"95\" data-end=\"134\">\u26a1 Szybki start sprzeda\u017cy bez ryzyka<\/h3>\n<p data-start=\"136\" data-end=\"502\">Decyduj\u0105c si\u0119 na box, skracasz czas wej\u015bcia na rynek i minimalizujesz ryzyko zwi\u0105zane z doborem asortymentu. Gotowy mix pozwala natychmiast wystawi\u0107 produkty na sprzeda\u017c i testowa\u0107 popyt w r\u00f3\u017cnych kana\u0142ach. Dzi\u0119ki segmentowi premium mo\u017cesz budowa\u0107 wy\u017csz\u0105 warto\u015b\u0107 koszyka oraz zwi\u0119ksza\u0107 mar\u017c\u0119 bez konieczno\u015bci inwestowania w pojedyncze, dro\u017csze modele.<\/p>\n<h3 data-section-id=\"1v6sbfz\" data-start=\"3225\" data-end=\"3272\">\u26a1 Ograniczenie ryzyka i szybkie testy rynku<\/h3>\n<p data-start=\"3274\" data-end=\"3438\">Decyduj\u0105c si\u0119 na box torebek, eliminujesz konieczno\u015b\u0107 wyboru konkretnych modeli. Mix umo\u017cliwia testowanie r\u00f3\u017cnych segment\u00f3w klient\u00f3w i analiz\u0119 sprzeda\u017cy w praktyce.<\/p>\n<p data-start=\"3440\" data-end=\"3517\">To podej\u015bcie pozwala zwi\u0119kszy\u0107 skuteczno\u015b\u0107 sprzeda\u017cy bez dodatkowych koszt\u00f3w.<\/p>\n<h3 data-section-id=\"111su16\" data-start=\"3524\" data-end=\"3550\">\ud83d\ude9a Logistyka i dostawa<\/h3>\n<p data-start=\"3552\" data-end=\"3659\">Towar dostarczany jest na terenie Polski oraz mi\u0119dzynarodowo. Koszt transportu ustalany jest indywidualnie.<\/p>\n<ul data-start=\"3661\" data-end=\"3788\">\n<li data-section-id=\"texsu0\" data-start=\"3661\" data-end=\"3694\">wysy\u0142ka krajowa i zagraniczna<\/li>\n<li data-section-id=\"1ijslrm\" data-start=\"3695\" data-end=\"3725\">mo\u017cliwo\u015b\u0107 eksportu poza UE<\/li>\n<li data-section-id=\"mkmwbf\" data-start=\"3726\" data-end=\"3757\">indywidualna wycena dostawy<\/li>\n<li data-section-id=\"igemay\" data-start=\"3758\" data-end=\"3788\">szybka realizacja zam\u00f3wie\u0144<\/li>\n<\/ul>\n<h3 data-section-id=\"th3y4x\" data-start=\"3795\" data-end=\"3829\">\ud83c\udfa5 Transparentno\u015b\u0107 i materia\u0142y<\/h3>\n<p data-start=\"3831\" data-end=\"3892\">Na \u017cyczenie klienta dost\u0119pne s\u0105 materia\u0142y z ostatnich dostaw.<\/p>\n<ul data-start=\"3894\" data-end=\"3968\">\n<li data-section-id=\"1ahf2wf\" data-start=\"3894\" data-end=\"3929\">zdj\u0119cia rzeczywistych produkt\u00f3w<\/li>\n<li data-section-id=\"1d1dzph\" data-start=\"3930\" data-end=\"3948\">nagrania wideo<\/li>\n<li data-section-id=\"bmwojr\" data-start=\"3949\" data-end=\"3968\">podgl\u0105d jako\u015bci<\/li>\n<\/ul>\n<h3 data-section-id=\"1l2nz0f\" data-start=\"3975\" data-end=\"4004\">\u26a0\ufe0f Informacje sprzeda\u017cowe<\/h3>\n<ul data-start=\"4006\" data-end=\"4175\">\n<li data-section-id=\"1ewf4dp\" data-start=\"4078\" data-end=\"4111\">oferta obejmuje mix produkt\u00f3w<\/li>\n<\/ul>\n<h3 data-section-id=\"1cyjstw\" data-start=\"4182\" data-end=\"4209\">\ud83d\udcde Zam\u00f3wienia i kontakt<\/h3>\n<p data-start=\"4211\" data-end=\"4295\">W celu uzyskania szczeg\u00f3\u0142owych informacji zalecany jest kontakt z dzia\u0142em handlowym.<\/p>\n<p data-start=\"4297\" data-end=\"4368\">Zam\u00f3wienia realizowane s\u0105 na bie\u017c\u0105co, zgodnie z dost\u0119pno\u015bci\u0105 produkt\u00f3w.<\/p>\n<h3 data-section-id=\"ppd13y\" data-start=\"4375\" data-end=\"4421\">\ud83d\udd11 Podsumowanie \u2013 sprzeda\u017c torebek premium<\/h3>\n<p data-start=\"4423\" data-end=\"4623\">Box torebek to rozwi\u0105zanie dla sprzedawc\u00f3w, kt\u00f3rzy chc\u0105 dzia\u0142a\u0107 szybko i efektywnie. Markowy asortyment, jako\u015b\u0107 gatunku A oraz r\u00f3\u017cnorodno\u015b\u0107 modeli tworz\u0105 ofert\u0119 zoptymalizowan\u0105 pod sprzeda\u017c.<\/p>\n<p data-start=\"4625\" data-end=\"4738\">Produkt umo\u017cliwia szybkie wej\u015bcie na rynek, ograniczenie koszt\u00f3w operacyjnych oraz zwi\u0119kszenie wynik\u00f3w sprzeda\u017cy.<\/p>\n<h2 data-section-id=\"7zn71m\" data-start=\"0\" data-end=\"57\"><span style=\"font-family: -apple-system, BlinkMacSystemFont, 'Segoe UI', Roboto, 'Helvetica Neue', Arial, 'Noto Sans', sans-serif, 'Apple Color Emoji', 'Segoe UI Emoji', 'Segoe UI Symbol', 'Noto Color Emoji'; font-size: 16px;\">\ud83d\udd17 Rozszerz ofert\u0119<\/span><\/h2>\n<p data-start=\"4891\" data-end=\"5053\" data-is-last-node=\"\" data-is-only-node=\"\">Zobacz r\u00f3wnie\u017c inne kategorie w <strong><a href=\"https:\/\/stockify24.pl\/kategoria-produktu\/strefa-mody\/\">Strefie Mody<\/a><\/strong> oraz dost\u0119pne boxy i palety produktowe.<br data-start=\"4975\" data-end=\"4978\" \/>Aktualne informacje i wskaz\u00f3wki sprzeda\u017cowe znajdziesz <a href=\"https:\/\/stockify24.pl\/blog-stockify24-pl\/\"><strong>na blogu Stockify24<\/strong><\/a>.<\/p>\n<\/div>\n<\/div>\n<\/div>\n<\/div>\n<\/div>\n<\/div>\n<\/section>\n<\/div>\n<\/div>\n<\/div>\n<\/div>\n<\/div>\n<\/div>\n<\/section>\n<\/div>\n<\/div>\n<\/div>\n<\/div>\n<\/div>\n<\/div>\n<\/div>\n<\/section>\n<\/div>\n<\/div>\n<\/div>\n<\/div>\n<\/div>\n<\/div>\n<\/div>\n<\/div>\n<\/div>\n<\/div>\n<\/div>\n<\/div>\n<\/div>\n<\/section>\n<\/div>\n","protected":false},"excerpt":{"rendered":"<p class=\"p1\">\u26a1 Towar ma charakter mixu<\/p>\n<p class=\"p1\">\ud83d\udd25 Amazon Returns<\/p>\n<p class=\"p1\" style=\"text-align: left;\">\u2714\ufe0f Jako\u015b\u0107 <strong>A<\/strong><\/p>","protected":false},"featured_media":51727,"comment_status":"open","ping_status":"closed","template":"","meta":{"_acf_changed":false},"product_brand":[],"product_cat":[1317],"product_tag":[1321,1322],"class_list":{"0":"post-51688","1":"product","2":"type-product","3":"status-publish","4":"has-post-thumbnail","6":"product_cat-torebki","7":"product_tag-amazon-returns","8":"product_tag-torebki-premium","10":"first","11":"instock","12":"sold-individually","13":"taxable","14":"shipping-taxable","15":"purchasable","16":"product-type-simple"},"acf":[],"_links":{"self":[{"href":"https:\/\/stockify24.pl\/uk\/wp-json\/wp\/v2\/product\/51688","targetHints":{"allow":["GET"]}}],"collection":[{"href":"https:\/\/stockify24.pl\/uk\/wp-json\/wp\/v2\/product"}],"about":[{"href":"https:\/\/stockify24.pl\/uk\/wp-json\/wp\/v2\/types\/product"}],"replies":[{"embeddable":true,"href":"https:\/\/stockify24.pl\/uk\/wp-json\/wp\/v2\/comments?post=51688"}],"wp:featuredmedia":[{"embeddable":true,"href":"https:\/\/stockify24.pl\/uk\/wp-json\/wp\/v2\/media\/51727"}],"wp:attachment":[{"href":"https:\/\/stockify24.pl\/uk\/wp-json\/wp\/v2\/media?parent=51688"}],"wp:term":[{"taxonomy":"product_brand","embeddable":true,"href":"https:\/\/stockify24.pl\/uk\/wp-json\/wp\/v2\/product_brand?post=51688"},{"taxonomy":"product_cat","embeddable":true,"href":"https:\/\/stockify24.pl\/uk\/wp-json\/wp\/v2\/product_cat?post=51688"},{"taxonomy":"product_tag","embeddable":true,"href":"https:\/\/stockify24.pl\/uk\/wp-json\/wp\/v2\/product_tag?post=51688"}],"curies":[{"name":"wp","href":"https:\/\/api.w.org\/{rel}","templated":true}]}}